{"id":89,"date":"2021-02-25T15:00:33","date_gmt":"2021-02-25T14:00:33","guid":{"rendered":"http:\/\/www.sausseron-impressionnistes.fr\/?page_id=89"},"modified":"2021-03-02T16:00:30","modified_gmt":"2021-03-02T15:00:30","slug":"fibre-optique","status":"publish","type":"page","link":"https:\/\/www.sausseron-impressionnistes.fr\/index.php\/fibre-optique\/","title":{"rendered":"Fibre optique"},"content":{"rendered":"\n<div class=\"wp-block-image is-style-rounded\"><figure class=\"aligncenter size-large is-resized\"><img decoding=\"async\" src=\"https:\/\/www.sausseron-impressionnistes.fr\/wp-content\/uploads\/2021\/03\/jj-ying-8bghKxNU1j0-unsplash-1024x768.jpg\" alt=\"\" class=\"wp-image-449\" width=\"422\" height=\"316\" srcset=\"https:\/\/www.sausseron-impressionnistes.fr\/wp-content\/uploads\/2021\/03\/jj-ying-8bghKxNU1j0-unsplash-1024x768.jpg 1024w, https:\/\/www.sausseron-impressionnistes.fr\/wp-content\/uploads\/2021\/03\/jj-ying-8bghKxNU1j0-unsplash-300x225.jpg 300w, https:\/\/www.sausseron-impressionnistes.fr\/wp-content\/uploads\/2021\/03\/jj-ying-8bghKxNU1j0-unsplash-768x576.jpg 768w, https:\/\/www.sausseron-impressionnistes.fr\/wp-content\/uploads\/2021\/03\/jj-ying-8bghKxNU1j0-unsplash-1536x1152.jpg 1536w, https:\/\/www.sausseron-impressionnistes.fr\/wp-content\/uploads\/2021\/03\/jj-ying-8bghKxNU1j0-unsplash-2048x1536.jpg 2048w\" sizes=\"(max-width: 422px) 100vw, 422px\" \/><\/figure><\/div>\n\n\n\n<p>\u00c0 l\u2019initiative du D\u00e9partement et des Communaut\u00e9s de Communes du Val d\u2019Oise, un ambitieux programme de couverture du territoire par <strong><span style=\"color:#7c12fd\" class=\"has-inline-color\">fibre optique<\/span><\/strong> est en cours, notre Communaut\u00e9 a \u00e9t\u00e9 l&rsquo;une des premi\u00e8res \u00e0 en b\u00e9n\u00e9ficier.<\/p>\n\n\n\n<p>Cela permettra aux entreprises ainsi qu\u2019aux particuliers de b\u00e9n\u00e9ficier d\u2019un tr\u00e8s haut d\u00e9bit internet et des services associ\u00e9s.Tout le D\u00e9partement sera couvert.<\/p>\n","protected":false},"excerpt":{"rendered":"<p>\u00c0 l\u2019initiative du D\u00e9partement et des Communaut\u00e9s de Communes du Val d\u2019Oise, un ambitieux programme de couverture du territoire par fibre optique est en cours, notre Communaut\u00e9 a \u00e9t\u00e9 l&rsquo;une des premi\u00e8res \u00e0 en b\u00e9n\u00e9ficier. Cela permettra aux entreprises ainsi qu\u2019aux particuliers de b\u00e9n\u00e9ficier d\u2019un tr\u00e8s haut d\u00e9bit internet et des services associ\u00e9s.Tout le D\u00e9partement &hellip; <\/p>\n<p class=\"link-more\"><a href=\"https:\/\/www.sausseron-impressionnistes.fr\/index.php\/fibre-optique\/\" class=\"more-link\">Continuer la lecture<span class=\"screen-reader-text\"> de &laquo;&nbsp;Fibre optique&nbsp;&raquo;<\/span><\/a><\/p>\n","protected":false},"author":1,"featured_media":0,"parent":0,"menu_order":0,"comment_status":"closed","ping_status":"closed","template":"","meta":{"footnotes":""},"class_list":["post-89","page","type-page","status-publish","hentry"],"yoast_head":"<!-- This site is optimized with the Yoast SEO plugin v27.4 - https:\/\/yoast.com\/product\/yoast-seo-wordpress\/ -->\n<title>Fibre optique - Communaut\u00e9 de Communes Sausseron Impressionnistes<\/title>\n<meta name=\"robots\" content=\"index, follow, max-snippet:-1, max-image-preview:large, max-video-preview:-1\" \/>\n<link rel=\"canonical\" href=\"https:\/\/www.sausseron-impressionnistes.fr\/index.php\/fibre-optique\/\" \/>\n<meta property=\"og:locale\" content=\"fr_FR\" \/>\n<meta property=\"og:type\" content=\"article\" \/>\n<meta property=\"og:title\" content=\"Fibre optique - Communaut\u00e9 de Communes Sausseron Impressionnistes\" \/>\n<meta property=\"og:description\" content=\"\u00c0 l\u2019initiative du D\u00e9partement et des Communaut\u00e9s de Communes du Val d\u2019Oise, un ambitieux programme de couverture du territoire par fibre optique est en cours, notre Communaut\u00e9 a \u00e9t\u00e9 l&rsquo;une des premi\u00e8res \u00e0 en b\u00e9n\u00e9ficier. Cela permettra aux entreprises ainsi qu\u2019aux particuliers de b\u00e9n\u00e9ficier d\u2019un tr\u00e8s haut d\u00e9bit internet et des services associ\u00e9s.Tout le D\u00e9partement &hellip; Continuer la lecture de &laquo;&nbsp;Fibre optique&nbsp;&raquo;\" \/>\n<meta property=\"og:url\" content=\"https:\/\/www.sausseron-impressionnistes.fr\/index.php\/fibre-optique\/\" \/>\n<meta property=\"og:site_name\" content=\"Communaut\u00e9 de Communes Sausseron Impressionnistes\" \/>\n<meta property=\"article:modified_time\" content=\"2021-03-02T15:00:30+00:00\" \/>\n<meta property=\"og:image\" content=\"http:\/\/www.sausseron-impressionnistes.fr\/wp-content\/uploads\/2021\/03\/jj-ying-8bghKxNU1j0-unsplash-1024x768.jpg\" \/>\n<meta name=\"twitter:card\" content=\"summary_large_image\" \/>\n<script type=\"application\/ld+json\" class=\"yoast-schema-graph\">{\"@context\":\"https:\\\/\\\/schema.org\",\"@graph\":[{\"@type\":\"WebPage\",\"@id\":\"https:\\\/\\\/www.sausseron-impressionnistes.fr\\\/index.php\\\/fibre-optique\\\/\",\"url\":\"https:\\\/\\\/www.sausseron-impressionnistes.fr\\\/index.php\\\/fibre-optique\\\/\",\"name\":\"Fibre optique - Communaut\u00e9 de Communes Sausseron Impressionnistes\",\"isPartOf\":{\"@id\":\"https:\\\/\\\/www.sausseron-impressionnistes.fr\\\/#website\"},\"primaryImageOfPage\":{\"@id\":\"https:\\\/\\\/www.sausseron-impressionnistes.fr\\\/index.php\\\/fibre-optique\\\/#primaryimage\"},\"image\":{\"@id\":\"https:\\\/\\\/www.sausseron-impressionnistes.fr\\\/index.php\\\/fibre-optique\\\/#primaryimage\"},\"thumbnailUrl\":\"http:\\\/\\\/www.sausseron-impressionnistes.fr\\\/wp-content\\\/uploads\\\/2021\\\/03\\\/jj-ying-8bghKxNU1j0-unsplash-1024x768.jpg\",\"datePublished\":\"2021-02-25T14:00:33+00:00\",\"dateModified\":\"2021-03-02T15:00:30+00:00\",\"breadcrumb\":{\"@id\":\"https:\\\/\\\/www.sausseron-impressionnistes.fr\\\/index.php\\\/fibre-optique\\\/#breadcrumb\"},\"inLanguage\":\"fr-FR\",\"potentialAction\":[{\"@type\":\"ReadAction\",\"target\":[\"https:\\\/\\\/www.sausseron-impressionnistes.fr\\\/index.php\\\/fibre-optique\\\/\"]}]},{\"@type\":\"ImageObject\",\"inLanguage\":\"fr-FR\",\"@id\":\"https:\\\/\\\/www.sausseron-impressionnistes.fr\\\/index.php\\\/fibre-optique\\\/#primaryimage\",\"url\":\"http:\\\/\\\/www.sausseron-impressionnistes.fr\\\/wp-content\\\/uploads\\\/2021\\\/03\\\/jj-ying-8bghKxNU1j0-unsplash-1024x768.jpg\",\"contentUrl\":\"http:\\\/\\\/www.sausseron-impressionnistes.fr\\\/wp-content\\\/uploads\\\/2021\\\/03\\\/jj-ying-8bghKxNU1j0-unsplash-1024x768.jpg\"},{\"@type\":\"BreadcrumbList\",\"@id\":\"https:\\\/\\\/www.sausseron-impressionnistes.fr\\\/index.php\\\/fibre-optique\\\/#breadcrumb\",\"itemListElement\":[{\"@type\":\"ListItem\",\"position\":1,\"name\":\"Accueil\",\"item\":\"https:\\\/\\\/www.sausseron-impressionnistes.fr\\\/\"},{\"@type\":\"ListItem\",\"position\":2,\"name\":\"Fibre optique\"}]},{\"@type\":\"WebSite\",\"@id\":\"https:\\\/\\\/www.sausseron-impressionnistes.fr\\\/#website\",\"url\":\"https:\\\/\\\/www.sausseron-impressionnistes.fr\\\/\",\"name\":\"Communaut\u00e9 de Communes Sausseron Impressionnistes\",\"description\":\"\",\"potentialAction\":[{\"@type\":\"SearchAction\",\"target\":{\"@type\":\"EntryPoint\",\"urlTemplate\":\"https:\\\/\\\/www.sausseron-impressionnistes.fr\\\/?s={search_term_string}\"},\"query-input\":{\"@type\":\"PropertyValueSpecification\",\"valueRequired\":true,\"valueName\":\"search_term_string\"}}],\"inLanguage\":\"fr-FR\"}]}<\/script>\n<!-- \/ Yoast SEO plugin. -->","yoast_head_json":{"title":"Fibre optique - Communaut\u00e9 de Communes Sausseron Impressionnistes","robots":{"index":"index","follow":"follow","max-snippet":"max-snippet:-1","max-image-preview":"max-image-preview:large","max-video-preview":"max-video-preview:-1"},"canonical":"https:\/\/www.sausseron-impressionnistes.fr\/index.php\/fibre-optique\/","og_locale":"fr_FR","og_type":"article","og_title":"Fibre optique - Communaut\u00e9 de Communes Sausseron Impressionnistes","og_description":"\u00c0 l\u2019initiative du D\u00e9partement et des Communaut\u00e9s de Communes du Val d\u2019Oise, un ambitieux programme de couverture du territoire par fibre optique est en cours, notre Communaut\u00e9 a \u00e9t\u00e9 l&rsquo;une des premi\u00e8res \u00e0 en b\u00e9n\u00e9ficier. Cela permettra aux entreprises ainsi qu\u2019aux particuliers de b\u00e9n\u00e9ficier d\u2019un tr\u00e8s haut d\u00e9bit internet et des services associ\u00e9s.Tout le D\u00e9partement &hellip; Continuer la lecture de &laquo;&nbsp;Fibre optique&nbsp;&raquo;","og_url":"https:\/\/www.sausseron-impressionnistes.fr\/index.php\/fibre-optique\/","og_site_name":"Communaut\u00e9 de Communes Sausseron Impressionnistes","article_modified_time":"2021-03-02T15:00:30+00:00","og_image":[{"url":"http:\/\/www.sausseron-impressionnistes.fr\/wp-content\/uploads\/2021\/03\/jj-ying-8bghKxNU1j0-unsplash-1024x768.jpg","type":"","width":"","height":""}],"twitter_card":"summary_large_image","schema":{"@context":"https:\/\/schema.org","@graph":[{"@type":"WebPage","@id":"https:\/\/www.sausseron-impressionnistes.fr\/index.php\/fibre-optique\/","url":"https:\/\/www.sausseron-impressionnistes.fr\/index.php\/fibre-optique\/","name":"Fibre optique - Communaut\u00e9 de Communes Sausseron Impressionnistes","isPartOf":{"@id":"https:\/\/www.sausseron-impressionnistes.fr\/#website"},"primaryImageOfPage":{"@id":"https:\/\/www.sausseron-impressionnistes.fr\/index.php\/fibre-optique\/#primaryimage"},"image":{"@id":"https:\/\/www.sausseron-impressionnistes.fr\/index.php\/fibre-optique\/#primaryimage"},"thumbnailUrl":"http:\/\/www.sausseron-impressionnistes.fr\/wp-content\/uploads\/2021\/03\/jj-ying-8bghKxNU1j0-unsplash-1024x768.jpg","datePublished":"2021-02-25T14:00:33+00:00","dateModified":"2021-03-02T15:00:30+00:00","breadcrumb":{"@id":"https:\/\/www.sausseron-impressionnistes.fr\/index.php\/fibre-optique\/#breadcrumb"},"inLanguage":"fr-FR","potentialAction":[{"@type":"ReadAction","target":["https:\/\/www.sausseron-impressionnistes.fr\/index.php\/fibre-optique\/"]}]},{"@type":"ImageObject","inLanguage":"fr-FR","@id":"https:\/\/www.sausseron-impressionnistes.fr\/index.php\/fibre-optique\/#primaryimage","url":"http:\/\/www.sausseron-impressionnistes.fr\/wp-content\/uploads\/2021\/03\/jj-ying-8bghKxNU1j0-unsplash-1024x768.jpg","contentUrl":"http:\/\/www.sausseron-impressionnistes.fr\/wp-content\/uploads\/2021\/03\/jj-ying-8bghKxNU1j0-unsplash-1024x768.jpg"},{"@type":"BreadcrumbList","@id":"https:\/\/www.sausseron-impressionnistes.fr\/index.php\/fibre-optique\/#breadcrumb","itemListElement":[{"@type":"ListItem","position":1,"name":"Accueil","item":"https:\/\/www.sausseron-impressionnistes.fr\/"},{"@type":"ListItem","position":2,"name":"Fibre optique"}]},{"@type":"WebSite","@id":"https:\/\/www.sausseron-impressionnistes.fr\/#website","url":"https:\/\/www.sausseron-impressionnistes.fr\/","name":"Communaut\u00e9 de Communes Sausseron Impressionnistes","description":"","potentialAction":[{"@type":"SearchAction","target":{"@type":"EntryPoint","urlTemplate":"https:\/\/www.sausseron-impressionnistes.fr\/?s={search_term_string}"},"query-input":{"@type":"PropertyValueSpecification","valueRequired":true,"valueName":"search_term_string"}}],"inLanguage":"fr-FR"}]}},"_links":{"self":[{"href":"https:\/\/www.sausseron-impressionnistes.fr\/index.php\/wp-json\/wp\/v2\/pages\/89","targetHints":{"allow":["GET"]}}],"collection":[{"href":"https:\/\/www.sausseron-impressionnistes.fr\/index.php\/wp-json\/wp\/v2\/pages"}],"about":[{"href":"https:\/\/www.sausseron-impressionnistes.fr\/index.php\/wp-json\/wp\/v2\/types\/page"}],"author":[{"embeddable":true,"href":"https:\/\/www.sausseron-impressionnistes.fr\/index.php\/wp-json\/wp\/v2\/users\/1"}],"replies":[{"embeddable":true,"href":"https:\/\/www.sausseron-impressionnistes.fr\/index.php\/wp-json\/wp\/v2\/comments?post=89"}],"version-history":[{"count":4,"href":"https:\/\/www.sausseron-impressionnistes.fr\/index.php\/wp-json\/wp\/v2\/pages\/89\/revisions"}],"predecessor-version":[{"id":510,"href":"https:\/\/www.sausseron-impressionnistes.fr\/index.php\/wp-json\/wp\/v2\/pages\/89\/revisions\/510"}],"wp:attachment":[{"href":"https:\/\/www.sausseron-impressionnistes.fr\/index.php\/wp-json\/wp\/v2\/media?parent=89"}],"curies":[{"name":"wp","href":"https:\/\/api.w.org\/{rel}","templated":true}]}}