{"id":79,"date":"2021-02-25T15:00:33","date_gmt":"2021-02-25T14:00:33","guid":{"rendered":"http:\/\/www.sausseron-impressionnistes.fr\/?page_id=79"},"modified":"2023-07-10T12:21:14","modified_gmt":"2023-07-10T10:21:14","slug":"a-nesles-la-vallee","status":"publish","type":"page","link":"https:\/\/www.sausseron-impressionnistes.fr\/index.php\/a-nesles-la-vallee\/","title":{"rendered":"Accueil de loisirs sans h\u00e9bergement Les m\u00f4mes du Sausseron"},"content":{"rendered":"\n<figure class=\"wp-block-image size-large\"><img decoding=\"async\" width=\"1024\" height=\"319\" src=\"https:\/\/www.sausseron-impressionnistes.fr\/wp-content\/uploads\/2023\/07\/image-23-1024x319.png\" alt=\"\" class=\"wp-image-2355\" srcset=\"https:\/\/www.sausseron-impressionnistes.fr\/wp-content\/uploads\/2023\/07\/image-23-1024x319.png 1024w, https:\/\/www.sausseron-impressionnistes.fr\/wp-content\/uploads\/2023\/07\/image-23-300x93.png 300w, https:\/\/www.sausseron-impressionnistes.fr\/wp-content\/uploads\/2023\/07\/image-23-768x239.png 768w, https:\/\/www.sausseron-impressionnistes.fr\/wp-content\/uploads\/2023\/07\/image-23-1536x478.png 1536w, https:\/\/www.sausseron-impressionnistes.fr\/wp-content\/uploads\/2023\/07\/image-23.png 2000w\" sizes=\"(max-width: 706px) 89vw, (max-width: 767px) 82vw, 740px\" \/><\/figure>\n\n\n\n<p class=\"has-text-align-center\"><strong>Les m\u00f4mes du Sausseron<\/strong><\/p>\n\n\n\n<p class=\"has-text-align-center\">6 bd de verdun<\/p>\n\n\n\n<p class=\"has-text-align-center\">95690 Nesles-la-vall\u00e9e<\/p>\n\n\n\n<p class=\"has-text-align-center\">T\u00e9l\u00e9phone : 09 86 38 11 11<\/p>\n\n\n\n<p class=\"has-text-align-center\">Mail : <a href=\"mailto:mdscontact95@gmail.com\">mdscontact95@gmail.com<\/a><\/p>\n\n\n\n<p class=\"has-text-align-center\">De 3 \u00e0 13 ans<\/p>\n\n\n\n<p class=\"has-text-align-center\">Inscription : <a href=\"https:\/\/espacefamille.aiga.fr\/index.html?dossier=11696562\">https:\/\/espacefamille.aiga.fr\/index.html?dossier=11696562#connexion&amp;154748<\/a><\/p>\n","protected":false},"excerpt":{"rendered":"<p>Les m\u00f4mes du Sausseron 6 bd de verdun 95690 Nesles-la-vall\u00e9e T\u00e9l\u00e9phone : 09 86 38 11 11 Mail : mdscontact95@gmail.com De 3 \u00e0 13 ans Inscription : https:\/\/espacefamille.aiga.fr\/index.html?dossier=11696562#connexion&amp;154748<\/p>\n","protected":false},"author":1,"featured_media":0,"parent":0,"menu_order":0,"comment_status":"closed","ping_status":"closed","template":"","meta":{"footnotes":""},"class_list":["post-79","page","type-page","status-publish","hentry"],"yoast_head":"<!-- This site is optimized with the Yoast SEO plugin v27.3 - https:\/\/yoast.com\/product\/yoast-seo-wordpress\/ -->\n<title>Accueil de loisirs sans h\u00e9bergement Les m\u00f4mes du Sausseron - Communaut\u00e9 de Communes Sausseron Impressionnistes<\/title>\n<meta name=\"robots\" content=\"index, follow, max-snippet:-1, max-image-preview:large, max-video-preview:-1\" \/>\n<link rel=\"canonical\" href=\"https:\/\/www.sausseron-impressionnistes.fr\/index.php\/a-nesles-la-vallee\/\" \/>\n<meta property=\"og:locale\" content=\"fr_FR\" \/>\n<meta property=\"og:type\" content=\"article\" \/>\n<meta property=\"og:title\" content=\"Accueil de loisirs sans h\u00e9bergement Les m\u00f4mes du Sausseron - Communaut\u00e9 de Communes Sausseron Impressionnistes\" \/>\n<meta property=\"og:description\" content=\"Les m\u00f4mes du Sausseron 6 bd de verdun 95690 Nesles-la-vall\u00e9e T\u00e9l\u00e9phone : 09 86 38 11 11 Mail : mdscontact95@gmail.com De 3 \u00e0 13 ans Inscription : https:\/\/espacefamille.aiga.fr\/index.html?dossier=11696562#connexion&amp;154748\" \/>\n<meta property=\"og:url\" content=\"https:\/\/www.sausseron-impressionnistes.fr\/index.php\/a-nesles-la-vallee\/\" \/>\n<meta property=\"og:site_name\" content=\"Communaut\u00e9 de Communes Sausseron Impressionnistes\" \/>\n<meta property=\"article:modified_time\" content=\"2023-07-10T10:21:14+00:00\" \/>\n<meta property=\"og:image\" content=\"https:\/\/www.sausseron-impressionnistes.fr\/wp-content\/uploads\/2023\/07\/image-23-1024x319.png\" \/>\n<meta name=\"twitter:card\" content=\"summary_large_image\" \/>\n<meta name=\"twitter:label1\" content=\"Dur\u00e9e de lecture estim\u00e9e\" \/>\n\t<meta name=\"twitter:data1\" content=\"1 minute\" \/>\n<script type=\"application\/ld+json\" class=\"yoast-schema-graph\">{\"@context\":\"https:\\\/\\\/schema.org\",\"@graph\":[{\"@type\":\"WebPage\",\"@id\":\"https:\\\/\\\/www.sausseron-impressionnistes.fr\\\/index.php\\\/a-nesles-la-vallee\\\/\",\"url\":\"https:\\\/\\\/www.sausseron-impressionnistes.fr\\\/index.php\\\/a-nesles-la-vallee\\\/\",\"name\":\"Accueil de loisirs sans h\u00e9bergement Les m\u00f4mes du Sausseron - Communaut\u00e9 de Communes Sausseron Impressionnistes\",\"isPartOf\":{\"@id\":\"https:\\\/\\\/www.sausseron-impressionnistes.fr\\\/#website\"},\"primaryImageOfPage\":{\"@id\":\"https:\\\/\\\/www.sausseron-impressionnistes.fr\\\/index.php\\\/a-nesles-la-vallee\\\/#primaryimage\"},\"image\":{\"@id\":\"https:\\\/\\\/www.sausseron-impressionnistes.fr\\\/index.php\\\/a-nesles-la-vallee\\\/#primaryimage\"},\"thumbnailUrl\":\"https:\\\/\\\/www.sausseron-impressionnistes.fr\\\/wp-content\\\/uploads\\\/2023\\\/07\\\/image-23-1024x319.png\",\"datePublished\":\"2021-02-25T14:00:33+00:00\",\"dateModified\":\"2023-07-10T10:21:14+00:00\",\"breadcrumb\":{\"@id\":\"https:\\\/\\\/www.sausseron-impressionnistes.fr\\\/index.php\\\/a-nesles-la-vallee\\\/#breadcrumb\"},\"inLanguage\":\"fr-FR\",\"potentialAction\":[{\"@type\":\"ReadAction\",\"target\":[\"https:\\\/\\\/www.sausseron-impressionnistes.fr\\\/index.php\\\/a-nesles-la-vallee\\\/\"]}]},{\"@type\":\"ImageObject\",\"inLanguage\":\"fr-FR\",\"@id\":\"https:\\\/\\\/www.sausseron-impressionnistes.fr\\\/index.php\\\/a-nesles-la-vallee\\\/#primaryimage\",\"url\":\"https:\\\/\\\/www.sausseron-impressionnistes.fr\\\/wp-content\\\/uploads\\\/2023\\\/07\\\/image-23.png\",\"contentUrl\":\"https:\\\/\\\/www.sausseron-impressionnistes.fr\\\/wp-content\\\/uploads\\\/2023\\\/07\\\/image-23.png\",\"width\":2000,\"height\":623},{\"@type\":\"BreadcrumbList\",\"@id\":\"https:\\\/\\\/www.sausseron-impressionnistes.fr\\\/index.php\\\/a-nesles-la-vallee\\\/#breadcrumb\",\"itemListElement\":[{\"@type\":\"ListItem\",\"position\":1,\"name\":\"Accueil\",\"item\":\"https:\\\/\\\/www.sausseron-impressionnistes.fr\\\/\"},{\"@type\":\"ListItem\",\"position\":2,\"name\":\"Accueil de loisirs sans h\u00e9bergement Les m\u00f4mes du Sausseron\"}]},{\"@type\":\"WebSite\",\"@id\":\"https:\\\/\\\/www.sausseron-impressionnistes.fr\\\/#website\",\"url\":\"https:\\\/\\\/www.sausseron-impressionnistes.fr\\\/\",\"name\":\"Communaut\u00e9 de Communes Sausseron Impressionnistes\",\"description\":\"\",\"potentialAction\":[{\"@type\":\"SearchAction\",\"target\":{\"@type\":\"EntryPoint\",\"urlTemplate\":\"https:\\\/\\\/www.sausseron-impressionnistes.fr\\\/?s={search_term_string}\"},\"query-input\":{\"@type\":\"PropertyValueSpecification\",\"valueRequired\":true,\"valueName\":\"search_term_string\"}}],\"inLanguage\":\"fr-FR\"}]}<\/script>\n<!-- \/ Yoast SEO plugin. -->","yoast_head_json":{"title":"Accueil de loisirs sans h\u00e9bergement Les m\u00f4mes du Sausseron - Communaut\u00e9 de Communes Sausseron Impressionnistes","robots":{"index":"index","follow":"follow","max-snippet":"max-snippet:-1","max-image-preview":"max-image-preview:large","max-video-preview":"max-video-preview:-1"},"canonical":"https:\/\/www.sausseron-impressionnistes.fr\/index.php\/a-nesles-la-vallee\/","og_locale":"fr_FR","og_type":"article","og_title":"Accueil de loisirs sans h\u00e9bergement Les m\u00f4mes du Sausseron - Communaut\u00e9 de Communes Sausseron Impressionnistes","og_description":"Les m\u00f4mes du Sausseron 6 bd de verdun 95690 Nesles-la-vall\u00e9e T\u00e9l\u00e9phone : 09 86 38 11 11 Mail : mdscontact95@gmail.com De 3 \u00e0 13 ans Inscription : https:\/\/espacefamille.aiga.fr\/index.html?dossier=11696562#connexion&amp;154748","og_url":"https:\/\/www.sausseron-impressionnistes.fr\/index.php\/a-nesles-la-vallee\/","og_site_name":"Communaut\u00e9 de Communes Sausseron Impressionnistes","article_modified_time":"2023-07-10T10:21:14+00:00","og_image":[{"url":"https:\/\/www.sausseron-impressionnistes.fr\/wp-content\/uploads\/2023\/07\/image-23-1024x319.png","type":"","width":"","height":""}],"twitter_card":"summary_large_image","twitter_misc":{"Dur\u00e9e de lecture estim\u00e9e":"1 minute"},"schema":{"@context":"https:\/\/schema.org","@graph":[{"@type":"WebPage","@id":"https:\/\/www.sausseron-impressionnistes.fr\/index.php\/a-nesles-la-vallee\/","url":"https:\/\/www.sausseron-impressionnistes.fr\/index.php\/a-nesles-la-vallee\/","name":"Accueil de loisirs sans h\u00e9bergement Les m\u00f4mes du Sausseron - Communaut\u00e9 de Communes Sausseron Impressionnistes","isPartOf":{"@id":"https:\/\/www.sausseron-impressionnistes.fr\/#website"},"primaryImageOfPage":{"@id":"https:\/\/www.sausseron-impressionnistes.fr\/index.php\/a-nesles-la-vallee\/#primaryimage"},"image":{"@id":"https:\/\/www.sausseron-impressionnistes.fr\/index.php\/a-nesles-la-vallee\/#primaryimage"},"thumbnailUrl":"https:\/\/www.sausseron-impressionnistes.fr\/wp-content\/uploads\/2023\/07\/image-23-1024x319.png","datePublished":"2021-02-25T14:00:33+00:00","dateModified":"2023-07-10T10:21:14+00:00","breadcrumb":{"@id":"https:\/\/www.sausseron-impressionnistes.fr\/index.php\/a-nesles-la-vallee\/#breadcrumb"},"inLanguage":"fr-FR","potentialAction":[{"@type":"ReadAction","target":["https:\/\/www.sausseron-impressionnistes.fr\/index.php\/a-nesles-la-vallee\/"]}]},{"@type":"ImageObject","inLanguage":"fr-FR","@id":"https:\/\/www.sausseron-impressionnistes.fr\/index.php\/a-nesles-la-vallee\/#primaryimage","url":"https:\/\/www.sausseron-impressionnistes.fr\/wp-content\/uploads\/2023\/07\/image-23.png","contentUrl":"https:\/\/www.sausseron-impressionnistes.fr\/wp-content\/uploads\/2023\/07\/image-23.png","width":2000,"height":623},{"@type":"BreadcrumbList","@id":"https:\/\/www.sausseron-impressionnistes.fr\/index.php\/a-nesles-la-vallee\/#breadcrumb","itemListElement":[{"@type":"ListItem","position":1,"name":"Accueil","item":"https:\/\/www.sausseron-impressionnistes.fr\/"},{"@type":"ListItem","position":2,"name":"Accueil de loisirs sans h\u00e9bergement Les m\u00f4mes du Sausseron"}]},{"@type":"WebSite","@id":"https:\/\/www.sausseron-impressionnistes.fr\/#website","url":"https:\/\/www.sausseron-impressionnistes.fr\/","name":"Communaut\u00e9 de Communes Sausseron Impressionnistes","description":"","potentialAction":[{"@type":"SearchAction","target":{"@type":"EntryPoint","urlTemplate":"https:\/\/www.sausseron-impressionnistes.fr\/?s={search_term_string}"},"query-input":{"@type":"PropertyValueSpecification","valueRequired":true,"valueName":"search_term_string"}}],"inLanguage":"fr-FR"}]}},"_links":{"self":[{"href":"https:\/\/www.sausseron-impressionnistes.fr\/index.php\/wp-json\/wp\/v2\/pages\/79","targetHints":{"allow":["GET"]}}],"collection":[{"href":"https:\/\/www.sausseron-impressionnistes.fr\/index.php\/wp-json\/wp\/v2\/pages"}],"about":[{"href":"https:\/\/www.sausseron-impressionnistes.fr\/index.php\/wp-json\/wp\/v2\/types\/page"}],"author":[{"embeddable":true,"href":"https:\/\/www.sausseron-impressionnistes.fr\/index.php\/wp-json\/wp\/v2\/users\/1"}],"replies":[{"embeddable":true,"href":"https:\/\/www.sausseron-impressionnistes.fr\/index.php\/wp-json\/wp\/v2\/comments?post=79"}],"version-history":[{"count":3,"href":"https:\/\/www.sausseron-impressionnistes.fr\/index.php\/wp-json\/wp\/v2\/pages\/79\/revisions"}],"predecessor-version":[{"id":2364,"href":"https:\/\/www.sausseron-impressionnistes.fr\/index.php\/wp-json\/wp\/v2\/pages\/79\/revisions\/2364"}],"wp:attachment":[{"href":"https:\/\/www.sausseron-impressionnistes.fr\/index.php\/wp-json\/wp\/v2\/media?parent=79"}],"curies":[{"name":"wp","href":"https:\/\/api.w.org\/{rel}","templated":true}]}}