{"id":78,"date":"2021-02-25T15:00:33","date_gmt":"2021-02-25T14:00:33","guid":{"rendered":"http:\/\/www.sausseron-impressionnistes.fr\/?page_id=78"},"modified":"2023-09-21T16:39:44","modified_gmt":"2023-09-21T14:39:44","slug":"centres-de-loisirs","status":"publish","type":"page","link":"https:\/\/www.sausseron-impressionnistes.fr\/index.php\/centres-de-loisirs\/","title":{"rendered":"Accueil de loisirs sans h\u00e9bergement"},"content":{"rendered":"\n<p><strong>ALSH : l\u2019accueil de loisirs sans h\u00e9bergement,&nbsp;<\/strong>plus connu aussi sous le nom de centre de loisirs, ou centre a\u00e9r\u00e9.<\/p>\n\n\n\n<p>Il accueille g\u00e9n\u00e9ralement des enfants qui sont d\u00e9j\u00e0 scolaris\u00e9s et des jeunes, pour des activit\u00e9s de loisirs \u00e9ducatives<\/p>\n\n\n\n<ul class=\"wp-block-list\">\n<li>pendant l&rsquo;ann\u00e9e scolaire, avant ou apr\u00e8s les heures de classe, pendant la pause du d\u00e9jeuner et les mercredis.<\/li>\n\n\n\n<li>pendant les cong\u00e9s des petites et grandes vacances scolaires.<\/li>\n<\/ul>\n\n\n\n<p>En fonction de l\u2019\u00e9quipe et des gestionnaires, les enfants peuvent profiter de diff\u00e9rentes activit\u00e9s : activit\u00e9s manuelles, jeux d\u2019int\u00e9rieur ou d\u2019ext\u00e9rieur, activit\u00e9s de d\u00e9tente ou de d\u00e9couverte, activit\u00e9s culturelles, sportives, artistiques ou scientifiques et techniques, etc.<\/p>\n\n\n\n<p>Les&nbsp;<strong>ALSH<\/strong>&nbsp; d\u00e9pendent des communes et sont payants.<\/p>\n\n\n\n<p>&nbsp;Les tarifs sont effectu\u00e9s g\u00e9n\u00e9ralement \u00e0 la demi-journ\u00e9e et \u00e0 la journ\u00e9e et d\u00e9pendent des revenus de chacune des familles.<\/p>\n\n\n\n<p><strong>Au sein de l\u2019ALSH, une \u00e9quipe qualifi\u00e9e s\u2019occupe de l\u2019accueil des enfants :<\/strong><\/p>\n\n\n\n<p>\u2022 Pr\u00e9sence d\u2019une \u00e9quipe d\u2019animation qualifi\u00e9e (directeurs et animateurs)<\/p>\n\n\n\n<p>\u2022 Respect d\u2019un taux d\u2019encadrement<\/p>\n\n\n\n<p>\u2022 Pr\u00e9sence d\u2019un Projet P\u00e9dagogique \u00e9labor\u00e9 par l\u2019\u00e9quipe de chaque ALSH.<\/p>\n","protected":false},"excerpt":{"rendered":"<p>ALSH : l\u2019accueil de loisirs sans h\u00e9bergement,&nbsp;plus connu aussi sous le nom de centre de loisirs, ou centre a\u00e9r\u00e9. Il accueille g\u00e9n\u00e9ralement des enfants qui sont d\u00e9j\u00e0 scolaris\u00e9s et des jeunes, pour des activit\u00e9s de loisirs \u00e9ducatives En fonction de l\u2019\u00e9quipe et des gestionnaires, les enfants peuvent profiter de diff\u00e9rentes activit\u00e9s : activit\u00e9s manuelles, jeux &hellip; <\/p>\n<p class=\"link-more\"><a href=\"https:\/\/www.sausseron-impressionnistes.fr\/index.php\/centres-de-loisirs\/\" class=\"more-link\">Continuer la lecture<span class=\"screen-reader-text\"> de &laquo;&nbsp;Accueil de loisirs sans h\u00e9bergement&nbsp;&raquo;<\/span><\/a><\/p>\n","protected":false},"author":1,"featured_media":0,"parent":0,"menu_order":0,"comment_status":"closed","ping_status":"closed","template":"","meta":{"footnotes":""},"class_list":["post-78","page","type-page","status-publish","hentry"],"yoast_head":"<!-- This site is optimized with the Yoast SEO plugin v27.4 - https:\/\/yoast.com\/product\/yoast-seo-wordpress\/ -->\n<title>Accueil de loisirs sans h\u00e9bergement - Communaut\u00e9 de Communes Sausseron Impressionnistes<\/title>\n<meta name=\"robots\" content=\"index, follow, max-snippet:-1, max-image-preview:large, max-video-preview:-1\" \/>\n<link rel=\"canonical\" href=\"https:\/\/www.sausseron-impressionnistes.fr\/index.php\/centres-de-loisirs\/\" \/>\n<meta property=\"og:locale\" content=\"fr_FR\" \/>\n<meta property=\"og:type\" content=\"article\" \/>\n<meta property=\"og:title\" content=\"Accueil de loisirs sans h\u00e9bergement - Communaut\u00e9 de Communes Sausseron Impressionnistes\" \/>\n<meta property=\"og:description\" content=\"ALSH : l\u2019accueil de loisirs sans h\u00e9bergement,&nbsp;plus connu aussi sous le nom de centre de loisirs, ou centre a\u00e9r\u00e9. Il accueille g\u00e9n\u00e9ralement des enfants qui sont d\u00e9j\u00e0 scolaris\u00e9s et des jeunes, pour des activit\u00e9s de loisirs \u00e9ducatives En fonction de l\u2019\u00e9quipe et des gestionnaires, les enfants peuvent profiter de diff\u00e9rentes activit\u00e9s : activit\u00e9s manuelles, jeux &hellip; Continuer la lecture de &laquo;&nbsp;Accueil de loisirs sans h\u00e9bergement&nbsp;&raquo;\" \/>\n<meta property=\"og:url\" content=\"https:\/\/www.sausseron-impressionnistes.fr\/index.php\/centres-de-loisirs\/\" \/>\n<meta property=\"og:site_name\" content=\"Communaut\u00e9 de Communes Sausseron Impressionnistes\" \/>\n<meta property=\"article:modified_time\" content=\"2023-09-21T14:39:44+00:00\" \/>\n<meta name=\"twitter:card\" content=\"summary_large_image\" \/>\n<meta name=\"twitter:label1\" content=\"Dur\u00e9e de lecture estim\u00e9e\" \/>\n\t<meta name=\"twitter:data1\" content=\"1 minute\" \/>\n<script type=\"application\/ld+json\" class=\"yoast-schema-graph\">{\"@context\":\"https:\\\/\\\/schema.org\",\"@graph\":[{\"@type\":\"WebPage\",\"@id\":\"https:\\\/\\\/www.sausseron-impressionnistes.fr\\\/index.php\\\/centres-de-loisirs\\\/\",\"url\":\"https:\\\/\\\/www.sausseron-impressionnistes.fr\\\/index.php\\\/centres-de-loisirs\\\/\",\"name\":\"Accueil de loisirs sans h\u00e9bergement - Communaut\u00e9 de Communes Sausseron Impressionnistes\",\"isPartOf\":{\"@id\":\"https:\\\/\\\/www.sausseron-impressionnistes.fr\\\/#website\"},\"datePublished\":\"2021-02-25T14:00:33+00:00\",\"dateModified\":\"2023-09-21T14:39:44+00:00\",\"breadcrumb\":{\"@id\":\"https:\\\/\\\/www.sausseron-impressionnistes.fr\\\/index.php\\\/centres-de-loisirs\\\/#breadcrumb\"},\"inLanguage\":\"fr-FR\",\"potentialAction\":[{\"@type\":\"ReadAction\",\"target\":[\"https:\\\/\\\/www.sausseron-impressionnistes.fr\\\/index.php\\\/centres-de-loisirs\\\/\"]}]},{\"@type\":\"BreadcrumbList\",\"@id\":\"https:\\\/\\\/www.sausseron-impressionnistes.fr\\\/index.php\\\/centres-de-loisirs\\\/#breadcrumb\",\"itemListElement\":[{\"@type\":\"ListItem\",\"position\":1,\"name\":\"Accueil\",\"item\":\"https:\\\/\\\/www.sausseron-impressionnistes.fr\\\/\"},{\"@type\":\"ListItem\",\"position\":2,\"name\":\"Accueil de loisirs sans h\u00e9bergement\"}]},{\"@type\":\"WebSite\",\"@id\":\"https:\\\/\\\/www.sausseron-impressionnistes.fr\\\/#website\",\"url\":\"https:\\\/\\\/www.sausseron-impressionnistes.fr\\\/\",\"name\":\"Communaut\u00e9 de Communes Sausseron Impressionnistes\",\"description\":\"\",\"potentialAction\":[{\"@type\":\"SearchAction\",\"target\":{\"@type\":\"EntryPoint\",\"urlTemplate\":\"https:\\\/\\\/www.sausseron-impressionnistes.fr\\\/?s={search_term_string}\"},\"query-input\":{\"@type\":\"PropertyValueSpecification\",\"valueRequired\":true,\"valueName\":\"search_term_string\"}}],\"inLanguage\":\"fr-FR\"}]}<\/script>\n<!-- \/ Yoast SEO plugin. -->","yoast_head_json":{"title":"Accueil de loisirs sans h\u00e9bergement - Communaut\u00e9 de Communes Sausseron Impressionnistes","robots":{"index":"index","follow":"follow","max-snippet":"max-snippet:-1","max-image-preview":"max-image-preview:large","max-video-preview":"max-video-preview:-1"},"canonical":"https:\/\/www.sausseron-impressionnistes.fr\/index.php\/centres-de-loisirs\/","og_locale":"fr_FR","og_type":"article","og_title":"Accueil de loisirs sans h\u00e9bergement - Communaut\u00e9 de Communes Sausseron Impressionnistes","og_description":"ALSH : l\u2019accueil de loisirs sans h\u00e9bergement,&nbsp;plus connu aussi sous le nom de centre de loisirs, ou centre a\u00e9r\u00e9. Il accueille g\u00e9n\u00e9ralement des enfants qui sont d\u00e9j\u00e0 scolaris\u00e9s et des jeunes, pour des activit\u00e9s de loisirs \u00e9ducatives En fonction de l\u2019\u00e9quipe et des gestionnaires, les enfants peuvent profiter de diff\u00e9rentes activit\u00e9s : activit\u00e9s manuelles, jeux &hellip; Continuer la lecture de &laquo;&nbsp;Accueil de loisirs sans h\u00e9bergement&nbsp;&raquo;","og_url":"https:\/\/www.sausseron-impressionnistes.fr\/index.php\/centres-de-loisirs\/","og_site_name":"Communaut\u00e9 de Communes Sausseron Impressionnistes","article_modified_time":"2023-09-21T14:39:44+00:00","twitter_card":"summary_large_image","twitter_misc":{"Dur\u00e9e de lecture estim\u00e9e":"1 minute"},"schema":{"@context":"https:\/\/schema.org","@graph":[{"@type":"WebPage","@id":"https:\/\/www.sausseron-impressionnistes.fr\/index.php\/centres-de-loisirs\/","url":"https:\/\/www.sausseron-impressionnistes.fr\/index.php\/centres-de-loisirs\/","name":"Accueil de loisirs sans h\u00e9bergement - Communaut\u00e9 de Communes Sausseron Impressionnistes","isPartOf":{"@id":"https:\/\/www.sausseron-impressionnistes.fr\/#website"},"datePublished":"2021-02-25T14:00:33+00:00","dateModified":"2023-09-21T14:39:44+00:00","breadcrumb":{"@id":"https:\/\/www.sausseron-impressionnistes.fr\/index.php\/centres-de-loisirs\/#breadcrumb"},"inLanguage":"fr-FR","potentialAction":[{"@type":"ReadAction","target":["https:\/\/www.sausseron-impressionnistes.fr\/index.php\/centres-de-loisirs\/"]}]},{"@type":"BreadcrumbList","@id":"https:\/\/www.sausseron-impressionnistes.fr\/index.php\/centres-de-loisirs\/#breadcrumb","itemListElement":[{"@type":"ListItem","position":1,"name":"Accueil","item":"https:\/\/www.sausseron-impressionnistes.fr\/"},{"@type":"ListItem","position":2,"name":"Accueil de loisirs sans h\u00e9bergement"}]},{"@type":"WebSite","@id":"https:\/\/www.sausseron-impressionnistes.fr\/#website","url":"https:\/\/www.sausseron-impressionnistes.fr\/","name":"Communaut\u00e9 de Communes Sausseron Impressionnistes","description":"","potentialAction":[{"@type":"SearchAction","target":{"@type":"EntryPoint","urlTemplate":"https:\/\/www.sausseron-impressionnistes.fr\/?s={search_term_string}"},"query-input":{"@type":"PropertyValueSpecification","valueRequired":true,"valueName":"search_term_string"}}],"inLanguage":"fr-FR"}]}},"_links":{"self":[{"href":"https:\/\/www.sausseron-impressionnistes.fr\/index.php\/wp-json\/wp\/v2\/pages\/78","targetHints":{"allow":["GET"]}}],"collection":[{"href":"https:\/\/www.sausseron-impressionnistes.fr\/index.php\/wp-json\/wp\/v2\/pages"}],"about":[{"href":"https:\/\/www.sausseron-impressionnistes.fr\/index.php\/wp-json\/wp\/v2\/types\/page"}],"author":[{"embeddable":true,"href":"https:\/\/www.sausseron-impressionnistes.fr\/index.php\/wp-json\/wp\/v2\/users\/1"}],"replies":[{"embeddable":true,"href":"https:\/\/www.sausseron-impressionnistes.fr\/index.php\/wp-json\/wp\/v2\/comments?post=78"}],"version-history":[{"count":4,"href":"https:\/\/www.sausseron-impressionnistes.fr\/index.php\/wp-json\/wp\/v2\/pages\/78\/revisions"}],"predecessor-version":[{"id":2503,"href":"https:\/\/www.sausseron-impressionnistes.fr\/index.php\/wp-json\/wp\/v2\/pages\/78\/revisions\/2503"}],"wp:attachment":[{"href":"https:\/\/www.sausseron-impressionnistes.fr\/index.php\/wp-json\/wp\/v2\/media?parent=78"}],"curies":[{"name":"wp","href":"https:\/\/api.w.org\/{rel}","templated":true}]}}