{"id":77,"date":"2021-02-25T15:00:33","date_gmt":"2021-02-25T14:00:33","guid":{"rendered":"http:\/\/www.sausseron-impressionnistes.fr\/?page_id=77"},"modified":"2023-07-10T12:04:06","modified_gmt":"2023-07-10T10:04:06","slug":"micros-creches-privees","status":"publish","type":"page","link":"https:\/\/www.sausseron-impressionnistes.fr\/index.php\/micros-creches-privees\/","title":{"rendered":"Micros cr\u00e8ches priv\u00e9es"},"content":{"rendered":"\n<figure class=\"wp-block-table\"><table><tbody><tr><td class=\"has-text-align-center\" data-align=\"center\"><strong><mark style=\"background-color:rgba(0, 0, 0, 0)\" class=\"has-inline-color has-vivid-red-color\">AMILOU<\/mark><\/strong><br><a href=\"https:\/\/www.amilou.fr\/\">https:\/\/www.amilou.fr\/<\/a><\/td><td class=\"has-text-align-center\" data-align=\"center\"><strong><mark style=\"background-color:rgba(0, 0, 0, 0)\" class=\"has-inline-color has-vivid-red-color\">LA JOIE DES CHOUCHOUS<\/mark><\/strong><br><a href=\"https:\/\/www.lajoiedeschouchous.fr\/\">https:\/\/www.lajoiedeschouchous.fr\/<\/a><\/td><td class=\"has-text-align-center\" data-align=\"center\"><strong><mark style=\"background-color:rgba(0, 0, 0, 0)\" class=\"has-inline-color has-vivid-red-color\">LA VALL\u00c9E DES LOUPIOTS<\/mark><\/strong><br><a href=\"https:\/\/lavalleedesloupiots.fr\/\">https:\/\/lavalleedesloupiots.fr\/<\/a><\/td><\/tr><tr><td class=\"has-text-align-center\" data-align=\"center\">Caroline DOMINICI<br>Christelle TAKACS<br>T\u00e9l : 06.09.76.50.21<br>ZA les portes du Vexin<br>5 rue Ferr\u00e9 95300<strong> Ennery<\/strong><\/td><td class=\"has-text-align-center\" data-align=\"center\">Val\u00e9rie FERREIRA<br>T\u00e9l : 06.61.87.92.17<br><br>\u2022 13 rue Berlioz<br>95430 <strong>Butry-sur-Oise<\/strong><br>\u2022 20 rue Carnot<br>95690<strong> Nesles-la-Vallee<\/strong><\/td><td class=\"has-text-align-center\" data-align=\"center\">Elo\u00efse FONSECA<br>T\u00e9l : 06.50.48.38.30<br>3 bis rue Fran\u00e7ois Mitterrand<br>95430 <strong>Auvers-sur-Oise<\/strong><\/td><\/tr><\/tbody><\/table><\/figure>\n","protected":false},"excerpt":{"rendered":"<p>AMILOUhttps:\/\/www.amilou.fr\/ LA JOIE DES CHOUCHOUShttps:\/\/www.lajoiedeschouchous.fr\/ LA VALL\u00c9E DES LOUPIOTShttps:\/\/lavalleedesloupiots.fr\/ Caroline DOMINICIChristelle TAKACST\u00e9l : 06.09.76.50.21ZA les portes du Vexin5 rue Ferr\u00e9 95300 Ennery Val\u00e9rie FERREIRAT\u00e9l : 06.61.87.92.17 \u2022 13 rue Berlioz95430 Butry-sur-Oise\u2022 20 rue Carnot95690 Nesles-la-Vallee Elo\u00efse FONSECAT\u00e9l : 06.50.48.38.303 bis rue Fran\u00e7ois Mitterrand95430 Auvers-sur-Oise<\/p>\n","protected":false},"author":1,"featured_media":0,"parent":0,"menu_order":0,"comment_status":"closed","ping_status":"closed","template":"","meta":{"footnotes":""},"class_list":["post-77","page","type-page","status-publish","hentry"],"yoast_head":"<!-- This site is optimized with the Yoast SEO plugin v27.4 - https:\/\/yoast.com\/product\/yoast-seo-wordpress\/ -->\n<title>Micros cr\u00e8ches priv\u00e9es - Communaut\u00e9 de Communes Sausseron Impressionnistes<\/title>\n<meta name=\"robots\" content=\"index, follow, max-snippet:-1, max-image-preview:large, max-video-preview:-1\" \/>\n<link rel=\"canonical\" href=\"https:\/\/www.sausseron-impressionnistes.fr\/index.php\/micros-creches-privees\/\" \/>\n<meta property=\"og:locale\" content=\"fr_FR\" \/>\n<meta property=\"og:type\" content=\"article\" \/>\n<meta property=\"og:title\" content=\"Micros cr\u00e8ches priv\u00e9es - Communaut\u00e9 de Communes Sausseron Impressionnistes\" \/>\n<meta property=\"og:description\" content=\"AMILOUhttps:\/\/www.amilou.fr\/ LA JOIE DES CHOUCHOUShttps:\/\/www.lajoiedeschouchous.fr\/ LA VALL\u00c9E DES LOUPIOTShttps:\/\/lavalleedesloupiots.fr\/ Caroline DOMINICIChristelle TAKACST\u00e9l : 06.09.76.50.21ZA les portes du Vexin5 rue Ferr\u00e9 95300 Ennery Val\u00e9rie FERREIRAT\u00e9l : 06.61.87.92.17 \u2022 13 rue Berlioz95430 Butry-sur-Oise\u2022 20 rue Carnot95690 Nesles-la-Vallee Elo\u00efse FONSECAT\u00e9l : 06.50.48.38.303 bis rue Fran\u00e7ois Mitterrand95430 Auvers-sur-Oise\" \/>\n<meta property=\"og:url\" content=\"https:\/\/www.sausseron-impressionnistes.fr\/index.php\/micros-creches-privees\/\" \/>\n<meta property=\"og:site_name\" content=\"Communaut\u00e9 de Communes Sausseron Impressionnistes\" \/>\n<meta property=\"article:modified_time\" content=\"2023-07-10T10:04:06+00:00\" \/>\n<meta name=\"twitter:card\" content=\"summary_large_image\" \/>\n<meta name=\"twitter:label1\" content=\"Dur\u00e9e de lecture estim\u00e9e\" \/>\n\t<meta name=\"twitter:data1\" content=\"1 minute\" \/>\n<script type=\"application\/ld+json\" class=\"yoast-schema-graph\">{\"@context\":\"https:\\\/\\\/schema.org\",\"@graph\":[{\"@type\":\"WebPage\",\"@id\":\"https:\\\/\\\/www.sausseron-impressionnistes.fr\\\/index.php\\\/micros-creches-privees\\\/\",\"url\":\"https:\\\/\\\/www.sausseron-impressionnistes.fr\\\/index.php\\\/micros-creches-privees\\\/\",\"name\":\"Micros cr\u00e8ches priv\u00e9es - Communaut\u00e9 de Communes Sausseron Impressionnistes\",\"isPartOf\":{\"@id\":\"https:\\\/\\\/www.sausseron-impressionnistes.fr\\\/#website\"},\"datePublished\":\"2021-02-25T14:00:33+00:00\",\"dateModified\":\"2023-07-10T10:04:06+00:00\",\"breadcrumb\":{\"@id\":\"https:\\\/\\\/www.sausseron-impressionnistes.fr\\\/index.php\\\/micros-creches-privees\\\/#breadcrumb\"},\"inLanguage\":\"fr-FR\",\"potentialAction\":[{\"@type\":\"ReadAction\",\"target\":[\"https:\\\/\\\/www.sausseron-impressionnistes.fr\\\/index.php\\\/micros-creches-privees\\\/\"]}]},{\"@type\":\"BreadcrumbList\",\"@id\":\"https:\\\/\\\/www.sausseron-impressionnistes.fr\\\/index.php\\\/micros-creches-privees\\\/#breadcrumb\",\"itemListElement\":[{\"@type\":\"ListItem\",\"position\":1,\"name\":\"Accueil\",\"item\":\"https:\\\/\\\/www.sausseron-impressionnistes.fr\\\/\"},{\"@type\":\"ListItem\",\"position\":2,\"name\":\"Micros cr\u00e8ches priv\u00e9es\"}]},{\"@type\":\"WebSite\",\"@id\":\"https:\\\/\\\/www.sausseron-impressionnistes.fr\\\/#website\",\"url\":\"https:\\\/\\\/www.sausseron-impressionnistes.fr\\\/\",\"name\":\"Communaut\u00e9 de Communes Sausseron Impressionnistes\",\"description\":\"\",\"potentialAction\":[{\"@type\":\"SearchAction\",\"target\":{\"@type\":\"EntryPoint\",\"urlTemplate\":\"https:\\\/\\\/www.sausseron-impressionnistes.fr\\\/?s={search_term_string}\"},\"query-input\":{\"@type\":\"PropertyValueSpecification\",\"valueRequired\":true,\"valueName\":\"search_term_string\"}}],\"inLanguage\":\"fr-FR\"}]}<\/script>\n<!-- \/ Yoast SEO plugin. -->","yoast_head_json":{"title":"Micros cr\u00e8ches priv\u00e9es - Communaut\u00e9 de Communes Sausseron Impressionnistes","robots":{"index":"index","follow":"follow","max-snippet":"max-snippet:-1","max-image-preview":"max-image-preview:large","max-video-preview":"max-video-preview:-1"},"canonical":"https:\/\/www.sausseron-impressionnistes.fr\/index.php\/micros-creches-privees\/","og_locale":"fr_FR","og_type":"article","og_title":"Micros cr\u00e8ches priv\u00e9es - Communaut\u00e9 de Communes Sausseron Impressionnistes","og_description":"AMILOUhttps:\/\/www.amilou.fr\/ LA JOIE DES CHOUCHOUShttps:\/\/www.lajoiedeschouchous.fr\/ LA VALL\u00c9E DES LOUPIOTShttps:\/\/lavalleedesloupiots.fr\/ Caroline DOMINICIChristelle TAKACST\u00e9l : 06.09.76.50.21ZA les portes du Vexin5 rue Ferr\u00e9 95300 Ennery Val\u00e9rie FERREIRAT\u00e9l : 06.61.87.92.17 \u2022 13 rue Berlioz95430 Butry-sur-Oise\u2022 20 rue Carnot95690 Nesles-la-Vallee Elo\u00efse FONSECAT\u00e9l : 06.50.48.38.303 bis rue Fran\u00e7ois Mitterrand95430 Auvers-sur-Oise","og_url":"https:\/\/www.sausseron-impressionnistes.fr\/index.php\/micros-creches-privees\/","og_site_name":"Communaut\u00e9 de Communes Sausseron Impressionnistes","article_modified_time":"2023-07-10T10:04:06+00:00","twitter_card":"summary_large_image","twitter_misc":{"Dur\u00e9e de lecture estim\u00e9e":"1 minute"},"schema":{"@context":"https:\/\/schema.org","@graph":[{"@type":"WebPage","@id":"https:\/\/www.sausseron-impressionnistes.fr\/index.php\/micros-creches-privees\/","url":"https:\/\/www.sausseron-impressionnistes.fr\/index.php\/micros-creches-privees\/","name":"Micros cr\u00e8ches priv\u00e9es - Communaut\u00e9 de Communes Sausseron Impressionnistes","isPartOf":{"@id":"https:\/\/www.sausseron-impressionnistes.fr\/#website"},"datePublished":"2021-02-25T14:00:33+00:00","dateModified":"2023-07-10T10:04:06+00:00","breadcrumb":{"@id":"https:\/\/www.sausseron-impressionnistes.fr\/index.php\/micros-creches-privees\/#breadcrumb"},"inLanguage":"fr-FR","potentialAction":[{"@type":"ReadAction","target":["https:\/\/www.sausseron-impressionnistes.fr\/index.php\/micros-creches-privees\/"]}]},{"@type":"BreadcrumbList","@id":"https:\/\/www.sausseron-impressionnistes.fr\/index.php\/micros-creches-privees\/#breadcrumb","itemListElement":[{"@type":"ListItem","position":1,"name":"Accueil","item":"https:\/\/www.sausseron-impressionnistes.fr\/"},{"@type":"ListItem","position":2,"name":"Micros cr\u00e8ches priv\u00e9es"}]},{"@type":"WebSite","@id":"https:\/\/www.sausseron-impressionnistes.fr\/#website","url":"https:\/\/www.sausseron-impressionnistes.fr\/","name":"Communaut\u00e9 de Communes Sausseron Impressionnistes","description":"","potentialAction":[{"@type":"SearchAction","target":{"@type":"EntryPoint","urlTemplate":"https:\/\/www.sausseron-impressionnistes.fr\/?s={search_term_string}"},"query-input":{"@type":"PropertyValueSpecification","valueRequired":true,"valueName":"search_term_string"}}],"inLanguage":"fr-FR"}]}},"_links":{"self":[{"href":"https:\/\/www.sausseron-impressionnistes.fr\/index.php\/wp-json\/wp\/v2\/pages\/77","targetHints":{"allow":["GET"]}}],"collection":[{"href":"https:\/\/www.sausseron-impressionnistes.fr\/index.php\/wp-json\/wp\/v2\/pages"}],"about":[{"href":"https:\/\/www.sausseron-impressionnistes.fr\/index.php\/wp-json\/wp\/v2\/types\/page"}],"author":[{"embeddable":true,"href":"https:\/\/www.sausseron-impressionnistes.fr\/index.php\/wp-json\/wp\/v2\/users\/1"}],"replies":[{"embeddable":true,"href":"https:\/\/www.sausseron-impressionnistes.fr\/index.php\/wp-json\/wp\/v2\/comments?post=77"}],"version-history":[{"count":4,"href":"https:\/\/www.sausseron-impressionnistes.fr\/index.php\/wp-json\/wp\/v2\/pages\/77\/revisions"}],"predecessor-version":[{"id":2351,"href":"https:\/\/www.sausseron-impressionnistes.fr\/index.php\/wp-json\/wp\/v2\/pages\/77\/revisions\/2351"}],"wp:attachment":[{"href":"https:\/\/www.sausseron-impressionnistes.fr\/index.php\/wp-json\/wp\/v2\/media?parent=77"}],"curies":[{"name":"wp","href":"https:\/\/api.w.org\/{rel}","templated":true}]}}