{"id":75,"date":"2021-02-25T15:00:33","date_gmt":"2021-02-25T14:00:33","guid":{"rendered":"http:\/\/www.sausseron-impressionnistes.fr\/?page_id=75"},"modified":"2025-02-06T12:38:23","modified_gmt":"2025-02-06T11:38:23","slug":"lieux-daccueil-enfants-parents","status":"publish","type":"page","link":"https:\/\/www.sausseron-impressionnistes.fr\/index.php\/lieux-daccueil-enfants-parents\/","title":{"rendered":"Enfance et jeunesse"},"content":{"rendered":"\n<p><strong>La comp\u00e9tence enfance est exerc\u00e9e par la Communaut\u00e9 de Communes en lieu et place des communes.<\/strong> Cela signifie qu\u2019elle coordonne, finance, et assure le d\u00e9veloppement de l\u2019offre d\u2019accueil en mati\u00e8re de <strong>petite enfance<\/strong> et d\u2019<strong>enfance<\/strong> jusqu\u2019\u00e0 l\u2019<strong>adolescence<\/strong>.<\/p>\n\n\n\n<p class=\"has-black-color has-text-color has-link-color wp-elements-0ecaad98f0f5ded592482451f18cb2f0\">Cette comp\u00e9tence se traduit par la gestion de plusieurs services sur le territoire communautaire : <\/p>\n\n\n\n<h2 class=\"wp-block-heading has-black-color has-text-color has-link-color wp-elements-7490d6d1818ed7a622b30b10c922e0ff\"><strong>La petite enfance <\/strong><\/h2>\n\n\n\n<p class=\"has-black-color has-text-color has-link-color wp-elements-d410351ac76d73e1d714693de5bbb724\">Les lieux d&rsquo;accompagnement sur le territoire sont :<br>&#8211; La \u00ab\u00a0Maison des familles\u00a0\u00bb \u00e0 Auvers-sur-Oise.<br>&#8211; Sept lieux d\u2019Accueil Enfants Parents (LAEP) en itin\u00e9rance.<br>&#8211; Quatre lieux d\u2019accueil Relais Petite Enfance (RPE) : Auvers-sur-Oise,<br>G\u00e9nicourt, Ennery, Butry-sur-Oise.<br>&#8211; Deux multi-accueils collectifs : Cr\u00e8ches \u00ab\u00a0Les tournesols\u00a0\u00bb d&rsquo;Auvers-sur-Oise<br>et \u00ab\u00a0Les coquelicots\u00a0\u00bb d&rsquo;Ennery.<br>&#8211; Quatre micro-cr\u00e8ches en gestion priv\u00e9e : La vall\u00e9e des Loupiots (10 places)<br>\u00e0 Auvers-sur-Oise. La joie des Chouchous (10 places) \u00e0 Butry-sur-Oise et<br>(10 places) \u00e0 Nesles-la-Vall\u00e9e. Amilou (10 places) \u00e0 Ennery.<\/p>\n\n\n\n<div class=\"wp-block-columns is-layout-flex wp-container-core-columns-is-layout-9d6595d7 wp-block-columns-is-layout-flex\">\n<div class=\"wp-block-column is-layout-flow wp-block-column-is-layout-flow\">\n<figure class=\"wp-block-image size-large\"><img decoding=\"async\" width=\"722\" height=\"1024\" src=\"https:\/\/www.sausseron-impressionnistes.fr\/wp-content\/uploads\/2025\/01\/GUIDE-PETITE-ENFANCE-CCSI-2025_page-0001-722x1024.jpg\" alt=\"\" class=\"wp-image-3091\" srcset=\"https:\/\/www.sausseron-impressionnistes.fr\/wp-content\/uploads\/2025\/01\/GUIDE-PETITE-ENFANCE-CCSI-2025_page-0001-722x1024.jpg 722w, https:\/\/www.sausseron-impressionnistes.fr\/wp-content\/uploads\/2025\/01\/GUIDE-PETITE-ENFANCE-CCSI-2025_page-0001-212x300.jpg 212w, https:\/\/www.sausseron-impressionnistes.fr\/wp-content\/uploads\/2025\/01\/GUIDE-PETITE-ENFANCE-CCSI-2025_page-0001-768x1089.jpg 768w, https:\/\/www.sausseron-impressionnistes.fr\/wp-content\/uploads\/2025\/01\/GUIDE-PETITE-ENFANCE-CCSI-2025_page-0001.jpg 875w\" sizes=\"(max-width: 722px) 100vw, 722px\" \/><\/figure>\n<\/div>\n\n\n\n<div class=\"wp-block-column is-layout-flow wp-block-column-is-layout-flow\">\n<div data-wp-interactive=\"core\/file\" class=\"wp-block-file\"><object data-wp-bind--hidden=\"!state.hasPdfPreview\" hidden class=\"wp-block-file__embed\" data=\"https:\/\/www.sausseron-impressionnistes.fr\/wp-content\/uploads\/2025\/01\/GUIDE-PETITE-ENFANCE-CCSI-2025.pdf\" type=\"application\/pdf\" style=\"width:100%;height:271px\" aria-label=\"Contenu embarqu\u00e9 GUIDE PETITE ENFANCE CCSI 2025.\"><\/object><a id=\"wp-block-file--media-7c5bd7b2-ebbf-46b4-895c-1ebd96235a46\" href=\"https:\/\/www.sausseron-impressionnistes.fr\/wp-content\/uploads\/2025\/01\/GUIDE-PETITE-ENFANCE-CCSI-2025.pdf\">GUIDE PETITE ENFANCE CCSI 2025<\/a><a href=\"https:\/\/www.sausseron-impressionnistes.fr\/wp-content\/uploads\/2025\/01\/GUIDE-PETITE-ENFANCE-CCSI-2025.pdf\" class=\"wp-block-file__button wp-element-button\" download aria-describedby=\"wp-block-file--media-7c5bd7b2-ebbf-46b4-895c-1ebd96235a46\">T\u00e9l\u00e9charger<\/a><\/div>\n<\/div>\n<\/div>\n\n\n\n<div class=\"wp-block-columns is-layout-flex wp-container-core-columns-is-layout-9d6595d7 wp-block-columns-is-layout-flex\">\n<div class=\"wp-block-column is-layout-flow wp-block-column-is-layout-flow\"><\/div>\n<\/div>\n","protected":false},"excerpt":{"rendered":"<p>La comp\u00e9tence enfance est exerc\u00e9e par la Communaut\u00e9 de Communes en lieu et place des communes. Cela signifie qu\u2019elle coordonne, finance, et assure le d\u00e9veloppement de l\u2019offre d\u2019accueil en mati\u00e8re de petite enfance et d\u2019enfance jusqu\u2019\u00e0 l\u2019adolescence. Cette comp\u00e9tence se traduit par la gestion de plusieurs services sur le territoire communautaire : La petite enfance &hellip; <\/p>\n<p class=\"link-more\"><a href=\"https:\/\/www.sausseron-impressionnistes.fr\/index.php\/lieux-daccueil-enfants-parents\/\" class=\"more-link\">Continuer la lecture<span class=\"screen-reader-text\"> de &laquo;&nbsp;Enfance et jeunesse&nbsp;&raquo;<\/span><\/a><\/p>\n","protected":false},"author":1,"featured_media":0,"parent":0,"menu_order":0,"comment_status":"closed","ping_status":"closed","template":"","meta":{"footnotes":""},"class_list":["post-75","page","type-page","status-publish","hentry"],"yoast_head":"<!-- This site is optimized with the Yoast SEO plugin v27.4 - https:\/\/yoast.com\/product\/yoast-seo-wordpress\/ -->\n<title>Enfance et jeunesse - Communaut\u00e9 de Communes Sausseron Impressionnistes<\/title>\n<meta name=\"robots\" content=\"index, follow, max-snippet:-1, max-image-preview:large, max-video-preview:-1\" \/>\n<link rel=\"canonical\" href=\"https:\/\/www.sausseron-impressionnistes.fr\/index.php\/lieux-daccueil-enfants-parents\/\" \/>\n<meta property=\"og:locale\" content=\"fr_FR\" \/>\n<meta property=\"og:type\" content=\"article\" \/>\n<meta property=\"og:title\" content=\"Enfance et jeunesse - Communaut\u00e9 de Communes Sausseron Impressionnistes\" \/>\n<meta property=\"og:description\" content=\"La comp\u00e9tence enfance est exerc\u00e9e par la Communaut\u00e9 de Communes en lieu et place des communes. Cela signifie qu\u2019elle coordonne, finance, et assure le d\u00e9veloppement de l\u2019offre d\u2019accueil en mati\u00e8re de petite enfance et d\u2019enfance jusqu\u2019\u00e0 l\u2019adolescence. Cette comp\u00e9tence se traduit par la gestion de plusieurs services sur le territoire communautaire : La petite enfance &hellip; Continuer la lecture de &laquo;&nbsp;Enfance et jeunesse&nbsp;&raquo;\" \/>\n<meta property=\"og:url\" content=\"https:\/\/www.sausseron-impressionnistes.fr\/index.php\/lieux-daccueil-enfants-parents\/\" \/>\n<meta property=\"og:site_name\" content=\"Communaut\u00e9 de Communes Sausseron Impressionnistes\" \/>\n<meta property=\"article:modified_time\" content=\"2025-02-06T11:38:23+00:00\" \/>\n<meta property=\"og:image\" content=\"https:\/\/www.sausseron-impressionnistes.fr\/wp-content\/uploads\/2025\/01\/GUIDE-PETITE-ENFANCE-CCSI-2025_page-0001.jpg\" \/>\n\t<meta property=\"og:image:width\" content=\"875\" \/>\n\t<meta property=\"og:image:height\" content=\"1241\" \/>\n\t<meta property=\"og:image:type\" content=\"image\/jpeg\" \/>\n<meta name=\"twitter:card\" content=\"summary_large_image\" \/>\n<meta name=\"twitter:label1\" content=\"Dur\u00e9e de lecture estim\u00e9e\" \/>\n\t<meta name=\"twitter:data1\" content=\"1 minute\" \/>\n<script type=\"application\/ld+json\" class=\"yoast-schema-graph\">{\"@context\":\"https:\\\/\\\/schema.org\",\"@graph\":[{\"@type\":\"WebPage\",\"@id\":\"https:\\\/\\\/www.sausseron-impressionnistes.fr\\\/index.php\\\/lieux-daccueil-enfants-parents\\\/\",\"url\":\"https:\\\/\\\/www.sausseron-impressionnistes.fr\\\/index.php\\\/lieux-daccueil-enfants-parents\\\/\",\"name\":\"Enfance et jeunesse - Communaut\u00e9 de Communes Sausseron Impressionnistes\",\"isPartOf\":{\"@id\":\"https:\\\/\\\/www.sausseron-impressionnistes.fr\\\/#website\"},\"primaryImageOfPage\":{\"@id\":\"https:\\\/\\\/www.sausseron-impressionnistes.fr\\\/index.php\\\/lieux-daccueil-enfants-parents\\\/#primaryimage\"},\"image\":{\"@id\":\"https:\\\/\\\/www.sausseron-impressionnistes.fr\\\/index.php\\\/lieux-daccueil-enfants-parents\\\/#primaryimage\"},\"thumbnailUrl\":\"https:\\\/\\\/www.sausseron-impressionnistes.fr\\\/wp-content\\\/uploads\\\/2025\\\/01\\\/GUIDE-PETITE-ENFANCE-CCSI-2025_page-0001-722x1024.jpg\",\"datePublished\":\"2021-02-25T14:00:33+00:00\",\"dateModified\":\"2025-02-06T11:38:23+00:00\",\"breadcrumb\":{\"@id\":\"https:\\\/\\\/www.sausseron-impressionnistes.fr\\\/index.php\\\/lieux-daccueil-enfants-parents\\\/#breadcrumb\"},\"inLanguage\":\"fr-FR\",\"potentialAction\":[{\"@type\":\"ReadAction\",\"target\":[\"https:\\\/\\\/www.sausseron-impressionnistes.fr\\\/index.php\\\/lieux-daccueil-enfants-parents\\\/\"]}]},{\"@type\":\"ImageObject\",\"inLanguage\":\"fr-FR\",\"@id\":\"https:\\\/\\\/www.sausseron-impressionnistes.fr\\\/index.php\\\/lieux-daccueil-enfants-parents\\\/#primaryimage\",\"url\":\"https:\\\/\\\/www.sausseron-impressionnistes.fr\\\/wp-content\\\/uploads\\\/2025\\\/01\\\/GUIDE-PETITE-ENFANCE-CCSI-2025_page-0001.jpg\",\"contentUrl\":\"https:\\\/\\\/www.sausseron-impressionnistes.fr\\\/wp-content\\\/uploads\\\/2025\\\/01\\\/GUIDE-PETITE-ENFANCE-CCSI-2025_page-0001.jpg\",\"width\":875,\"height\":1241},{\"@type\":\"BreadcrumbList\",\"@id\":\"https:\\\/\\\/www.sausseron-impressionnistes.fr\\\/index.php\\\/lieux-daccueil-enfants-parents\\\/#breadcrumb\",\"itemListElement\":[{\"@type\":\"ListItem\",\"position\":1,\"name\":\"Accueil\",\"item\":\"https:\\\/\\\/www.sausseron-impressionnistes.fr\\\/\"},{\"@type\":\"ListItem\",\"position\":2,\"name\":\"Enfance et jeunesse\"}]},{\"@type\":\"WebSite\",\"@id\":\"https:\\\/\\\/www.sausseron-impressionnistes.fr\\\/#website\",\"url\":\"https:\\\/\\\/www.sausseron-impressionnistes.fr\\\/\",\"name\":\"Communaut\u00e9 de Communes Sausseron Impressionnistes\",\"description\":\"\",\"potentialAction\":[{\"@type\":\"SearchAction\",\"target\":{\"@type\":\"EntryPoint\",\"urlTemplate\":\"https:\\\/\\\/www.sausseron-impressionnistes.fr\\\/?s={search_term_string}\"},\"query-input\":{\"@type\":\"PropertyValueSpecification\",\"valueRequired\":true,\"valueName\":\"search_term_string\"}}],\"inLanguage\":\"fr-FR\"}]}<\/script>\n<!-- \/ Yoast SEO plugin. -->","yoast_head_json":{"title":"Enfance et jeunesse - Communaut\u00e9 de Communes Sausseron Impressionnistes","robots":{"index":"index","follow":"follow","max-snippet":"max-snippet:-1","max-image-preview":"max-image-preview:large","max-video-preview":"max-video-preview:-1"},"canonical":"https:\/\/www.sausseron-impressionnistes.fr\/index.php\/lieux-daccueil-enfants-parents\/","og_locale":"fr_FR","og_type":"article","og_title":"Enfance et jeunesse - Communaut\u00e9 de Communes Sausseron Impressionnistes","og_description":"La comp\u00e9tence enfance est exerc\u00e9e par la Communaut\u00e9 de Communes en lieu et place des communes. Cela signifie qu\u2019elle coordonne, finance, et assure le d\u00e9veloppement de l\u2019offre d\u2019accueil en mati\u00e8re de petite enfance et d\u2019enfance jusqu\u2019\u00e0 l\u2019adolescence. Cette comp\u00e9tence se traduit par la gestion de plusieurs services sur le territoire communautaire : La petite enfance &hellip; Continuer la lecture de &laquo;&nbsp;Enfance et jeunesse&nbsp;&raquo;","og_url":"https:\/\/www.sausseron-impressionnistes.fr\/index.php\/lieux-daccueil-enfants-parents\/","og_site_name":"Communaut\u00e9 de Communes Sausseron Impressionnistes","article_modified_time":"2025-02-06T11:38:23+00:00","og_image":[{"width":875,"height":1241,"url":"https:\/\/www.sausseron-impressionnistes.fr\/wp-content\/uploads\/2025\/01\/GUIDE-PETITE-ENFANCE-CCSI-2025_page-0001.jpg","type":"image\/jpeg"}],"twitter_card":"summary_large_image","twitter_misc":{"Dur\u00e9e de lecture estim\u00e9e":"1 minute"},"schema":{"@context":"https:\/\/schema.org","@graph":[{"@type":"WebPage","@id":"https:\/\/www.sausseron-impressionnistes.fr\/index.php\/lieux-daccueil-enfants-parents\/","url":"https:\/\/www.sausseron-impressionnistes.fr\/index.php\/lieux-daccueil-enfants-parents\/","name":"Enfance et jeunesse - Communaut\u00e9 de Communes Sausseron Impressionnistes","isPartOf":{"@id":"https:\/\/www.sausseron-impressionnistes.fr\/#website"},"primaryImageOfPage":{"@id":"https:\/\/www.sausseron-impressionnistes.fr\/index.php\/lieux-daccueil-enfants-parents\/#primaryimage"},"image":{"@id":"https:\/\/www.sausseron-impressionnistes.fr\/index.php\/lieux-daccueil-enfants-parents\/#primaryimage"},"thumbnailUrl":"https:\/\/www.sausseron-impressionnistes.fr\/wp-content\/uploads\/2025\/01\/GUIDE-PETITE-ENFANCE-CCSI-2025_page-0001-722x1024.jpg","datePublished":"2021-02-25T14:00:33+00:00","dateModified":"2025-02-06T11:38:23+00:00","breadcrumb":{"@id":"https:\/\/www.sausseron-impressionnistes.fr\/index.php\/lieux-daccueil-enfants-parents\/#breadcrumb"},"inLanguage":"fr-FR","potentialAction":[{"@type":"ReadAction","target":["https:\/\/www.sausseron-impressionnistes.fr\/index.php\/lieux-daccueil-enfants-parents\/"]}]},{"@type":"ImageObject","inLanguage":"fr-FR","@id":"https:\/\/www.sausseron-impressionnistes.fr\/index.php\/lieux-daccueil-enfants-parents\/#primaryimage","url":"https:\/\/www.sausseron-impressionnistes.fr\/wp-content\/uploads\/2025\/01\/GUIDE-PETITE-ENFANCE-CCSI-2025_page-0001.jpg","contentUrl":"https:\/\/www.sausseron-impressionnistes.fr\/wp-content\/uploads\/2025\/01\/GUIDE-PETITE-ENFANCE-CCSI-2025_page-0001.jpg","width":875,"height":1241},{"@type":"BreadcrumbList","@id":"https:\/\/www.sausseron-impressionnistes.fr\/index.php\/lieux-daccueil-enfants-parents\/#breadcrumb","itemListElement":[{"@type":"ListItem","position":1,"name":"Accueil","item":"https:\/\/www.sausseron-impressionnistes.fr\/"},{"@type":"ListItem","position":2,"name":"Enfance et jeunesse"}]},{"@type":"WebSite","@id":"https:\/\/www.sausseron-impressionnistes.fr\/#website","url":"https:\/\/www.sausseron-impressionnistes.fr\/","name":"Communaut\u00e9 de Communes Sausseron Impressionnistes","description":"","potentialAction":[{"@type":"SearchAction","target":{"@type":"EntryPoint","urlTemplate":"https:\/\/www.sausseron-impressionnistes.fr\/?s={search_term_string}"},"query-input":{"@type":"PropertyValueSpecification","valueRequired":true,"valueName":"search_term_string"}}],"inLanguage":"fr-FR"}]}},"_links":{"self":[{"href":"https:\/\/www.sausseron-impressionnistes.fr\/index.php\/wp-json\/wp\/v2\/pages\/75","targetHints":{"allow":["GET"]}}],"collection":[{"href":"https:\/\/www.sausseron-impressionnistes.fr\/index.php\/wp-json\/wp\/v2\/pages"}],"about":[{"href":"https:\/\/www.sausseron-impressionnistes.fr\/index.php\/wp-json\/wp\/v2\/types\/page"}],"author":[{"embeddable":true,"href":"https:\/\/www.sausseron-impressionnistes.fr\/index.php\/wp-json\/wp\/v2\/users\/1"}],"replies":[{"embeddable":true,"href":"https:\/\/www.sausseron-impressionnistes.fr\/index.php\/wp-json\/wp\/v2\/comments?post=75"}],"version-history":[{"count":10,"href":"https:\/\/www.sausseron-impressionnistes.fr\/index.php\/wp-json\/wp\/v2\/pages\/75\/revisions"}],"predecessor-version":[{"id":3141,"href":"https:\/\/www.sausseron-impressionnistes.fr\/index.php\/wp-json\/wp\/v2\/pages\/75\/revisions\/3141"}],"wp:attachment":[{"href":"https:\/\/www.sausseron-impressionnistes.fr\/index.php\/wp-json\/wp\/v2\/media?parent=75"}],"curies":[{"name":"wp","href":"https:\/\/api.w.org\/{rel}","templated":true}]}}