{"id":70,"date":"2021-02-25T15:00:33","date_gmt":"2021-02-25T14:00:33","guid":{"rendered":"http:\/\/www.sausseron-impressionnistes.fr\/?page_id=70"},"modified":"2023-01-09T11:32:06","modified_gmt":"2023-01-09T10:32:06","slug":"a-ennery","status":"publish","type":"page","link":"https:\/\/www.sausseron-impressionnistes.fr\/index.php\/a-ennery\/","title":{"rendered":"Voirie et mobilit\u00e9s"},"content":{"rendered":"\n<p>La Communaut\u00e9 est en charge de l\u2019entretien des  62 kms de voirie communautaire et de l\u2019ensemble des talus. Les modes de fauchage ont \u00e9t\u00e9 prescrits selon leurs int\u00e9r\u00eats floristiques et faunistiques.<\/p>\n\n\n\n<p> La s\u00e9curit\u00e9 des voies reste du ressort des communes (pouvoir de police des Maires). Les voies de la Zone d\u2019Activit\u00e9 d\u2019Ennery sont \u00e9galement g\u00e9r\u00e9es par la Communaut\u00e9.<\/p>\n\n\n\n<p>Le salage et le d\u00e9neigement sur les voiries communautaires sont assur\u00e9s par des agriculteurs mandat\u00e9s, \u00e9quip\u00e9s et r\u00e9mun\u00e9r\u00e9s par la Communaut\u00e9.<\/p>\n\n\n\n<p><strong><span class=\"has-inline-color has-luminous-vivid-orange-color\">Liste des 35 voiries Communautaires:<\/span><\/strong><\/p>\n\n\n\n<figure class=\"wp-block-table\"><table><tbody><tr><td>1 Berville-H\u00e9nonville<\/td><td>20 Epiais Rhus-Livilliers<\/td><\/tr><tr><td>2 Berville-RD22<\/td><td>21 Ennery-Livilliers<\/td><\/tr><tr><td>3 Berville-rue de la Garenne<\/td><td>22 Ennery-G\u00e9nicourt<\/td><\/tr><tr><td>4 Arronville-Berville<\/td><td>23 G\u00e9nicourt-G\u00e9rocourt<\/td><\/tr><tr><td>5 Arronville-Amblainville<\/td><td>24 G\u00e9nicourt<\/td><\/tr><tr><td>6 Arronville-RD188-RD92-Amblainville<\/td><td>25 Ennery- route d\u2019Osny<\/td><\/tr><tr><td>7 Arronville-RD927-Pontoise-Hereville<\/td><td>26 Ennery- route d\u2019Auvers sur Oise<\/td><\/tr><tr><td>8 Arronville-Theuville<\/td><td>27 Ennery-ZA St Antoine<\/td><\/tr><tr><td>9 M\u00e9nouville-Theuville<\/td><td>28 Menouville-RD927<\/td><\/tr><tr><td>10 M\u00e9nouville-Vallangoujard<\/td><td>29 Frouville-route de Bornel<\/td><\/tr><tr><td>11 H\u00e9douville-Ronquerolles<\/td><td>30 Auvers sur Oise<\/td><\/tr><tr><td>12 H\u00e9douville-Frouville<\/td><td>31 Valmondois-D928<\/td><\/tr><tr><td>13 H\u00e9douville-Nesles la Vall\u00e9e-RD151<\/td><td>32 Valmondois-R32<\/td><\/tr><tr><td>14 Frouville-Labbeville<\/td><td>33 Valmondois-rue Geoffroy Decheaume<\/td><\/tr><tr><td>15 H\u00e9rouville-Labbeville<\/td><td>34 Auvers sur Oise<\/td><\/tr><tr><td>16 H\u00e9rouville-ZA<\/td><td>35 Auvers sur oise-Butry-sur-Oise<\/td><\/tr><tr><td>17 Livilliers-Vallangoujard<\/td><td><\/td><\/tr><tr><td>18 Epiais Rhus-Vallangoujard<\/td><td><\/td><\/tr><tr><td>19 Vallangoujard-RD927-Hameau de M\u00e9zi\u00e8res<\/td><td><\/td><\/tr><\/tbody><\/table><\/figure>\n\n\n\n<p class=\"has-text-align-center\"><strong>Le salage et le d\u00e9neigement sur les voiries communautaires sont assur\u00e9s par des agriculteurs mandat\u00e9s, \u00e9quip\u00e9s et r\u00e9mun\u00e9r\u00e9s par la Communaut\u00e9.<\/strong><\/p>\n\n\n\n<figure class=\"wp-block-image size-full\"><img decoding=\"async\" width=\"509\" height=\"339\" src=\"https:\/\/www.sausseron-impressionnistes.fr\/wp-content\/uploads\/2023\/01\/istockphoto-524156528-170667a.jpg\" alt=\"\" class=\"wp-image-2087\" srcset=\"https:\/\/www.sausseron-impressionnistes.fr\/wp-content\/uploads\/2023\/01\/istockphoto-524156528-170667a.jpg 509w, https:\/\/www.sausseron-impressionnistes.fr\/wp-content\/uploads\/2023\/01\/istockphoto-524156528-170667a-300x200.jpg 300w\" sizes=\"(max-width: 509px) 100vw, 509px\" \/><figcaption class=\"wp-element-caption\">Two manual workers helping to level the asphalt surface for a steamroller to press.<\/figcaption><\/figure>\n","protected":false},"excerpt":{"rendered":"<p>La Communaut\u00e9 est en charge de l\u2019entretien des 62 kms de voirie communautaire et de l\u2019ensemble des talus. Les modes de fauchage ont \u00e9t\u00e9 prescrits selon leurs int\u00e9r\u00eats floristiques et faunistiques. La s\u00e9curit\u00e9 des voies reste du ressort des communes (pouvoir de police des Maires). Les voies de la Zone d\u2019Activit\u00e9 d\u2019Ennery sont \u00e9galement g\u00e9r\u00e9es &hellip; <\/p>\n<p class=\"link-more\"><a href=\"https:\/\/www.sausseron-impressionnistes.fr\/index.php\/a-ennery\/\" class=\"more-link\">Continuer la lecture<span class=\"screen-reader-text\"> de &laquo;&nbsp;Voirie et mobilit\u00e9s&nbsp;&raquo;<\/span><\/a><\/p>\n","protected":false},"author":1,"featured_media":0,"parent":0,"menu_order":0,"comment_status":"closed","ping_status":"closed","template":"","meta":{"footnotes":""},"class_list":["post-70","page","type-page","status-publish","hentry"],"yoast_head":"<!-- This site is optimized with the Yoast SEO plugin v27.4 - https:\/\/yoast.com\/product\/yoast-seo-wordpress\/ -->\n<title>Voirie et mobilit\u00e9s - Communaut\u00e9 de Communes Sausseron Impressionnistes<\/title>\n<meta name=\"robots\" content=\"index, follow, max-snippet:-1, max-image-preview:large, max-video-preview:-1\" \/>\n<link rel=\"canonical\" href=\"https:\/\/www.sausseron-impressionnistes.fr\/index.php\/a-ennery\/\" \/>\n<meta property=\"og:locale\" content=\"fr_FR\" \/>\n<meta property=\"og:type\" content=\"article\" \/>\n<meta property=\"og:title\" content=\"Voirie et mobilit\u00e9s - Communaut\u00e9 de Communes Sausseron Impressionnistes\" \/>\n<meta property=\"og:description\" content=\"La Communaut\u00e9 est en charge de l\u2019entretien des 62 kms de voirie communautaire et de l\u2019ensemble des talus. Les modes de fauchage ont \u00e9t\u00e9 prescrits selon leurs int\u00e9r\u00eats floristiques et faunistiques. La s\u00e9curit\u00e9 des voies reste du ressort des communes (pouvoir de police des Maires). Les voies de la Zone d\u2019Activit\u00e9 d\u2019Ennery sont \u00e9galement g\u00e9r\u00e9es &hellip; Continuer la lecture de &laquo;&nbsp;Voirie et mobilit\u00e9s&nbsp;&raquo;\" \/>\n<meta property=\"og:url\" content=\"https:\/\/www.sausseron-impressionnistes.fr\/index.php\/a-ennery\/\" \/>\n<meta property=\"og:site_name\" content=\"Communaut\u00e9 de Communes Sausseron Impressionnistes\" \/>\n<meta property=\"article:modified_time\" content=\"2023-01-09T10:32:06+00:00\" \/>\n<meta property=\"og:image\" content=\"https:\/\/www.sausseron-impressionnistes.fr\/wp-content\/uploads\/2023\/01\/istockphoto-524156528-170667a.jpg\" \/>\n<meta name=\"twitter:card\" content=\"summary_large_image\" \/>\n<meta name=\"twitter:label1\" content=\"Dur\u00e9e de lecture estim\u00e9e\" \/>\n\t<meta name=\"twitter:data1\" content=\"2 minutes\" \/>\n<script type=\"application\/ld+json\" class=\"yoast-schema-graph\">{\"@context\":\"https:\\\/\\\/schema.org\",\"@graph\":[{\"@type\":\"WebPage\",\"@id\":\"https:\\\/\\\/www.sausseron-impressionnistes.fr\\\/index.php\\\/a-ennery\\\/\",\"url\":\"https:\\\/\\\/www.sausseron-impressionnistes.fr\\\/index.php\\\/a-ennery\\\/\",\"name\":\"Voirie et mobilit\u00e9s - Communaut\u00e9 de Communes Sausseron Impressionnistes\",\"isPartOf\":{\"@id\":\"https:\\\/\\\/www.sausseron-impressionnistes.fr\\\/#website\"},\"primaryImageOfPage\":{\"@id\":\"https:\\\/\\\/www.sausseron-impressionnistes.fr\\\/index.php\\\/a-ennery\\\/#primaryimage\"},\"image\":{\"@id\":\"https:\\\/\\\/www.sausseron-impressionnistes.fr\\\/index.php\\\/a-ennery\\\/#primaryimage\"},\"thumbnailUrl\":\"https:\\\/\\\/www.sausseron-impressionnistes.fr\\\/wp-content\\\/uploads\\\/2023\\\/01\\\/istockphoto-524156528-170667a.jpg\",\"datePublished\":\"2021-02-25T14:00:33+00:00\",\"dateModified\":\"2023-01-09T10:32:06+00:00\",\"breadcrumb\":{\"@id\":\"https:\\\/\\\/www.sausseron-impressionnistes.fr\\\/index.php\\\/a-ennery\\\/#breadcrumb\"},\"inLanguage\":\"fr-FR\",\"potentialAction\":[{\"@type\":\"ReadAction\",\"target\":[\"https:\\\/\\\/www.sausseron-impressionnistes.fr\\\/index.php\\\/a-ennery\\\/\"]}]},{\"@type\":\"ImageObject\",\"inLanguage\":\"fr-FR\",\"@id\":\"https:\\\/\\\/www.sausseron-impressionnistes.fr\\\/index.php\\\/a-ennery\\\/#primaryimage\",\"url\":\"https:\\\/\\\/www.sausseron-impressionnistes.fr\\\/wp-content\\\/uploads\\\/2023\\\/01\\\/istockphoto-524156528-170667a.jpg\",\"contentUrl\":\"https:\\\/\\\/www.sausseron-impressionnistes.fr\\\/wp-content\\\/uploads\\\/2023\\\/01\\\/istockphoto-524156528-170667a.jpg\",\"width\":509,\"height\":339,\"caption\":\"Two manual workers helping to level the asphalt surface for a steamroller to press.\"},{\"@type\":\"BreadcrumbList\",\"@id\":\"https:\\\/\\\/www.sausseron-impressionnistes.fr\\\/index.php\\\/a-ennery\\\/#breadcrumb\",\"itemListElement\":[{\"@type\":\"ListItem\",\"position\":1,\"name\":\"Accueil\",\"item\":\"https:\\\/\\\/www.sausseron-impressionnistes.fr\\\/\"},{\"@type\":\"ListItem\",\"position\":2,\"name\":\"Voirie et mobilit\u00e9s\"}]},{\"@type\":\"WebSite\",\"@id\":\"https:\\\/\\\/www.sausseron-impressionnistes.fr\\\/#website\",\"url\":\"https:\\\/\\\/www.sausseron-impressionnistes.fr\\\/\",\"name\":\"Communaut\u00e9 de Communes Sausseron Impressionnistes\",\"description\":\"\",\"potentialAction\":[{\"@type\":\"SearchAction\",\"target\":{\"@type\":\"EntryPoint\",\"urlTemplate\":\"https:\\\/\\\/www.sausseron-impressionnistes.fr\\\/?s={search_term_string}\"},\"query-input\":{\"@type\":\"PropertyValueSpecification\",\"valueRequired\":true,\"valueName\":\"search_term_string\"}}],\"inLanguage\":\"fr-FR\"}]}<\/script>\n<!-- \/ Yoast SEO plugin. -->","yoast_head_json":{"title":"Voirie et mobilit\u00e9s - Communaut\u00e9 de Communes Sausseron Impressionnistes","robots":{"index":"index","follow":"follow","max-snippet":"max-snippet:-1","max-image-preview":"max-image-preview:large","max-video-preview":"max-video-preview:-1"},"canonical":"https:\/\/www.sausseron-impressionnistes.fr\/index.php\/a-ennery\/","og_locale":"fr_FR","og_type":"article","og_title":"Voirie et mobilit\u00e9s - Communaut\u00e9 de Communes Sausseron Impressionnistes","og_description":"La Communaut\u00e9 est en charge de l\u2019entretien des 62 kms de voirie communautaire et de l\u2019ensemble des talus. Les modes de fauchage ont \u00e9t\u00e9 prescrits selon leurs int\u00e9r\u00eats floristiques et faunistiques. La s\u00e9curit\u00e9 des voies reste du ressort des communes (pouvoir de police des Maires). Les voies de la Zone d\u2019Activit\u00e9 d\u2019Ennery sont \u00e9galement g\u00e9r\u00e9es &hellip; Continuer la lecture de &laquo;&nbsp;Voirie et mobilit\u00e9s&nbsp;&raquo;","og_url":"https:\/\/www.sausseron-impressionnistes.fr\/index.php\/a-ennery\/","og_site_name":"Communaut\u00e9 de Communes Sausseron Impressionnistes","article_modified_time":"2023-01-09T10:32:06+00:00","og_image":[{"url":"https:\/\/www.sausseron-impressionnistes.fr\/wp-content\/uploads\/2023\/01\/istockphoto-524156528-170667a.jpg","type":"","width":"","height":""}],"twitter_card":"summary_large_image","twitter_misc":{"Dur\u00e9e de lecture estim\u00e9e":"2 minutes"},"schema":{"@context":"https:\/\/schema.org","@graph":[{"@type":"WebPage","@id":"https:\/\/www.sausseron-impressionnistes.fr\/index.php\/a-ennery\/","url":"https:\/\/www.sausseron-impressionnistes.fr\/index.php\/a-ennery\/","name":"Voirie et mobilit\u00e9s - Communaut\u00e9 de Communes Sausseron Impressionnistes","isPartOf":{"@id":"https:\/\/www.sausseron-impressionnistes.fr\/#website"},"primaryImageOfPage":{"@id":"https:\/\/www.sausseron-impressionnistes.fr\/index.php\/a-ennery\/#primaryimage"},"image":{"@id":"https:\/\/www.sausseron-impressionnistes.fr\/index.php\/a-ennery\/#primaryimage"},"thumbnailUrl":"https:\/\/www.sausseron-impressionnistes.fr\/wp-content\/uploads\/2023\/01\/istockphoto-524156528-170667a.jpg","datePublished":"2021-02-25T14:00:33+00:00","dateModified":"2023-01-09T10:32:06+00:00","breadcrumb":{"@id":"https:\/\/www.sausseron-impressionnistes.fr\/index.php\/a-ennery\/#breadcrumb"},"inLanguage":"fr-FR","potentialAction":[{"@type":"ReadAction","target":["https:\/\/www.sausseron-impressionnistes.fr\/index.php\/a-ennery\/"]}]},{"@type":"ImageObject","inLanguage":"fr-FR","@id":"https:\/\/www.sausseron-impressionnistes.fr\/index.php\/a-ennery\/#primaryimage","url":"https:\/\/www.sausseron-impressionnistes.fr\/wp-content\/uploads\/2023\/01\/istockphoto-524156528-170667a.jpg","contentUrl":"https:\/\/www.sausseron-impressionnistes.fr\/wp-content\/uploads\/2023\/01\/istockphoto-524156528-170667a.jpg","width":509,"height":339,"caption":"Two manual workers helping to level the asphalt surface for a steamroller to press."},{"@type":"BreadcrumbList","@id":"https:\/\/www.sausseron-impressionnistes.fr\/index.php\/a-ennery\/#breadcrumb","itemListElement":[{"@type":"ListItem","position":1,"name":"Accueil","item":"https:\/\/www.sausseron-impressionnistes.fr\/"},{"@type":"ListItem","position":2,"name":"Voirie et mobilit\u00e9s"}]},{"@type":"WebSite","@id":"https:\/\/www.sausseron-impressionnistes.fr\/#website","url":"https:\/\/www.sausseron-impressionnistes.fr\/","name":"Communaut\u00e9 de Communes Sausseron Impressionnistes","description":"","potentialAction":[{"@type":"SearchAction","target":{"@type":"EntryPoint","urlTemplate":"https:\/\/www.sausseron-impressionnistes.fr\/?s={search_term_string}"},"query-input":{"@type":"PropertyValueSpecification","valueRequired":true,"valueName":"search_term_string"}}],"inLanguage":"fr-FR"}]}},"_links":{"self":[{"href":"https:\/\/www.sausseron-impressionnistes.fr\/index.php\/wp-json\/wp\/v2\/pages\/70","targetHints":{"allow":["GET"]}}],"collection":[{"href":"https:\/\/www.sausseron-impressionnistes.fr\/index.php\/wp-json\/wp\/v2\/pages"}],"about":[{"href":"https:\/\/www.sausseron-impressionnistes.fr\/index.php\/wp-json\/wp\/v2\/types\/page"}],"author":[{"embeddable":true,"href":"https:\/\/www.sausseron-impressionnistes.fr\/index.php\/wp-json\/wp\/v2\/users\/1"}],"replies":[{"embeddable":true,"href":"https:\/\/www.sausseron-impressionnistes.fr\/index.php\/wp-json\/wp\/v2\/comments?post=70"}],"version-history":[{"count":5,"href":"https:\/\/www.sausseron-impressionnistes.fr\/index.php\/wp-json\/wp\/v2\/pages\/70\/revisions"}],"predecessor-version":[{"id":2089,"href":"https:\/\/www.sausseron-impressionnistes.fr\/index.php\/wp-json\/wp\/v2\/pages\/70\/revisions\/2089"}],"wp:attachment":[{"href":"https:\/\/www.sausseron-impressionnistes.fr\/index.php\/wp-json\/wp\/v2\/media?parent=70"}],"curies":[{"name":"wp","href":"https:\/\/api.w.org\/{rel}","templated":true}]}}