{"id":69,"date":"2021-02-25T15:00:33","date_gmt":"2021-02-25T14:00:33","guid":{"rendered":"http:\/\/www.sausseron-impressionnistes.fr\/?page_id=69"},"modified":"2021-03-01T14:10:14","modified_gmt":"2021-03-01T13:10:14","slug":"creches-et-halte-garderie","status":"publish","type":"page","link":"https:\/\/www.sausseron-impressionnistes.fr\/index.php\/creches-et-halte-garderie\/","title":{"rendered":"Ma\u00eetrise des ruissellements"},"content":{"rendered":"\n<p><strong><span class=\"has-inline-color has-vivid-cyan-blue-color\">La ma\u00eetrise des ruissellements est confi\u00e9e aux syndicats qui interviennent sur l\u2019assainissement collectif.<\/span><\/strong><\/p>\n\n\n\n<p>Depuis 2017, la probl\u00e9matique inondation, ruissellement et coul\u00e9es de boue est \u00e9galement g\u00e9r\u00e9e par le Syndicat mixte, ENTENTE OISE-AISNE, ouvert par arr\u00eat\u00e9 inter pr\u00e9fectoral le 8 ao\u00fbt 2017, pour les D\u00e9partements de l\u2019Aisne, des Ardennes, de la Marne, de la Meuse, de l\u2019Oise et du Val-d\u2019Oise. Le syndicat exerce des comp\u00e9tences \u00e0 la carte sur les probl\u00e9matiques de risques naturels (inondation par d\u00e9bordement de cours d\u2019eau, ruissellement et coul\u00e9es de boue) et de qualit\u00e9 des milieux aquatiques. Enfin, il assure une coordination de l\u2019ensemble des acteurs agissant sur le grand cycle de l\u2019eau et rend des avis sur leurs projets.<\/p>\n\n\n\n<p><strong><span class=\"has-inline-color has-vivid-cyan-blue-color\">Ces diff\u00e9rentes adh\u00e9sions se compl\u00e8tent, sans superposition, pour permettre \u00e0 la Communaut\u00e9 d\u2019assurer efficacement les diff\u00e9rentes composantes de sa comp\u00e9tence GEMAPI.<\/span><\/strong><\/p>\n","protected":false},"excerpt":{"rendered":"<p>La ma\u00eetrise des ruissellements est confi\u00e9e aux syndicats qui interviennent sur l\u2019assainissement collectif. Depuis 2017, la probl\u00e9matique inondation, ruissellement et coul\u00e9es de boue est \u00e9galement g\u00e9r\u00e9e par le Syndicat mixte, ENTENTE OISE-AISNE, ouvert par arr\u00eat\u00e9 inter pr\u00e9fectoral le 8 ao\u00fbt 2017, pour les D\u00e9partements de l\u2019Aisne, des Ardennes, de la Marne, de la Meuse, de &hellip; <\/p>\n<p class=\"link-more\"><a href=\"https:\/\/www.sausseron-impressionnistes.fr\/index.php\/creches-et-halte-garderie\/\" class=\"more-link\">Continuer la lecture<span class=\"screen-reader-text\"> de &laquo;&nbsp;Ma\u00eetrise des ruissellements&nbsp;&raquo;<\/span><\/a><\/p>\n","protected":false},"author":1,"featured_media":0,"parent":0,"menu_order":0,"comment_status":"closed","ping_status":"closed","template":"","meta":{"footnotes":""},"class_list":["post-69","page","type-page","status-publish","hentry"],"yoast_head":"<!-- This site is optimized with the Yoast SEO plugin v27.3 - https:\/\/yoast.com\/product\/yoast-seo-wordpress\/ -->\n<title>Ma\u00eetrise des ruissellements - Communaut\u00e9 de Communes Sausseron Impressionnistes<\/title>\n<meta name=\"robots\" content=\"index, follow, max-snippet:-1, max-image-preview:large, max-video-preview:-1\" \/>\n<link rel=\"canonical\" href=\"https:\/\/www.sausseron-impressionnistes.fr\/index.php\/creches-et-halte-garderie\/\" \/>\n<meta property=\"og:locale\" content=\"fr_FR\" \/>\n<meta property=\"og:type\" content=\"article\" \/>\n<meta property=\"og:title\" content=\"Ma\u00eetrise des ruissellements - Communaut\u00e9 de Communes Sausseron Impressionnistes\" \/>\n<meta property=\"og:description\" content=\"La ma\u00eetrise des ruissellements est confi\u00e9e aux syndicats qui interviennent sur l\u2019assainissement collectif. Depuis 2017, la probl\u00e9matique inondation, ruissellement et coul\u00e9es de boue est \u00e9galement g\u00e9r\u00e9e par le Syndicat mixte, ENTENTE OISE-AISNE, ouvert par arr\u00eat\u00e9 inter pr\u00e9fectoral le 8 ao\u00fbt 2017, pour les D\u00e9partements de l\u2019Aisne, des Ardennes, de la Marne, de la Meuse, de &hellip; Continuer la lecture de &laquo;&nbsp;Ma\u00eetrise des ruissellements&nbsp;&raquo;\" \/>\n<meta property=\"og:url\" content=\"https:\/\/www.sausseron-impressionnistes.fr\/index.php\/creches-et-halte-garderie\/\" \/>\n<meta property=\"og:site_name\" content=\"Communaut\u00e9 de Communes Sausseron Impressionnistes\" \/>\n<meta property=\"article:modified_time\" content=\"2021-03-01T13:10:14+00:00\" \/>\n<meta name=\"twitter:card\" content=\"summary_large_image\" \/>\n<meta name=\"twitter:label1\" content=\"Dur\u00e9e de lecture estim\u00e9e\" \/>\n\t<meta name=\"twitter:data1\" content=\"1 minute\" \/>\n<script type=\"application\/ld+json\" class=\"yoast-schema-graph\">{\"@context\":\"https:\\\/\\\/schema.org\",\"@graph\":[{\"@type\":\"WebPage\",\"@id\":\"https:\\\/\\\/www.sausseron-impressionnistes.fr\\\/index.php\\\/creches-et-halte-garderie\\\/\",\"url\":\"https:\\\/\\\/www.sausseron-impressionnistes.fr\\\/index.php\\\/creches-et-halte-garderie\\\/\",\"name\":\"Ma\u00eetrise des ruissellements - Communaut\u00e9 de Communes Sausseron Impressionnistes\",\"isPartOf\":{\"@id\":\"https:\\\/\\\/www.sausseron-impressionnistes.fr\\\/#website\"},\"datePublished\":\"2021-02-25T14:00:33+00:00\",\"dateModified\":\"2021-03-01T13:10:14+00:00\",\"breadcrumb\":{\"@id\":\"https:\\\/\\\/www.sausseron-impressionnistes.fr\\\/index.php\\\/creches-et-halte-garderie\\\/#breadcrumb\"},\"inLanguage\":\"fr-FR\",\"potentialAction\":[{\"@type\":\"ReadAction\",\"target\":[\"https:\\\/\\\/www.sausseron-impressionnistes.fr\\\/index.php\\\/creches-et-halte-garderie\\\/\"]}]},{\"@type\":\"BreadcrumbList\",\"@id\":\"https:\\\/\\\/www.sausseron-impressionnistes.fr\\\/index.php\\\/creches-et-halte-garderie\\\/#breadcrumb\",\"itemListElement\":[{\"@type\":\"ListItem\",\"position\":1,\"name\":\"Accueil\",\"item\":\"https:\\\/\\\/www.sausseron-impressionnistes.fr\\\/\"},{\"@type\":\"ListItem\",\"position\":2,\"name\":\"Ma\u00eetrise des ruissellements\"}]},{\"@type\":\"WebSite\",\"@id\":\"https:\\\/\\\/www.sausseron-impressionnistes.fr\\\/#website\",\"url\":\"https:\\\/\\\/www.sausseron-impressionnistes.fr\\\/\",\"name\":\"Communaut\u00e9 de Communes Sausseron Impressionnistes\",\"description\":\"\",\"potentialAction\":[{\"@type\":\"SearchAction\",\"target\":{\"@type\":\"EntryPoint\",\"urlTemplate\":\"https:\\\/\\\/www.sausseron-impressionnistes.fr\\\/?s={search_term_string}\"},\"query-input\":{\"@type\":\"PropertyValueSpecification\",\"valueRequired\":true,\"valueName\":\"search_term_string\"}}],\"inLanguage\":\"fr-FR\"}]}<\/script>\n<!-- \/ Yoast SEO plugin. -->","yoast_head_json":{"title":"Ma\u00eetrise des ruissellements - Communaut\u00e9 de Communes Sausseron Impressionnistes","robots":{"index":"index","follow":"follow","max-snippet":"max-snippet:-1","max-image-preview":"max-image-preview:large","max-video-preview":"max-video-preview:-1"},"canonical":"https:\/\/www.sausseron-impressionnistes.fr\/index.php\/creches-et-halte-garderie\/","og_locale":"fr_FR","og_type":"article","og_title":"Ma\u00eetrise des ruissellements - Communaut\u00e9 de Communes Sausseron Impressionnistes","og_description":"La ma\u00eetrise des ruissellements est confi\u00e9e aux syndicats qui interviennent sur l\u2019assainissement collectif. Depuis 2017, la probl\u00e9matique inondation, ruissellement et coul\u00e9es de boue est \u00e9galement g\u00e9r\u00e9e par le Syndicat mixte, ENTENTE OISE-AISNE, ouvert par arr\u00eat\u00e9 inter pr\u00e9fectoral le 8 ao\u00fbt 2017, pour les D\u00e9partements de l\u2019Aisne, des Ardennes, de la Marne, de la Meuse, de &hellip; Continuer la lecture de &laquo;&nbsp;Ma\u00eetrise des ruissellements&nbsp;&raquo;","og_url":"https:\/\/www.sausseron-impressionnistes.fr\/index.php\/creches-et-halte-garderie\/","og_site_name":"Communaut\u00e9 de Communes Sausseron Impressionnistes","article_modified_time":"2021-03-01T13:10:14+00:00","twitter_card":"summary_large_image","twitter_misc":{"Dur\u00e9e de lecture estim\u00e9e":"1 minute"},"schema":{"@context":"https:\/\/schema.org","@graph":[{"@type":"WebPage","@id":"https:\/\/www.sausseron-impressionnistes.fr\/index.php\/creches-et-halte-garderie\/","url":"https:\/\/www.sausseron-impressionnistes.fr\/index.php\/creches-et-halte-garderie\/","name":"Ma\u00eetrise des ruissellements - Communaut\u00e9 de Communes Sausseron Impressionnistes","isPartOf":{"@id":"https:\/\/www.sausseron-impressionnistes.fr\/#website"},"datePublished":"2021-02-25T14:00:33+00:00","dateModified":"2021-03-01T13:10:14+00:00","breadcrumb":{"@id":"https:\/\/www.sausseron-impressionnistes.fr\/index.php\/creches-et-halte-garderie\/#breadcrumb"},"inLanguage":"fr-FR","potentialAction":[{"@type":"ReadAction","target":["https:\/\/www.sausseron-impressionnistes.fr\/index.php\/creches-et-halte-garderie\/"]}]},{"@type":"BreadcrumbList","@id":"https:\/\/www.sausseron-impressionnistes.fr\/index.php\/creches-et-halte-garderie\/#breadcrumb","itemListElement":[{"@type":"ListItem","position":1,"name":"Accueil","item":"https:\/\/www.sausseron-impressionnistes.fr\/"},{"@type":"ListItem","position":2,"name":"Ma\u00eetrise des ruissellements"}]},{"@type":"WebSite","@id":"https:\/\/www.sausseron-impressionnistes.fr\/#website","url":"https:\/\/www.sausseron-impressionnistes.fr\/","name":"Communaut\u00e9 de Communes Sausseron Impressionnistes","description":"","potentialAction":[{"@type":"SearchAction","target":{"@type":"EntryPoint","urlTemplate":"https:\/\/www.sausseron-impressionnistes.fr\/?s={search_term_string}"},"query-input":{"@type":"PropertyValueSpecification","valueRequired":true,"valueName":"search_term_string"}}],"inLanguage":"fr-FR"}]}},"_links":{"self":[{"href":"https:\/\/www.sausseron-impressionnistes.fr\/index.php\/wp-json\/wp\/v2\/pages\/69","targetHints":{"allow":["GET"]}}],"collection":[{"href":"https:\/\/www.sausseron-impressionnistes.fr\/index.php\/wp-json\/wp\/v2\/pages"}],"about":[{"href":"https:\/\/www.sausseron-impressionnistes.fr\/index.php\/wp-json\/wp\/v2\/types\/page"}],"author":[{"embeddable":true,"href":"https:\/\/www.sausseron-impressionnistes.fr\/index.php\/wp-json\/wp\/v2\/users\/1"}],"replies":[{"embeddable":true,"href":"https:\/\/www.sausseron-impressionnistes.fr\/index.php\/wp-json\/wp\/v2\/comments?post=69"}],"version-history":[{"count":2,"href":"https:\/\/www.sausseron-impressionnistes.fr\/index.php\/wp-json\/wp\/v2\/pages\/69\/revisions"}],"predecessor-version":[{"id":355,"href":"https:\/\/www.sausseron-impressionnistes.fr\/index.php\/wp-json\/wp\/v2\/pages\/69\/revisions\/355"}],"wp:attachment":[{"href":"https:\/\/www.sausseron-impressionnistes.fr\/index.php\/wp-json\/wp\/v2\/media?parent=69"}],"curies":[{"name":"wp","href":"https:\/\/api.w.org\/{rel}","templated":true}]}}