{"id":63,"date":"2021-02-25T15:00:33","date_gmt":"2021-02-25T14:00:33","guid":{"rendered":"http:\/\/www.sausseron-impressionnistes.fr\/?page_id=63"},"modified":"2023-01-09T11:29:53","modified_gmt":"2023-01-09T10:29:53","slug":"environnement","status":"publish","type":"page","link":"https:\/\/www.sausseron-impressionnistes.fr\/index.php\/environnement\/","title":{"rendered":"Environnement"},"content":{"rendered":"\n<p><br><strong>TRI \u00e0 la source des bio-d\u00e9chets alimentaires dans les \u00e9coles du territoire<\/strong><br>Depuis la rentr\u00e9e scolaire 2022, la Communaut\u00e9 a initi\u00e9 dans 11 villes volontaires, le tri \u00e0 la source et la revalorisation des d\u00e9chets alimentaires issus des cantines scolaires.<\/p>\n\n\n\n<p><br>Nous avons choisi une entreprise locale \u00ab\u00a0VALORBIO Compost\u00a0\u00bb qui s\u2019appuie sur le savoir-faire d\u2019un ma\u00eetre-composteur sur un centre de compostage agr\u00e9\u00e9 de 3000m\u00b2 pour recycler en amendement organique les bio-d\u00e9chets alimentaires.<br>L\u2019implantation du dispositif de tri et collecte ainsi que l\u2019accompagnement des personnels de restauration ont permis de quantifier avec pr\u00e9cision le gaspillage alimentaire, et d\u2019appr\u00e9hender avec efficacit\u00e9 la nouvelle Loi AGEC pour une \u00e9conomie circulaire et la lutte contre le gaspillage.<br>Pour que les boucles de l\u2019\u00e9conomie circulaire et du bon sens soient int\u00e9grales, VALORBIO Compost et la CCSI se sont engag\u00e9s \u00e0 ce que le compost norm\u00e9 (NFU 44051) ainsi obtenu puisse servir \u00e0 amender les sols du territoire.<\/p>\n\n\n\n<p><br><strong>POURQUOI AM\u00c9LIORER VOTRE CAPACIT\u00c9 DE RECYCLAGE ?<\/strong><br>Recycler est un proc\u00e9d\u00e9 qui transforme des mati\u00e8res us\u00e9es en de nouveaux produits pour pr\u00e9venir le gaspillage, l&rsquo;utilisation de nouvelles mati\u00e8res premi\u00e8res et d&rsquo;\u00e9nergie; tout en r\u00e9duisant la pollution de l&rsquo;air, de l&rsquo;eau et des sols li\u00e9s \u00e0 l&rsquo;incin\u00e9ration ou l&rsquo;enfouissement. Recycler est donc la cl\u00e9 de comportements modernes concernant la gestion durable des ressources de l&rsquo;environnement. Il constitue le 3e \u00e9l\u00e9ment de la gestion vertueuse des d\u00e9chets : \u00ab\u00a0R\u00e9duire, R\u00e9utiliser &amp; Recycler\u00a0\u00bb.<br>Jusqu&rsquo;\u00e0 50% des poubelles des \u00e9tablissements d&rsquo;alimentation\/restauration sont constitu\u00e9es de mati\u00e8re organique biod\u00e9gradable. Tri\u00e9s \u00e0 la source efficacement, collect\u00e9s s\u00e9par\u00e9ment puis confi\u00e9s \u00e0 une \u00e9quipe exp\u00e9riment\u00e9e du compostage, ces gisements peuvent \u00eatre recycl\u00e9s en mati\u00e8re au m\u00eame titre que le papier, le verre, le carton et certains plastiques.<br>Depuis plusieurs ann\u00e9es, la Loi oblige les gros producteurs de d\u00e9chets organiques \u00e0 les revaloriser.<\/p>\n\n\n\n<figure class=\"wp-block-image size-large\"><img decoding=\"async\" width=\"1024\" height=\"614\" src=\"https:\/\/www.sausseron-impressionnistes.fr\/wp-content\/uploads\/2023\/01\/compost-6053136_1920-1024x614.jpg\" alt=\"\" class=\"wp-image-2085\" srcset=\"https:\/\/www.sausseron-impressionnistes.fr\/wp-content\/uploads\/2023\/01\/compost-6053136_1920-1024x614.jpg 1024w, https:\/\/www.sausseron-impressionnistes.fr\/wp-content\/uploads\/2023\/01\/compost-6053136_1920-300x180.jpg 300w, https:\/\/www.sausseron-impressionnistes.fr\/wp-content\/uploads\/2023\/01\/compost-6053136_1920-768x461.jpg 768w, https:\/\/www.sausseron-impressionnistes.fr\/wp-content\/uploads\/2023\/01\/compost-6053136_1920-1536x922.jpg 1536w, https:\/\/www.sausseron-impressionnistes.fr\/wp-content\/uploads\/2023\/01\/compost-6053136_1920.jpg 1920w\" sizes=\"(max-width: 706px) 89vw, (max-width: 767px) 82vw, 740px\" \/><\/figure>\n","protected":false},"excerpt":{"rendered":"<p>TRI \u00e0 la source des bio-d\u00e9chets alimentaires dans les \u00e9coles du territoireDepuis la rentr\u00e9e scolaire 2022, la Communaut\u00e9 a initi\u00e9 dans 11 villes volontaires, le tri \u00e0 la source et la revalorisation des d\u00e9chets alimentaires issus des cantines scolaires. Nous avons choisi une entreprise locale \u00ab\u00a0VALORBIO Compost\u00a0\u00bb qui s\u2019appuie sur le savoir-faire d\u2019un ma\u00eetre-composteur sur &hellip; <\/p>\n<p class=\"link-more\"><a href=\"https:\/\/www.sausseron-impressionnistes.fr\/index.php\/environnement\/\" class=\"more-link\">Continuer la lecture<span class=\"screen-reader-text\"> de &laquo;&nbsp;Environnement&nbsp;&raquo;<\/span><\/a><\/p>\n","protected":false},"author":1,"featured_media":0,"parent":0,"menu_order":0,"comment_status":"closed","ping_status":"closed","template":"","meta":{"footnotes":""},"class_list":["post-63","page","type-page","status-publish","hentry"],"yoast_head":"<!-- This site is optimized with the Yoast SEO plugin v27.3 - https:\/\/yoast.com\/product\/yoast-seo-wordpress\/ -->\n<title>Environnement - Communaut\u00e9 de Communes Sausseron Impressionnistes<\/title>\n<meta name=\"robots\" content=\"index, follow, max-snippet:-1, max-image-preview:large, max-video-preview:-1\" \/>\n<link rel=\"canonical\" href=\"https:\/\/www.sausseron-impressionnistes.fr\/index.php\/environnement\/\" \/>\n<meta property=\"og:locale\" content=\"fr_FR\" \/>\n<meta property=\"og:type\" content=\"article\" \/>\n<meta property=\"og:title\" content=\"Environnement - Communaut\u00e9 de Communes Sausseron Impressionnistes\" \/>\n<meta property=\"og:description\" content=\"TRI \u00e0 la source des bio-d\u00e9chets alimentaires dans les \u00e9coles du territoireDepuis la rentr\u00e9e scolaire 2022, la Communaut\u00e9 a initi\u00e9 dans 11 villes volontaires, le tri \u00e0 la source et la revalorisation des d\u00e9chets alimentaires issus des cantines scolaires. Nous avons choisi une entreprise locale \u00ab\u00a0VALORBIO Compost\u00a0\u00bb qui s\u2019appuie sur le savoir-faire d\u2019un ma\u00eetre-composteur sur &hellip; Continuer la lecture de &laquo;&nbsp;Environnement&nbsp;&raquo;\" \/>\n<meta property=\"og:url\" content=\"https:\/\/www.sausseron-impressionnistes.fr\/index.php\/environnement\/\" \/>\n<meta property=\"og:site_name\" content=\"Communaut\u00e9 de Communes Sausseron Impressionnistes\" \/>\n<meta property=\"article:modified_time\" content=\"2023-01-09T10:29:53+00:00\" \/>\n<meta property=\"og:image\" content=\"https:\/\/www.sausseron-impressionnistes.fr\/wp-content\/uploads\/2023\/01\/compost-6053136_1920-1024x614.jpg\" \/>\n<meta name=\"twitter:card\" content=\"summary_large_image\" \/>\n<meta name=\"twitter:label1\" content=\"Dur\u00e9e de lecture estim\u00e9e\" \/>\n\t<meta name=\"twitter:data1\" content=\"2 minutes\" \/>\n<script type=\"application\/ld+json\" class=\"yoast-schema-graph\">{\"@context\":\"https:\\\/\\\/schema.org\",\"@graph\":[{\"@type\":\"WebPage\",\"@id\":\"https:\\\/\\\/www.sausseron-impressionnistes.fr\\\/index.php\\\/environnement\\\/\",\"url\":\"https:\\\/\\\/www.sausseron-impressionnistes.fr\\\/index.php\\\/environnement\\\/\",\"name\":\"Environnement - Communaut\u00e9 de Communes Sausseron Impressionnistes\",\"isPartOf\":{\"@id\":\"https:\\\/\\\/www.sausseron-impressionnistes.fr\\\/#website\"},\"primaryImageOfPage\":{\"@id\":\"https:\\\/\\\/www.sausseron-impressionnistes.fr\\\/index.php\\\/environnement\\\/#primaryimage\"},\"image\":{\"@id\":\"https:\\\/\\\/www.sausseron-impressionnistes.fr\\\/index.php\\\/environnement\\\/#primaryimage\"},\"thumbnailUrl\":\"https:\\\/\\\/www.sausseron-impressionnistes.fr\\\/wp-content\\\/uploads\\\/2023\\\/01\\\/compost-6053136_1920-1024x614.jpg\",\"datePublished\":\"2021-02-25T14:00:33+00:00\",\"dateModified\":\"2023-01-09T10:29:53+00:00\",\"breadcrumb\":{\"@id\":\"https:\\\/\\\/www.sausseron-impressionnistes.fr\\\/index.php\\\/environnement\\\/#breadcrumb\"},\"inLanguage\":\"fr-FR\",\"potentialAction\":[{\"@type\":\"ReadAction\",\"target\":[\"https:\\\/\\\/www.sausseron-impressionnistes.fr\\\/index.php\\\/environnement\\\/\"]}]},{\"@type\":\"ImageObject\",\"inLanguage\":\"fr-FR\",\"@id\":\"https:\\\/\\\/www.sausseron-impressionnistes.fr\\\/index.php\\\/environnement\\\/#primaryimage\",\"url\":\"https:\\\/\\\/www.sausseron-impressionnistes.fr\\\/wp-content\\\/uploads\\\/2023\\\/01\\\/compost-6053136_1920.jpg\",\"contentUrl\":\"https:\\\/\\\/www.sausseron-impressionnistes.fr\\\/wp-content\\\/uploads\\\/2023\\\/01\\\/compost-6053136_1920.jpg\",\"width\":1920,\"height\":1152},{\"@type\":\"BreadcrumbList\",\"@id\":\"https:\\\/\\\/www.sausseron-impressionnistes.fr\\\/index.php\\\/environnement\\\/#breadcrumb\",\"itemListElement\":[{\"@type\":\"ListItem\",\"position\":1,\"name\":\"Accueil\",\"item\":\"https:\\\/\\\/www.sausseron-impressionnistes.fr\\\/\"},{\"@type\":\"ListItem\",\"position\":2,\"name\":\"Environnement\"}]},{\"@type\":\"WebSite\",\"@id\":\"https:\\\/\\\/www.sausseron-impressionnistes.fr\\\/#website\",\"url\":\"https:\\\/\\\/www.sausseron-impressionnistes.fr\\\/\",\"name\":\"Communaut\u00e9 de Communes Sausseron Impressionnistes\",\"description\":\"\",\"potentialAction\":[{\"@type\":\"SearchAction\",\"target\":{\"@type\":\"EntryPoint\",\"urlTemplate\":\"https:\\\/\\\/www.sausseron-impressionnistes.fr\\\/?s={search_term_string}\"},\"query-input\":{\"@type\":\"PropertyValueSpecification\",\"valueRequired\":true,\"valueName\":\"search_term_string\"}}],\"inLanguage\":\"fr-FR\"}]}<\/script>\n<!-- \/ Yoast SEO plugin. -->","yoast_head_json":{"title":"Environnement - Communaut\u00e9 de Communes Sausseron Impressionnistes","robots":{"index":"index","follow":"follow","max-snippet":"max-snippet:-1","max-image-preview":"max-image-preview:large","max-video-preview":"max-video-preview:-1"},"canonical":"https:\/\/www.sausseron-impressionnistes.fr\/index.php\/environnement\/","og_locale":"fr_FR","og_type":"article","og_title":"Environnement - Communaut\u00e9 de Communes Sausseron Impressionnistes","og_description":"TRI \u00e0 la source des bio-d\u00e9chets alimentaires dans les \u00e9coles du territoireDepuis la rentr\u00e9e scolaire 2022, la Communaut\u00e9 a initi\u00e9 dans 11 villes volontaires, le tri \u00e0 la source et la revalorisation des d\u00e9chets alimentaires issus des cantines scolaires. Nous avons choisi une entreprise locale \u00ab\u00a0VALORBIO Compost\u00a0\u00bb qui s\u2019appuie sur le savoir-faire d\u2019un ma\u00eetre-composteur sur &hellip; Continuer la lecture de &laquo;&nbsp;Environnement&nbsp;&raquo;","og_url":"https:\/\/www.sausseron-impressionnistes.fr\/index.php\/environnement\/","og_site_name":"Communaut\u00e9 de Communes Sausseron Impressionnistes","article_modified_time":"2023-01-09T10:29:53+00:00","og_image":[{"url":"https:\/\/www.sausseron-impressionnistes.fr\/wp-content\/uploads\/2023\/01\/compost-6053136_1920-1024x614.jpg","type":"","width":"","height":""}],"twitter_card":"summary_large_image","twitter_misc":{"Dur\u00e9e de lecture estim\u00e9e":"2 minutes"},"schema":{"@context":"https:\/\/schema.org","@graph":[{"@type":"WebPage","@id":"https:\/\/www.sausseron-impressionnistes.fr\/index.php\/environnement\/","url":"https:\/\/www.sausseron-impressionnistes.fr\/index.php\/environnement\/","name":"Environnement - Communaut\u00e9 de Communes Sausseron Impressionnistes","isPartOf":{"@id":"https:\/\/www.sausseron-impressionnistes.fr\/#website"},"primaryImageOfPage":{"@id":"https:\/\/www.sausseron-impressionnistes.fr\/index.php\/environnement\/#primaryimage"},"image":{"@id":"https:\/\/www.sausseron-impressionnistes.fr\/index.php\/environnement\/#primaryimage"},"thumbnailUrl":"https:\/\/www.sausseron-impressionnistes.fr\/wp-content\/uploads\/2023\/01\/compost-6053136_1920-1024x614.jpg","datePublished":"2021-02-25T14:00:33+00:00","dateModified":"2023-01-09T10:29:53+00:00","breadcrumb":{"@id":"https:\/\/www.sausseron-impressionnistes.fr\/index.php\/environnement\/#breadcrumb"},"inLanguage":"fr-FR","potentialAction":[{"@type":"ReadAction","target":["https:\/\/www.sausseron-impressionnistes.fr\/index.php\/environnement\/"]}]},{"@type":"ImageObject","inLanguage":"fr-FR","@id":"https:\/\/www.sausseron-impressionnistes.fr\/index.php\/environnement\/#primaryimage","url":"https:\/\/www.sausseron-impressionnistes.fr\/wp-content\/uploads\/2023\/01\/compost-6053136_1920.jpg","contentUrl":"https:\/\/www.sausseron-impressionnistes.fr\/wp-content\/uploads\/2023\/01\/compost-6053136_1920.jpg","width":1920,"height":1152},{"@type":"BreadcrumbList","@id":"https:\/\/www.sausseron-impressionnistes.fr\/index.php\/environnement\/#breadcrumb","itemListElement":[{"@type":"ListItem","position":1,"name":"Accueil","item":"https:\/\/www.sausseron-impressionnistes.fr\/"},{"@type":"ListItem","position":2,"name":"Environnement"}]},{"@type":"WebSite","@id":"https:\/\/www.sausseron-impressionnistes.fr\/#website","url":"https:\/\/www.sausseron-impressionnistes.fr\/","name":"Communaut\u00e9 de Communes Sausseron Impressionnistes","description":"","potentialAction":[{"@type":"SearchAction","target":{"@type":"EntryPoint","urlTemplate":"https:\/\/www.sausseron-impressionnistes.fr\/?s={search_term_string}"},"query-input":{"@type":"PropertyValueSpecification","valueRequired":true,"valueName":"search_term_string"}}],"inLanguage":"fr-FR"}]}},"_links":{"self":[{"href":"https:\/\/www.sausseron-impressionnistes.fr\/index.php\/wp-json\/wp\/v2\/pages\/63","targetHints":{"allow":["GET"]}}],"collection":[{"href":"https:\/\/www.sausseron-impressionnistes.fr\/index.php\/wp-json\/wp\/v2\/pages"}],"about":[{"href":"https:\/\/www.sausseron-impressionnistes.fr\/index.php\/wp-json\/wp\/v2\/types\/page"}],"author":[{"embeddable":true,"href":"https:\/\/www.sausseron-impressionnistes.fr\/index.php\/wp-json\/wp\/v2\/users\/1"}],"replies":[{"embeddable":true,"href":"https:\/\/www.sausseron-impressionnistes.fr\/index.php\/wp-json\/wp\/v2\/comments?post=63"}],"version-history":[{"count":3,"href":"https:\/\/www.sausseron-impressionnistes.fr\/index.php\/wp-json\/wp\/v2\/pages\/63\/revisions"}],"predecessor-version":[{"id":2086,"href":"https:\/\/www.sausseron-impressionnistes.fr\/index.php\/wp-json\/wp\/v2\/pages\/63\/revisions\/2086"}],"wp:attachment":[{"href":"https:\/\/www.sausseron-impressionnistes.fr\/index.php\/wp-json\/wp\/v2\/media?parent=63"}],"curies":[{"name":"wp","href":"https:\/\/api.w.org\/{rel}","templated":true}]}}