{"id":62,"date":"2021-02-25T15:00:32","date_gmt":"2021-02-25T14:00:32","guid":{"rendered":"http:\/\/www.sausseron-impressionnistes.fr\/?page_id=62"},"modified":"2021-03-04T11:09:37","modified_gmt":"2021-03-04T10:09:37","slug":"gestion-des-aires-daccueil-des-gens-du-voyage","status":"publish","type":"page","link":"https:\/\/www.sausseron-impressionnistes.fr\/index.php\/gestion-des-aires-daccueil-des-gens-du-voyage\/","title":{"rendered":"Gestion des milieux aquatiques et pr\u00e9vention des inondations"},"content":{"rendered":"\n<div class=\"wp-block-image is-style-rounded\"><figure class=\"aligncenter size-large is-resized\"><img decoding=\"async\" src=\"https:\/\/www.sausseron-impressionnistes.fr\/wp-content\/uploads\/2021\/03\/Sur-les-pas-des-Impressionnistes-1-1024x768.jpg\" alt=\"\" class=\"wp-image-343\" width=\"410\" height=\"307\" srcset=\"https:\/\/www.sausseron-impressionnistes.fr\/wp-content\/uploads\/2021\/03\/Sur-les-pas-des-Impressionnistes-1-1024x768.jpg 1024w, https:\/\/www.sausseron-impressionnistes.fr\/wp-content\/uploads\/2021\/03\/Sur-les-pas-des-Impressionnistes-1-300x225.jpg 300w, https:\/\/www.sausseron-impressionnistes.fr\/wp-content\/uploads\/2021\/03\/Sur-les-pas-des-Impressionnistes-1-768x576.jpg 768w, https:\/\/www.sausseron-impressionnistes.fr\/wp-content\/uploads\/2021\/03\/Sur-les-pas-des-Impressionnistes-1-1536x1152.jpg 1536w, https:\/\/www.sausseron-impressionnistes.fr\/wp-content\/uploads\/2021\/03\/Sur-les-pas-des-Impressionnistes-1-2048x1536.jpg 2048w\" sizes=\"(max-width: 410px) 100vw, 410px\" \/><\/figure><\/div>\n\n\n\n<p><strong><span class=\"has-inline-color has-vivid-cyan-blue-color\">Un \u00ab contrat de bassin du Sausseron \u00bb est sign\u00e9 entre la R\u00e9gion, le D\u00e9partement et l\u2019Agence de l\u2019Eau, les objectifs sont :<\/span><\/strong><\/p>\n\n\n\n<p>\u2022 La pr\u00e9servation de la qualit\u00e9 de la ressource en eau<\/p>\n\n\n\n<p>\u2022 La ma\u00eetrise du ruissellement et la gestion des inondations<\/p>\n\n\n\n<p>\u2022 La connaissance, la protection, l\u2019am\u00e9nagement et l\u2019entretien des rivi\u00e8res et des zones humides<\/p>\n\n\n\n<p>\u2022 La production d\u2019eau potable<\/p>\n\n\n\n<p>\u2022 Le traitement des eaux us\u00e9es<\/p>\n\n\n\n<p>De fa\u00e7on coordonn\u00e9e avec ce programme, la Communaut\u00e9 de Communes avec l\u2019aide du PNR a r\u00e9alis\u00e9 une \u00e9tude des espaces humides du fond de la Vall\u00e9e du Sausseron dans le but de proposer des modes de pr\u00e9servation de la biodiversit\u00e9 de nos marais, \u00e9tangs et autres espaces humides qui constituent une incontestable richesse patrimoniale.<\/p>\n\n\n\n<p><strong><span class=\"has-inline-color has-vivid-cyan-blue-color\">Le transfert des comp\u00e9tences \u00ab eau \u00bb et \u00ab assainissement \u00bb de notre Communaut\u00e9 de Communes est report\u00e9 au 1er janvier 2026.<\/span><\/strong><\/p>\n\n\n\n<p><strong><span class=\"has-inline-color has-vivid-cyan-blue-color\">Notre Communaut\u00e9 a d\u00e9j\u00e0 d\u00e9l\u00e9gu\u00e9 la comp\u00e9tence GEMAPI (Gestion des Milieux Aquatiques-Pr\u00e9vention des Inondations, Ma\u00eetrise des eaux de ruissellement) \u00e0 diff\u00e9rents syndicats.<\/span><\/strong><\/p>\n","protected":false},"excerpt":{"rendered":"<p>Un \u00ab contrat de bassin du Sausseron \u00bb est sign\u00e9 entre la R\u00e9gion, le D\u00e9partement et l\u2019Agence de l\u2019Eau, les objectifs sont : \u2022 La pr\u00e9servation de la qualit\u00e9 de la ressource en eau \u2022 La ma\u00eetrise du ruissellement et la gestion des inondations \u2022 La connaissance, la protection, l\u2019am\u00e9nagement et l\u2019entretien des rivi\u00e8res et &hellip; <\/p>\n<p class=\"link-more\"><a href=\"https:\/\/www.sausseron-impressionnistes.fr\/index.php\/gestion-des-aires-daccueil-des-gens-du-voyage\/\" class=\"more-link\">Continuer la lecture<span class=\"screen-reader-text\"> de &laquo;&nbsp;Gestion des milieux aquatiques et pr\u00e9vention des inondations&nbsp;&raquo;<\/span><\/a><\/p>\n","protected":false},"author":1,"featured_media":0,"parent":0,"menu_order":0,"comment_status":"closed","ping_status":"closed","template":"","meta":{"footnotes":""},"class_list":["post-62","page","type-page","status-publish","hentry"],"yoast_head":"<!-- This site is optimized with the Yoast SEO plugin v27.3 - https:\/\/yoast.com\/product\/yoast-seo-wordpress\/ -->\n<title>Gestion des milieux aquatiques et pr\u00e9vention des inondations - Communaut\u00e9 de Communes Sausseron Impressionnistes<\/title>\n<meta name=\"robots\" content=\"index, follow, max-snippet:-1, max-image-preview:large, max-video-preview:-1\" \/>\n<link rel=\"canonical\" href=\"https:\/\/www.sausseron-impressionnistes.fr\/index.php\/gestion-des-aires-daccueil-des-gens-du-voyage\/\" \/>\n<meta property=\"og:locale\" content=\"fr_FR\" \/>\n<meta property=\"og:type\" content=\"article\" \/>\n<meta property=\"og:title\" content=\"Gestion des milieux aquatiques et pr\u00e9vention des inondations - Communaut\u00e9 de Communes Sausseron Impressionnistes\" \/>\n<meta property=\"og:description\" content=\"Un \u00ab contrat de bassin du Sausseron \u00bb est sign\u00e9 entre la R\u00e9gion, le D\u00e9partement et l\u2019Agence de l\u2019Eau, les objectifs sont : \u2022 La pr\u00e9servation de la qualit\u00e9 de la ressource en eau \u2022 La ma\u00eetrise du ruissellement et la gestion des inondations \u2022 La connaissance, la protection, l\u2019am\u00e9nagement et l\u2019entretien des rivi\u00e8res et &hellip; Continuer la lecture de &laquo;&nbsp;Gestion des milieux aquatiques et pr\u00e9vention des inondations&nbsp;&raquo;\" \/>\n<meta property=\"og:url\" content=\"https:\/\/www.sausseron-impressionnistes.fr\/index.php\/gestion-des-aires-daccueil-des-gens-du-voyage\/\" \/>\n<meta property=\"og:site_name\" content=\"Communaut\u00e9 de Communes Sausseron Impressionnistes\" \/>\n<meta property=\"article:modified_time\" content=\"2021-03-04T10:09:37+00:00\" \/>\n<meta property=\"og:image\" content=\"http:\/\/www.sausseron-impressionnistes.fr\/wp-content\/uploads\/2021\/03\/Sur-les-pas-des-Impressionnistes-1-1024x768.jpg\" \/>\n<meta name=\"twitter:card\" content=\"summary_large_image\" \/>\n<meta name=\"twitter:label1\" content=\"Dur\u00e9e de lecture estim\u00e9e\" \/>\n\t<meta name=\"twitter:data1\" content=\"1 minute\" \/>\n<script type=\"application\/ld+json\" class=\"yoast-schema-graph\">{\"@context\":\"https:\\\/\\\/schema.org\",\"@graph\":[{\"@type\":\"WebPage\",\"@id\":\"https:\\\/\\\/www.sausseron-impressionnistes.fr\\\/index.php\\\/gestion-des-aires-daccueil-des-gens-du-voyage\\\/\",\"url\":\"https:\\\/\\\/www.sausseron-impressionnistes.fr\\\/index.php\\\/gestion-des-aires-daccueil-des-gens-du-voyage\\\/\",\"name\":\"Gestion des milieux aquatiques et pr\u00e9vention des inondations - Communaut\u00e9 de Communes Sausseron Impressionnistes\",\"isPartOf\":{\"@id\":\"https:\\\/\\\/www.sausseron-impressionnistes.fr\\\/#website\"},\"primaryImageOfPage\":{\"@id\":\"https:\\\/\\\/www.sausseron-impressionnistes.fr\\\/index.php\\\/gestion-des-aires-daccueil-des-gens-du-voyage\\\/#primaryimage\"},\"image\":{\"@id\":\"https:\\\/\\\/www.sausseron-impressionnistes.fr\\\/index.php\\\/gestion-des-aires-daccueil-des-gens-du-voyage\\\/#primaryimage\"},\"thumbnailUrl\":\"http:\\\/\\\/www.sausseron-impressionnistes.fr\\\/wp-content\\\/uploads\\\/2021\\\/03\\\/Sur-les-pas-des-Impressionnistes-1-1024x768.jpg\",\"datePublished\":\"2021-02-25T14:00:32+00:00\",\"dateModified\":\"2021-03-04T10:09:37+00:00\",\"breadcrumb\":{\"@id\":\"https:\\\/\\\/www.sausseron-impressionnistes.fr\\\/index.php\\\/gestion-des-aires-daccueil-des-gens-du-voyage\\\/#breadcrumb\"},\"inLanguage\":\"fr-FR\",\"potentialAction\":[{\"@type\":\"ReadAction\",\"target\":[\"https:\\\/\\\/www.sausseron-impressionnistes.fr\\\/index.php\\\/gestion-des-aires-daccueil-des-gens-du-voyage\\\/\"]}]},{\"@type\":\"ImageObject\",\"inLanguage\":\"fr-FR\",\"@id\":\"https:\\\/\\\/www.sausseron-impressionnistes.fr\\\/index.php\\\/gestion-des-aires-daccueil-des-gens-du-voyage\\\/#primaryimage\",\"url\":\"http:\\\/\\\/www.sausseron-impressionnistes.fr\\\/wp-content\\\/uploads\\\/2021\\\/03\\\/Sur-les-pas-des-Impressionnistes-1-1024x768.jpg\",\"contentUrl\":\"http:\\\/\\\/www.sausseron-impressionnistes.fr\\\/wp-content\\\/uploads\\\/2021\\\/03\\\/Sur-les-pas-des-Impressionnistes-1-1024x768.jpg\"},{\"@type\":\"BreadcrumbList\",\"@id\":\"https:\\\/\\\/www.sausseron-impressionnistes.fr\\\/index.php\\\/gestion-des-aires-daccueil-des-gens-du-voyage\\\/#breadcrumb\",\"itemListElement\":[{\"@type\":\"ListItem\",\"position\":1,\"name\":\"Accueil\",\"item\":\"https:\\\/\\\/www.sausseron-impressionnistes.fr\\\/\"},{\"@type\":\"ListItem\",\"position\":2,\"name\":\"Gestion des milieux aquatiques et pr\u00e9vention des inondations\"}]},{\"@type\":\"WebSite\",\"@id\":\"https:\\\/\\\/www.sausseron-impressionnistes.fr\\\/#website\",\"url\":\"https:\\\/\\\/www.sausseron-impressionnistes.fr\\\/\",\"name\":\"Communaut\u00e9 de Communes Sausseron Impressionnistes\",\"description\":\"\",\"potentialAction\":[{\"@type\":\"SearchAction\",\"target\":{\"@type\":\"EntryPoint\",\"urlTemplate\":\"https:\\\/\\\/www.sausseron-impressionnistes.fr\\\/?s={search_term_string}\"},\"query-input\":{\"@type\":\"PropertyValueSpecification\",\"valueRequired\":true,\"valueName\":\"search_term_string\"}}],\"inLanguage\":\"fr-FR\"}]}<\/script>\n<!-- \/ Yoast SEO plugin. -->","yoast_head_json":{"title":"Gestion des milieux aquatiques et pr\u00e9vention des inondations - Communaut\u00e9 de Communes Sausseron Impressionnistes","robots":{"index":"index","follow":"follow","max-snippet":"max-snippet:-1","max-image-preview":"max-image-preview:large","max-video-preview":"max-video-preview:-1"},"canonical":"https:\/\/www.sausseron-impressionnistes.fr\/index.php\/gestion-des-aires-daccueil-des-gens-du-voyage\/","og_locale":"fr_FR","og_type":"article","og_title":"Gestion des milieux aquatiques et pr\u00e9vention des inondations - Communaut\u00e9 de Communes Sausseron Impressionnistes","og_description":"Un \u00ab contrat de bassin du Sausseron \u00bb est sign\u00e9 entre la R\u00e9gion, le D\u00e9partement et l\u2019Agence de l\u2019Eau, les objectifs sont : \u2022 La pr\u00e9servation de la qualit\u00e9 de la ressource en eau \u2022 La ma\u00eetrise du ruissellement et la gestion des inondations \u2022 La connaissance, la protection, l\u2019am\u00e9nagement et l\u2019entretien des rivi\u00e8res et &hellip; Continuer la lecture de &laquo;&nbsp;Gestion des milieux aquatiques et pr\u00e9vention des inondations&nbsp;&raquo;","og_url":"https:\/\/www.sausseron-impressionnistes.fr\/index.php\/gestion-des-aires-daccueil-des-gens-du-voyage\/","og_site_name":"Communaut\u00e9 de Communes Sausseron Impressionnistes","article_modified_time":"2021-03-04T10:09:37+00:00","og_image":[{"url":"http:\/\/www.sausseron-impressionnistes.fr\/wp-content\/uploads\/2021\/03\/Sur-les-pas-des-Impressionnistes-1-1024x768.jpg","type":"","width":"","height":""}],"twitter_card":"summary_large_image","twitter_misc":{"Dur\u00e9e de lecture estim\u00e9e":"1 minute"},"schema":{"@context":"https:\/\/schema.org","@graph":[{"@type":"WebPage","@id":"https:\/\/www.sausseron-impressionnistes.fr\/index.php\/gestion-des-aires-daccueil-des-gens-du-voyage\/","url":"https:\/\/www.sausseron-impressionnistes.fr\/index.php\/gestion-des-aires-daccueil-des-gens-du-voyage\/","name":"Gestion des milieux aquatiques et pr\u00e9vention des inondations - Communaut\u00e9 de Communes Sausseron Impressionnistes","isPartOf":{"@id":"https:\/\/www.sausseron-impressionnistes.fr\/#website"},"primaryImageOfPage":{"@id":"https:\/\/www.sausseron-impressionnistes.fr\/index.php\/gestion-des-aires-daccueil-des-gens-du-voyage\/#primaryimage"},"image":{"@id":"https:\/\/www.sausseron-impressionnistes.fr\/index.php\/gestion-des-aires-daccueil-des-gens-du-voyage\/#primaryimage"},"thumbnailUrl":"http:\/\/www.sausseron-impressionnistes.fr\/wp-content\/uploads\/2021\/03\/Sur-les-pas-des-Impressionnistes-1-1024x768.jpg","datePublished":"2021-02-25T14:00:32+00:00","dateModified":"2021-03-04T10:09:37+00:00","breadcrumb":{"@id":"https:\/\/www.sausseron-impressionnistes.fr\/index.php\/gestion-des-aires-daccueil-des-gens-du-voyage\/#breadcrumb"},"inLanguage":"fr-FR","potentialAction":[{"@type":"ReadAction","target":["https:\/\/www.sausseron-impressionnistes.fr\/index.php\/gestion-des-aires-daccueil-des-gens-du-voyage\/"]}]},{"@type":"ImageObject","inLanguage":"fr-FR","@id":"https:\/\/www.sausseron-impressionnistes.fr\/index.php\/gestion-des-aires-daccueil-des-gens-du-voyage\/#primaryimage","url":"http:\/\/www.sausseron-impressionnistes.fr\/wp-content\/uploads\/2021\/03\/Sur-les-pas-des-Impressionnistes-1-1024x768.jpg","contentUrl":"http:\/\/www.sausseron-impressionnistes.fr\/wp-content\/uploads\/2021\/03\/Sur-les-pas-des-Impressionnistes-1-1024x768.jpg"},{"@type":"BreadcrumbList","@id":"https:\/\/www.sausseron-impressionnistes.fr\/index.php\/gestion-des-aires-daccueil-des-gens-du-voyage\/#breadcrumb","itemListElement":[{"@type":"ListItem","position":1,"name":"Accueil","item":"https:\/\/www.sausseron-impressionnistes.fr\/"},{"@type":"ListItem","position":2,"name":"Gestion des milieux aquatiques et pr\u00e9vention des inondations"}]},{"@type":"WebSite","@id":"https:\/\/www.sausseron-impressionnistes.fr\/#website","url":"https:\/\/www.sausseron-impressionnistes.fr\/","name":"Communaut\u00e9 de Communes Sausseron Impressionnistes","description":"","potentialAction":[{"@type":"SearchAction","target":{"@type":"EntryPoint","urlTemplate":"https:\/\/www.sausseron-impressionnistes.fr\/?s={search_term_string}"},"query-input":{"@type":"PropertyValueSpecification","valueRequired":true,"valueName":"search_term_string"}}],"inLanguage":"fr-FR"}]}},"_links":{"self":[{"href":"https:\/\/www.sausseron-impressionnistes.fr\/index.php\/wp-json\/wp\/v2\/pages\/62","targetHints":{"allow":["GET"]}}],"collection":[{"href":"https:\/\/www.sausseron-impressionnistes.fr\/index.php\/wp-json\/wp\/v2\/pages"}],"about":[{"href":"https:\/\/www.sausseron-impressionnistes.fr\/index.php\/wp-json\/wp\/v2\/types\/page"}],"author":[{"embeddable":true,"href":"https:\/\/www.sausseron-impressionnistes.fr\/index.php\/wp-json\/wp\/v2\/users\/1"}],"replies":[{"embeddable":true,"href":"https:\/\/www.sausseron-impressionnistes.fr\/index.php\/wp-json\/wp\/v2\/comments?post=62"}],"version-history":[{"count":4,"href":"https:\/\/www.sausseron-impressionnistes.fr\/index.php\/wp-json\/wp\/v2\/pages\/62\/revisions"}],"predecessor-version":[{"id":519,"href":"https:\/\/www.sausseron-impressionnistes.fr\/index.php\/wp-json\/wp\/v2\/pages\/62\/revisions\/519"}],"wp:attachment":[{"href":"https:\/\/www.sausseron-impressionnistes.fr\/index.php\/wp-json\/wp\/v2\/media?parent=62"}],"curies":[{"name":"wp","href":"https:\/\/api.w.org\/{rel}","templated":true}]}}