{"id":60,"date":"2021-02-25T15:00:32","date_gmt":"2021-02-25T14:00:32","guid":{"rendered":"http:\/\/www.sausseron-impressionnistes.fr\/?page_id=60"},"modified":"2021-03-02T16:13:23","modified_gmt":"2021-03-02T15:13:23","slug":"amenagement-de-lespace","status":"publish","type":"page","link":"https:\/\/www.sausseron-impressionnistes.fr\/index.php\/amenagement-de-lespace\/","title":{"rendered":"Les espaces naturels sensibles"},"content":{"rendered":"\n<div class=\"wp-block-image is-style-rounded\"><figure class=\"alignright size-large is-resized\"><img decoding=\"async\" src=\"https:\/\/www.sausseron-impressionnistes.fr\/wp-content\/uploads\/2021\/03\/IMG_E8783-1024x957.jpg\" alt=\"\" class=\"wp-image-490\" width=\"407\" height=\"379\" srcset=\"https:\/\/www.sausseron-impressionnistes.fr\/wp-content\/uploads\/2021\/03\/IMG_E8783-1024x957.jpg 1024w, https:\/\/www.sausseron-impressionnistes.fr\/wp-content\/uploads\/2021\/03\/IMG_E8783-300x280.jpg 300w, https:\/\/www.sausseron-impressionnistes.fr\/wp-content\/uploads\/2021\/03\/IMG_E8783-1536x1435.jpg 1536w, https:\/\/www.sausseron-impressionnistes.fr\/wp-content\/uploads\/2021\/03\/IMG_E8783-2048x1913.jpg 2048w\" sizes=\"(max-width: 407px) 100vw, 407px\" \/><\/figure><\/div>\n\n\n\n<p>Cr\u00e9\u00e9s par les D\u00e9partements, les Espaces Naturels Sensibles (ENS) visent \u00e0 pr\u00e9server la qualit\u00e9 des sites, des paysages, des milieux et habitat naturels et les champs naturels d\u2019expansion des crues.<\/p>\n\n\n\n<p><strong><span class=\"has-inline-color has-vivid-green-cyan-color\">Marais du Rabuais<\/span><\/strong><\/p>\n\n\n\n<p>Le marais est situ\u00e9 sur les communes d\u2019Arronville, Berville (Val d\u2019Oise) et Amblainville (Oise) en amont de la vall\u00e9e du Sausseron, il est aliment\u00e9 par des r\u00e9surgences et des \u00e9coulements qui ont favoris\u00e9 le d\u00e9veloppement d\u2019une tourbi\u00e8re. Cette zone humide concentre plus de 200 esp\u00e8ces v\u00e9g\u00e9tales et abrite \u00e9galement des libellules (Cordul\u00e9gastre annel\u00e9, Orthetrum brun), des oiseaux rares comme la Rousserolle verderolle et de nombreux batraciens. Elle \u00e9tait d\u2019ailleurs autrefois connue pour ses bassins d\u2019\u00e9levage de sangsues m\u00e9dicinales.<\/p>\n\n\n\n<p><strong><span class=\"has-inline-color has-vivid-green-cyan-color\">La carri\u00e8re aux coquillages &#8211; Site g\u00e9ologique de l\u2019Auversien<\/span><\/strong><\/p>\n\n\n\n<p>Situ\u00e9e dans une ravine bois\u00e9e sur la commune d\u2019Auvers-sur-Oise, cette ancienne carri\u00e8re de sable dite \u00abcarri\u00e8re aux coquillages\u00bb t\u00e9moigne de la richesse g\u00e9ologique du Vexin. L\u2019Auversien est en effet le nom d\u2019un \u00e9tage g\u00e9ologique reconnu et dat\u00e9 de \u2013 40 millions d\u2019ann\u00e9es lorsque le Vexin \u00e9tait recouvert par la mer. La carri\u00e8re abrite une grande richesse fossilif\u00e8re tr\u00e8s convoit\u00e9e et pr\u00e9sente un stratotype d\u2019int\u00e9r\u00eat national (la strate g\u00e9ologique de l\u2019Auversien du bassin de Paris ou sables d\u2019Auvers). Le site d\u2019Auvers-sur-Oise pr\u00e9sente un ensemble de roches de milieu marin peu profond et de bord de mer qui montrent le retour de la mer post\u00e9rieurement \u00e0 l\u2019\u00e9mersion du Bassin de Paris \u00e0 la fin du Lut\u00e9tien.<\/p>\n\n\n\n<p><strong><span class=\"has-inline-color has-vivid-green-cyan-color\">La Tour du Lay<\/span><\/strong><\/p>\n\n\n\n<p>Cette for\u00eat D\u00e9partementale s\u2019\u00e9tend sur 135 hectares sur les communes de Parrain, Champagne-sur-Oise, Ronquerolles, H\u00e9douville et Nesles-la-Vall\u00e9e. Ch\u00e2taigniers, charmes et ch\u00eanes sont les essences principales rencontr\u00e9es. Le site pr\u00e9sente une richesse floristique importante avec plus de 160 esp\u00e8ces v\u00e9g\u00e9tales recens\u00e9es dont 18 esp\u00e8ces d\u2019orchid\u00e9es, notamment sur les pelouses calcicoles. Au coeur de cette for\u00eat autrefois domaine de chasse aux chevreuils et aux sangliers, un polissoir datant du N\u00e9olithique final est class\u00e9 Monument Historique depuis 1976. Il servait autrefois \u00e0 l\u2019affutage des outils. Parmi les oiseaux forestiers, on peut y croiser le Pic Mar et le Loriot d\u2019Europe.<\/p>\n","protected":false},"excerpt":{"rendered":"<p>Cr\u00e9\u00e9s par les D\u00e9partements, les Espaces Naturels Sensibles (ENS) visent \u00e0 pr\u00e9server la qualit\u00e9 des sites, des paysages, des milieux et habitat naturels et les champs naturels d\u2019expansion des crues. Marais du Rabuais Le marais est situ\u00e9 sur les communes d\u2019Arronville, Berville (Val d\u2019Oise) et Amblainville (Oise) en amont de la vall\u00e9e du Sausseron, il &hellip; <\/p>\n<p class=\"link-more\"><a href=\"https:\/\/www.sausseron-impressionnistes.fr\/index.php\/amenagement-de-lespace\/\" class=\"more-link\">Continuer la lecture<span class=\"screen-reader-text\"> de &laquo;&nbsp;Les espaces naturels sensibles&nbsp;&raquo;<\/span><\/a><\/p>\n","protected":false},"author":1,"featured_media":0,"parent":0,"menu_order":0,"comment_status":"closed","ping_status":"closed","template":"","meta":{"footnotes":""},"class_list":["post-60","page","type-page","status-publish","hentry"],"yoast_head":"<!-- This site is optimized with the Yoast SEO plugin v27.4 - https:\/\/yoast.com\/product\/yoast-seo-wordpress\/ -->\n<title>Les espaces naturels sensibles - Communaut\u00e9 de Communes Sausseron Impressionnistes<\/title>\n<meta name=\"robots\" content=\"index, follow, max-snippet:-1, max-image-preview:large, max-video-preview:-1\" \/>\n<link rel=\"canonical\" href=\"https:\/\/www.sausseron-impressionnistes.fr\/index.php\/amenagement-de-lespace\/\" \/>\n<meta property=\"og:locale\" content=\"fr_FR\" \/>\n<meta property=\"og:type\" content=\"article\" \/>\n<meta property=\"og:title\" content=\"Les espaces naturels sensibles - Communaut\u00e9 de Communes Sausseron Impressionnistes\" \/>\n<meta property=\"og:description\" content=\"Cr\u00e9\u00e9s par les D\u00e9partements, les Espaces Naturels Sensibles (ENS) visent \u00e0 pr\u00e9server la qualit\u00e9 des sites, des paysages, des milieux et habitat naturels et les champs naturels d\u2019expansion des crues. Marais du Rabuais Le marais est situ\u00e9 sur les communes d\u2019Arronville, Berville (Val d\u2019Oise) et Amblainville (Oise) en amont de la vall\u00e9e du Sausseron, il &hellip; Continuer la lecture de &laquo;&nbsp;Les espaces naturels sensibles&nbsp;&raquo;\" \/>\n<meta property=\"og:url\" content=\"https:\/\/www.sausseron-impressionnistes.fr\/index.php\/amenagement-de-lespace\/\" \/>\n<meta property=\"og:site_name\" content=\"Communaut\u00e9 de Communes Sausseron Impressionnistes\" \/>\n<meta property=\"article:modified_time\" content=\"2021-03-02T15:13:23+00:00\" \/>\n<meta property=\"og:image\" content=\"http:\/\/www.sausseron-impressionnistes.fr\/wp-content\/uploads\/2021\/03\/IMG_E8783-1024x957.jpg\" \/>\n<meta name=\"twitter:card\" content=\"summary_large_image\" \/>\n<meta name=\"twitter:label1\" content=\"Dur\u00e9e de lecture estim\u00e9e\" \/>\n\t<meta name=\"twitter:data1\" content=\"2 minutes\" \/>\n<script type=\"application\/ld+json\" class=\"yoast-schema-graph\">{\"@context\":\"https:\\\/\\\/schema.org\",\"@graph\":[{\"@type\":\"WebPage\",\"@id\":\"https:\\\/\\\/www.sausseron-impressionnistes.fr\\\/index.php\\\/amenagement-de-lespace\\\/\",\"url\":\"https:\\\/\\\/www.sausseron-impressionnistes.fr\\\/index.php\\\/amenagement-de-lespace\\\/\",\"name\":\"Les espaces naturels sensibles - Communaut\u00e9 de Communes Sausseron Impressionnistes\",\"isPartOf\":{\"@id\":\"https:\\\/\\\/www.sausseron-impressionnistes.fr\\\/#website\"},\"primaryImageOfPage\":{\"@id\":\"https:\\\/\\\/www.sausseron-impressionnistes.fr\\\/index.php\\\/amenagement-de-lespace\\\/#primaryimage\"},\"image\":{\"@id\":\"https:\\\/\\\/www.sausseron-impressionnistes.fr\\\/index.php\\\/amenagement-de-lespace\\\/#primaryimage\"},\"thumbnailUrl\":\"http:\\\/\\\/www.sausseron-impressionnistes.fr\\\/wp-content\\\/uploads\\\/2021\\\/03\\\/IMG_E8783-1024x957.jpg\",\"datePublished\":\"2021-02-25T14:00:32+00:00\",\"dateModified\":\"2021-03-02T15:13:23+00:00\",\"breadcrumb\":{\"@id\":\"https:\\\/\\\/www.sausseron-impressionnistes.fr\\\/index.php\\\/amenagement-de-lespace\\\/#breadcrumb\"},\"inLanguage\":\"fr-FR\",\"potentialAction\":[{\"@type\":\"ReadAction\",\"target\":[\"https:\\\/\\\/www.sausseron-impressionnistes.fr\\\/index.php\\\/amenagement-de-lespace\\\/\"]}]},{\"@type\":\"ImageObject\",\"inLanguage\":\"fr-FR\",\"@id\":\"https:\\\/\\\/www.sausseron-impressionnistes.fr\\\/index.php\\\/amenagement-de-lespace\\\/#primaryimage\",\"url\":\"http:\\\/\\\/www.sausseron-impressionnistes.fr\\\/wp-content\\\/uploads\\\/2021\\\/03\\\/IMG_E8783-1024x957.jpg\",\"contentUrl\":\"http:\\\/\\\/www.sausseron-impressionnistes.fr\\\/wp-content\\\/uploads\\\/2021\\\/03\\\/IMG_E8783-1024x957.jpg\"},{\"@type\":\"BreadcrumbList\",\"@id\":\"https:\\\/\\\/www.sausseron-impressionnistes.fr\\\/index.php\\\/amenagement-de-lespace\\\/#breadcrumb\",\"itemListElement\":[{\"@type\":\"ListItem\",\"position\":1,\"name\":\"Accueil\",\"item\":\"https:\\\/\\\/www.sausseron-impressionnistes.fr\\\/\"},{\"@type\":\"ListItem\",\"position\":2,\"name\":\"Les espaces naturels sensibles\"}]},{\"@type\":\"WebSite\",\"@id\":\"https:\\\/\\\/www.sausseron-impressionnistes.fr\\\/#website\",\"url\":\"https:\\\/\\\/www.sausseron-impressionnistes.fr\\\/\",\"name\":\"Communaut\u00e9 de Communes Sausseron Impressionnistes\",\"description\":\"\",\"potentialAction\":[{\"@type\":\"SearchAction\",\"target\":{\"@type\":\"EntryPoint\",\"urlTemplate\":\"https:\\\/\\\/www.sausseron-impressionnistes.fr\\\/?s={search_term_string}\"},\"query-input\":{\"@type\":\"PropertyValueSpecification\",\"valueRequired\":true,\"valueName\":\"search_term_string\"}}],\"inLanguage\":\"fr-FR\"}]}<\/script>\n<!-- \/ Yoast SEO plugin. -->","yoast_head_json":{"title":"Les espaces naturels sensibles - Communaut\u00e9 de Communes Sausseron Impressionnistes","robots":{"index":"index","follow":"follow","max-snippet":"max-snippet:-1","max-image-preview":"max-image-preview:large","max-video-preview":"max-video-preview:-1"},"canonical":"https:\/\/www.sausseron-impressionnistes.fr\/index.php\/amenagement-de-lespace\/","og_locale":"fr_FR","og_type":"article","og_title":"Les espaces naturels sensibles - Communaut\u00e9 de Communes Sausseron Impressionnistes","og_description":"Cr\u00e9\u00e9s par les D\u00e9partements, les Espaces Naturels Sensibles (ENS) visent \u00e0 pr\u00e9server la qualit\u00e9 des sites, des paysages, des milieux et habitat naturels et les champs naturels d\u2019expansion des crues. Marais du Rabuais Le marais est situ\u00e9 sur les communes d\u2019Arronville, Berville (Val d\u2019Oise) et Amblainville (Oise) en amont de la vall\u00e9e du Sausseron, il &hellip; Continuer la lecture de &laquo;&nbsp;Les espaces naturels sensibles&nbsp;&raquo;","og_url":"https:\/\/www.sausseron-impressionnistes.fr\/index.php\/amenagement-de-lespace\/","og_site_name":"Communaut\u00e9 de Communes Sausseron Impressionnistes","article_modified_time":"2021-03-02T15:13:23+00:00","og_image":[{"url":"http:\/\/www.sausseron-impressionnistes.fr\/wp-content\/uploads\/2021\/03\/IMG_E8783-1024x957.jpg","type":"","width":"","height":""}],"twitter_card":"summary_large_image","twitter_misc":{"Dur\u00e9e de lecture estim\u00e9e":"2 minutes"},"schema":{"@context":"https:\/\/schema.org","@graph":[{"@type":"WebPage","@id":"https:\/\/www.sausseron-impressionnistes.fr\/index.php\/amenagement-de-lespace\/","url":"https:\/\/www.sausseron-impressionnistes.fr\/index.php\/amenagement-de-lespace\/","name":"Les espaces naturels sensibles - Communaut\u00e9 de Communes Sausseron Impressionnistes","isPartOf":{"@id":"https:\/\/www.sausseron-impressionnistes.fr\/#website"},"primaryImageOfPage":{"@id":"https:\/\/www.sausseron-impressionnistes.fr\/index.php\/amenagement-de-lespace\/#primaryimage"},"image":{"@id":"https:\/\/www.sausseron-impressionnistes.fr\/index.php\/amenagement-de-lespace\/#primaryimage"},"thumbnailUrl":"http:\/\/www.sausseron-impressionnistes.fr\/wp-content\/uploads\/2021\/03\/IMG_E8783-1024x957.jpg","datePublished":"2021-02-25T14:00:32+00:00","dateModified":"2021-03-02T15:13:23+00:00","breadcrumb":{"@id":"https:\/\/www.sausseron-impressionnistes.fr\/index.php\/amenagement-de-lespace\/#breadcrumb"},"inLanguage":"fr-FR","potentialAction":[{"@type":"ReadAction","target":["https:\/\/www.sausseron-impressionnistes.fr\/index.php\/amenagement-de-lespace\/"]}]},{"@type":"ImageObject","inLanguage":"fr-FR","@id":"https:\/\/www.sausseron-impressionnistes.fr\/index.php\/amenagement-de-lespace\/#primaryimage","url":"http:\/\/www.sausseron-impressionnistes.fr\/wp-content\/uploads\/2021\/03\/IMG_E8783-1024x957.jpg","contentUrl":"http:\/\/www.sausseron-impressionnistes.fr\/wp-content\/uploads\/2021\/03\/IMG_E8783-1024x957.jpg"},{"@type":"BreadcrumbList","@id":"https:\/\/www.sausseron-impressionnistes.fr\/index.php\/amenagement-de-lespace\/#breadcrumb","itemListElement":[{"@type":"ListItem","position":1,"name":"Accueil","item":"https:\/\/www.sausseron-impressionnistes.fr\/"},{"@type":"ListItem","position":2,"name":"Les espaces naturels sensibles"}]},{"@type":"WebSite","@id":"https:\/\/www.sausseron-impressionnistes.fr\/#website","url":"https:\/\/www.sausseron-impressionnistes.fr\/","name":"Communaut\u00e9 de Communes Sausseron Impressionnistes","description":"","potentialAction":[{"@type":"SearchAction","target":{"@type":"EntryPoint","urlTemplate":"https:\/\/www.sausseron-impressionnistes.fr\/?s={search_term_string}"},"query-input":{"@type":"PropertyValueSpecification","valueRequired":true,"valueName":"search_term_string"}}],"inLanguage":"fr-FR"}]}},"_links":{"self":[{"href":"https:\/\/www.sausseron-impressionnistes.fr\/index.php\/wp-json\/wp\/v2\/pages\/60","targetHints":{"allow":["GET"]}}],"collection":[{"href":"https:\/\/www.sausseron-impressionnistes.fr\/index.php\/wp-json\/wp\/v2\/pages"}],"about":[{"href":"https:\/\/www.sausseron-impressionnistes.fr\/index.php\/wp-json\/wp\/v2\/types\/page"}],"author":[{"embeddable":true,"href":"https:\/\/www.sausseron-impressionnistes.fr\/index.php\/wp-json\/wp\/v2\/users\/1"}],"replies":[{"embeddable":true,"href":"https:\/\/www.sausseron-impressionnistes.fr\/index.php\/wp-json\/wp\/v2\/comments?post=60"}],"version-history":[{"count":4,"href":"https:\/\/www.sausseron-impressionnistes.fr\/index.php\/wp-json\/wp\/v2\/pages\/60\/revisions"}],"predecessor-version":[{"id":517,"href":"https:\/\/www.sausseron-impressionnistes.fr\/index.php\/wp-json\/wp\/v2\/pages\/60\/revisions\/517"}],"wp:attachment":[{"href":"https:\/\/www.sausseron-impressionnistes.fr\/index.php\/wp-json\/wp\/v2\/media?parent=60"}],"curies":[{"name":"wp","href":"https:\/\/api.w.org\/{rel}","templated":true}]}}