{"id":56,"date":"2021-02-25T15:00:32","date_gmt":"2021-02-25T14:00:32","guid":{"rendered":"http:\/\/www.sausseron-impressionnistes.fr\/?page_id=56"},"modified":"2021-07-26T11:07:33","modified_gmt":"2021-07-26T09:07:33","slug":"developpement-economique","status":"publish","type":"page","link":"https:\/\/www.sausseron-impressionnistes.fr\/index.php\/developpement-economique\/","title":{"rendered":"Qu&rsquo;est-ce qu&rsquo;une communaut\u00e9 de communes ?"},"content":{"rendered":"\n<div class=\"wp-block-image is-style-rounded\"><figure class=\"aligncenter size-large is-resized\"><img decoding=\"async\" src=\"https:\/\/www.sausseron-impressionnistes.fr\/wp-content\/uploads\/2021\/03\/DSC0655-Plaine-du-Vexin-50x67-1-1024x782.jpg\" alt=\"\" class=\"wp-image-479\" width=\"497\" height=\"379\" srcset=\"https:\/\/www.sausseron-impressionnistes.fr\/wp-content\/uploads\/2021\/03\/DSC0655-Plaine-du-Vexin-50x67-1-1024x782.jpg 1024w, https:\/\/www.sausseron-impressionnistes.fr\/wp-content\/uploads\/2021\/03\/DSC0655-Plaine-du-Vexin-50x67-1-300x229.jpg 300w, https:\/\/www.sausseron-impressionnistes.fr\/wp-content\/uploads\/2021\/03\/DSC0655-Plaine-du-Vexin-50x67-1-768x587.jpg 768w, https:\/\/www.sausseron-impressionnistes.fr\/wp-content\/uploads\/2021\/03\/DSC0655-Plaine-du-Vexin-50x67-1-1536x1174.jpg 1536w, https:\/\/www.sausseron-impressionnistes.fr\/wp-content\/uploads\/2021\/03\/DSC0655-Plaine-du-Vexin-50x67-1-2048x1565.jpg 2048w\" sizes=\"(max-width: 497px) 100vw, 497px\" \/><\/figure><\/div>\n\n\n\n<p><strong><span class=\"has-inline-color has-luminous-vivid-amber-color\">Une Communaut\u00e9 de Communes est un regroupement de plusieurs communes qui doivent \u00eatre \u00ab d\u2019un seul tenant et sans enclave \u00bb.<\/span><\/strong><\/p>\n\n\n\n<p>Elle a pour objet d&rsquo;associer des communes au sein d&rsquo;un espace de solidarit\u00e9, en vue de l&rsquo;\u00e9laboration d&rsquo;un projet commun de d\u00e9veloppement et d&rsquo;am\u00e9nagement de l&rsquo;espace.<\/p>\n\n\n\n<p>Une Communaut\u00e9 de Communes est pilot\u00e9e par un Conseil Communautaire compos\u00e9 de repr\u00e9sentants des diff\u00e9rentes communes. Parmi eux, sont d\u00e9sign\u00e9s : un Pr\u00e9sident et des Vice-pr\u00e9sidents. Le nombre de Conseillers Communautaires par commune d\u00e9pend du nombre de ses habitants.<\/p>\n\n\n\n<p>Chaque commune est repr\u00e9sent\u00e9e au Conseil Communautaire et aucune ne peut disposer seule d\u2019une majorit\u00e9.<\/p>\n\n\n\n<p><strong><span class=\"has-inline-color has-luminous-vivid-amber-color\">Contexte et enjeux :<\/span><\/strong><\/p>\n\n\n\n<p>\u2022 Les collectivit\u00e9s territoriales sont des personnes morales de droit public distinctes de l\u2019\u00c9tat qui b\u00e9n\u00e9ficient \u00e0 ce titre d\u2019une autonomie juridique et patrimoniale.Il y a trois niveaux de collectivit\u00e9s : les communes, les d\u00e9partements et les r\u00e9gions.<\/p>\n\n\n\n<p>\u2022 Les collectivit\u00e9s territoriales s\u2019administrent librement dans les conditions pr\u00e9vues par la loi. Elles poss\u00e8dent des comp\u00e9tences administratives, ce qui leur interdit de disposer de comp\u00e9tences relevant du niveau \u00e9tatique (\u00e9dicter des lois et r\u00e8glements, exercer des attributions juridictionnelles, comp\u00e9tences propres dans la conduite des relations internationales).<\/p>\n\n\n\n<p><strong><span class=\"has-inline-color has-luminous-vivid-amber-color\">Les comp\u00e9tences des collectivit\u00e9s sont r\u00e9gies par plusieurs principes :<\/span><\/strong><\/p>\n\n\n\n<p>\u2022 Une collectivit\u00e9 ne peut pas exercer une tutelle sur une autre.<\/p>\n\n\n\n<p>\u2022 Les comp\u00e9tences des collectivit\u00e9s sont d\u00e9finies par le l\u00e9gislateur et non par les collectivit\u00e9s elles-m\u00eames.<\/p>\n\n\n\n<p>\u2022 Conform\u00e9ment au principe de subsidiarit\u00e9, \u00ab les collectivit\u00e9s territoriales ont vocation \u00e0 prendre les d\u00e9cisions pour l&rsquo;ensemble des comp\u00e9tences qui peuvent au mieux \u00eatre mises en oeuvre \u00e0 leur \u00e9chelon \u00bb.<\/p>\n\n\n\n<p>\u2022 Les communes b\u00e9n\u00e9ficient de la clause de comp\u00e9tence g\u00e9n\u00e9rale : elles disposent ainsi d\u2019une capacit\u00e9 d\u2019intervention g\u00e9n\u00e9rale, sans qu\u2019il soit n\u00e9cessaire que la loi proc\u00e8de \u00e0 une \u00e9num\u00e9ration de ses attributions.<\/p>\n\n\n\n<p>\u2022 Les R\u00e9gions et les D\u00e9partements exercent, quant \u00e0 eux, des comp\u00e9tences sp\u00e9cialis\u00e9es organis\u00e9es en blocs de comp\u00e9tences sp\u00e9cifiques.<\/p>\n\n\n\n<p>\u2022 Le principe de comp\u00e9tences partag\u00e9es est maintenu dans certains domaines. Dans ce cas, la possibilit\u00e9 est donn\u00e9e \u00e0 une collectivit\u00e9 d\u2019exercer le r\u00f4le de chef-de-file en coordonnant l\u2019action publique sur le territoire concern\u00e9.<\/p>\n\n\n\n<p>\u2022 Les collectivit\u00e9s peuvent d\u00e9roger \u00e0 titre exp\u00e9rimental, et pour un objet et une dur\u00e9e limit\u00e9s, aux dispositions l\u00e9gislatives ou r\u00e9glementaires qui r\u00e9gissent l\u2019exercice de leurs comp\u00e9tences.<\/p>\n\n\n\n<p><strong><span class=\"has-inline-color has-luminous-vivid-amber-color\">Les comp\u00e9tences entre les niveaux de collectivit\u00e9s sont r\u00e9parties comme suit :<\/span><\/strong><\/p>\n\n\n\n<p>\u2022 Les communes b\u00e9n\u00e9ficient de la clause de comp\u00e9tence g\u00e9n\u00e9rale leur permettant de r\u00e9gler par d\u00e9lib\u00e9ration toutes les affaires relevant de leur niveau. Les principales comp\u00e9tences exerc\u00e9es rel\u00e8vent des domaines suivants : urbanisme, logement, environnement, gestion des \u00e9coles pr\u00e9\u00e9l\u00e9mentaires et \u00e9l\u00e9mentaires.<\/p>\n\n\n\n<p>\u2022 La loi du 7 ao\u00fbt 2015 portant Nouvelle Organisation Territoriale de la R\u00e9publique (NOTRe) a renforc\u00e9 les comp\u00e9tences optionnelles et obligatoires transf\u00e9r\u00e9es de la commune \u00e0 la Communaut\u00e9 de Communes.<\/p>\n\n\n\n<p>\u2022 Les D\u00e9partements exercent principalement leurs comp\u00e9tences en actions sociales (enfance, personnes handicap\u00e9es, personnes \u00e2g\u00e9es, revenu de solidarit\u00e9 active), infrastructures (sports, a\u00e9rodromes, routes d\u00e9partementales), gestion des coll\u00e8ges, aides aux communes.<\/p>\n\n\n\n<p>\u2022 Les R\u00e9gions exercent principalement leurs comp\u00e9tences en d\u00e9veloppement \u00e9conomique, am\u00e9nagement du territoire, transports non urbains, gestion des lyc\u00e9es, formation professionnelle.<\/p>\n\n\n\n<p>\u2022 Les trois niveaux de collectivit\u00e9s se partagent les comp\u00e9tences dans les domaines suivants : sport, tourisme, culture, promotion des langues r\u00e9gionales, \u00e9ducation populaire.<\/p>\n\n\n\n<p><strong><span class=\"has-inline-color has-luminous-vivid-amber-color\">Les intercommunalit\u00e9s disposent de 4 types de ressources :<\/span><\/strong><\/p>\n\n\n\n<p>\u2022 Des recettes fiscales provenant des entreprises.<\/p>\n\n\n\n<p>\u2022 Des recettes fiscales provenant des m\u00e9nages.<\/p>\n\n\n\n<p>\u2022 Dotation globale de fonctionnement de l\u2019Etat.<\/p>\n\n\n\n<p>\u2022 Des subventions et des emprunts.<\/p>\n\n\n\n<p><strong>Vid\u00e9os de l&rsquo;AMF :<\/strong><\/p>\n\n\n\n<p><a href=\"https:\/\/www.sausseron-impressionnistes.fr\/wp-content\/uploads\/2021\/07\/3.AMF_role-des-intercommunalites_WEBST.mp4\" target=\"_blank\" rel=\"noreferrer noopener\">R\u00f4le des intercommunalit\u00e9s<\/a><\/p>\n\n\n\n<p><a href=\"https:\/\/www.sausseron-impressionnistes.fr\/wp-content\/uploads\/2021\/07\/4.AMF_gouvernance-des-intercommunalites_WEBST.mp4\" target=\"_blank\" rel=\"noreferrer noopener\">Gouvernance des intercommunalit\u00e9s<\/a><\/p>\n\n\n\n<p><\/p>\n","protected":false},"excerpt":{"rendered":"<p>Une Communaut\u00e9 de Communes est un regroupement de plusieurs communes qui doivent \u00eatre \u00ab d\u2019un seul tenant et sans enclave \u00bb. Elle a pour objet d&rsquo;associer des communes au sein d&rsquo;un espace de solidarit\u00e9, en vue de l&rsquo;\u00e9laboration d&rsquo;un projet commun de d\u00e9veloppement et d&rsquo;am\u00e9nagement de l&rsquo;espace. Une Communaut\u00e9 de Communes est pilot\u00e9e par un &hellip; <\/p>\n<p class=\"link-more\"><a href=\"https:\/\/www.sausseron-impressionnistes.fr\/index.php\/developpement-economique\/\" class=\"more-link\">Continuer la lecture<span class=\"screen-reader-text\"> de &laquo;&nbsp;Qu&rsquo;est-ce qu&rsquo;une communaut\u00e9 de communes ?&nbsp;&raquo;<\/span><\/a><\/p>\n","protected":false},"author":1,"featured_media":0,"parent":0,"menu_order":0,"comment_status":"closed","ping_status":"closed","template":"","meta":{"footnotes":""},"class_list":["post-56","page","type-page","status-publish","hentry"],"yoast_head":"<!-- This site is optimized with the Yoast SEO plugin v27.4 - https:\/\/yoast.com\/product\/yoast-seo-wordpress\/ -->\n<title>Qu&#039;est-ce qu&#039;une communaut\u00e9 de communes ? - Communaut\u00e9 de Communes Sausseron Impressionnistes<\/title>\n<meta name=\"robots\" content=\"index, follow, max-snippet:-1, max-image-preview:large, max-video-preview:-1\" \/>\n<link rel=\"canonical\" href=\"https:\/\/www.sausseron-impressionnistes.fr\/index.php\/developpement-economique\/\" \/>\n<meta property=\"og:locale\" content=\"fr_FR\" \/>\n<meta property=\"og:type\" content=\"article\" \/>\n<meta property=\"og:title\" content=\"Qu&#039;est-ce qu&#039;une communaut\u00e9 de communes ? - Communaut\u00e9 de Communes Sausseron Impressionnistes\" \/>\n<meta property=\"og:description\" content=\"Une Communaut\u00e9 de Communes est un regroupement de plusieurs communes qui doivent \u00eatre \u00ab d\u2019un seul tenant et sans enclave \u00bb. Elle a pour objet d&rsquo;associer des communes au sein d&rsquo;un espace de solidarit\u00e9, en vue de l&rsquo;\u00e9laboration d&rsquo;un projet commun de d\u00e9veloppement et d&rsquo;am\u00e9nagement de l&rsquo;espace. Une Communaut\u00e9 de Communes est pilot\u00e9e par un &hellip; Continuer la lecture de &laquo;&nbsp;Qu&rsquo;est-ce qu&rsquo;une communaut\u00e9 de communes ?&nbsp;&raquo;\" \/>\n<meta property=\"og:url\" content=\"https:\/\/www.sausseron-impressionnistes.fr\/index.php\/developpement-economique\/\" \/>\n<meta property=\"og:site_name\" content=\"Communaut\u00e9 de Communes Sausseron Impressionnistes\" \/>\n<meta property=\"article:modified_time\" content=\"2021-07-26T09:07:33+00:00\" \/>\n<meta property=\"og:image\" content=\"http:\/\/www.sausseron-impressionnistes.fr\/wp-content\/uploads\/2021\/03\/DSC0655-Plaine-du-Vexin-50x67-1-1024x782.jpg\" \/>\n<meta name=\"twitter:card\" content=\"summary_large_image\" \/>\n<meta name=\"twitter:label1\" content=\"Dur\u00e9e de lecture estim\u00e9e\" \/>\n\t<meta name=\"twitter:data1\" content=\"3 minutes\" \/>\n<script type=\"application\/ld+json\" class=\"yoast-schema-graph\">{\"@context\":\"https:\\\/\\\/schema.org\",\"@graph\":[{\"@type\":\"WebPage\",\"@id\":\"https:\\\/\\\/www.sausseron-impressionnistes.fr\\\/index.php\\\/developpement-economique\\\/\",\"url\":\"https:\\\/\\\/www.sausseron-impressionnistes.fr\\\/index.php\\\/developpement-economique\\\/\",\"name\":\"Qu'est-ce qu'une communaut\u00e9 de communes ? - Communaut\u00e9 de Communes Sausseron Impressionnistes\",\"isPartOf\":{\"@id\":\"https:\\\/\\\/www.sausseron-impressionnistes.fr\\\/#website\"},\"primaryImageOfPage\":{\"@id\":\"https:\\\/\\\/www.sausseron-impressionnistes.fr\\\/index.php\\\/developpement-economique\\\/#primaryimage\"},\"image\":{\"@id\":\"https:\\\/\\\/www.sausseron-impressionnistes.fr\\\/index.php\\\/developpement-economique\\\/#primaryimage\"},\"thumbnailUrl\":\"http:\\\/\\\/www.sausseron-impressionnistes.fr\\\/wp-content\\\/uploads\\\/2021\\\/03\\\/DSC0655-Plaine-du-Vexin-50x67-1-1024x782.jpg\",\"datePublished\":\"2021-02-25T14:00:32+00:00\",\"dateModified\":\"2021-07-26T09:07:33+00:00\",\"breadcrumb\":{\"@id\":\"https:\\\/\\\/www.sausseron-impressionnistes.fr\\\/index.php\\\/developpement-economique\\\/#breadcrumb\"},\"inLanguage\":\"fr-FR\",\"potentialAction\":[{\"@type\":\"ReadAction\",\"target\":[\"https:\\\/\\\/www.sausseron-impressionnistes.fr\\\/index.php\\\/developpement-economique\\\/\"]}]},{\"@type\":\"ImageObject\",\"inLanguage\":\"fr-FR\",\"@id\":\"https:\\\/\\\/www.sausseron-impressionnistes.fr\\\/index.php\\\/developpement-economique\\\/#primaryimage\",\"url\":\"http:\\\/\\\/www.sausseron-impressionnistes.fr\\\/wp-content\\\/uploads\\\/2021\\\/03\\\/DSC0655-Plaine-du-Vexin-50x67-1-1024x782.jpg\",\"contentUrl\":\"http:\\\/\\\/www.sausseron-impressionnistes.fr\\\/wp-content\\\/uploads\\\/2021\\\/03\\\/DSC0655-Plaine-du-Vexin-50x67-1-1024x782.jpg\"},{\"@type\":\"BreadcrumbList\",\"@id\":\"https:\\\/\\\/www.sausseron-impressionnistes.fr\\\/index.php\\\/developpement-economique\\\/#breadcrumb\",\"itemListElement\":[{\"@type\":\"ListItem\",\"position\":1,\"name\":\"Accueil\",\"item\":\"https:\\\/\\\/www.sausseron-impressionnistes.fr\\\/\"},{\"@type\":\"ListItem\",\"position\":2,\"name\":\"Qu&rsquo;est-ce qu&rsquo;une communaut\u00e9 de communes ?\"}]},{\"@type\":\"WebSite\",\"@id\":\"https:\\\/\\\/www.sausseron-impressionnistes.fr\\\/#website\",\"url\":\"https:\\\/\\\/www.sausseron-impressionnistes.fr\\\/\",\"name\":\"Communaut\u00e9 de Communes Sausseron Impressionnistes\",\"description\":\"\",\"potentialAction\":[{\"@type\":\"SearchAction\",\"target\":{\"@type\":\"EntryPoint\",\"urlTemplate\":\"https:\\\/\\\/www.sausseron-impressionnistes.fr\\\/?s={search_term_string}\"},\"query-input\":{\"@type\":\"PropertyValueSpecification\",\"valueRequired\":true,\"valueName\":\"search_term_string\"}}],\"inLanguage\":\"fr-FR\"}]}<\/script>\n<!-- \/ Yoast SEO plugin. -->","yoast_head_json":{"title":"Qu'est-ce qu'une communaut\u00e9 de communes ? - Communaut\u00e9 de Communes Sausseron Impressionnistes","robots":{"index":"index","follow":"follow","max-snippet":"max-snippet:-1","max-image-preview":"max-image-preview:large","max-video-preview":"max-video-preview:-1"},"canonical":"https:\/\/www.sausseron-impressionnistes.fr\/index.php\/developpement-economique\/","og_locale":"fr_FR","og_type":"article","og_title":"Qu'est-ce qu'une communaut\u00e9 de communes ? - Communaut\u00e9 de Communes Sausseron Impressionnistes","og_description":"Une Communaut\u00e9 de Communes est un regroupement de plusieurs communes qui doivent \u00eatre \u00ab d\u2019un seul tenant et sans enclave \u00bb. Elle a pour objet d&rsquo;associer des communes au sein d&rsquo;un espace de solidarit\u00e9, en vue de l&rsquo;\u00e9laboration d&rsquo;un projet commun de d\u00e9veloppement et d&rsquo;am\u00e9nagement de l&rsquo;espace. Une Communaut\u00e9 de Communes est pilot\u00e9e par un &hellip; Continuer la lecture de &laquo;&nbsp;Qu&rsquo;est-ce qu&rsquo;une communaut\u00e9 de communes ?&nbsp;&raquo;","og_url":"https:\/\/www.sausseron-impressionnistes.fr\/index.php\/developpement-economique\/","og_site_name":"Communaut\u00e9 de Communes Sausseron Impressionnistes","article_modified_time":"2021-07-26T09:07:33+00:00","og_image":[{"url":"http:\/\/www.sausseron-impressionnistes.fr\/wp-content\/uploads\/2021\/03\/DSC0655-Plaine-du-Vexin-50x67-1-1024x782.jpg","type":"","width":"","height":""}],"twitter_card":"summary_large_image","twitter_misc":{"Dur\u00e9e de lecture estim\u00e9e":"3 minutes"},"schema":{"@context":"https:\/\/schema.org","@graph":[{"@type":"WebPage","@id":"https:\/\/www.sausseron-impressionnistes.fr\/index.php\/developpement-economique\/","url":"https:\/\/www.sausseron-impressionnistes.fr\/index.php\/developpement-economique\/","name":"Qu'est-ce qu'une communaut\u00e9 de communes ? - Communaut\u00e9 de Communes Sausseron Impressionnistes","isPartOf":{"@id":"https:\/\/www.sausseron-impressionnistes.fr\/#website"},"primaryImageOfPage":{"@id":"https:\/\/www.sausseron-impressionnistes.fr\/index.php\/developpement-economique\/#primaryimage"},"image":{"@id":"https:\/\/www.sausseron-impressionnistes.fr\/index.php\/developpement-economique\/#primaryimage"},"thumbnailUrl":"http:\/\/www.sausseron-impressionnistes.fr\/wp-content\/uploads\/2021\/03\/DSC0655-Plaine-du-Vexin-50x67-1-1024x782.jpg","datePublished":"2021-02-25T14:00:32+00:00","dateModified":"2021-07-26T09:07:33+00:00","breadcrumb":{"@id":"https:\/\/www.sausseron-impressionnistes.fr\/index.php\/developpement-economique\/#breadcrumb"},"inLanguage":"fr-FR","potentialAction":[{"@type":"ReadAction","target":["https:\/\/www.sausseron-impressionnistes.fr\/index.php\/developpement-economique\/"]}]},{"@type":"ImageObject","inLanguage":"fr-FR","@id":"https:\/\/www.sausseron-impressionnistes.fr\/index.php\/developpement-economique\/#primaryimage","url":"http:\/\/www.sausseron-impressionnistes.fr\/wp-content\/uploads\/2021\/03\/DSC0655-Plaine-du-Vexin-50x67-1-1024x782.jpg","contentUrl":"http:\/\/www.sausseron-impressionnistes.fr\/wp-content\/uploads\/2021\/03\/DSC0655-Plaine-du-Vexin-50x67-1-1024x782.jpg"},{"@type":"BreadcrumbList","@id":"https:\/\/www.sausseron-impressionnistes.fr\/index.php\/developpement-economique\/#breadcrumb","itemListElement":[{"@type":"ListItem","position":1,"name":"Accueil","item":"https:\/\/www.sausseron-impressionnistes.fr\/"},{"@type":"ListItem","position":2,"name":"Qu&rsquo;est-ce qu&rsquo;une communaut\u00e9 de communes ?"}]},{"@type":"WebSite","@id":"https:\/\/www.sausseron-impressionnistes.fr\/#website","url":"https:\/\/www.sausseron-impressionnistes.fr\/","name":"Communaut\u00e9 de Communes Sausseron Impressionnistes","description":"","potentialAction":[{"@type":"SearchAction","target":{"@type":"EntryPoint","urlTemplate":"https:\/\/www.sausseron-impressionnistes.fr\/?s={search_term_string}"},"query-input":{"@type":"PropertyValueSpecification","valueRequired":true,"valueName":"search_term_string"}}],"inLanguage":"fr-FR"}]}},"_links":{"self":[{"href":"https:\/\/www.sausseron-impressionnistes.fr\/index.php\/wp-json\/wp\/v2\/pages\/56","targetHints":{"allow":["GET"]}}],"collection":[{"href":"https:\/\/www.sausseron-impressionnistes.fr\/index.php\/wp-json\/wp\/v2\/pages"}],"about":[{"href":"https:\/\/www.sausseron-impressionnistes.fr\/index.php\/wp-json\/wp\/v2\/types\/page"}],"author":[{"embeddable":true,"href":"https:\/\/www.sausseron-impressionnistes.fr\/index.php\/wp-json\/wp\/v2\/users\/1"}],"replies":[{"embeddable":true,"href":"https:\/\/www.sausseron-impressionnistes.fr\/index.php\/wp-json\/wp\/v2\/comments?post=56"}],"version-history":[{"count":7,"href":"https:\/\/www.sausseron-impressionnistes.fr\/index.php\/wp-json\/wp\/v2\/pages\/56\/revisions"}],"predecessor-version":[{"id":916,"href":"https:\/\/www.sausseron-impressionnistes.fr\/index.php\/wp-json\/wp\/v2\/pages\/56\/revisions\/916"}],"wp:attachment":[{"href":"https:\/\/www.sausseron-impressionnistes.fr\/index.php\/wp-json\/wp\/v2\/media?parent=56"}],"curies":[{"name":"wp","href":"https:\/\/api.w.org\/{rel}","templated":true}]}}