{"id":55,"date":"2021-02-25T15:00:32","date_gmt":"2021-02-25T14:00:32","guid":{"rendered":"http:\/\/www.sausseron-impressionnistes.fr\/?page_id=55"},"modified":"2021-03-01T10:48:49","modified_gmt":"2021-03-01T09:48:49","slug":"les-commissions","status":"publish","type":"page","link":"https:\/\/www.sausseron-impressionnistes.fr\/index.php\/les-commissions\/","title":{"rendered":"Les commissions"},"content":{"rendered":"\n<p>Les \u00e9lus qui si\u00e8gent dans les commissions \u00e9tudient les questions relatives \u00e0 leurs comp\u00e9tences. Celles-ci seront ensuite soumises et d\u00e9battues au bureau, en conf\u00e9rence des Maires puis au Conseil Communautaire.<\/p>\n\n\n\n<p>Elles formulent uniquement des avis. Les commissions ne peuvent en aucun cas empi\u00e9ter sur le droit d&rsquo;administration de la Communaut\u00e9 de Communes, ni sur le droit de d\u00e9lib\u00e9ration qui appartient au Conseil Communautaire.<\/p>\n","protected":false},"excerpt":{"rendered":"<p>Les \u00e9lus qui si\u00e8gent dans les commissions \u00e9tudient les questions relatives \u00e0 leurs comp\u00e9tences. Celles-ci seront ensuite soumises et d\u00e9battues au bureau, en conf\u00e9rence des Maires puis au Conseil Communautaire. Elles formulent uniquement des avis. Les commissions ne peuvent en aucun cas empi\u00e9ter sur le droit d&rsquo;administration de la Communaut\u00e9 de Communes, ni sur le &hellip; <\/p>\n<p class=\"link-more\"><a href=\"https:\/\/www.sausseron-impressionnistes.fr\/index.php\/les-commissions\/\" class=\"more-link\">Continuer la lecture<span class=\"screen-reader-text\"> de &laquo;&nbsp;Les commissions&nbsp;&raquo;<\/span><\/a><\/p>\n","protected":false},"author":1,"featured_media":0,"parent":0,"menu_order":0,"comment_status":"closed","ping_status":"closed","template":"","meta":{"footnotes":""},"class_list":["post-55","page","type-page","status-publish","hentry"],"yoast_head":"<!-- This site is optimized with the Yoast SEO plugin v27.4 - https:\/\/yoast.com\/product\/yoast-seo-wordpress\/ -->\n<title>Les commissions - Communaut\u00e9 de Communes Sausseron Impressionnistes<\/title>\n<meta name=\"robots\" content=\"index, follow, max-snippet:-1, max-image-preview:large, max-video-preview:-1\" \/>\n<link rel=\"canonical\" href=\"https:\/\/www.sausseron-impressionnistes.fr\/index.php\/les-commissions\/\" \/>\n<meta property=\"og:locale\" content=\"fr_FR\" \/>\n<meta property=\"og:type\" content=\"article\" \/>\n<meta property=\"og:title\" content=\"Les commissions - Communaut\u00e9 de Communes Sausseron Impressionnistes\" \/>\n<meta property=\"og:description\" content=\"Les \u00e9lus qui si\u00e8gent dans les commissions \u00e9tudient les questions relatives \u00e0 leurs comp\u00e9tences. Celles-ci seront ensuite soumises et d\u00e9battues au bureau, en conf\u00e9rence des Maires puis au Conseil Communautaire. Elles formulent uniquement des avis. Les commissions ne peuvent en aucun cas empi\u00e9ter sur le droit d&rsquo;administration de la Communaut\u00e9 de Communes, ni sur le &hellip; Continuer la lecture de &laquo;&nbsp;Les commissions&nbsp;&raquo;\" \/>\n<meta property=\"og:url\" content=\"https:\/\/www.sausseron-impressionnistes.fr\/index.php\/les-commissions\/\" \/>\n<meta property=\"og:site_name\" content=\"Communaut\u00e9 de Communes Sausseron Impressionnistes\" \/>\n<meta property=\"article:modified_time\" content=\"2021-03-01T09:48:49+00:00\" \/>\n<meta name=\"twitter:card\" content=\"summary_large_image\" \/>\n<script type=\"application\/ld+json\" class=\"yoast-schema-graph\">{\"@context\":\"https:\\\/\\\/schema.org\",\"@graph\":[{\"@type\":\"WebPage\",\"@id\":\"https:\\\/\\\/www.sausseron-impressionnistes.fr\\\/index.php\\\/les-commissions\\\/\",\"url\":\"https:\\\/\\\/www.sausseron-impressionnistes.fr\\\/index.php\\\/les-commissions\\\/\",\"name\":\"Les commissions - Communaut\u00e9 de Communes Sausseron Impressionnistes\",\"isPartOf\":{\"@id\":\"https:\\\/\\\/www.sausseron-impressionnistes.fr\\\/#website\"},\"datePublished\":\"2021-02-25T14:00:32+00:00\",\"dateModified\":\"2021-03-01T09:48:49+00:00\",\"breadcrumb\":{\"@id\":\"https:\\\/\\\/www.sausseron-impressionnistes.fr\\\/index.php\\\/les-commissions\\\/#breadcrumb\"},\"inLanguage\":\"fr-FR\",\"potentialAction\":[{\"@type\":\"ReadAction\",\"target\":[\"https:\\\/\\\/www.sausseron-impressionnistes.fr\\\/index.php\\\/les-commissions\\\/\"]}]},{\"@type\":\"BreadcrumbList\",\"@id\":\"https:\\\/\\\/www.sausseron-impressionnistes.fr\\\/index.php\\\/les-commissions\\\/#breadcrumb\",\"itemListElement\":[{\"@type\":\"ListItem\",\"position\":1,\"name\":\"Accueil\",\"item\":\"https:\\\/\\\/www.sausseron-impressionnistes.fr\\\/\"},{\"@type\":\"ListItem\",\"position\":2,\"name\":\"Les commissions\"}]},{\"@type\":\"WebSite\",\"@id\":\"https:\\\/\\\/www.sausseron-impressionnistes.fr\\\/#website\",\"url\":\"https:\\\/\\\/www.sausseron-impressionnistes.fr\\\/\",\"name\":\"Communaut\u00e9 de Communes Sausseron Impressionnistes\",\"description\":\"\",\"potentialAction\":[{\"@type\":\"SearchAction\",\"target\":{\"@type\":\"EntryPoint\",\"urlTemplate\":\"https:\\\/\\\/www.sausseron-impressionnistes.fr\\\/?s={search_term_string}\"},\"query-input\":{\"@type\":\"PropertyValueSpecification\",\"valueRequired\":true,\"valueName\":\"search_term_string\"}}],\"inLanguage\":\"fr-FR\"}]}<\/script>\n<!-- \/ Yoast SEO plugin. -->","yoast_head_json":{"title":"Les commissions - Communaut\u00e9 de Communes Sausseron Impressionnistes","robots":{"index":"index","follow":"follow","max-snippet":"max-snippet:-1","max-image-preview":"max-image-preview:large","max-video-preview":"max-video-preview:-1"},"canonical":"https:\/\/www.sausseron-impressionnistes.fr\/index.php\/les-commissions\/","og_locale":"fr_FR","og_type":"article","og_title":"Les commissions - Communaut\u00e9 de Communes Sausseron Impressionnistes","og_description":"Les \u00e9lus qui si\u00e8gent dans les commissions \u00e9tudient les questions relatives \u00e0 leurs comp\u00e9tences. Celles-ci seront ensuite soumises et d\u00e9battues au bureau, en conf\u00e9rence des Maires puis au Conseil Communautaire. Elles formulent uniquement des avis. Les commissions ne peuvent en aucun cas empi\u00e9ter sur le droit d&rsquo;administration de la Communaut\u00e9 de Communes, ni sur le &hellip; Continuer la lecture de &laquo;&nbsp;Les commissions&nbsp;&raquo;","og_url":"https:\/\/www.sausseron-impressionnistes.fr\/index.php\/les-commissions\/","og_site_name":"Communaut\u00e9 de Communes Sausseron Impressionnistes","article_modified_time":"2021-03-01T09:48:49+00:00","twitter_card":"summary_large_image","schema":{"@context":"https:\/\/schema.org","@graph":[{"@type":"WebPage","@id":"https:\/\/www.sausseron-impressionnistes.fr\/index.php\/les-commissions\/","url":"https:\/\/www.sausseron-impressionnistes.fr\/index.php\/les-commissions\/","name":"Les commissions - Communaut\u00e9 de Communes Sausseron Impressionnistes","isPartOf":{"@id":"https:\/\/www.sausseron-impressionnistes.fr\/#website"},"datePublished":"2021-02-25T14:00:32+00:00","dateModified":"2021-03-01T09:48:49+00:00","breadcrumb":{"@id":"https:\/\/www.sausseron-impressionnistes.fr\/index.php\/les-commissions\/#breadcrumb"},"inLanguage":"fr-FR","potentialAction":[{"@type":"ReadAction","target":["https:\/\/www.sausseron-impressionnistes.fr\/index.php\/les-commissions\/"]}]},{"@type":"BreadcrumbList","@id":"https:\/\/www.sausseron-impressionnistes.fr\/index.php\/les-commissions\/#breadcrumb","itemListElement":[{"@type":"ListItem","position":1,"name":"Accueil","item":"https:\/\/www.sausseron-impressionnistes.fr\/"},{"@type":"ListItem","position":2,"name":"Les commissions"}]},{"@type":"WebSite","@id":"https:\/\/www.sausseron-impressionnistes.fr\/#website","url":"https:\/\/www.sausseron-impressionnistes.fr\/","name":"Communaut\u00e9 de Communes Sausseron Impressionnistes","description":"","potentialAction":[{"@type":"SearchAction","target":{"@type":"EntryPoint","urlTemplate":"https:\/\/www.sausseron-impressionnistes.fr\/?s={search_term_string}"},"query-input":{"@type":"PropertyValueSpecification","valueRequired":true,"valueName":"search_term_string"}}],"inLanguage":"fr-FR"}]}},"_links":{"self":[{"href":"https:\/\/www.sausseron-impressionnistes.fr\/index.php\/wp-json\/wp\/v2\/pages\/55","targetHints":{"allow":["GET"]}}],"collection":[{"href":"https:\/\/www.sausseron-impressionnistes.fr\/index.php\/wp-json\/wp\/v2\/pages"}],"about":[{"href":"https:\/\/www.sausseron-impressionnistes.fr\/index.php\/wp-json\/wp\/v2\/types\/page"}],"author":[{"embeddable":true,"href":"https:\/\/www.sausseron-impressionnistes.fr\/index.php\/wp-json\/wp\/v2\/users\/1"}],"replies":[{"embeddable":true,"href":"https:\/\/www.sausseron-impressionnistes.fr\/index.php\/wp-json\/wp\/v2\/comments?post=55"}],"version-history":[{"count":5,"href":"https:\/\/www.sausseron-impressionnistes.fr\/index.php\/wp-json\/wp\/v2\/pages\/55\/revisions"}],"predecessor-version":[{"id":321,"href":"https:\/\/www.sausseron-impressionnistes.fr\/index.php\/wp-json\/wp\/v2\/pages\/55\/revisions\/321"}],"wp:attachment":[{"href":"https:\/\/www.sausseron-impressionnistes.fr\/index.php\/wp-json\/wp\/v2\/media?parent=55"}],"curies":[{"name":"wp","href":"https:\/\/api.w.org\/{rel}","templated":true}]}}