{"id":415,"date":"2021-03-01T16:49:26","date_gmt":"2021-03-01T15:49:26","guid":{"rendered":"http:\/\/www.sausseron-impressionnistes.fr\/?page_id=415"},"modified":"2025-09-05T12:07:42","modified_gmt":"2025-09-05T10:07:42","slug":"lespace-jeunes-dauvers-sur-oise","status":"publish","type":"page","link":"https:\/\/www.sausseron-impressionnistes.fr\/index.php\/lespace-jeunes-dauvers-sur-oise\/","title":{"rendered":"L&rsquo;espace jeunes d&rsquo;Auvers-sur-Oise"},"content":{"rendered":"\n<figure class=\"wp-block-image size-full\"><img decoding=\"async\" width=\"1010\" height=\"445\" src=\"https:\/\/www.sausseron-impressionnistes.fr\/wp-content\/uploads\/2023\/07\/image-24.png\" alt=\"\" class=\"wp-image-2370\" srcset=\"https:\/\/www.sausseron-impressionnistes.fr\/wp-content\/uploads\/2023\/07\/image-24.png 1010w, https:\/\/www.sausseron-impressionnistes.fr\/wp-content\/uploads\/2023\/07\/image-24-300x132.png 300w, https:\/\/www.sausseron-impressionnistes.fr\/wp-content\/uploads\/2023\/07\/image-24-768x338.png 768w\" sizes=\"(max-width: 706px) 89vw, (max-width: 767px) 82vw, 740px\" \/><\/figure>\n\n\n\n<p class=\"has-text-align-center\"><strong>Espace<\/strong><strong> <\/strong><strong>jeunes<\/strong><\/p>\n\n\n\n<p class=\"has-text-align-center\">3 Rue Roger TAGLIANA<\/p>\n\n\n\n<p class=\"has-text-align-center\">95430 Auvers-sur-Oise<\/p>\n\n\n\n<p class=\"has-text-align-center\">Mail : <a href=\"mailto:espace.jeunes@ville-auverssuroise.fr\">espace.jeunes@ville-auverssuroise.fr<\/a><\/p>\n\n\n\n<p class=\"has-text-align-center\">T\u00e9l\u00e9phone : 01 34 48 01 64<\/p>\n\n\n\n<p class=\"has-text-align-center\">De 11 \u00e0 17 ans<\/p>\n\n\n\n<p class=\"has-text-align-center\">Inscription : <a href=\"http:\/\/www.ville-auverssuroise.fr\/scolaire-et-jeunesse\/informations-jeunesse\">http:\/\/www.ville-auverssuroise.fr\/scolaire-et-jeunesse\/informations-jeunesse<\/a><\/p>\n\n\n\n<hr class=\"wp-block-separator has-alpha-channel-opacity\"\/>\n\n\n\n<h2 class=\"wp-block-heading\"><strong>BAFA CITOYEN<\/strong><\/h2>\n\n\n\n<p>En partenariat avec la Communaut\u00e9 de Communes, la ville d&rsquo;Auvers-sur-Oise r\u00e9ceptionne les candidatures des jeunes de 17 \u00e0 25 ans pour la formation au Brevet d&rsquo;Aptitude aux Fonctions d&rsquo;Animateur.<\/p>\n\n\n\n<p>C&rsquo;est un dipl\u00f4me non professionnel accessible d\u00e8s 17 ans qui pr\u00e9pare \u00e0 l&rsquo;exercice des fonctions d&rsquo;animation en accueil collectif de mineurs.<\/p>\n\n\n\n<p>Cette formation, initi\u00e9e habituellement sur Auvers, s&rsquo;est \u00e9tendue sur le territoire de la Communaut\u00e9 de Communes permettant ainsi de diminuer les co\u00fbts de formation et d&rsquo;accueillir plus de stagiaires.<\/p>\n\n\n\n<p>Pour plus de renseignements :&nbsp;<\/p>\n\n\n\n<p>01 34 48 03 84<\/p>\n\n\n\n<p><a href=\"mailto:espace.jeunes@ville-auverssuroise.fr\">espace.jeunes@ville-auverssuroise.fr<\/a><\/p>\n\n\n\n<figure class=\"wp-block-image size-large\"><img decoding=\"async\" width=\"724\" height=\"1024\" src=\"https:\/\/www.sausseron-impressionnistes.fr\/wp-content\/uploads\/2025\/09\/BAFA-CITOYEN-2025-002-1-724x1024.jpg\" alt=\"\" class=\"wp-image-3380\" srcset=\"https:\/\/www.sausseron-impressionnistes.fr\/wp-content\/uploads\/2025\/09\/BAFA-CITOYEN-2025-002-1-724x1024.jpg 724w, https:\/\/www.sausseron-impressionnistes.fr\/wp-content\/uploads\/2025\/09\/BAFA-CITOYEN-2025-002-1-212x300.jpg 212w, https:\/\/www.sausseron-impressionnistes.fr\/wp-content\/uploads\/2025\/09\/BAFA-CITOYEN-2025-002-1-768x1086.jpg 768w, https:\/\/www.sausseron-impressionnistes.fr\/wp-content\/uploads\/2025\/09\/BAFA-CITOYEN-2025-002-1-1086x1536.jpg 1086w, https:\/\/www.sausseron-impressionnistes.fr\/wp-content\/uploads\/2025\/09\/BAFA-CITOYEN-2025-002-1-1448x2048.jpg 1448w, https:\/\/www.sausseron-impressionnistes.fr\/wp-content\/uploads\/2025\/09\/BAFA-CITOYEN-2025-002-1-scaled.jpg 1810w\" sizes=\"(max-width: 724px) 100vw, 724px\" \/><\/figure>\n","protected":false},"excerpt":{"rendered":"<p>Espace jeunes 3 Rue Roger TAGLIANA 95430 Auvers-sur-Oise Mail : espace.jeunes@ville-auverssuroise.fr T\u00e9l\u00e9phone : 01 34 48 01 64 De 11 \u00e0 17 ans Inscription : http:\/\/www.ville-auverssuroise.fr\/scolaire-et-jeunesse\/informations-jeunesse BAFA CITOYEN En partenariat avec la Communaut\u00e9 de Communes, la ville d&rsquo;Auvers-sur-Oise r\u00e9ceptionne les candidatures des jeunes de 17 \u00e0 25 ans pour la formation au Brevet d&rsquo;Aptitude aux &hellip; <\/p>\n<p class=\"link-more\"><a href=\"https:\/\/www.sausseron-impressionnistes.fr\/index.php\/lespace-jeunes-dauvers-sur-oise\/\" class=\"more-link\">Continuer la lecture<span class=\"screen-reader-text\"> de &laquo;&nbsp;L&rsquo;espace jeunes d&rsquo;Auvers-sur-Oise&nbsp;&raquo;<\/span><\/a><\/p>\n","protected":false},"author":1,"featured_media":0,"parent":0,"menu_order":0,"comment_status":"closed","ping_status":"closed","template":"","meta":{"footnotes":""},"class_list":["post-415","page","type-page","status-publish","hentry"],"yoast_head":"<!-- This site is optimized with the Yoast SEO plugin v27.4 - https:\/\/yoast.com\/product\/yoast-seo-wordpress\/ -->\n<title>L&#039;espace jeunes d&#039;Auvers-sur-Oise - Communaut\u00e9 de Communes Sausseron Impressionnistes<\/title>\n<meta name=\"robots\" content=\"index, follow, max-snippet:-1, max-image-preview:large, max-video-preview:-1\" \/>\n<link rel=\"canonical\" href=\"https:\/\/www.sausseron-impressionnistes.fr\/index.php\/lespace-jeunes-dauvers-sur-oise\/\" \/>\n<meta property=\"og:locale\" content=\"fr_FR\" \/>\n<meta property=\"og:type\" content=\"article\" \/>\n<meta property=\"og:title\" content=\"L&#039;espace jeunes d&#039;Auvers-sur-Oise - Communaut\u00e9 de Communes Sausseron Impressionnistes\" \/>\n<meta property=\"og:description\" content=\"Espace jeunes 3 Rue Roger TAGLIANA 95430 Auvers-sur-Oise Mail : espace.jeunes@ville-auverssuroise.fr T\u00e9l\u00e9phone : 01 34 48 01 64 De 11 \u00e0 17 ans Inscription : http:\/\/www.ville-auverssuroise.fr\/scolaire-et-jeunesse\/informations-jeunesse BAFA CITOYEN En partenariat avec la Communaut\u00e9 de Communes, la ville d&rsquo;Auvers-sur-Oise r\u00e9ceptionne les candidatures des jeunes de 17 \u00e0 25 ans pour la formation au Brevet d&rsquo;Aptitude aux &hellip; Continuer la lecture de &laquo;&nbsp;L&rsquo;espace jeunes d&rsquo;Auvers-sur-Oise&nbsp;&raquo;\" \/>\n<meta property=\"og:url\" content=\"https:\/\/www.sausseron-impressionnistes.fr\/index.php\/lespace-jeunes-dauvers-sur-oise\/\" \/>\n<meta property=\"og:site_name\" content=\"Communaut\u00e9 de Communes Sausseron Impressionnistes\" \/>\n<meta property=\"article:modified_time\" content=\"2025-09-05T10:07:42+00:00\" \/>\n<meta property=\"og:image\" content=\"https:\/\/www.sausseron-impressionnistes.fr\/wp-content\/uploads\/2023\/07\/image-24.png\" \/>\n\t<meta property=\"og:image:width\" content=\"1010\" \/>\n\t<meta property=\"og:image:height\" content=\"445\" \/>\n\t<meta property=\"og:image:type\" content=\"image\/png\" \/>\n<meta name=\"twitter:card\" content=\"summary_large_image\" \/>\n<meta name=\"twitter:label1\" content=\"Dur\u00e9e de lecture estim\u00e9e\" \/>\n\t<meta name=\"twitter:data1\" content=\"1 minute\" \/>\n<script type=\"application\/ld+json\" class=\"yoast-schema-graph\">{\"@context\":\"https:\\\/\\\/schema.org\",\"@graph\":[{\"@type\":\"WebPage\",\"@id\":\"https:\\\/\\\/www.sausseron-impressionnistes.fr\\\/index.php\\\/lespace-jeunes-dauvers-sur-oise\\\/\",\"url\":\"https:\\\/\\\/www.sausseron-impressionnistes.fr\\\/index.php\\\/lespace-jeunes-dauvers-sur-oise\\\/\",\"name\":\"L'espace jeunes d'Auvers-sur-Oise - Communaut\u00e9 de Communes Sausseron Impressionnistes\",\"isPartOf\":{\"@id\":\"https:\\\/\\\/www.sausseron-impressionnistes.fr\\\/#website\"},\"primaryImageOfPage\":{\"@id\":\"https:\\\/\\\/www.sausseron-impressionnistes.fr\\\/index.php\\\/lespace-jeunes-dauvers-sur-oise\\\/#primaryimage\"},\"image\":{\"@id\":\"https:\\\/\\\/www.sausseron-impressionnistes.fr\\\/index.php\\\/lespace-jeunes-dauvers-sur-oise\\\/#primaryimage\"},\"thumbnailUrl\":\"https:\\\/\\\/www.sausseron-impressionnistes.fr\\\/wp-content\\\/uploads\\\/2023\\\/07\\\/image-24.png\",\"datePublished\":\"2021-03-01T15:49:26+00:00\",\"dateModified\":\"2025-09-05T10:07:42+00:00\",\"breadcrumb\":{\"@id\":\"https:\\\/\\\/www.sausseron-impressionnistes.fr\\\/index.php\\\/lespace-jeunes-dauvers-sur-oise\\\/#breadcrumb\"},\"inLanguage\":\"fr-FR\",\"potentialAction\":[{\"@type\":\"ReadAction\",\"target\":[\"https:\\\/\\\/www.sausseron-impressionnistes.fr\\\/index.php\\\/lespace-jeunes-dauvers-sur-oise\\\/\"]}]},{\"@type\":\"ImageObject\",\"inLanguage\":\"fr-FR\",\"@id\":\"https:\\\/\\\/www.sausseron-impressionnistes.fr\\\/index.php\\\/lespace-jeunes-dauvers-sur-oise\\\/#primaryimage\",\"url\":\"https:\\\/\\\/www.sausseron-impressionnistes.fr\\\/wp-content\\\/uploads\\\/2023\\\/07\\\/image-24.png\",\"contentUrl\":\"https:\\\/\\\/www.sausseron-impressionnistes.fr\\\/wp-content\\\/uploads\\\/2023\\\/07\\\/image-24.png\",\"width\":1010,\"height\":445},{\"@type\":\"BreadcrumbList\",\"@id\":\"https:\\\/\\\/www.sausseron-impressionnistes.fr\\\/index.php\\\/lespace-jeunes-dauvers-sur-oise\\\/#breadcrumb\",\"itemListElement\":[{\"@type\":\"ListItem\",\"position\":1,\"name\":\"Accueil\",\"item\":\"https:\\\/\\\/www.sausseron-impressionnistes.fr\\\/\"},{\"@type\":\"ListItem\",\"position\":2,\"name\":\"L&rsquo;espace jeunes d&rsquo;Auvers-sur-Oise\"}]},{\"@type\":\"WebSite\",\"@id\":\"https:\\\/\\\/www.sausseron-impressionnistes.fr\\\/#website\",\"url\":\"https:\\\/\\\/www.sausseron-impressionnistes.fr\\\/\",\"name\":\"Communaut\u00e9 de Communes Sausseron Impressionnistes\",\"description\":\"\",\"potentialAction\":[{\"@type\":\"SearchAction\",\"target\":{\"@type\":\"EntryPoint\",\"urlTemplate\":\"https:\\\/\\\/www.sausseron-impressionnistes.fr\\\/?s={search_term_string}\"},\"query-input\":{\"@type\":\"PropertyValueSpecification\",\"valueRequired\":true,\"valueName\":\"search_term_string\"}}],\"inLanguage\":\"fr-FR\"}]}<\/script>\n<!-- \/ Yoast SEO plugin. -->","yoast_head_json":{"title":"L'espace jeunes d'Auvers-sur-Oise - Communaut\u00e9 de Communes Sausseron Impressionnistes","robots":{"index":"index","follow":"follow","max-snippet":"max-snippet:-1","max-image-preview":"max-image-preview:large","max-video-preview":"max-video-preview:-1"},"canonical":"https:\/\/www.sausseron-impressionnistes.fr\/index.php\/lespace-jeunes-dauvers-sur-oise\/","og_locale":"fr_FR","og_type":"article","og_title":"L'espace jeunes d'Auvers-sur-Oise - Communaut\u00e9 de Communes Sausseron Impressionnistes","og_description":"Espace jeunes 3 Rue Roger TAGLIANA 95430 Auvers-sur-Oise Mail : espace.jeunes@ville-auverssuroise.fr T\u00e9l\u00e9phone : 01 34 48 01 64 De 11 \u00e0 17 ans Inscription : http:\/\/www.ville-auverssuroise.fr\/scolaire-et-jeunesse\/informations-jeunesse BAFA CITOYEN En partenariat avec la Communaut\u00e9 de Communes, la ville d&rsquo;Auvers-sur-Oise r\u00e9ceptionne les candidatures des jeunes de 17 \u00e0 25 ans pour la formation au Brevet d&rsquo;Aptitude aux &hellip; Continuer la lecture de &laquo;&nbsp;L&rsquo;espace jeunes d&rsquo;Auvers-sur-Oise&nbsp;&raquo;","og_url":"https:\/\/www.sausseron-impressionnistes.fr\/index.php\/lespace-jeunes-dauvers-sur-oise\/","og_site_name":"Communaut\u00e9 de Communes Sausseron Impressionnistes","article_modified_time":"2025-09-05T10:07:42+00:00","og_image":[{"width":1010,"height":445,"url":"https:\/\/www.sausseron-impressionnistes.fr\/wp-content\/uploads\/2023\/07\/image-24.png","type":"image\/png"}],"twitter_card":"summary_large_image","twitter_misc":{"Dur\u00e9e de lecture estim\u00e9e":"1 minute"},"schema":{"@context":"https:\/\/schema.org","@graph":[{"@type":"WebPage","@id":"https:\/\/www.sausseron-impressionnistes.fr\/index.php\/lespace-jeunes-dauvers-sur-oise\/","url":"https:\/\/www.sausseron-impressionnistes.fr\/index.php\/lespace-jeunes-dauvers-sur-oise\/","name":"L'espace jeunes d'Auvers-sur-Oise - Communaut\u00e9 de Communes Sausseron Impressionnistes","isPartOf":{"@id":"https:\/\/www.sausseron-impressionnistes.fr\/#website"},"primaryImageOfPage":{"@id":"https:\/\/www.sausseron-impressionnistes.fr\/index.php\/lespace-jeunes-dauvers-sur-oise\/#primaryimage"},"image":{"@id":"https:\/\/www.sausseron-impressionnistes.fr\/index.php\/lespace-jeunes-dauvers-sur-oise\/#primaryimage"},"thumbnailUrl":"https:\/\/www.sausseron-impressionnistes.fr\/wp-content\/uploads\/2023\/07\/image-24.png","datePublished":"2021-03-01T15:49:26+00:00","dateModified":"2025-09-05T10:07:42+00:00","breadcrumb":{"@id":"https:\/\/www.sausseron-impressionnistes.fr\/index.php\/lespace-jeunes-dauvers-sur-oise\/#breadcrumb"},"inLanguage":"fr-FR","potentialAction":[{"@type":"ReadAction","target":["https:\/\/www.sausseron-impressionnistes.fr\/index.php\/lespace-jeunes-dauvers-sur-oise\/"]}]},{"@type":"ImageObject","inLanguage":"fr-FR","@id":"https:\/\/www.sausseron-impressionnistes.fr\/index.php\/lespace-jeunes-dauvers-sur-oise\/#primaryimage","url":"https:\/\/www.sausseron-impressionnistes.fr\/wp-content\/uploads\/2023\/07\/image-24.png","contentUrl":"https:\/\/www.sausseron-impressionnistes.fr\/wp-content\/uploads\/2023\/07\/image-24.png","width":1010,"height":445},{"@type":"BreadcrumbList","@id":"https:\/\/www.sausseron-impressionnistes.fr\/index.php\/lespace-jeunes-dauvers-sur-oise\/#breadcrumb","itemListElement":[{"@type":"ListItem","position":1,"name":"Accueil","item":"https:\/\/www.sausseron-impressionnistes.fr\/"},{"@type":"ListItem","position":2,"name":"L&rsquo;espace jeunes d&rsquo;Auvers-sur-Oise"}]},{"@type":"WebSite","@id":"https:\/\/www.sausseron-impressionnistes.fr\/#website","url":"https:\/\/www.sausseron-impressionnistes.fr\/","name":"Communaut\u00e9 de Communes Sausseron Impressionnistes","description":"","potentialAction":[{"@type":"SearchAction","target":{"@type":"EntryPoint","urlTemplate":"https:\/\/www.sausseron-impressionnistes.fr\/?s={search_term_string}"},"query-input":{"@type":"PropertyValueSpecification","valueRequired":true,"valueName":"search_term_string"}}],"inLanguage":"fr-FR"}]}},"_links":{"self":[{"href":"https:\/\/www.sausseron-impressionnistes.fr\/index.php\/wp-json\/wp\/v2\/pages\/415","targetHints":{"allow":["GET"]}}],"collection":[{"href":"https:\/\/www.sausseron-impressionnistes.fr\/index.php\/wp-json\/wp\/v2\/pages"}],"about":[{"href":"https:\/\/www.sausseron-impressionnistes.fr\/index.php\/wp-json\/wp\/v2\/types\/page"}],"author":[{"embeddable":true,"href":"https:\/\/www.sausseron-impressionnistes.fr\/index.php\/wp-json\/wp\/v2\/users\/1"}],"replies":[{"embeddable":true,"href":"https:\/\/www.sausseron-impressionnistes.fr\/index.php\/wp-json\/wp\/v2\/comments?post=415"}],"version-history":[{"count":4,"href":"https:\/\/www.sausseron-impressionnistes.fr\/index.php\/wp-json\/wp\/v2\/pages\/415\/revisions"}],"predecessor-version":[{"id":3381,"href":"https:\/\/www.sausseron-impressionnistes.fr\/index.php\/wp-json\/wp\/v2\/pages\/415\/revisions\/3381"}],"wp:attachment":[{"href":"https:\/\/www.sausseron-impressionnistes.fr\/index.php\/wp-json\/wp\/v2\/media?parent=415"}],"curies":[{"name":"wp","href":"https:\/\/api.w.org\/{rel}","templated":true}]}}