{"id":31,"date":"2021-02-25T14:25:48","date_gmt":"2021-02-25T13:25:48","guid":{"rendered":"http:\/\/www.sausseron-impressionnistes.fr\/?page_id=31"},"modified":"2021-03-02T16:03:36","modified_gmt":"2021-03-02T15:03:36","slug":"contact","status":"publish","type":"page","link":"https:\/\/www.sausseron-impressionnistes.fr\/index.php\/contact\/","title":{"rendered":"Initiatives citoyennes"},"content":{"rendered":"\n<div class=\"wp-block-image is-style-rounded\"><figure class=\"aligncenter size-large is-resized\"><img decoding=\"async\" src=\"https:\/\/www.sausseron-impressionnistes.fr\/wp-content\/uploads\/2021\/03\/jardine-ma-ville-auvers-1024x768.jpg\" alt=\"\" class=\"wp-image-338\" width=\"405\" height=\"303\" srcset=\"https:\/\/www.sausseron-impressionnistes.fr\/wp-content\/uploads\/2021\/03\/jardine-ma-ville-auvers-1024x768.jpg 1024w, https:\/\/www.sausseron-impressionnistes.fr\/wp-content\/uploads\/2021\/03\/jardine-ma-ville-auvers-300x225.jpg 300w, https:\/\/www.sausseron-impressionnistes.fr\/wp-content\/uploads\/2021\/03\/jardine-ma-ville-auvers-768x576.jpg 768w, https:\/\/www.sausseron-impressionnistes.fr\/wp-content\/uploads\/2021\/03\/jardine-ma-ville-auvers-1536x1152.jpg 1536w, https:\/\/www.sausseron-impressionnistes.fr\/wp-content\/uploads\/2021\/03\/jardine-ma-ville-auvers-2048x1536.jpg 2048w\" sizes=\"(max-width: 405px) 100vw, 405px\" \/><\/figure><\/div>\n\n\n\n<p>Depuis quelques ann\u00e9es les initiatives citoyennes pour la mise en place de petits espaces de potagers se multiplient sur le territoire.<\/p>\n\n\n\n<p>Ces projets, port\u00e9s par des communes, des personnes priv\u00e9es, ou les deux \u00e0 la fois, se d\u00e9clinent sous diff\u00e9rentes formes, \u00e9manant majoritairement de groupes de jardiniers amateurs mais impliquant aussi parfois des mara\u00eechers professionnels.<\/p>\n\n\n\n<p><strong><span class=\"has-inline-color has-vivid-green-cyan-color\">\u2022 jardin communautaire (Valmondois)<\/span><\/strong><\/p>\n\n\n\n<p><strong><span class=\"has-inline-color has-vivid-green-cyan-color\">\u2022 jardin potager et \u00ab je jardine ma ville \u00bb (Auvers-sur-oise)<\/span><\/strong><\/p>\n","protected":false},"excerpt":{"rendered":"<p>Depuis quelques ann\u00e9es les initiatives citoyennes pour la mise en place de petits espaces de potagers se multiplient sur le territoire. Ces projets, port\u00e9s par des communes, des personnes priv\u00e9es, ou les deux \u00e0 la fois, se d\u00e9clinent sous diff\u00e9rentes formes, \u00e9manant majoritairement de groupes de jardiniers amateurs mais impliquant aussi parfois des mara\u00eechers professionnels. &hellip; <\/p>\n<p class=\"link-more\"><a href=\"https:\/\/www.sausseron-impressionnistes.fr\/index.php\/contact\/\" class=\"more-link\">Continuer la lecture<span class=\"screen-reader-text\"> de &laquo;&nbsp;Initiatives citoyennes&nbsp;&raquo;<\/span><\/a><\/p>\n","protected":false},"author":1,"featured_media":0,"parent":0,"menu_order":0,"comment_status":"closed","ping_status":"closed","template":"","meta":{"footnotes":""},"class_list":["post-31","page","type-page","status-publish","hentry"],"yoast_head":"<!-- This site is optimized with the Yoast SEO plugin v27.4 - https:\/\/yoast.com\/product\/yoast-seo-wordpress\/ -->\n<title>Initiatives citoyennes - Communaut\u00e9 de Communes Sausseron Impressionnistes<\/title>\n<meta name=\"robots\" content=\"index, follow, max-snippet:-1, max-image-preview:large, max-video-preview:-1\" \/>\n<link rel=\"canonical\" href=\"https:\/\/www.sausseron-impressionnistes.fr\/index.php\/contact\/\" \/>\n<meta property=\"og:locale\" content=\"fr_FR\" \/>\n<meta property=\"og:type\" content=\"article\" \/>\n<meta property=\"og:title\" content=\"Initiatives citoyennes - Communaut\u00e9 de Communes Sausseron Impressionnistes\" \/>\n<meta property=\"og:description\" content=\"Depuis quelques ann\u00e9es les initiatives citoyennes pour la mise en place de petits espaces de potagers se multiplient sur le territoire. Ces projets, port\u00e9s par des communes, des personnes priv\u00e9es, ou les deux \u00e0 la fois, se d\u00e9clinent sous diff\u00e9rentes formes, \u00e9manant majoritairement de groupes de jardiniers amateurs mais impliquant aussi parfois des mara\u00eechers professionnels. &hellip; Continuer la lecture de &laquo;&nbsp;Initiatives citoyennes&nbsp;&raquo;\" \/>\n<meta property=\"og:url\" content=\"https:\/\/www.sausseron-impressionnistes.fr\/index.php\/contact\/\" \/>\n<meta property=\"og:site_name\" content=\"Communaut\u00e9 de Communes Sausseron Impressionnistes\" \/>\n<meta property=\"article:modified_time\" content=\"2021-03-02T15:03:36+00:00\" \/>\n<meta property=\"og:image\" content=\"http:\/\/www.sausseron-impressionnistes.fr\/wp-content\/uploads\/2021\/03\/jardine-ma-ville-auvers-1024x768.jpg\" \/>\n<meta name=\"twitter:card\" content=\"summary_large_image\" \/>\n<script type=\"application\/ld+json\" class=\"yoast-schema-graph\">{\"@context\":\"https:\\\/\\\/schema.org\",\"@graph\":[{\"@type\":\"WebPage\",\"@id\":\"https:\\\/\\\/www.sausseron-impressionnistes.fr\\\/index.php\\\/contact\\\/\",\"url\":\"https:\\\/\\\/www.sausseron-impressionnistes.fr\\\/index.php\\\/contact\\\/\",\"name\":\"Initiatives citoyennes - Communaut\u00e9 de Communes Sausseron Impressionnistes\",\"isPartOf\":{\"@id\":\"https:\\\/\\\/www.sausseron-impressionnistes.fr\\\/#website\"},\"primaryImageOfPage\":{\"@id\":\"https:\\\/\\\/www.sausseron-impressionnistes.fr\\\/index.php\\\/contact\\\/#primaryimage\"},\"image\":{\"@id\":\"https:\\\/\\\/www.sausseron-impressionnistes.fr\\\/index.php\\\/contact\\\/#primaryimage\"},\"thumbnailUrl\":\"http:\\\/\\\/www.sausseron-impressionnistes.fr\\\/wp-content\\\/uploads\\\/2021\\\/03\\\/jardine-ma-ville-auvers-1024x768.jpg\",\"datePublished\":\"2021-02-25T13:25:48+00:00\",\"dateModified\":\"2021-03-02T15:03:36+00:00\",\"breadcrumb\":{\"@id\":\"https:\\\/\\\/www.sausseron-impressionnistes.fr\\\/index.php\\\/contact\\\/#breadcrumb\"},\"inLanguage\":\"fr-FR\",\"potentialAction\":[{\"@type\":\"ReadAction\",\"target\":[\"https:\\\/\\\/www.sausseron-impressionnistes.fr\\\/index.php\\\/contact\\\/\"]}]},{\"@type\":\"ImageObject\",\"inLanguage\":\"fr-FR\",\"@id\":\"https:\\\/\\\/www.sausseron-impressionnistes.fr\\\/index.php\\\/contact\\\/#primaryimage\",\"url\":\"http:\\\/\\\/www.sausseron-impressionnistes.fr\\\/wp-content\\\/uploads\\\/2021\\\/03\\\/jardine-ma-ville-auvers-1024x768.jpg\",\"contentUrl\":\"http:\\\/\\\/www.sausseron-impressionnistes.fr\\\/wp-content\\\/uploads\\\/2021\\\/03\\\/jardine-ma-ville-auvers-1024x768.jpg\"},{\"@type\":\"BreadcrumbList\",\"@id\":\"https:\\\/\\\/www.sausseron-impressionnistes.fr\\\/index.php\\\/contact\\\/#breadcrumb\",\"itemListElement\":[{\"@type\":\"ListItem\",\"position\":1,\"name\":\"Accueil\",\"item\":\"https:\\\/\\\/www.sausseron-impressionnistes.fr\\\/\"},{\"@type\":\"ListItem\",\"position\":2,\"name\":\"Initiatives citoyennes\"}]},{\"@type\":\"WebSite\",\"@id\":\"https:\\\/\\\/www.sausseron-impressionnistes.fr\\\/#website\",\"url\":\"https:\\\/\\\/www.sausseron-impressionnistes.fr\\\/\",\"name\":\"Communaut\u00e9 de Communes Sausseron Impressionnistes\",\"description\":\"\",\"potentialAction\":[{\"@type\":\"SearchAction\",\"target\":{\"@type\":\"EntryPoint\",\"urlTemplate\":\"https:\\\/\\\/www.sausseron-impressionnistes.fr\\\/?s={search_term_string}\"},\"query-input\":{\"@type\":\"PropertyValueSpecification\",\"valueRequired\":true,\"valueName\":\"search_term_string\"}}],\"inLanguage\":\"fr-FR\"}]}<\/script>\n<!-- \/ Yoast SEO plugin. -->","yoast_head_json":{"title":"Initiatives citoyennes - Communaut\u00e9 de Communes Sausseron Impressionnistes","robots":{"index":"index","follow":"follow","max-snippet":"max-snippet:-1","max-image-preview":"max-image-preview:large","max-video-preview":"max-video-preview:-1"},"canonical":"https:\/\/www.sausseron-impressionnistes.fr\/index.php\/contact\/","og_locale":"fr_FR","og_type":"article","og_title":"Initiatives citoyennes - Communaut\u00e9 de Communes Sausseron Impressionnistes","og_description":"Depuis quelques ann\u00e9es les initiatives citoyennes pour la mise en place de petits espaces de potagers se multiplient sur le territoire. Ces projets, port\u00e9s par des communes, des personnes priv\u00e9es, ou les deux \u00e0 la fois, se d\u00e9clinent sous diff\u00e9rentes formes, \u00e9manant majoritairement de groupes de jardiniers amateurs mais impliquant aussi parfois des mara\u00eechers professionnels. &hellip; Continuer la lecture de &laquo;&nbsp;Initiatives citoyennes&nbsp;&raquo;","og_url":"https:\/\/www.sausseron-impressionnistes.fr\/index.php\/contact\/","og_site_name":"Communaut\u00e9 de Communes Sausseron Impressionnistes","article_modified_time":"2021-03-02T15:03:36+00:00","og_image":[{"url":"http:\/\/www.sausseron-impressionnistes.fr\/wp-content\/uploads\/2021\/03\/jardine-ma-ville-auvers-1024x768.jpg","type":"","width":"","height":""}],"twitter_card":"summary_large_image","schema":{"@context":"https:\/\/schema.org","@graph":[{"@type":"WebPage","@id":"https:\/\/www.sausseron-impressionnistes.fr\/index.php\/contact\/","url":"https:\/\/www.sausseron-impressionnistes.fr\/index.php\/contact\/","name":"Initiatives citoyennes - Communaut\u00e9 de Communes Sausseron Impressionnistes","isPartOf":{"@id":"https:\/\/www.sausseron-impressionnistes.fr\/#website"},"primaryImageOfPage":{"@id":"https:\/\/www.sausseron-impressionnistes.fr\/index.php\/contact\/#primaryimage"},"image":{"@id":"https:\/\/www.sausseron-impressionnistes.fr\/index.php\/contact\/#primaryimage"},"thumbnailUrl":"http:\/\/www.sausseron-impressionnistes.fr\/wp-content\/uploads\/2021\/03\/jardine-ma-ville-auvers-1024x768.jpg","datePublished":"2021-02-25T13:25:48+00:00","dateModified":"2021-03-02T15:03:36+00:00","breadcrumb":{"@id":"https:\/\/www.sausseron-impressionnistes.fr\/index.php\/contact\/#breadcrumb"},"inLanguage":"fr-FR","potentialAction":[{"@type":"ReadAction","target":["https:\/\/www.sausseron-impressionnistes.fr\/index.php\/contact\/"]}]},{"@type":"ImageObject","inLanguage":"fr-FR","@id":"https:\/\/www.sausseron-impressionnistes.fr\/index.php\/contact\/#primaryimage","url":"http:\/\/www.sausseron-impressionnistes.fr\/wp-content\/uploads\/2021\/03\/jardine-ma-ville-auvers-1024x768.jpg","contentUrl":"http:\/\/www.sausseron-impressionnistes.fr\/wp-content\/uploads\/2021\/03\/jardine-ma-ville-auvers-1024x768.jpg"},{"@type":"BreadcrumbList","@id":"https:\/\/www.sausseron-impressionnistes.fr\/index.php\/contact\/#breadcrumb","itemListElement":[{"@type":"ListItem","position":1,"name":"Accueil","item":"https:\/\/www.sausseron-impressionnistes.fr\/"},{"@type":"ListItem","position":2,"name":"Initiatives citoyennes"}]},{"@type":"WebSite","@id":"https:\/\/www.sausseron-impressionnistes.fr\/#website","url":"https:\/\/www.sausseron-impressionnistes.fr\/","name":"Communaut\u00e9 de Communes Sausseron Impressionnistes","description":"","potentialAction":[{"@type":"SearchAction","target":{"@type":"EntryPoint","urlTemplate":"https:\/\/www.sausseron-impressionnistes.fr\/?s={search_term_string}"},"query-input":{"@type":"PropertyValueSpecification","valueRequired":true,"valueName":"search_term_string"}}],"inLanguage":"fr-FR"}]}},"_links":{"self":[{"href":"https:\/\/www.sausseron-impressionnistes.fr\/index.php\/wp-json\/wp\/v2\/pages\/31","targetHints":{"allow":["GET"]}}],"collection":[{"href":"https:\/\/www.sausseron-impressionnistes.fr\/index.php\/wp-json\/wp\/v2\/pages"}],"about":[{"href":"https:\/\/www.sausseron-impressionnistes.fr\/index.php\/wp-json\/wp\/v2\/types\/page"}],"author":[{"embeddable":true,"href":"https:\/\/www.sausseron-impressionnistes.fr\/index.php\/wp-json\/wp\/v2\/users\/1"}],"replies":[{"embeddable":true,"href":"https:\/\/www.sausseron-impressionnistes.fr\/index.php\/wp-json\/wp\/v2\/comments?post=31"}],"version-history":[{"count":6,"href":"https:\/\/www.sausseron-impressionnistes.fr\/index.php\/wp-json\/wp\/v2\/pages\/31\/revisions"}],"predecessor-version":[{"id":513,"href":"https:\/\/www.sausseron-impressionnistes.fr\/index.php\/wp-json\/wp\/v2\/pages\/31\/revisions\/513"}],"wp:attachment":[{"href":"https:\/\/www.sausseron-impressionnistes.fr\/index.php\/wp-json\/wp\/v2\/media?parent=31"}],"curies":[{"name":"wp","href":"https:\/\/api.w.org\/{rel}","templated":true}]}}