{"id":3042,"date":"2025-01-23T14:33:35","date_gmt":"2025-01-23T13:33:35","guid":{"rendered":"https:\/\/www.sausseron-impressionnistes.fr\/?page_id=3042"},"modified":"2025-09-04T18:50:46","modified_gmt":"2025-09-04T16:50:46","slug":"fete-de-la-vallee-du-sausseron","status":"publish","type":"page","link":"https:\/\/www.sausseron-impressionnistes.fr\/index.php\/fete-de-la-vallee-du-sausseron\/","title":{"rendered":"F\u00eate de la vall\u00e9e du Sausseron"},"content":{"rendered":"\n<h2 class=\"wp-block-heading\"><strong>F\u00eate de la vall\u00e9e du Sausseron 2025<\/strong><\/h2>\n\n\n\n<p><strong>Dimanche 28 septembre \u00e0 FROUVILLE<\/strong><\/p>\n\n\n\n<div class=\"wp-block-columns is-layout-flex wp-container-core-columns-is-layout-9d6595d7 wp-block-columns-is-layout-flex\">\n<div class=\"wp-block-column is-layout-flow wp-block-column-is-layout-flow\">\n<figure class=\"wp-block-image size-full\"><img decoding=\"async\" width=\"496\" height=\"701\" src=\"https:\/\/www.sausseron-impressionnistes.fr\/wp-content\/uploads\/2025\/09\/Capture2-1.png\" alt=\"\" class=\"wp-image-3374\" srcset=\"https:\/\/www.sausseron-impressionnistes.fr\/wp-content\/uploads\/2025\/09\/Capture2-1.png 496w, https:\/\/www.sausseron-impressionnistes.fr\/wp-content\/uploads\/2025\/09\/Capture2-1-212x300.png 212w\" sizes=\"(max-width: 496px) 100vw, 496px\" \/><\/figure>\n<\/div>\n\n\n\n<div class=\"wp-block-column is-layout-flow wp-block-column-is-layout-flow\">\n<figure class=\"wp-block-image size-large\"><img decoding=\"async\" width=\"722\" height=\"1024\" src=\"https:\/\/www.sausseron-impressionnistes.fr\/wp-content\/uploads\/2025\/09\/IMG_7860-2-722x1024.jpg\" alt=\"\" class=\"wp-image-3375\" srcset=\"https:\/\/www.sausseron-impressionnistes.fr\/wp-content\/uploads\/2025\/09\/IMG_7860-2-722x1024.jpg 722w, https:\/\/www.sausseron-impressionnistes.fr\/wp-content\/uploads\/2025\/09\/IMG_7860-2-211x300.jpg 211w, https:\/\/www.sausseron-impressionnistes.fr\/wp-content\/uploads\/2025\/09\/IMG_7860-2-768x1090.jpg 768w, https:\/\/www.sausseron-impressionnistes.fr\/wp-content\/uploads\/2025\/09\/IMG_7860-2.jpg 948w\" sizes=\"(max-width: 722px) 100vw, 722px\" \/><\/figure>\n<\/div>\n<\/div>\n\n\n\n<div class=\"wp-block-columns is-layout-flex wp-container-core-columns-is-layout-9d6595d7 wp-block-columns-is-layout-flex\">\n<div class=\"wp-block-column is-layout-flow wp-block-column-is-layout-flow\">\n<hr class=\"wp-block-separator has-alpha-channel-opacity\"\/>\n<\/div>\n<\/div>\n\n\n\n<h2 class=\"wp-block-heading\"><strong>F\u00eate de la vall\u00e9e du Sausseron 2024<\/strong><\/h2>\n\n\n\n<figure class=\"wp-block-image size-full is-resized\"><img decoding=\"async\" width=\"551\" height=\"570\" src=\"https:\/\/www.sausseron-impressionnistes.fr\/wp-content\/uploads\/2025\/01\/Capture17.png\" alt=\"\" class=\"wp-image-3057\" style=\"width:674px;height:auto\" srcset=\"https:\/\/www.sausseron-impressionnistes.fr\/wp-content\/uploads\/2025\/01\/Capture17.png 551w, https:\/\/www.sausseron-impressionnistes.fr\/wp-content\/uploads\/2025\/01\/Capture17-290x300.png 290w\" sizes=\"(max-width: 551px) 100vw, 551px\" \/><\/figure>\n\n\n\n<figure class=\"wp-block-image size-full is-resized\"><img decoding=\"async\" width=\"548\" height=\"291\" src=\"https:\/\/www.sausseron-impressionnistes.fr\/wp-content\/uploads\/2025\/01\/Capture18.png\" alt=\"\" class=\"wp-image-3058\" style=\"width:674px;height:auto\" srcset=\"https:\/\/www.sausseron-impressionnistes.fr\/wp-content\/uploads\/2025\/01\/Capture18.png 548w, https:\/\/www.sausseron-impressionnistes.fr\/wp-content\/uploads\/2025\/01\/Capture18-300x159.png 300w\" sizes=\"(max-width: 548px) 100vw, 548px\" \/><\/figure>\n\n\n\n<p><strong>Cela fait maintenant 30 ans que le Comit\u00e9 d\u2019Animation de la Vall\u00e9e du Sausseron (CAVS) a \u00e9t\u00e9 cr\u00e9\u00e9 \u00e0 l\u2019initiative de M.G\u00e9rard Claudel.<\/strong><\/p>\n\n\n\n<p>Le principal objectif de l\u2019association est le partage de moments festifs, afin que les habitants des diff\u00e9rentes communes se rencontrent et apprennent \u00e0 mieux se conna\u00eetre au cours d\u2019une manifestation annuelle.<\/p>\n\n\n\n<p>L\u2019id\u00e9e retenue, pour rendre cette journ\u00e9e attrayante et attirante pour le plus grand nombre, a \u00e9t\u00e9, \u00e0 la suite d\u2019un repas champ\u00eatre, l\u2019organisation de jeux inter-villages entre des \u00e9quipes constitu\u00e9es dans les diff\u00e9rentes communes du canton.<\/p>\n\n\n\n<p>Ainsi est n\u00e9e&nbsp;<strong>\u00ab La F\u00eate de la vall\u00e9e du Sausseron \u00bb<\/strong>, devenue depuis la modification des cantons la \u00abF\u00eate intercommunale\u00bb, elle a lieu chaque ann\u00e9e au mois de septembre.<\/p>\n\n\n\n<p>Les b\u00e9n\u00e9fices de cette manifestation, lorsqu\u2019il y en a, permettent l\u2019achat de mat\u00e9riels, tels que barnums, tables ou bancs, qui sont \u00e0 la disposition des associations de nos communes ou lou\u00e9s aux particuliers qui en font la demande.<\/p>\n\n\n\n<p>Nombreux sont ceux qui en profitent r\u00e9guli\u00e8rement.<\/p>\n\n\n\n<p><strong>C\u2019est donc dans l\u2019int\u00e9r\u00eat de tous que fonctionne cette association au sein de notre Communaut\u00e9.<\/strong><\/p>\n","protected":false},"excerpt":{"rendered":"<p>F\u00eate de la vall\u00e9e du Sausseron 2025 Dimanche 28 septembre \u00e0 FROUVILLE F\u00eate de la vall\u00e9e du Sausseron 2024 Cela fait maintenant 30 ans que le Comit\u00e9 d\u2019Animation de la Vall\u00e9e du Sausseron (CAVS) a \u00e9t\u00e9 cr\u00e9\u00e9 \u00e0 l\u2019initiative de M.G\u00e9rard Claudel. Le principal objectif de l\u2019association est le partage de moments festifs, afin que &hellip; <\/p>\n<p class=\"link-more\"><a href=\"https:\/\/www.sausseron-impressionnistes.fr\/index.php\/fete-de-la-vallee-du-sausseron\/\" class=\"more-link\">Continuer la lecture<span class=\"screen-reader-text\"> de &laquo;&nbsp;F\u00eate de la vall\u00e9e du Sausseron&nbsp;&raquo;<\/span><\/a><\/p>\n","protected":false},"author":1,"featured_media":0,"parent":0,"menu_order":0,"comment_status":"closed","ping_status":"closed","template":"","meta":{"footnotes":""},"class_list":["post-3042","page","type-page","status-publish","hentry"],"yoast_head":"<!-- This site is optimized with the Yoast SEO plugin v27.4 - https:\/\/yoast.com\/product\/yoast-seo-wordpress\/ -->\n<title>F\u00eate de la vall\u00e9e du Sausseron - Communaut\u00e9 de Communes Sausseron Impressionnistes<\/title>\n<meta name=\"robots\" content=\"index, follow, max-snippet:-1, max-image-preview:large, max-video-preview:-1\" \/>\n<link rel=\"canonical\" href=\"https:\/\/www.sausseron-impressionnistes.fr\/index.php\/fete-de-la-vallee-du-sausseron\/\" \/>\n<meta property=\"og:locale\" content=\"fr_FR\" \/>\n<meta property=\"og:type\" content=\"article\" \/>\n<meta property=\"og:title\" content=\"F\u00eate de la vall\u00e9e du Sausseron - Communaut\u00e9 de Communes Sausseron Impressionnistes\" \/>\n<meta property=\"og:description\" content=\"F\u00eate de la vall\u00e9e du Sausseron 2025 Dimanche 28 septembre \u00e0 FROUVILLE F\u00eate de la vall\u00e9e du Sausseron 2024 Cela fait maintenant 30 ans que le Comit\u00e9 d\u2019Animation de la Vall\u00e9e du Sausseron (CAVS) a \u00e9t\u00e9 cr\u00e9\u00e9 \u00e0 l\u2019initiative de M.G\u00e9rard Claudel. Le principal objectif de l\u2019association est le partage de moments festifs, afin que &hellip; Continuer la lecture de &laquo;&nbsp;F\u00eate de la vall\u00e9e du Sausseron&nbsp;&raquo;\" \/>\n<meta property=\"og:url\" content=\"https:\/\/www.sausseron-impressionnistes.fr\/index.php\/fete-de-la-vallee-du-sausseron\/\" \/>\n<meta property=\"og:site_name\" content=\"Communaut\u00e9 de Communes Sausseron Impressionnistes\" \/>\n<meta property=\"article:modified_time\" content=\"2025-09-04T16:50:46+00:00\" \/>\n<meta property=\"og:image\" content=\"https:\/\/www.sausseron-impressionnistes.fr\/wp-content\/uploads\/2025\/09\/Capture2-1.png\" \/>\n\t<meta property=\"og:image:width\" content=\"496\" \/>\n\t<meta property=\"og:image:height\" content=\"701\" \/>\n\t<meta property=\"og:image:type\" content=\"image\/png\" \/>\n<meta name=\"twitter:card\" content=\"summary_large_image\" \/>\n<meta name=\"twitter:label1\" content=\"Dur\u00e9e de lecture estim\u00e9e\" \/>\n\t<meta name=\"twitter:data1\" content=\"2 minutes\" \/>\n<script type=\"application\/ld+json\" class=\"yoast-schema-graph\">{\"@context\":\"https:\\\/\\\/schema.org\",\"@graph\":[{\"@type\":\"WebPage\",\"@id\":\"https:\\\/\\\/www.sausseron-impressionnistes.fr\\\/index.php\\\/fete-de-la-vallee-du-sausseron\\\/\",\"url\":\"https:\\\/\\\/www.sausseron-impressionnistes.fr\\\/index.php\\\/fete-de-la-vallee-du-sausseron\\\/\",\"name\":\"F\u00eate de la vall\u00e9e du Sausseron - Communaut\u00e9 de Communes Sausseron Impressionnistes\",\"isPartOf\":{\"@id\":\"https:\\\/\\\/www.sausseron-impressionnistes.fr\\\/#website\"},\"primaryImageOfPage\":{\"@id\":\"https:\\\/\\\/www.sausseron-impressionnistes.fr\\\/index.php\\\/fete-de-la-vallee-du-sausseron\\\/#primaryimage\"},\"image\":{\"@id\":\"https:\\\/\\\/www.sausseron-impressionnistes.fr\\\/index.php\\\/fete-de-la-vallee-du-sausseron\\\/#primaryimage\"},\"thumbnailUrl\":\"https:\\\/\\\/www.sausseron-impressionnistes.fr\\\/wp-content\\\/uploads\\\/2025\\\/09\\\/Capture2-1.png\",\"datePublished\":\"2025-01-23T13:33:35+00:00\",\"dateModified\":\"2025-09-04T16:50:46+00:00\",\"breadcrumb\":{\"@id\":\"https:\\\/\\\/www.sausseron-impressionnistes.fr\\\/index.php\\\/fete-de-la-vallee-du-sausseron\\\/#breadcrumb\"},\"inLanguage\":\"fr-FR\",\"potentialAction\":[{\"@type\":\"ReadAction\",\"target\":[\"https:\\\/\\\/www.sausseron-impressionnistes.fr\\\/index.php\\\/fete-de-la-vallee-du-sausseron\\\/\"]}]},{\"@type\":\"ImageObject\",\"inLanguage\":\"fr-FR\",\"@id\":\"https:\\\/\\\/www.sausseron-impressionnistes.fr\\\/index.php\\\/fete-de-la-vallee-du-sausseron\\\/#primaryimage\",\"url\":\"https:\\\/\\\/www.sausseron-impressionnistes.fr\\\/wp-content\\\/uploads\\\/2025\\\/09\\\/Capture2-1.png\",\"contentUrl\":\"https:\\\/\\\/www.sausseron-impressionnistes.fr\\\/wp-content\\\/uploads\\\/2025\\\/09\\\/Capture2-1.png\",\"width\":496,\"height\":701},{\"@type\":\"BreadcrumbList\",\"@id\":\"https:\\\/\\\/www.sausseron-impressionnistes.fr\\\/index.php\\\/fete-de-la-vallee-du-sausseron\\\/#breadcrumb\",\"itemListElement\":[{\"@type\":\"ListItem\",\"position\":1,\"name\":\"Accueil\",\"item\":\"https:\\\/\\\/www.sausseron-impressionnistes.fr\\\/\"},{\"@type\":\"ListItem\",\"position\":2,\"name\":\"F\u00eate de la vall\u00e9e du Sausseron\"}]},{\"@type\":\"WebSite\",\"@id\":\"https:\\\/\\\/www.sausseron-impressionnistes.fr\\\/#website\",\"url\":\"https:\\\/\\\/www.sausseron-impressionnistes.fr\\\/\",\"name\":\"Communaut\u00e9 de Communes Sausseron Impressionnistes\",\"description\":\"\",\"potentialAction\":[{\"@type\":\"SearchAction\",\"target\":{\"@type\":\"EntryPoint\",\"urlTemplate\":\"https:\\\/\\\/www.sausseron-impressionnistes.fr\\\/?s={search_term_string}\"},\"query-input\":{\"@type\":\"PropertyValueSpecification\",\"valueRequired\":true,\"valueName\":\"search_term_string\"}}],\"inLanguage\":\"fr-FR\"}]}<\/script>\n<!-- \/ Yoast SEO plugin. -->","yoast_head_json":{"title":"F\u00eate de la vall\u00e9e du Sausseron - Communaut\u00e9 de Communes Sausseron Impressionnistes","robots":{"index":"index","follow":"follow","max-snippet":"max-snippet:-1","max-image-preview":"max-image-preview:large","max-video-preview":"max-video-preview:-1"},"canonical":"https:\/\/www.sausseron-impressionnistes.fr\/index.php\/fete-de-la-vallee-du-sausseron\/","og_locale":"fr_FR","og_type":"article","og_title":"F\u00eate de la vall\u00e9e du Sausseron - Communaut\u00e9 de Communes Sausseron Impressionnistes","og_description":"F\u00eate de la vall\u00e9e du Sausseron 2025 Dimanche 28 septembre \u00e0 FROUVILLE F\u00eate de la vall\u00e9e du Sausseron 2024 Cela fait maintenant 30 ans que le Comit\u00e9 d\u2019Animation de la Vall\u00e9e du Sausseron (CAVS) a \u00e9t\u00e9 cr\u00e9\u00e9 \u00e0 l\u2019initiative de M.G\u00e9rard Claudel. Le principal objectif de l\u2019association est le partage de moments festifs, afin que &hellip; Continuer la lecture de &laquo;&nbsp;F\u00eate de la vall\u00e9e du Sausseron&nbsp;&raquo;","og_url":"https:\/\/www.sausseron-impressionnistes.fr\/index.php\/fete-de-la-vallee-du-sausseron\/","og_site_name":"Communaut\u00e9 de Communes Sausseron Impressionnistes","article_modified_time":"2025-09-04T16:50:46+00:00","og_image":[{"width":496,"height":701,"url":"https:\/\/www.sausseron-impressionnistes.fr\/wp-content\/uploads\/2025\/09\/Capture2-1.png","type":"image\/png"}],"twitter_card":"summary_large_image","twitter_misc":{"Dur\u00e9e de lecture estim\u00e9e":"2 minutes"},"schema":{"@context":"https:\/\/schema.org","@graph":[{"@type":"WebPage","@id":"https:\/\/www.sausseron-impressionnistes.fr\/index.php\/fete-de-la-vallee-du-sausseron\/","url":"https:\/\/www.sausseron-impressionnistes.fr\/index.php\/fete-de-la-vallee-du-sausseron\/","name":"F\u00eate de la vall\u00e9e du Sausseron - Communaut\u00e9 de Communes Sausseron Impressionnistes","isPartOf":{"@id":"https:\/\/www.sausseron-impressionnistes.fr\/#website"},"primaryImageOfPage":{"@id":"https:\/\/www.sausseron-impressionnistes.fr\/index.php\/fete-de-la-vallee-du-sausseron\/#primaryimage"},"image":{"@id":"https:\/\/www.sausseron-impressionnistes.fr\/index.php\/fete-de-la-vallee-du-sausseron\/#primaryimage"},"thumbnailUrl":"https:\/\/www.sausseron-impressionnistes.fr\/wp-content\/uploads\/2025\/09\/Capture2-1.png","datePublished":"2025-01-23T13:33:35+00:00","dateModified":"2025-09-04T16:50:46+00:00","breadcrumb":{"@id":"https:\/\/www.sausseron-impressionnistes.fr\/index.php\/fete-de-la-vallee-du-sausseron\/#breadcrumb"},"inLanguage":"fr-FR","potentialAction":[{"@type":"ReadAction","target":["https:\/\/www.sausseron-impressionnistes.fr\/index.php\/fete-de-la-vallee-du-sausseron\/"]}]},{"@type":"ImageObject","inLanguage":"fr-FR","@id":"https:\/\/www.sausseron-impressionnistes.fr\/index.php\/fete-de-la-vallee-du-sausseron\/#primaryimage","url":"https:\/\/www.sausseron-impressionnistes.fr\/wp-content\/uploads\/2025\/09\/Capture2-1.png","contentUrl":"https:\/\/www.sausseron-impressionnistes.fr\/wp-content\/uploads\/2025\/09\/Capture2-1.png","width":496,"height":701},{"@type":"BreadcrumbList","@id":"https:\/\/www.sausseron-impressionnistes.fr\/index.php\/fete-de-la-vallee-du-sausseron\/#breadcrumb","itemListElement":[{"@type":"ListItem","position":1,"name":"Accueil","item":"https:\/\/www.sausseron-impressionnistes.fr\/"},{"@type":"ListItem","position":2,"name":"F\u00eate de la vall\u00e9e du Sausseron"}]},{"@type":"WebSite","@id":"https:\/\/www.sausseron-impressionnistes.fr\/#website","url":"https:\/\/www.sausseron-impressionnistes.fr\/","name":"Communaut\u00e9 de Communes Sausseron Impressionnistes","description":"","potentialAction":[{"@type":"SearchAction","target":{"@type":"EntryPoint","urlTemplate":"https:\/\/www.sausseron-impressionnistes.fr\/?s={search_term_string}"},"query-input":{"@type":"PropertyValueSpecification","valueRequired":true,"valueName":"search_term_string"}}],"inLanguage":"fr-FR"}]}},"_links":{"self":[{"href":"https:\/\/www.sausseron-impressionnistes.fr\/index.php\/wp-json\/wp\/v2\/pages\/3042","targetHints":{"allow":["GET"]}}],"collection":[{"href":"https:\/\/www.sausseron-impressionnistes.fr\/index.php\/wp-json\/wp\/v2\/pages"}],"about":[{"href":"https:\/\/www.sausseron-impressionnistes.fr\/index.php\/wp-json\/wp\/v2\/types\/page"}],"author":[{"embeddable":true,"href":"https:\/\/www.sausseron-impressionnistes.fr\/index.php\/wp-json\/wp\/v2\/users\/1"}],"replies":[{"embeddable":true,"href":"https:\/\/www.sausseron-impressionnistes.fr\/index.php\/wp-json\/wp\/v2\/comments?post=3042"}],"version-history":[{"count":3,"href":"https:\/\/www.sausseron-impressionnistes.fr\/index.php\/wp-json\/wp\/v2\/pages\/3042\/revisions"}],"predecessor-version":[{"id":3376,"href":"https:\/\/www.sausseron-impressionnistes.fr\/index.php\/wp-json\/wp\/v2\/pages\/3042\/revisions\/3376"}],"wp:attachment":[{"href":"https:\/\/www.sausseron-impressionnistes.fr\/index.php\/wp-json\/wp\/v2\/media?parent=3042"}],"curies":[{"name":"wp","href":"https:\/\/api.w.org\/{rel}","templated":true}]}}