{"id":2960,"date":"2025-01-10T14:45:32","date_gmt":"2025-01-10T13:45:32","guid":{"rendered":"https:\/\/www.sausseron-impressionnistes.fr\/?page_id=2960"},"modified":"2026-01-12T11:50:51","modified_gmt":"2026-01-12T10:50:51","slug":"festival-off-sausseron-impressionnistes","status":"publish","type":"page","link":"https:\/\/www.sausseron-impressionnistes.fr\/index.php\/festival-off-sausseron-impressionnistes\/","title":{"rendered":"Festival OFF Sausseron Impressionnistes"},"content":{"rendered":"\n<figure class=\"wp-block-image is-resized\"><img decoding=\"async\" width=\"780\" height=\"776\" src=\"https:\/\/www.sausseron-impressionnistes.fr\/wp-content\/uploads\/2025\/01\/logo-3-festival-Auvers.png\" alt=\"\" class=\"wp-image-2955\" style=\"width:152px;height:auto\" srcset=\"https:\/\/www.sausseron-impressionnistes.fr\/wp-content\/uploads\/2025\/01\/logo-3-festival-Auvers.png 780w, https:\/\/www.sausseron-impressionnistes.fr\/wp-content\/uploads\/2025\/01\/logo-3-festival-Auvers-300x298.png 300w, https:\/\/www.sausseron-impressionnistes.fr\/wp-content\/uploads\/2025\/01\/logo-3-festival-Auvers-150x150.png 150w, https:\/\/www.sausseron-impressionnistes.fr\/wp-content\/uploads\/2025\/01\/logo-3-festival-Auvers-768x764.png 768w, https:\/\/www.sausseron-impressionnistes.fr\/wp-content\/uploads\/2025\/01\/logo-3-festival-Auvers-100x100.png 100w\" sizes=\"(max-width: 706px) 89vw, (max-width: 767px) 82vw, 740px\" \/><\/figure>\n\n\n\n<h2 class=\"wp-block-heading\"><strong>Festival OFF Sausseron Impressionnistes<\/strong><\/h2>\n\n\n\n<p>Le Off du Festival d\u2019Auvers, lanc\u00e9 lors de la quaranti\u00e8me \u00e9dition du festival, est port\u00e9 par la communaut\u00e9 de communes Sausseron Impressionniste (<strong>CCSI<\/strong>) avec l\u2019objectif d\u2019amener de jeunes artistes dans les petites communes du territoire.<\/p>\n\n\n\n<p>Ce sont ainsi plusieurs concerts gratuits, sur r\u00e9servation, qui sont donn\u00e9s dans les villages des 15 communes de la CCSI : <strong>Auvers-sur-Oise,&nbsp;Valmondois, Butry-sur-Oise, Labbeville, \u00c9piais-Rhus, Livilliers, Vallangoujard, H\u00e9douville, Ennery, Frouville, Arronville, Nesles-la -Vall\u00e9e, M\u00e9nouville, G\u00e9nicourt, H\u00e9rouville-en-Vexin<\/strong>. Une belle occasion d\u2019aiguiser la curiosit\u00e9 des habitants avec des invit\u00e9s de choix.<\/p>\n\n\n\n<figure class=\"wp-block-gallery has-nested-images columns-default is-cropped wp-block-gallery-1 is-layout-flex wp-block-gallery-is-layout-flex\">\n<figure class=\"wp-block-image size-large\"><img decoding=\"async\" width=\"345\" height=\"245\" data-id=\"2956\" src=\"https:\/\/www.sausseron-impressionnistes.fr\/wp-content\/uploads\/2025\/01\/Monica-Zhang_box2.png\" alt=\"\" class=\"wp-image-2956\" srcset=\"https:\/\/www.sausseron-impressionnistes.fr\/wp-content\/uploads\/2025\/01\/Monica-Zhang_box2.png 345w, https:\/\/www.sausseron-impressionnistes.fr\/wp-content\/uploads\/2025\/01\/Monica-Zhang_box2-300x213.png 300w\" sizes=\"(max-width: 345px) 100vw, 345px\" \/><\/figure>\n\n\n\n<figure class=\"wp-block-image size-large\"><img decoding=\"async\" width=\"764\" height=\"1024\" data-id=\"3534\" src=\"https:\/\/www.sausseron-impressionnistes.fr\/wp-content\/uploads\/2026\/01\/OFF-Tempo-1-Six-voix-dans-la-nuit-2-\u00a9DR-764x1024.jpg\" alt=\"\" class=\"wp-image-3534\" srcset=\"https:\/\/www.sausseron-impressionnistes.fr\/wp-content\/uploads\/2026\/01\/OFF-Tempo-1-Six-voix-dans-la-nuit-2-\u00a9DR-764x1024.jpg 764w, https:\/\/www.sausseron-impressionnistes.fr\/wp-content\/uploads\/2026\/01\/OFF-Tempo-1-Six-voix-dans-la-nuit-2-\u00a9DR-224x300.jpg 224w, https:\/\/www.sausseron-impressionnistes.fr\/wp-content\/uploads\/2026\/01\/OFF-Tempo-1-Six-voix-dans-la-nuit-2-\u00a9DR-768x1030.jpg 768w, https:\/\/www.sausseron-impressionnistes.fr\/wp-content\/uploads\/2026\/01\/OFF-Tempo-1-Six-voix-dans-la-nuit-2-\u00a9DR-1145x1536.jpg 1145w, https:\/\/www.sausseron-impressionnistes.fr\/wp-content\/uploads\/2026\/01\/OFF-Tempo-1-Six-voix-dans-la-nuit-2-\u00a9DR.jpg 1360w\" sizes=\"(max-width: 706px) 89vw, (max-width: 767px) 82vw, 740px\" \/><\/figure>\n<\/figure>\n\n\n\n<p>T<strong>oute la programmation&nbsp;<\/strong>:&nbsp;<a href=\"https:\/\/festival-auvers.com\/category\/programmation\/le-off\">https:\/\/festival-auvers.com\/category\/programmation\/le-off<\/a><\/p>\n\n\n\n<p><a href=\"https:\/\/online.flippingbook.com\/view\/245809175\/\">FAO-DEPLIANT FESTIVAL OFF 2026<\/a><\/p>\n\n\n\n<p><strong>Festival OFF<\/strong>&nbsp;\u279e&nbsp;gratuit sur r\u00e9servation<\/p>\n\n\n\n<p><strong>Billetterie<\/strong>&nbsp;:&nbsp;<a href=\"https:\/\/indiv.themisweb.fr\/0691\/home.aspx?idstructure=0691\">https:\/\/indiv.themisweb.fr\/0691\/home.aspx?idstructure=0691<\/a><\/p>\n\n\n\n<p><strong>Festival IN <\/strong><\/p>\n\n\n\n<p>Retrouvez toute la programmation du festival : <a href=\"http:\/\/www.festival-auvers.com\">www.festival-auvers.com<\/a><\/p>\n\n\n\n<p><\/p>\n\n\n\n<h4 class=\"wp-block-heading\">Festival d\u2019Auvers<br>5 avenue Marcel Perrin<br>95540 M\u00e9ry-sur-Oise<\/h4>\n\n\n\n<p><strong>Lundi :<\/strong>&nbsp;14h-18h<br><strong>Mardi au vendredi :<\/strong>&nbsp;10h-13h \/ 14h-18h<\/p>\n\n\n\n<p><strong>Billetterie en ligne :<\/strong>&nbsp;www.festival-auvers.com<br><strong>Billetterie :<\/strong>&nbsp;01 30 36 77 77<br><strong>Par email :<\/strong><a href=\"mailto:billetterie@festival-auvers.com\"> billetterie@festival-auvers.com<\/a><\/p>\n\n\n\n<p><strong>Administration :<\/strong>&nbsp;01 30 36 70 82<br><strong>Par email :<\/strong><a href=\"mailto:festauvers@gmail.com\">festauvers@gmail.com<\/a><\/p>\n","protected":false},"excerpt":{"rendered":"<p>Festival OFF Sausseron Impressionnistes Le Off du Festival d\u2019Auvers, lanc\u00e9 lors de la quaranti\u00e8me \u00e9dition du festival, est port\u00e9 par la communaut\u00e9 de communes Sausseron Impressionniste (CCSI) avec l\u2019objectif d\u2019amener de jeunes artistes dans les petites communes du territoire. Ce sont ainsi plusieurs concerts gratuits, sur r\u00e9servation, qui sont donn\u00e9s dans les villages des 15 &hellip; <\/p>\n<p class=\"link-more\"><a href=\"https:\/\/www.sausseron-impressionnistes.fr\/index.php\/festival-off-sausseron-impressionnistes\/\" class=\"more-link\">Continuer la lecture<span class=\"screen-reader-text\"> de &laquo;&nbsp;Festival OFF Sausseron Impressionnistes&nbsp;&raquo;<\/span><\/a><\/p>\n","protected":false},"author":1,"featured_media":0,"parent":0,"menu_order":0,"comment_status":"closed","ping_status":"closed","template":"","meta":{"footnotes":""},"class_list":["post-2960","page","type-page","status-publish","hentry"],"yoast_head":"<!-- This site is optimized with the Yoast SEO plugin v27.4 - https:\/\/yoast.com\/product\/yoast-seo-wordpress\/ -->\n<title>Festival OFF Sausseron Impressionnistes - Communaut\u00e9 de Communes Sausseron Impressionnistes<\/title>\n<meta name=\"robots\" content=\"index, follow, max-snippet:-1, max-image-preview:large, max-video-preview:-1\" \/>\n<link rel=\"canonical\" href=\"https:\/\/www.sausseron-impressionnistes.fr\/index.php\/festival-off-sausseron-impressionnistes\/\" \/>\n<meta property=\"og:locale\" content=\"fr_FR\" \/>\n<meta property=\"og:type\" content=\"article\" \/>\n<meta property=\"og:title\" content=\"Festival OFF Sausseron Impressionnistes - Communaut\u00e9 de Communes Sausseron Impressionnistes\" \/>\n<meta property=\"og:description\" content=\"Festival OFF Sausseron Impressionnistes Le Off du Festival d\u2019Auvers, lanc\u00e9 lors de la quaranti\u00e8me \u00e9dition du festival, est port\u00e9 par la communaut\u00e9 de communes Sausseron Impressionniste (CCSI) avec l\u2019objectif d\u2019amener de jeunes artistes dans les petites communes du territoire. Ce sont ainsi plusieurs concerts gratuits, sur r\u00e9servation, qui sont donn\u00e9s dans les villages des 15 &hellip; Continuer la lecture de &laquo;&nbsp;Festival OFF Sausseron Impressionnistes&nbsp;&raquo;\" \/>\n<meta property=\"og:url\" content=\"https:\/\/www.sausseron-impressionnistes.fr\/index.php\/festival-off-sausseron-impressionnistes\/\" \/>\n<meta property=\"og:site_name\" content=\"Communaut\u00e9 de Communes Sausseron Impressionnistes\" \/>\n<meta property=\"article:modified_time\" content=\"2026-01-12T10:50:51+00:00\" \/>\n<meta property=\"og:image\" content=\"https:\/\/www.sausseron-impressionnistes.fr\/wp-content\/uploads\/2025\/01\/logo-3-festival-Auvers.png\" \/>\n\t<meta property=\"og:image:width\" content=\"780\" \/>\n\t<meta property=\"og:image:height\" content=\"776\" \/>\n\t<meta property=\"og:image:type\" content=\"image\/png\" \/>\n<meta name=\"twitter:card\" content=\"summary_large_image\" \/>\n<meta name=\"twitter:label1\" content=\"Dur\u00e9e de lecture estim\u00e9e\" \/>\n\t<meta name=\"twitter:data1\" content=\"2 minutes\" \/>\n<script type=\"application\/ld+json\" class=\"yoast-schema-graph\">{\"@context\":\"https:\\\/\\\/schema.org\",\"@graph\":[{\"@type\":\"WebPage\",\"@id\":\"https:\\\/\\\/www.sausseron-impressionnistes.fr\\\/index.php\\\/festival-off-sausseron-impressionnistes\\\/\",\"url\":\"https:\\\/\\\/www.sausseron-impressionnistes.fr\\\/index.php\\\/festival-off-sausseron-impressionnistes\\\/\",\"name\":\"Festival OFF Sausseron Impressionnistes - Communaut\u00e9 de Communes Sausseron Impressionnistes\",\"isPartOf\":{\"@id\":\"https:\\\/\\\/www.sausseron-impressionnistes.fr\\\/#website\"},\"primaryImageOfPage\":{\"@id\":\"https:\\\/\\\/www.sausseron-impressionnistes.fr\\\/index.php\\\/festival-off-sausseron-impressionnistes\\\/#primaryimage\"},\"image\":{\"@id\":\"https:\\\/\\\/www.sausseron-impressionnistes.fr\\\/index.php\\\/festival-off-sausseron-impressionnistes\\\/#primaryimage\"},\"thumbnailUrl\":\"https:\\\/\\\/www.sausseron-impressionnistes.fr\\\/wp-content\\\/uploads\\\/2025\\\/01\\\/logo-3-festival-Auvers.png\",\"datePublished\":\"2025-01-10T13:45:32+00:00\",\"dateModified\":\"2026-01-12T10:50:51+00:00\",\"breadcrumb\":{\"@id\":\"https:\\\/\\\/www.sausseron-impressionnistes.fr\\\/index.php\\\/festival-off-sausseron-impressionnistes\\\/#breadcrumb\"},\"inLanguage\":\"fr-FR\",\"potentialAction\":[{\"@type\":\"ReadAction\",\"target\":[\"https:\\\/\\\/www.sausseron-impressionnistes.fr\\\/index.php\\\/festival-off-sausseron-impressionnistes\\\/\"]}]},{\"@type\":\"ImageObject\",\"inLanguage\":\"fr-FR\",\"@id\":\"https:\\\/\\\/www.sausseron-impressionnistes.fr\\\/index.php\\\/festival-off-sausseron-impressionnistes\\\/#primaryimage\",\"url\":\"https:\\\/\\\/www.sausseron-impressionnistes.fr\\\/wp-content\\\/uploads\\\/2025\\\/01\\\/logo-3-festival-Auvers.png\",\"contentUrl\":\"https:\\\/\\\/www.sausseron-impressionnistes.fr\\\/wp-content\\\/uploads\\\/2025\\\/01\\\/logo-3-festival-Auvers.png\",\"width\":780,\"height\":776},{\"@type\":\"BreadcrumbList\",\"@id\":\"https:\\\/\\\/www.sausseron-impressionnistes.fr\\\/index.php\\\/festival-off-sausseron-impressionnistes\\\/#breadcrumb\",\"itemListElement\":[{\"@type\":\"ListItem\",\"position\":1,\"name\":\"Accueil\",\"item\":\"https:\\\/\\\/www.sausseron-impressionnistes.fr\\\/\"},{\"@type\":\"ListItem\",\"position\":2,\"name\":\"Festival OFF Sausseron Impressionnistes\"}]},{\"@type\":\"WebSite\",\"@id\":\"https:\\\/\\\/www.sausseron-impressionnistes.fr\\\/#website\",\"url\":\"https:\\\/\\\/www.sausseron-impressionnistes.fr\\\/\",\"name\":\"Communaut\u00e9 de Communes Sausseron Impressionnistes\",\"description\":\"\",\"potentialAction\":[{\"@type\":\"SearchAction\",\"target\":{\"@type\":\"EntryPoint\",\"urlTemplate\":\"https:\\\/\\\/www.sausseron-impressionnistes.fr\\\/?s={search_term_string}\"},\"query-input\":{\"@type\":\"PropertyValueSpecification\",\"valueRequired\":true,\"valueName\":\"search_term_string\"}}],\"inLanguage\":\"fr-FR\"}]}<\/script>\n<!-- \/ Yoast SEO plugin. -->","yoast_head_json":{"title":"Festival OFF Sausseron Impressionnistes - Communaut\u00e9 de Communes Sausseron Impressionnistes","robots":{"index":"index","follow":"follow","max-snippet":"max-snippet:-1","max-image-preview":"max-image-preview:large","max-video-preview":"max-video-preview:-1"},"canonical":"https:\/\/www.sausseron-impressionnistes.fr\/index.php\/festival-off-sausseron-impressionnistes\/","og_locale":"fr_FR","og_type":"article","og_title":"Festival OFF Sausseron Impressionnistes - Communaut\u00e9 de Communes Sausseron Impressionnistes","og_description":"Festival OFF Sausseron Impressionnistes Le Off du Festival d\u2019Auvers, lanc\u00e9 lors de la quaranti\u00e8me \u00e9dition du festival, est port\u00e9 par la communaut\u00e9 de communes Sausseron Impressionniste (CCSI) avec l\u2019objectif d\u2019amener de jeunes artistes dans les petites communes du territoire. Ce sont ainsi plusieurs concerts gratuits, sur r\u00e9servation, qui sont donn\u00e9s dans les villages des 15 &hellip; Continuer la lecture de &laquo;&nbsp;Festival OFF Sausseron Impressionnistes&nbsp;&raquo;","og_url":"https:\/\/www.sausseron-impressionnistes.fr\/index.php\/festival-off-sausseron-impressionnistes\/","og_site_name":"Communaut\u00e9 de Communes Sausseron Impressionnistes","article_modified_time":"2026-01-12T10:50:51+00:00","og_image":[{"width":780,"height":776,"url":"https:\/\/www.sausseron-impressionnistes.fr\/wp-content\/uploads\/2025\/01\/logo-3-festival-Auvers.png","type":"image\/png"}],"twitter_card":"summary_large_image","twitter_misc":{"Dur\u00e9e de lecture estim\u00e9e":"2 minutes"},"schema":{"@context":"https:\/\/schema.org","@graph":[{"@type":"WebPage","@id":"https:\/\/www.sausseron-impressionnistes.fr\/index.php\/festival-off-sausseron-impressionnistes\/","url":"https:\/\/www.sausseron-impressionnistes.fr\/index.php\/festival-off-sausseron-impressionnistes\/","name":"Festival OFF Sausseron Impressionnistes - Communaut\u00e9 de Communes Sausseron Impressionnistes","isPartOf":{"@id":"https:\/\/www.sausseron-impressionnistes.fr\/#website"},"primaryImageOfPage":{"@id":"https:\/\/www.sausseron-impressionnistes.fr\/index.php\/festival-off-sausseron-impressionnistes\/#primaryimage"},"image":{"@id":"https:\/\/www.sausseron-impressionnistes.fr\/index.php\/festival-off-sausseron-impressionnistes\/#primaryimage"},"thumbnailUrl":"https:\/\/www.sausseron-impressionnistes.fr\/wp-content\/uploads\/2025\/01\/logo-3-festival-Auvers.png","datePublished":"2025-01-10T13:45:32+00:00","dateModified":"2026-01-12T10:50:51+00:00","breadcrumb":{"@id":"https:\/\/www.sausseron-impressionnistes.fr\/index.php\/festival-off-sausseron-impressionnistes\/#breadcrumb"},"inLanguage":"fr-FR","potentialAction":[{"@type":"ReadAction","target":["https:\/\/www.sausseron-impressionnistes.fr\/index.php\/festival-off-sausseron-impressionnistes\/"]}]},{"@type":"ImageObject","inLanguage":"fr-FR","@id":"https:\/\/www.sausseron-impressionnistes.fr\/index.php\/festival-off-sausseron-impressionnistes\/#primaryimage","url":"https:\/\/www.sausseron-impressionnistes.fr\/wp-content\/uploads\/2025\/01\/logo-3-festival-Auvers.png","contentUrl":"https:\/\/www.sausseron-impressionnistes.fr\/wp-content\/uploads\/2025\/01\/logo-3-festival-Auvers.png","width":780,"height":776},{"@type":"BreadcrumbList","@id":"https:\/\/www.sausseron-impressionnistes.fr\/index.php\/festival-off-sausseron-impressionnistes\/#breadcrumb","itemListElement":[{"@type":"ListItem","position":1,"name":"Accueil","item":"https:\/\/www.sausseron-impressionnistes.fr\/"},{"@type":"ListItem","position":2,"name":"Festival OFF Sausseron Impressionnistes"}]},{"@type":"WebSite","@id":"https:\/\/www.sausseron-impressionnistes.fr\/#website","url":"https:\/\/www.sausseron-impressionnistes.fr\/","name":"Communaut\u00e9 de Communes Sausseron Impressionnistes","description":"","potentialAction":[{"@type":"SearchAction","target":{"@type":"EntryPoint","urlTemplate":"https:\/\/www.sausseron-impressionnistes.fr\/?s={search_term_string}"},"query-input":{"@type":"PropertyValueSpecification","valueRequired":true,"valueName":"search_term_string"}}],"inLanguage":"fr-FR"}]}},"_links":{"self":[{"href":"https:\/\/www.sausseron-impressionnistes.fr\/index.php\/wp-json\/wp\/v2\/pages\/2960","targetHints":{"allow":["GET"]}}],"collection":[{"href":"https:\/\/www.sausseron-impressionnistes.fr\/index.php\/wp-json\/wp\/v2\/pages"}],"about":[{"href":"https:\/\/www.sausseron-impressionnistes.fr\/index.php\/wp-json\/wp\/v2\/types\/page"}],"author":[{"embeddable":true,"href":"https:\/\/www.sausseron-impressionnistes.fr\/index.php\/wp-json\/wp\/v2\/users\/1"}],"replies":[{"embeddable":true,"href":"https:\/\/www.sausseron-impressionnistes.fr\/index.php\/wp-json\/wp\/v2\/comments?post=2960"}],"version-history":[{"count":4,"href":"https:\/\/www.sausseron-impressionnistes.fr\/index.php\/wp-json\/wp\/v2\/pages\/2960\/revisions"}],"predecessor-version":[{"id":3541,"href":"https:\/\/www.sausseron-impressionnistes.fr\/index.php\/wp-json\/wp\/v2\/pages\/2960\/revisions\/3541"}],"wp:attachment":[{"href":"https:\/\/www.sausseron-impressionnistes.fr\/index.php\/wp-json\/wp\/v2\/media?parent=2960"}],"curies":[{"name":"wp","href":"https:\/\/api.w.org\/{rel}","templated":true}]}}