{"id":2942,"date":"2025-01-09T12:46:10","date_gmt":"2025-01-09T11:46:10","guid":{"rendered":"https:\/\/www.sausseron-impressionnistes.fr\/?page_id=2942"},"modified":"2026-01-08T11:15:48","modified_gmt":"2026-01-08T10:15:48","slug":"le-festival-le-parc-aux-etoiles","status":"publish","type":"page","link":"https:\/\/www.sausseron-impressionnistes.fr\/index.php\/le-festival-le-parc-aux-etoiles\/","title":{"rendered":"Festival Parc aux \u00c9toiles"},"content":{"rendered":"\n<h2 class=\"wp-block-heading\"><strong>Festival Parc aux \u00c9toiles de Nesles-la-Vall\u00e9e \/ 5\u00e8me \u00e9dition<\/strong><\/h2>\n\n\n\n<p><strong>Le festival pop-rock-\u00e9lectro <\/strong><\/p>\n\n\n\n<figure class=\"wp-block-image size-full is-resized\"><img decoding=\"async\" width=\"181\" height=\"128\" src=\"https:\/\/www.sausseron-impressionnistes.fr\/wp-content\/uploads\/2025\/01\/21548bf1.png\" alt=\"\" class=\"wp-image-2947\" style=\"width:177px;height:auto\"\/><\/figure>\n\n\n\n<h3 class=\"wp-block-heading\"><strong>VENDREDI 5 JUIN et SAMEDI 6 JUIN 2026<\/strong><\/h3>\n\n\n\n<p>Ven. 05 juin 2026 \u00e0 18h00<br>au sam. 06 juin 2026 \u00e0 23h55<\/p>\n\n\n\n<figure class=\"wp-block-image size-large\"><img decoding=\"async\" width=\"1024\" height=\"407\" src=\"https:\/\/www.sausseron-impressionnistes.fr\/wp-content\/uploads\/2025\/01\/L1120948-cutsmall-scaled-1-1024x407.jpg\" alt=\"\" class=\"wp-image-2949\" srcset=\"https:\/\/www.sausseron-impressionnistes.fr\/wp-content\/uploads\/2025\/01\/L1120948-cutsmall-scaled-1-1024x407.jpg 1024w, https:\/\/www.sausseron-impressionnistes.fr\/wp-content\/uploads\/2025\/01\/L1120948-cutsmall-scaled-1-300x119.jpg 300w, https:\/\/www.sausseron-impressionnistes.fr\/wp-content\/uploads\/2025\/01\/L1120948-cutsmall-scaled-1-768x305.jpg 768w, https:\/\/www.sausseron-impressionnistes.fr\/wp-content\/uploads\/2025\/01\/L1120948-cutsmall-scaled-1-1536x611.jpg 1536w, https:\/\/www.sausseron-impressionnistes.fr\/wp-content\/uploads\/2025\/01\/L1120948-cutsmall-scaled-1-2048x814.jpg 2048w\" sizes=\"(max-width: 706px) 89vw, (max-width: 767px) 82vw, 740px\" \/><\/figure>\n\n\n\n<div class=\"wp-block-buttons has-custom-font-size has-white-background-color has-background is-content-justification-center is-layout-flex wp-container-core-buttons-is-layout-5590e8cb wp-block-buttons-is-layout-flex\" style=\"font-size:20px\">\n<div class=\"wp-block-button\"><a class=\"wp-block-button__link wp-element-button\" href=\"https:\/\/www.billetweb.fr\/festival-le-parc-aux-etoiles\">Billetterie<\/a><\/div>\n<\/div>\n\n\n\n<p class=\"has-text-align-center has-medium-font-size\"><strong>Deux jours, deux sc\u00e8nes  <\/strong><\/p>\n\n\n\n<p class=\"has-text-align-center has-medium-font-size\">PROGRAMMATION 2026 A VENIR<\/p>\n\n\n\n<p class=\"has-text-align-center has-medium-font-size\"><strong>et bien d&rsquo;autres&#8230;<\/strong><\/p>\n\n\n\n<p class=\"has-white-color has-vivid-red-background-color has-text-color has-background has-link-color wp-elements-8ef3828ea4368dd5a1c218b1c96a5c6f\"><strong>TARIFS SP\u00c9CIAUX CCSI<\/strong> (Financ\u00e9 par votre communaut\u00e9 de Communes pour les habitants du territoire) \/ <strong>R\u00e9servation obligatoire<\/strong><\/p>\n\n\n\n<ul class=\"wp-block-list\">\n<li><strong>TARIFS<\/strong> <strong>JEUNES<\/strong>  Pass Jeune GRATUIT (12 &#8211; 18 ans) <strong>OFFERT PAR LA CCSI <\/strong> \/ Enfant de &#8211; de 12 ans <strong>GRATUIT <\/strong><\/li>\n<\/ul>\n\n\n\n<ul class=\"wp-block-list\">\n<li><strong>TARIFS ADULTES  <\/strong> Pass 1 jour : 16\u20ac (13\u20ac en pr\u00e9vente)&nbsp;\/ Pass 2 jours : 23\u20ac (20\u20ac en pr\u00e9vente)&nbsp; &nbsp; &nbsp; &nbsp; &nbsp; &nbsp; &nbsp; &nbsp; &nbsp; &nbsp; &nbsp; &nbsp; &nbsp; &nbsp; &nbsp; &nbsp; &nbsp; &nbsp; &nbsp; &nbsp;<\/li>\n<\/ul>\n\n\n\n<p><strong>contact@festival-leparcauxetoiles.com<\/strong><\/p>\n\n\n\n<p><strong>Adresse : Chemin de la Rochebaude, 95690 Nesles-la-Vall\u00e9e, France<\/strong><\/p>\n\n\n\n<figure class=\"wp-block-embed is-type-wp-embed is-provider-festival-le-parc-aux-etoiles wp-block-embed-festival-le-parc-aux-etoiles\"><div class=\"wp-block-embed__wrapper\">\n<blockquote class=\"wp-embedded-content\" data-secret=\"0LwovKweUJ\"><a href=\"https:\/\/festival-leparcauxetoiles.com\/\">Accueil<\/a><\/blockquote><iframe loading=\"lazy\" class=\"wp-embedded-content\" sandbox=\"allow-scripts\" security=\"restricted\" style=\"position: absolute; visibility: hidden;\" title=\"\u00ab\u00a0Accueil\u00a0\u00bb &#8212; Festival Le Parc Aux Etoiles\" src=\"https:\/\/festival-leparcauxetoiles.com\/embed\/#?secret=W3UZxMRqH8#?secret=0LwovKweUJ\" data-secret=\"0LwovKweUJ\" width=\"525\" height=\"296\" frameborder=\"0\" marginwidth=\"0\" marginheight=\"0\" scrolling=\"no\"><\/iframe>\n<\/div><\/figure>\n\n\n\n<p>Lanc\u00e9 en 2022 avec la volont\u00e9 de rendre hommage \u00e0 l\u2019histoire du studio d\u2019enregistrement du ch\u00e2teau d\u2019H\u00e9rouville et \u00e0 l\u2019h\u00e9ritage du patrimoine musical riche du territoire, le festival avait pour volont\u00e9 de&nbsp;<strong>mettre en avant les \u00e9toiles montantes du Val-d\u2019Oise,<\/strong>&nbsp;en les entourant d\u2019artistes confirm\u00e9s. \u00ab&nbsp;La programmation artistique s\u2019int\u00e9resse aux musiques actuelles pop, rock \u00e9lectro de la sc\u00e8ne fran\u00e7aise, de la chanson au rock, en s\u2019autorisant \u00e0 visiter d\u2019autres territoires comme les musiques \u00e9lectroniques, le slam, le jazz manouche ou encore le funk.<\/p>\n\n\n\n<p><strong>Deux jours, deux sc\u00e8nes<\/strong><\/p>\n\n\n\n<h2 class=\"wp-block-heading\">3\u00e8me Edition 2024<\/h2>\n\n\n\n<figure class=\"wp-block-gallery has-nested-images columns-default is-cropped wp-block-gallery-1 is-layout-flex wp-block-gallery-is-layout-flex\">\n<figure class=\"wp-block-image size-large\"><img decoding=\"async\" width=\"724\" height=\"1024\" data-id=\"2943\" src=\"https:\/\/www.sausseron-impressionnistes.fr\/wp-content\/uploads\/2025\/01\/CCSI-MAG-SEPTEMBRE-202420-724x1024.jpg\" alt=\"\" class=\"wp-image-2943\" srcset=\"https:\/\/www.sausseron-impressionnistes.fr\/wp-content\/uploads\/2025\/01\/CCSI-MAG-SEPTEMBRE-202420-724x1024.jpg 724w, https:\/\/www.sausseron-impressionnistes.fr\/wp-content\/uploads\/2025\/01\/CCSI-MAG-SEPTEMBRE-202420-212x300.jpg 212w, https:\/\/www.sausseron-impressionnistes.fr\/wp-content\/uploads\/2025\/01\/CCSI-MAG-SEPTEMBRE-202420-768x1086.jpg 768w, https:\/\/www.sausseron-impressionnistes.fr\/wp-content\/uploads\/2025\/01\/CCSI-MAG-SEPTEMBRE-202420-1086x1536.jpg 1086w, https:\/\/www.sausseron-impressionnistes.fr\/wp-content\/uploads\/2025\/01\/CCSI-MAG-SEPTEMBRE-202420-1448x2048.jpg 1448w, https:\/\/www.sausseron-impressionnistes.fr\/wp-content\/uploads\/2025\/01\/CCSI-MAG-SEPTEMBRE-202420-scaled.jpg 1810w\" sizes=\"(max-width: 724px) 100vw, 724px\" \/><\/figure>\n\n\n\n<figure class=\"wp-block-image size-large\"><img decoding=\"async\" width=\"724\" height=\"1024\" data-id=\"2944\" src=\"https:\/\/www.sausseron-impressionnistes.fr\/wp-content\/uploads\/2025\/01\/CCSI-MAG-SEPTEMBRE-202421-724x1024.jpg\" alt=\"\" class=\"wp-image-2944\" srcset=\"https:\/\/www.sausseron-impressionnistes.fr\/wp-content\/uploads\/2025\/01\/CCSI-MAG-SEPTEMBRE-202421-724x1024.jpg 724w, https:\/\/www.sausseron-impressionnistes.fr\/wp-content\/uploads\/2025\/01\/CCSI-MAG-SEPTEMBRE-202421-212x300.jpg 212w, https:\/\/www.sausseron-impressionnistes.fr\/wp-content\/uploads\/2025\/01\/CCSI-MAG-SEPTEMBRE-202421-768x1086.jpg 768w, https:\/\/www.sausseron-impressionnistes.fr\/wp-content\/uploads\/2025\/01\/CCSI-MAG-SEPTEMBRE-202421-1086x1536.jpg 1086w, https:\/\/www.sausseron-impressionnistes.fr\/wp-content\/uploads\/2025\/01\/CCSI-MAG-SEPTEMBRE-202421-1448x2048.jpg 1448w, https:\/\/www.sausseron-impressionnistes.fr\/wp-content\/uploads\/2025\/01\/CCSI-MAG-SEPTEMBRE-202421-scaled.jpg 1810w\" sizes=\"(max-width: 724px) 100vw, 724px\" \/><\/figure>\n<\/figure>\n\n\n\n<p><\/p>\n","protected":false},"excerpt":{"rendered":"<p>Festival Parc aux \u00c9toiles de Nesles-la-Vall\u00e9e \/ 5\u00e8me \u00e9dition Le festival pop-rock-\u00e9lectro VENDREDI 5 JUIN et SAMEDI 6 JUIN 2026 Ven. 05 juin 2026 \u00e0 18h00au sam. 06 juin 2026 \u00e0 23h55 Deux jours, deux sc\u00e8nes PROGRAMMATION 2026 A VENIR et bien d&rsquo;autres&#8230; TARIFS SP\u00c9CIAUX CCSI (Financ\u00e9 par votre communaut\u00e9 de Communes pour les habitants &hellip; <\/p>\n<p class=\"link-more\"><a href=\"https:\/\/www.sausseron-impressionnistes.fr\/index.php\/le-festival-le-parc-aux-etoiles\/\" class=\"more-link\">Continuer la lecture<span class=\"screen-reader-text\"> de &laquo;&nbsp;Festival Parc aux \u00c9toiles&nbsp;&raquo;<\/span><\/a><\/p>\n","protected":false},"author":1,"featured_media":0,"parent":0,"menu_order":0,"comment_status":"closed","ping_status":"closed","template":"","meta":{"footnotes":""},"class_list":["post-2942","page","type-page","status-publish","hentry"],"yoast_head":"<!-- This site is optimized with the Yoast SEO plugin v27.4 - https:\/\/yoast.com\/product\/yoast-seo-wordpress\/ -->\n<title>Festival Parc aux \u00c9toiles - Communaut\u00e9 de Communes Sausseron Impressionnistes<\/title>\n<meta name=\"robots\" content=\"index, follow, max-snippet:-1, max-image-preview:large, max-video-preview:-1\" \/>\n<link rel=\"canonical\" href=\"https:\/\/www.sausseron-impressionnistes.fr\/index.php\/le-festival-le-parc-aux-etoiles\/\" \/>\n<meta property=\"og:locale\" content=\"fr_FR\" \/>\n<meta property=\"og:type\" content=\"article\" \/>\n<meta property=\"og:title\" content=\"Festival Parc aux \u00c9toiles - Communaut\u00e9 de Communes Sausseron Impressionnistes\" \/>\n<meta property=\"og:description\" content=\"Festival Parc aux \u00c9toiles de Nesles-la-Vall\u00e9e \/ 5\u00e8me \u00e9dition Le festival pop-rock-\u00e9lectro VENDREDI 5 JUIN et SAMEDI 6 JUIN 2026 Ven. 05 juin 2026 \u00e0 18h00au sam. 06 juin 2026 \u00e0 23h55 Deux jours, deux sc\u00e8nes PROGRAMMATION 2026 A VENIR et bien d&rsquo;autres&#8230; TARIFS SP\u00c9CIAUX CCSI (Financ\u00e9 par votre communaut\u00e9 de Communes pour les habitants &hellip; Continuer la lecture de &laquo;&nbsp;Festival Parc aux \u00c9toiles&nbsp;&raquo;\" \/>\n<meta property=\"og:url\" content=\"https:\/\/www.sausseron-impressionnistes.fr\/index.php\/le-festival-le-parc-aux-etoiles\/\" \/>\n<meta property=\"og:site_name\" content=\"Communaut\u00e9 de Communes Sausseron Impressionnistes\" \/>\n<meta property=\"article:modified_time\" content=\"2026-01-08T10:15:48+00:00\" \/>\n<meta property=\"og:image\" content=\"https:\/\/www.sausseron-impressionnistes.fr\/wp-content\/uploads\/2025\/01\/21548bf1.png\" \/>\n\t<meta property=\"og:image:width\" content=\"181\" \/>\n\t<meta property=\"og:image:height\" content=\"128\" \/>\n\t<meta property=\"og:image:type\" content=\"image\/png\" \/>\n<meta name=\"twitter:card\" content=\"summary_large_image\" \/>\n<meta name=\"twitter:label1\" content=\"Dur\u00e9e de lecture estim\u00e9e\" \/>\n\t<meta name=\"twitter:data1\" content=\"2 minutes\" \/>\n<script type=\"application\/ld+json\" class=\"yoast-schema-graph\">{\"@context\":\"https:\\\/\\\/schema.org\",\"@graph\":[{\"@type\":\"WebPage\",\"@id\":\"https:\\\/\\\/www.sausseron-impressionnistes.fr\\\/index.php\\\/le-festival-le-parc-aux-etoiles\\\/\",\"url\":\"https:\\\/\\\/www.sausseron-impressionnistes.fr\\\/index.php\\\/le-festival-le-parc-aux-etoiles\\\/\",\"name\":\"Festival Parc aux \u00c9toiles - Communaut\u00e9 de Communes Sausseron Impressionnistes\",\"isPartOf\":{\"@id\":\"https:\\\/\\\/www.sausseron-impressionnistes.fr\\\/#website\"},\"primaryImageOfPage\":{\"@id\":\"https:\\\/\\\/www.sausseron-impressionnistes.fr\\\/index.php\\\/le-festival-le-parc-aux-etoiles\\\/#primaryimage\"},\"image\":{\"@id\":\"https:\\\/\\\/www.sausseron-impressionnistes.fr\\\/index.php\\\/le-festival-le-parc-aux-etoiles\\\/#primaryimage\"},\"thumbnailUrl\":\"https:\\\/\\\/www.sausseron-impressionnistes.fr\\\/wp-content\\\/uploads\\\/2025\\\/01\\\/21548bf1.png\",\"datePublished\":\"2025-01-09T11:46:10+00:00\",\"dateModified\":\"2026-01-08T10:15:48+00:00\",\"breadcrumb\":{\"@id\":\"https:\\\/\\\/www.sausseron-impressionnistes.fr\\\/index.php\\\/le-festival-le-parc-aux-etoiles\\\/#breadcrumb\"},\"inLanguage\":\"fr-FR\",\"potentialAction\":[{\"@type\":\"ReadAction\",\"target\":[\"https:\\\/\\\/www.sausseron-impressionnistes.fr\\\/index.php\\\/le-festival-le-parc-aux-etoiles\\\/\"]}]},{\"@type\":\"ImageObject\",\"inLanguage\":\"fr-FR\",\"@id\":\"https:\\\/\\\/www.sausseron-impressionnistes.fr\\\/index.php\\\/le-festival-le-parc-aux-etoiles\\\/#primaryimage\",\"url\":\"https:\\\/\\\/www.sausseron-impressionnistes.fr\\\/wp-content\\\/uploads\\\/2025\\\/01\\\/21548bf1.png\",\"contentUrl\":\"https:\\\/\\\/www.sausseron-impressionnistes.fr\\\/wp-content\\\/uploads\\\/2025\\\/01\\\/21548bf1.png\",\"width\":181,\"height\":128},{\"@type\":\"BreadcrumbList\",\"@id\":\"https:\\\/\\\/www.sausseron-impressionnistes.fr\\\/index.php\\\/le-festival-le-parc-aux-etoiles\\\/#breadcrumb\",\"itemListElement\":[{\"@type\":\"ListItem\",\"position\":1,\"name\":\"Accueil\",\"item\":\"https:\\\/\\\/www.sausseron-impressionnistes.fr\\\/\"},{\"@type\":\"ListItem\",\"position\":2,\"name\":\"Festival Parc aux \u00c9toiles\"}]},{\"@type\":\"WebSite\",\"@id\":\"https:\\\/\\\/www.sausseron-impressionnistes.fr\\\/#website\",\"url\":\"https:\\\/\\\/www.sausseron-impressionnistes.fr\\\/\",\"name\":\"Communaut\u00e9 de Communes Sausseron Impressionnistes\",\"description\":\"\",\"potentialAction\":[{\"@type\":\"SearchAction\",\"target\":{\"@type\":\"EntryPoint\",\"urlTemplate\":\"https:\\\/\\\/www.sausseron-impressionnistes.fr\\\/?s={search_term_string}\"},\"query-input\":{\"@type\":\"PropertyValueSpecification\",\"valueRequired\":true,\"valueName\":\"search_term_string\"}}],\"inLanguage\":\"fr-FR\"}]}<\/script>\n<!-- \/ Yoast SEO plugin. -->","yoast_head_json":{"title":"Festival Parc aux \u00c9toiles - Communaut\u00e9 de Communes Sausseron Impressionnistes","robots":{"index":"index","follow":"follow","max-snippet":"max-snippet:-1","max-image-preview":"max-image-preview:large","max-video-preview":"max-video-preview:-1"},"canonical":"https:\/\/www.sausseron-impressionnistes.fr\/index.php\/le-festival-le-parc-aux-etoiles\/","og_locale":"fr_FR","og_type":"article","og_title":"Festival Parc aux \u00c9toiles - Communaut\u00e9 de Communes Sausseron Impressionnistes","og_description":"Festival Parc aux \u00c9toiles de Nesles-la-Vall\u00e9e \/ 5\u00e8me \u00e9dition Le festival pop-rock-\u00e9lectro VENDREDI 5 JUIN et SAMEDI 6 JUIN 2026 Ven. 05 juin 2026 \u00e0 18h00au sam. 06 juin 2026 \u00e0 23h55 Deux jours, deux sc\u00e8nes PROGRAMMATION 2026 A VENIR et bien d&rsquo;autres&#8230; TARIFS SP\u00c9CIAUX CCSI (Financ\u00e9 par votre communaut\u00e9 de Communes pour les habitants &hellip; Continuer la lecture de &laquo;&nbsp;Festival Parc aux \u00c9toiles&nbsp;&raquo;","og_url":"https:\/\/www.sausseron-impressionnistes.fr\/index.php\/le-festival-le-parc-aux-etoiles\/","og_site_name":"Communaut\u00e9 de Communes Sausseron Impressionnistes","article_modified_time":"2026-01-08T10:15:48+00:00","og_image":[{"width":181,"height":128,"url":"https:\/\/www.sausseron-impressionnistes.fr\/wp-content\/uploads\/2025\/01\/21548bf1.png","type":"image\/png"}],"twitter_card":"summary_large_image","twitter_misc":{"Dur\u00e9e de lecture estim\u00e9e":"2 minutes"},"schema":{"@context":"https:\/\/schema.org","@graph":[{"@type":"WebPage","@id":"https:\/\/www.sausseron-impressionnistes.fr\/index.php\/le-festival-le-parc-aux-etoiles\/","url":"https:\/\/www.sausseron-impressionnistes.fr\/index.php\/le-festival-le-parc-aux-etoiles\/","name":"Festival Parc aux \u00c9toiles - Communaut\u00e9 de Communes Sausseron Impressionnistes","isPartOf":{"@id":"https:\/\/www.sausseron-impressionnistes.fr\/#website"},"primaryImageOfPage":{"@id":"https:\/\/www.sausseron-impressionnistes.fr\/index.php\/le-festival-le-parc-aux-etoiles\/#primaryimage"},"image":{"@id":"https:\/\/www.sausseron-impressionnistes.fr\/index.php\/le-festival-le-parc-aux-etoiles\/#primaryimage"},"thumbnailUrl":"https:\/\/www.sausseron-impressionnistes.fr\/wp-content\/uploads\/2025\/01\/21548bf1.png","datePublished":"2025-01-09T11:46:10+00:00","dateModified":"2026-01-08T10:15:48+00:00","breadcrumb":{"@id":"https:\/\/www.sausseron-impressionnistes.fr\/index.php\/le-festival-le-parc-aux-etoiles\/#breadcrumb"},"inLanguage":"fr-FR","potentialAction":[{"@type":"ReadAction","target":["https:\/\/www.sausseron-impressionnistes.fr\/index.php\/le-festival-le-parc-aux-etoiles\/"]}]},{"@type":"ImageObject","inLanguage":"fr-FR","@id":"https:\/\/www.sausseron-impressionnistes.fr\/index.php\/le-festival-le-parc-aux-etoiles\/#primaryimage","url":"https:\/\/www.sausseron-impressionnistes.fr\/wp-content\/uploads\/2025\/01\/21548bf1.png","contentUrl":"https:\/\/www.sausseron-impressionnistes.fr\/wp-content\/uploads\/2025\/01\/21548bf1.png","width":181,"height":128},{"@type":"BreadcrumbList","@id":"https:\/\/www.sausseron-impressionnistes.fr\/index.php\/le-festival-le-parc-aux-etoiles\/#breadcrumb","itemListElement":[{"@type":"ListItem","position":1,"name":"Accueil","item":"https:\/\/www.sausseron-impressionnistes.fr\/"},{"@type":"ListItem","position":2,"name":"Festival Parc aux \u00c9toiles"}]},{"@type":"WebSite","@id":"https:\/\/www.sausseron-impressionnistes.fr\/#website","url":"https:\/\/www.sausseron-impressionnistes.fr\/","name":"Communaut\u00e9 de Communes Sausseron Impressionnistes","description":"","potentialAction":[{"@type":"SearchAction","target":{"@type":"EntryPoint","urlTemplate":"https:\/\/www.sausseron-impressionnistes.fr\/?s={search_term_string}"},"query-input":{"@type":"PropertyValueSpecification","valueRequired":true,"valueName":"search_term_string"}}],"inLanguage":"fr-FR"}]}},"_links":{"self":[{"href":"https:\/\/www.sausseron-impressionnistes.fr\/index.php\/wp-json\/wp\/v2\/pages\/2942","targetHints":{"allow":["GET"]}}],"collection":[{"href":"https:\/\/www.sausseron-impressionnistes.fr\/index.php\/wp-json\/wp\/v2\/pages"}],"about":[{"href":"https:\/\/www.sausseron-impressionnistes.fr\/index.php\/wp-json\/wp\/v2\/types\/page"}],"author":[{"embeddable":true,"href":"https:\/\/www.sausseron-impressionnistes.fr\/index.php\/wp-json\/wp\/v2\/users\/1"}],"replies":[{"embeddable":true,"href":"https:\/\/www.sausseron-impressionnistes.fr\/index.php\/wp-json\/wp\/v2\/comments?post=2942"}],"version-history":[{"count":11,"href":"https:\/\/www.sausseron-impressionnistes.fr\/index.php\/wp-json\/wp\/v2\/pages\/2942\/revisions"}],"predecessor-version":[{"id":3537,"href":"https:\/\/www.sausseron-impressionnistes.fr\/index.php\/wp-json\/wp\/v2\/pages\/2942\/revisions\/3537"}],"wp:attachment":[{"href":"https:\/\/www.sausseron-impressionnistes.fr\/index.php\/wp-json\/wp\/v2\/media?parent=2942"}],"curies":[{"name":"wp","href":"https:\/\/api.w.org\/{rel}","templated":true}]}}