{"id":294,"date":"2021-03-01T10:39:45","date_gmt":"2021-03-01T09:39:45","guid":{"rendered":"http:\/\/www.sausseron-impressionnistes.fr\/?page_id=294"},"modified":"2021-03-02T11:52:40","modified_gmt":"2021-03-02T10:52:40","slug":"voirie-et-mobilites-2","status":"publish","type":"page","link":"https:\/\/www.sausseron-impressionnistes.fr\/index.php\/voirie-et-mobilites-2\/","title":{"rendered":"Voirie et mobilit\u00e9s"},"content":{"rendered":"\n<p>(Pr\u00e9sident Eric Coupp\u00e9)<\/p>\n\n\n\n<figure class=\"wp-block-table\"><table><tbody><tr><td class=\"has-text-align-center\" data-align=\"center\"><strong><span class=\"has-inline-color has-luminous-vivid-amber-color\">AUVERS-SUR-OISE<br><\/span><\/strong>titulaire : M\u00e9zi\u00e8res Christophe<br>suppl\u00e9ante : Dumeige Juliette<\/td><td class=\"has-text-align-center\" data-align=\"center\"><span class=\"has-inline-color has-luminous-vivid-amber-color\"><strong>FROUVILLE<\/strong><\/span><br>titulaire : Michel Marc<br>suppl\u00e9ant : Lemos Antonio<\/td><td class=\"has-text-align-center\" data-align=\"center\"><strong><span class=\"has-inline-color has-luminous-vivid-amber-color\">LIVILLIERS<\/span><\/strong><br>titulaire : Morin Franck<br>suppl\u00e9ant : Danconnier Fran\u00e7ois<\/td><\/tr><tr><td class=\"has-text-align-center\" data-align=\"center\"><strong><span class=\"has-inline-color has-luminous-vivid-amber-color\">ARRONVILLE<\/span><\/strong><br>titulaire : Brigant Jean-Michel<br>suppl\u00e9ant : Marques De Angrade<br>Jos\u00e9<\/td><td class=\"has-text-align-center\" data-align=\"center\"><strong><span class=\"has-inline-color has-luminous-vivid-amber-color\">G\u00c9NICOURT<\/span><\/strong><br>titulaire : Lavoye Vincent<br>suppl\u00e9ant : Deslandes Olivier<\/td><td class=\"has-text-align-center\" data-align=\"center\"><strong><span class=\"has-inline-color has-luminous-vivid-amber-color\">M\u00c9NOUVILLE<\/span><\/strong><br>titulaire : Pion Christian<br>suppl\u00e9ant : Reol Philippe<\/td><\/tr><tr><td class=\"has-text-align-center\" data-align=\"center\"><strong><span class=\"has-inline-color has-luminous-vivid-amber-color\">BUTRY-SUR-OISE<br><\/span><\/strong>titulaire : Dumont Benoit<br>suppl\u00e9ant : Prioux Philippe<\/td><td class=\"has-text-align-center\" data-align=\"center\"><strong><span class=\"has-inline-color has-luminous-vivid-amber-color\">H\u00c9DOUVILLE<\/span><\/strong><br>titulaire : Coupp\u00e9 \u00c9ric<br>suppl\u00e9ant : Abot Michel<\/td><td class=\"has-text-align-center\" data-align=\"center\"><span class=\"has-inline-color has-luminous-vivid-amber-color\"><strong>VALLANGOUJARD<\/strong><\/span><br>titulaire : Vaillant Alain<br>suppl\u00e9ant : Barreaux<br>Jean-Jacques<\/td><\/tr><tr><td class=\"has-text-align-center\" data-align=\"center\"><strong><span class=\"has-inline-color has-luminous-vivid-amber-color\">ENNERY<\/span><\/strong><br>titulaire : Matthieu Laurent<br>suppl\u00e9ant : Ruffiandis Jean-Marie<\/td><td class=\"has-text-align-center\" data-align=\"center\"><strong><span class=\"has-inline-color has-luminous-vivid-amber-color\">H\u00c9ROUVILLE-EN-VEXIN<br><\/span><\/strong>titulaire : Lecomte Patrick<br>suppl\u00e9ant : Lebecq Jacques<\/td><td class=\"has-text-align-center\" data-align=\"center\"><strong><span class=\"has-inline-color has-luminous-vivid-amber-color\">VALMONDOIS<\/span><\/strong><br>titulaire : Soutif Michel<br>suppl\u00e9ant : De Gaulle Laurent<\/td><\/tr><tr><td class=\"has-text-align-center\" data-align=\"center\"><strong><span class=\"has-inline-color has-luminous-vivid-amber-color\">\u00c9PIAIS-RHUS<br><\/span><\/strong>titulaire : Loizeau Dominique<br>suppl\u00e9ant : Sauve Eric<\/td><td class=\"has-text-align-center\" data-align=\"center\"><strong><span class=\"has-inline-color has-luminous-vivid-amber-color\">LABBEVILLE<br><\/span><\/strong>titulaire : Richard Michel<br>suppl\u00e9ant : Laville Alain<\/td><td class=\"has-text-align-center\" data-align=\"center\"><\/td><\/tr><\/tbody><\/table><\/figure>\n\n\n\n<p class=\"has-medium-font-size\">Agricole<\/p>\n\n\n\n<figure class=\"wp-block-table\"><table><tbody><tr><td class=\"has-text-align-left\" data-align=\"left\">Legrand Gilles<\/td><td class=\"has-text-align-left\" data-align=\"left\">Richard Michel<\/td><\/tr><tr><td class=\"has-text-align-left\" data-align=\"left\">Coubriche Denis<\/td><td class=\"has-text-align-left\" data-align=\"left\">Morin Franck<\/td><\/tr><tr><td class=\"has-text-align-left\" data-align=\"left\">Coubriche Nicolas<\/td><td class=\"has-text-align-left\" data-align=\"left\">Leplat J\u00e9r\u00f4me<\/td><\/tr><tr><td class=\"has-text-align-left\" data-align=\"left\">Pelle Philippe<\/td><td class=\"has-text-align-left\" data-align=\"left\">Chevallier Eric<\/td><\/tr><tr><td class=\"has-text-align-left\" data-align=\"left\">Delamare St\u00e9phane<\/td><td class=\"has-text-align-left\" data-align=\"left\">Vaillant Alain<\/td><\/tr><tr><td class=\"has-text-align-left\" data-align=\"left\">Guiet Jean-Christophe<\/td><td class=\"has-text-align-left\" data-align=\"left\">Gay Fr\u00e9d\u00e9ric<\/td><\/tr><tr><td class=\"has-text-align-left\" data-align=\"left\">Chevallier Romain<\/td><td class=\"has-text-align-left\" data-align=\"left\">Guasquet Pascal<\/td><\/tr><tr><td class=\"has-text-align-left\" data-align=\"left\">Chantepie Sandrine<\/td><td class=\"has-text-align-left\" data-align=\"left\"><\/td><\/tr><\/tbody><\/table><\/figure>\n\n\n\n<p class=\"has-medium-font-size\">D\u00e9neigement<\/p>\n\n\n\n<figure class=\"wp-block-table\"><table><tbody><tr><td class=\"has-text-align-left\" data-align=\"left\">Demailly Julien<\/td><td class=\"has-text-align-left\" data-align=\"left\">Legrand Gilles<\/td><\/tr><tr><td class=\"has-text-align-left\" data-align=\"left\">Gay Fr\u00e9d\u00e9ric<\/td><td class=\"has-text-align-left\" data-align=\"left\">Chevallier Eric<\/td><\/tr><tr><td class=\"has-text-align-left\" data-align=\"left\">Vaillant Alain<\/td><td class=\"has-text-align-left\" data-align=\"left\">Richard Michel<\/td><\/tr><tr><td class=\"has-text-align-left\" data-align=\"left\">Morin Franck<\/td><td class=\"has-text-align-left\" data-align=\"left\">Legrand Gilles (salage)<\/td><\/tr><\/tbody><\/table><\/figure>\n","protected":false},"excerpt":{"rendered":"<p>(Pr\u00e9sident Eric Coupp\u00e9) AUVERS-SUR-OISEtitulaire : M\u00e9zi\u00e8res Christophesuppl\u00e9ante : Dumeige Juliette FROUVILLEtitulaire : Michel Marcsuppl\u00e9ant : Lemos Antonio LIVILLIERStitulaire : Morin Francksuppl\u00e9ant : Danconnier Fran\u00e7ois ARRONVILLEtitulaire : Brigant Jean-Michelsuppl\u00e9ant : Marques De AngradeJos\u00e9 G\u00c9NICOURTtitulaire : Lavoye Vincentsuppl\u00e9ant : Deslandes Olivier M\u00c9NOUVILLEtitulaire : Pion Christiansuppl\u00e9ant : Reol Philippe BUTRY-SUR-OISEtitulaire : Dumont Benoitsuppl\u00e9ant : Prioux Philippe H\u00c9DOUVILLEtitulaire : &hellip; <\/p>\n<p class=\"link-more\"><a href=\"https:\/\/www.sausseron-impressionnistes.fr\/index.php\/voirie-et-mobilites-2\/\" class=\"more-link\">Continuer la lecture<span class=\"screen-reader-text\"> de &laquo;&nbsp;Voirie et mobilit\u00e9s&nbsp;&raquo;<\/span><\/a><\/p>\n","protected":false},"author":1,"featured_media":0,"parent":0,"menu_order":0,"comment_status":"closed","ping_status":"closed","template":"","meta":{"footnotes":""},"class_list":["post-294","page","type-page","status-publish","hentry"],"yoast_head":"<!-- This site is optimized with the Yoast SEO plugin v27.4 - https:\/\/yoast.com\/product\/yoast-seo-wordpress\/ -->\n<title>Voirie et mobilit\u00e9s - Communaut\u00e9 de Communes Sausseron Impressionnistes<\/title>\n<meta name=\"robots\" content=\"index, follow, max-snippet:-1, max-image-preview:large, max-video-preview:-1\" \/>\n<link rel=\"canonical\" href=\"https:\/\/www.sausseron-impressionnistes.fr\/index.php\/voirie-et-mobilites-2\/\" \/>\n<meta property=\"og:locale\" content=\"fr_FR\" \/>\n<meta property=\"og:type\" content=\"article\" \/>\n<meta property=\"og:title\" content=\"Voirie et mobilit\u00e9s - Communaut\u00e9 de Communes Sausseron Impressionnistes\" \/>\n<meta property=\"og:description\" content=\"(Pr\u00e9sident Eric Coupp\u00e9) AUVERS-SUR-OISEtitulaire : M\u00e9zi\u00e8res Christophesuppl\u00e9ante : Dumeige Juliette FROUVILLEtitulaire : Michel Marcsuppl\u00e9ant : Lemos Antonio LIVILLIERStitulaire : Morin Francksuppl\u00e9ant : Danconnier Fran\u00e7ois ARRONVILLEtitulaire : Brigant Jean-Michelsuppl\u00e9ant : Marques De AngradeJos\u00e9 G\u00c9NICOURTtitulaire : Lavoye Vincentsuppl\u00e9ant : Deslandes Olivier M\u00c9NOUVILLEtitulaire : Pion Christiansuppl\u00e9ant : Reol Philippe BUTRY-SUR-OISEtitulaire : Dumont Benoitsuppl\u00e9ant : Prioux Philippe H\u00c9DOUVILLEtitulaire : &hellip; Continuer la lecture de &laquo;&nbsp;Voirie et mobilit\u00e9s&nbsp;&raquo;\" \/>\n<meta property=\"og:url\" content=\"https:\/\/www.sausseron-impressionnistes.fr\/index.php\/voirie-et-mobilites-2\/\" \/>\n<meta property=\"og:site_name\" content=\"Communaut\u00e9 de Communes Sausseron Impressionnistes\" \/>\n<meta property=\"article:modified_time\" content=\"2021-03-02T10:52:40+00:00\" \/>\n<meta name=\"twitter:card\" content=\"summary_large_image\" \/>\n<meta name=\"twitter:label1\" content=\"Dur\u00e9e de lecture estim\u00e9e\" \/>\n\t<meta name=\"twitter:data1\" content=\"1 minute\" \/>\n<script type=\"application\/ld+json\" class=\"yoast-schema-graph\">{\"@context\":\"https:\\\/\\\/schema.org\",\"@graph\":[{\"@type\":\"WebPage\",\"@id\":\"https:\\\/\\\/www.sausseron-impressionnistes.fr\\\/index.php\\\/voirie-et-mobilites-2\\\/\",\"url\":\"https:\\\/\\\/www.sausseron-impressionnistes.fr\\\/index.php\\\/voirie-et-mobilites-2\\\/\",\"name\":\"Voirie et mobilit\u00e9s - Communaut\u00e9 de Communes Sausseron Impressionnistes\",\"isPartOf\":{\"@id\":\"https:\\\/\\\/www.sausseron-impressionnistes.fr\\\/#website\"},\"datePublished\":\"2021-03-01T09:39:45+00:00\",\"dateModified\":\"2021-03-02T10:52:40+00:00\",\"breadcrumb\":{\"@id\":\"https:\\\/\\\/www.sausseron-impressionnistes.fr\\\/index.php\\\/voirie-et-mobilites-2\\\/#breadcrumb\"},\"inLanguage\":\"fr-FR\",\"potentialAction\":[{\"@type\":\"ReadAction\",\"target\":[\"https:\\\/\\\/www.sausseron-impressionnistes.fr\\\/index.php\\\/voirie-et-mobilites-2\\\/\"]}]},{\"@type\":\"BreadcrumbList\",\"@id\":\"https:\\\/\\\/www.sausseron-impressionnistes.fr\\\/index.php\\\/voirie-et-mobilites-2\\\/#breadcrumb\",\"itemListElement\":[{\"@type\":\"ListItem\",\"position\":1,\"name\":\"Accueil\",\"item\":\"https:\\\/\\\/www.sausseron-impressionnistes.fr\\\/\"},{\"@type\":\"ListItem\",\"position\":2,\"name\":\"Voirie et mobilit\u00e9s\"}]},{\"@type\":\"WebSite\",\"@id\":\"https:\\\/\\\/www.sausseron-impressionnistes.fr\\\/#website\",\"url\":\"https:\\\/\\\/www.sausseron-impressionnistes.fr\\\/\",\"name\":\"Communaut\u00e9 de Communes Sausseron Impressionnistes\",\"description\":\"\",\"potentialAction\":[{\"@type\":\"SearchAction\",\"target\":{\"@type\":\"EntryPoint\",\"urlTemplate\":\"https:\\\/\\\/www.sausseron-impressionnistes.fr\\\/?s={search_term_string}\"},\"query-input\":{\"@type\":\"PropertyValueSpecification\",\"valueRequired\":true,\"valueName\":\"search_term_string\"}}],\"inLanguage\":\"fr-FR\"}]}<\/script>\n<!-- \/ Yoast SEO plugin. -->","yoast_head_json":{"title":"Voirie et mobilit\u00e9s - Communaut\u00e9 de Communes Sausseron Impressionnistes","robots":{"index":"index","follow":"follow","max-snippet":"max-snippet:-1","max-image-preview":"max-image-preview:large","max-video-preview":"max-video-preview:-1"},"canonical":"https:\/\/www.sausseron-impressionnistes.fr\/index.php\/voirie-et-mobilites-2\/","og_locale":"fr_FR","og_type":"article","og_title":"Voirie et mobilit\u00e9s - Communaut\u00e9 de Communes Sausseron Impressionnistes","og_description":"(Pr\u00e9sident Eric Coupp\u00e9) AUVERS-SUR-OISEtitulaire : M\u00e9zi\u00e8res Christophesuppl\u00e9ante : Dumeige Juliette FROUVILLEtitulaire : Michel Marcsuppl\u00e9ant : Lemos Antonio LIVILLIERStitulaire : Morin Francksuppl\u00e9ant : Danconnier Fran\u00e7ois ARRONVILLEtitulaire : Brigant Jean-Michelsuppl\u00e9ant : Marques De AngradeJos\u00e9 G\u00c9NICOURTtitulaire : Lavoye Vincentsuppl\u00e9ant : Deslandes Olivier M\u00c9NOUVILLEtitulaire : Pion Christiansuppl\u00e9ant : Reol Philippe BUTRY-SUR-OISEtitulaire : Dumont Benoitsuppl\u00e9ant : Prioux Philippe H\u00c9DOUVILLEtitulaire : &hellip; Continuer la lecture de &laquo;&nbsp;Voirie et mobilit\u00e9s&nbsp;&raquo;","og_url":"https:\/\/www.sausseron-impressionnistes.fr\/index.php\/voirie-et-mobilites-2\/","og_site_name":"Communaut\u00e9 de Communes Sausseron Impressionnistes","article_modified_time":"2021-03-02T10:52:40+00:00","twitter_card":"summary_large_image","twitter_misc":{"Dur\u00e9e de lecture estim\u00e9e":"1 minute"},"schema":{"@context":"https:\/\/schema.org","@graph":[{"@type":"WebPage","@id":"https:\/\/www.sausseron-impressionnistes.fr\/index.php\/voirie-et-mobilites-2\/","url":"https:\/\/www.sausseron-impressionnistes.fr\/index.php\/voirie-et-mobilites-2\/","name":"Voirie et mobilit\u00e9s - Communaut\u00e9 de Communes Sausseron Impressionnistes","isPartOf":{"@id":"https:\/\/www.sausseron-impressionnistes.fr\/#website"},"datePublished":"2021-03-01T09:39:45+00:00","dateModified":"2021-03-02T10:52:40+00:00","breadcrumb":{"@id":"https:\/\/www.sausseron-impressionnistes.fr\/index.php\/voirie-et-mobilites-2\/#breadcrumb"},"inLanguage":"fr-FR","potentialAction":[{"@type":"ReadAction","target":["https:\/\/www.sausseron-impressionnistes.fr\/index.php\/voirie-et-mobilites-2\/"]}]},{"@type":"BreadcrumbList","@id":"https:\/\/www.sausseron-impressionnistes.fr\/index.php\/voirie-et-mobilites-2\/#breadcrumb","itemListElement":[{"@type":"ListItem","position":1,"name":"Accueil","item":"https:\/\/www.sausseron-impressionnistes.fr\/"},{"@type":"ListItem","position":2,"name":"Voirie et mobilit\u00e9s"}]},{"@type":"WebSite","@id":"https:\/\/www.sausseron-impressionnistes.fr\/#website","url":"https:\/\/www.sausseron-impressionnistes.fr\/","name":"Communaut\u00e9 de Communes Sausseron Impressionnistes","description":"","potentialAction":[{"@type":"SearchAction","target":{"@type":"EntryPoint","urlTemplate":"https:\/\/www.sausseron-impressionnistes.fr\/?s={search_term_string}"},"query-input":{"@type":"PropertyValueSpecification","valueRequired":true,"valueName":"search_term_string"}}],"inLanguage":"fr-FR"}]}},"_links":{"self":[{"href":"https:\/\/www.sausseron-impressionnistes.fr\/index.php\/wp-json\/wp\/v2\/pages\/294","targetHints":{"allow":["GET"]}}],"collection":[{"href":"https:\/\/www.sausseron-impressionnistes.fr\/index.php\/wp-json\/wp\/v2\/pages"}],"about":[{"href":"https:\/\/www.sausseron-impressionnistes.fr\/index.php\/wp-json\/wp\/v2\/types\/page"}],"author":[{"embeddable":true,"href":"https:\/\/www.sausseron-impressionnistes.fr\/index.php\/wp-json\/wp\/v2\/users\/1"}],"replies":[{"embeddable":true,"href":"https:\/\/www.sausseron-impressionnistes.fr\/index.php\/wp-json\/wp\/v2\/comments?post=294"}],"version-history":[{"count":4,"href":"https:\/\/www.sausseron-impressionnistes.fr\/index.php\/wp-json\/wp\/v2\/pages\/294\/revisions"}],"predecessor-version":[{"id":498,"href":"https:\/\/www.sausseron-impressionnistes.fr\/index.php\/wp-json\/wp\/v2\/pages\/294\/revisions\/498"}],"wp:attachment":[{"href":"https:\/\/www.sausseron-impressionnistes.fr\/index.php\/wp-json\/wp\/v2\/media?parent=294"}],"curies":[{"name":"wp","href":"https:\/\/api.w.org\/{rel}","templated":true}]}}