{"id":289,"date":"2021-03-01T10:39:45","date_gmt":"2021-03-01T09:39:45","guid":{"rendered":"http:\/\/www.sausseron-impressionnistes.fr\/?page_id=289"},"modified":"2023-12-21T20:01:07","modified_gmt":"2023-12-21T19:01:07","slug":"finances-et-delegation-de-service-public-2","status":"publish","type":"page","link":"https:\/\/www.sausseron-impressionnistes.fr\/index.php\/finances-et-delegation-de-service-public-2\/","title":{"rendered":"Finances et d\u00e9l\u00e9gation de service public"},"content":{"rendered":"\n<p>(Pr\u00e9sidente Isabelle M\u00e9zi\u00e8res)<\/p>\n\n\n\n<figure class=\"wp-block-table\"><table><tbody><tr><td class=\"has-text-align-center\" data-align=\"center\"><strong><span style=\"background-color:rgba(0, 0, 0, 0)\" class=\"has-inline-color has-luminous-vivid-amber-color\">AUVERS-SUR-OISE<br><\/span><\/strong>titulaire : Le Bourgeois Marc<br>suppl\u00e9ant : Florent Beaulieu<\/td><td class=\"has-text-align-center\" data-align=\"center\"><strong><span class=\"has-inline-color has-luminous-vivid-amber-color\"><strong>H\u00c9DOUVILLE<\/strong><br><\/span><\/strong><span class=\"has-inline-color has-black-color\">titulaire : Coupp\u00e9 Eric<\/span><\/td><td class=\"has-text-align-center\" data-align=\"center\"><strong><span class=\"has-inline-color has-luminous-vivid-amber-color\">VALLANGOUJARD<\/span><\/strong><br>suppl\u00e9ant : Vaillant Alain<\/td><\/tr><tr><td class=\"has-text-align-center\" data-align=\"center\"><strong><span style=\"background-color:rgba(0, 0, 0, 0)\" class=\"has-inline-color has-luminous-vivid-amber-color\">ENNERY<\/span><\/strong><br>      titulaire : Laurent Matthieu           <br>suppl\u00e9ant : Demailly Benjamin   <\/td><td class=\"has-text-align-center\" data-align=\"center\"><strong><span style=\"background-color:rgba(0, 0, 0, 0)\" class=\"has-inline-color has-luminous-vivid-amber-color\"><strong>LABBEVILLE<\/strong><\/span><\/strong><br><span style=\"background-color:rgba(0, 0, 0, 0)\" class=\"has-inline-color has-black-color\">titulaire : Devillebichot         Alain<\/span><\/td><td class=\"has-text-align-center\" data-align=\"center\"><strong><span style=\"background-color:rgba(0, 0, 0, 0)\" class=\"has-inline-color has-luminous-vivid-amber-color\">VALMONDOIS<\/span><\/strong><br>suppl\u00e9ante : Sallon Martine     <\/td><\/tr><tr><td class=\"has-text-align-center\" data-align=\"center\"><strong><span style=\"background-color:rgba(0, 0, 0, 0)\" class=\"has-inline-color has-luminous-vivid-amber-color\"><strong>G\u00c9NICOURT<\/strong><br><\/span><\/strong><span style=\"background-color:rgba(0, 0, 0, 0)\" class=\"has-inline-color has-black-color\"> suppl\u00e9ant : Deslandes Olivier<\/span><\/td><td class=\"has-text-align-center\" data-align=\"center\"><strong><span class=\"has-inline-color has-luminous-vivid-amber-color\"><strong>NESLES-LA -VALL\u00c9E<br><\/strong><\/span><\/strong><span class=\"has-inline-color has-black-color\">titulaire : Leplat J\u00e9r\u00f4me<\/span><\/td><td class=\"has-text-align-center\" data-align=\"center\"><strong><span style=\"background-color:rgba(0, 0, 0, 0)\" class=\"has-inline-color has-luminous-vivid-amber-color\">LIVILLIERS <\/span><\/strong><br><span style=\"background-color:rgba(0, 0, 0, 0)\" class=\"has-inline-color has-black-color\">titulaire :<\/span> Fran\u00e7ois Danconnier<\/td><\/tr><tr><td class=\"has-text-align-center\" data-align=\"center\"><strong><span style=\"background-color:rgba(0, 0, 0, 0)\" class=\"has-inline-color has-luminous-vivid-amber-color\"><strong>BUTRY-SUR-OISE<\/strong><\/span><\/strong><br><span style=\"background-color:rgba(0, 0, 0, 0)\" class=\"has-inline-color has-black-color\">suppl\u00e9ant : <\/span>Noel Claude<\/td><td class=\"has-text-align-center\" data-align=\"center\"><\/td><td class=\"has-text-align-center\" data-align=\"center\"><\/td><\/tr><\/tbody><\/table><\/figure>\n","protected":false},"excerpt":{"rendered":"<p>(Pr\u00e9sidente Isabelle M\u00e9zi\u00e8res) AUVERS-SUR-OISEtitulaire : Le Bourgeois Marcsuppl\u00e9ant : Florent Beaulieu H\u00c9DOUVILLEtitulaire : Coupp\u00e9 Eric VALLANGOUJARDsuppl\u00e9ant : Vaillant Alain ENNERY titulaire : Laurent Matthieu suppl\u00e9ant : Demailly Benjamin LABBEVILLEtitulaire : Devillebichot Alain VALMONDOISsuppl\u00e9ante : Sallon Martine G\u00c9NICOURT suppl\u00e9ant : Deslandes Olivier NESLES-LA -VALL\u00c9Etitulaire : Leplat J\u00e9r\u00f4me LIVILLIERS titulaire : Fran\u00e7ois Danconnier BUTRY-SUR-OISEsuppl\u00e9ant : Noel Claude<\/p>\n","protected":false},"author":1,"featured_media":0,"parent":0,"menu_order":0,"comment_status":"closed","ping_status":"closed","template":"","meta":{"footnotes":""},"class_list":["post-289","page","type-page","status-publish","hentry"],"yoast_head":"<!-- This site is optimized with the Yoast SEO plugin v27.3 - https:\/\/yoast.com\/product\/yoast-seo-wordpress\/ -->\n<title>Finances et d\u00e9l\u00e9gation de service public - Communaut\u00e9 de Communes Sausseron Impressionnistes<\/title>\n<meta name=\"robots\" content=\"index, follow, max-snippet:-1, max-image-preview:large, max-video-preview:-1\" \/>\n<link rel=\"canonical\" href=\"https:\/\/www.sausseron-impressionnistes.fr\/index.php\/finances-et-delegation-de-service-public-2\/\" \/>\n<meta property=\"og:locale\" content=\"fr_FR\" \/>\n<meta property=\"og:type\" content=\"article\" \/>\n<meta property=\"og:title\" content=\"Finances et d\u00e9l\u00e9gation de service public - Communaut\u00e9 de Communes Sausseron Impressionnistes\" \/>\n<meta property=\"og:description\" content=\"(Pr\u00e9sidente Isabelle M\u00e9zi\u00e8res) AUVERS-SUR-OISEtitulaire : Le Bourgeois Marcsuppl\u00e9ant : Florent Beaulieu H\u00c9DOUVILLEtitulaire : Coupp\u00e9 Eric VALLANGOUJARDsuppl\u00e9ant : Vaillant Alain ENNERY titulaire : Laurent Matthieu suppl\u00e9ant : Demailly Benjamin LABBEVILLEtitulaire : Devillebichot Alain VALMONDOISsuppl\u00e9ante : Sallon Martine G\u00c9NICOURT suppl\u00e9ant : Deslandes Olivier NESLES-LA -VALL\u00c9Etitulaire : Leplat J\u00e9r\u00f4me LIVILLIERS titulaire : Fran\u00e7ois Danconnier BUTRY-SUR-OISEsuppl\u00e9ant : Noel Claude\" \/>\n<meta property=\"og:url\" content=\"https:\/\/www.sausseron-impressionnistes.fr\/index.php\/finances-et-delegation-de-service-public-2\/\" \/>\n<meta property=\"og:site_name\" content=\"Communaut\u00e9 de Communes Sausseron Impressionnistes\" \/>\n<meta property=\"article:modified_time\" content=\"2023-12-21T19:01:07+00:00\" \/>\n<meta name=\"twitter:card\" content=\"summary_large_image\" \/>\n<meta name=\"twitter:label1\" content=\"Dur\u00e9e de lecture estim\u00e9e\" \/>\n\t<meta name=\"twitter:data1\" content=\"1 minute\" \/>\n<script type=\"application\/ld+json\" class=\"yoast-schema-graph\">{\"@context\":\"https:\\\/\\\/schema.org\",\"@graph\":[{\"@type\":\"WebPage\",\"@id\":\"https:\\\/\\\/www.sausseron-impressionnistes.fr\\\/index.php\\\/finances-et-delegation-de-service-public-2\\\/\",\"url\":\"https:\\\/\\\/www.sausseron-impressionnistes.fr\\\/index.php\\\/finances-et-delegation-de-service-public-2\\\/\",\"name\":\"Finances et d\u00e9l\u00e9gation de service public - Communaut\u00e9 de Communes Sausseron Impressionnistes\",\"isPartOf\":{\"@id\":\"https:\\\/\\\/www.sausseron-impressionnistes.fr\\\/#website\"},\"datePublished\":\"2021-03-01T09:39:45+00:00\",\"dateModified\":\"2023-12-21T19:01:07+00:00\",\"breadcrumb\":{\"@id\":\"https:\\\/\\\/www.sausseron-impressionnistes.fr\\\/index.php\\\/finances-et-delegation-de-service-public-2\\\/#breadcrumb\"},\"inLanguage\":\"fr-FR\",\"potentialAction\":[{\"@type\":\"ReadAction\",\"target\":[\"https:\\\/\\\/www.sausseron-impressionnistes.fr\\\/index.php\\\/finances-et-delegation-de-service-public-2\\\/\"]}]},{\"@type\":\"BreadcrumbList\",\"@id\":\"https:\\\/\\\/www.sausseron-impressionnistes.fr\\\/index.php\\\/finances-et-delegation-de-service-public-2\\\/#breadcrumb\",\"itemListElement\":[{\"@type\":\"ListItem\",\"position\":1,\"name\":\"Accueil\",\"item\":\"https:\\\/\\\/www.sausseron-impressionnistes.fr\\\/\"},{\"@type\":\"ListItem\",\"position\":2,\"name\":\"Finances et d\u00e9l\u00e9gation de service public\"}]},{\"@type\":\"WebSite\",\"@id\":\"https:\\\/\\\/www.sausseron-impressionnistes.fr\\\/#website\",\"url\":\"https:\\\/\\\/www.sausseron-impressionnistes.fr\\\/\",\"name\":\"Communaut\u00e9 de Communes Sausseron Impressionnistes\",\"description\":\"\",\"potentialAction\":[{\"@type\":\"SearchAction\",\"target\":{\"@type\":\"EntryPoint\",\"urlTemplate\":\"https:\\\/\\\/www.sausseron-impressionnistes.fr\\\/?s={search_term_string}\"},\"query-input\":{\"@type\":\"PropertyValueSpecification\",\"valueRequired\":true,\"valueName\":\"search_term_string\"}}],\"inLanguage\":\"fr-FR\"}]}<\/script>\n<!-- \/ Yoast SEO plugin. -->","yoast_head_json":{"title":"Finances et d\u00e9l\u00e9gation de service public - Communaut\u00e9 de Communes Sausseron Impressionnistes","robots":{"index":"index","follow":"follow","max-snippet":"max-snippet:-1","max-image-preview":"max-image-preview:large","max-video-preview":"max-video-preview:-1"},"canonical":"https:\/\/www.sausseron-impressionnistes.fr\/index.php\/finances-et-delegation-de-service-public-2\/","og_locale":"fr_FR","og_type":"article","og_title":"Finances et d\u00e9l\u00e9gation de service public - Communaut\u00e9 de Communes Sausseron Impressionnistes","og_description":"(Pr\u00e9sidente Isabelle M\u00e9zi\u00e8res) AUVERS-SUR-OISEtitulaire : Le Bourgeois Marcsuppl\u00e9ant : Florent Beaulieu H\u00c9DOUVILLEtitulaire : Coupp\u00e9 Eric VALLANGOUJARDsuppl\u00e9ant : Vaillant Alain ENNERY titulaire : Laurent Matthieu suppl\u00e9ant : Demailly Benjamin LABBEVILLEtitulaire : Devillebichot Alain VALMONDOISsuppl\u00e9ante : Sallon Martine G\u00c9NICOURT suppl\u00e9ant : Deslandes Olivier NESLES-LA -VALL\u00c9Etitulaire : Leplat J\u00e9r\u00f4me LIVILLIERS titulaire : Fran\u00e7ois Danconnier BUTRY-SUR-OISEsuppl\u00e9ant : Noel Claude","og_url":"https:\/\/www.sausseron-impressionnistes.fr\/index.php\/finances-et-delegation-de-service-public-2\/","og_site_name":"Communaut\u00e9 de Communes Sausseron Impressionnistes","article_modified_time":"2023-12-21T19:01:07+00:00","twitter_card":"summary_large_image","twitter_misc":{"Dur\u00e9e de lecture estim\u00e9e":"1 minute"},"schema":{"@context":"https:\/\/schema.org","@graph":[{"@type":"WebPage","@id":"https:\/\/www.sausseron-impressionnistes.fr\/index.php\/finances-et-delegation-de-service-public-2\/","url":"https:\/\/www.sausseron-impressionnistes.fr\/index.php\/finances-et-delegation-de-service-public-2\/","name":"Finances et d\u00e9l\u00e9gation de service public - Communaut\u00e9 de Communes Sausseron Impressionnistes","isPartOf":{"@id":"https:\/\/www.sausseron-impressionnistes.fr\/#website"},"datePublished":"2021-03-01T09:39:45+00:00","dateModified":"2023-12-21T19:01:07+00:00","breadcrumb":{"@id":"https:\/\/www.sausseron-impressionnistes.fr\/index.php\/finances-et-delegation-de-service-public-2\/#breadcrumb"},"inLanguage":"fr-FR","potentialAction":[{"@type":"ReadAction","target":["https:\/\/www.sausseron-impressionnistes.fr\/index.php\/finances-et-delegation-de-service-public-2\/"]}]},{"@type":"BreadcrumbList","@id":"https:\/\/www.sausseron-impressionnistes.fr\/index.php\/finances-et-delegation-de-service-public-2\/#breadcrumb","itemListElement":[{"@type":"ListItem","position":1,"name":"Accueil","item":"https:\/\/www.sausseron-impressionnistes.fr\/"},{"@type":"ListItem","position":2,"name":"Finances et d\u00e9l\u00e9gation de service public"}]},{"@type":"WebSite","@id":"https:\/\/www.sausseron-impressionnistes.fr\/#website","url":"https:\/\/www.sausseron-impressionnistes.fr\/","name":"Communaut\u00e9 de Communes Sausseron Impressionnistes","description":"","potentialAction":[{"@type":"SearchAction","target":{"@type":"EntryPoint","urlTemplate":"https:\/\/www.sausseron-impressionnistes.fr\/?s={search_term_string}"},"query-input":{"@type":"PropertyValueSpecification","valueRequired":true,"valueName":"search_term_string"}}],"inLanguage":"fr-FR"}]}},"_links":{"self":[{"href":"https:\/\/www.sausseron-impressionnistes.fr\/index.php\/wp-json\/wp\/v2\/pages\/289","targetHints":{"allow":["GET"]}}],"collection":[{"href":"https:\/\/www.sausseron-impressionnistes.fr\/index.php\/wp-json\/wp\/v2\/pages"}],"about":[{"href":"https:\/\/www.sausseron-impressionnistes.fr\/index.php\/wp-json\/wp\/v2\/types\/page"}],"author":[{"embeddable":true,"href":"https:\/\/www.sausseron-impressionnistes.fr\/index.php\/wp-json\/wp\/v2\/users\/1"}],"replies":[{"embeddable":true,"href":"https:\/\/www.sausseron-impressionnistes.fr\/index.php\/wp-json\/wp\/v2\/comments?post=289"}],"version-history":[{"count":4,"href":"https:\/\/www.sausseron-impressionnistes.fr\/index.php\/wp-json\/wp\/v2\/pages\/289\/revisions"}],"predecessor-version":[{"id":2606,"href":"https:\/\/www.sausseron-impressionnistes.fr\/index.php\/wp-json\/wp\/v2\/pages\/289\/revisions\/2606"}],"wp:attachment":[{"href":"https:\/\/www.sausseron-impressionnistes.fr\/index.php\/wp-json\/wp\/v2\/media?parent=289"}],"curies":[{"name":"wp","href":"https:\/\/api.w.org\/{rel}","templated":true}]}}