{"id":245,"date":"2021-03-01T10:28:21","date_gmt":"2021-03-01T09:28:21","guid":{"rendered":"http:\/\/www.sausseron-impressionnistes.fr\/?page_id=245"},"modified":"2025-07-28T20:32:27","modified_gmt":"2025-07-28T18:32:27","slug":"a-ennery-3","status":"publish","type":"page","link":"https:\/\/www.sausseron-impressionnistes.fr\/index.php\/a-ennery-3\/","title":{"rendered":"CR\u00c8CHE \u00ab LES COQUELICOTS \u00bb ENNERY"},"content":{"rendered":"\n<p><strong>INSCRIPTIONS<\/strong><\/p>\n\n\n\n<p><strong>L\u2019inscription pour les cr\u00e8ches d\u2019AUVERS-SUR-OISE et ENNERY se fait uniquement aupr\u00e8s du RPE (Guichet Unique).<\/strong><\/p>\n\n\n\n<p>Les pr\u00e9inscriptions se font tout au long de l\u2019ann\u00e9e (un formulaire de pr\u00e9inscription vous sera envoy\u00e9 apr\u00e8s le 1<sup>er<\/sup>&nbsp;contact avec le RPE).&nbsp;<strong>La cl\u00f4ture des d\u00e9p\u00f4ts pour les dossiers d\u2019inscription est fix\u00e9e au&nbsp;31 janvier, pour une rentr\u00e9e en septembre.<\/strong><\/p>\n\n\n\n<p>Directrice du Relais Petit Enfance (RPE)<\/p>\n\n\n\n<p><strong>Mme St\u00e9phanie DONADE\u00cf<\/strong><br>T\u00e9l&nbsp;: 01 34 42 69 29 ou 07 85 55 79 68<br><a href=\"mailto:rpe@sausseron-impressionnistes.fr\">rpe@sausseron-impressionnistes.fr<\/a><\/p>\n\n\n\n<div id=\"creche_ennery_photo1\">\n\n\n\n<figure class=\"wp-block-image size-full\"><img decoding=\"async\" width=\"222\" height=\"125\" src=\"https:\/\/www.sausseron-impressionnistes.fr\/wp-content\/uploads\/2023\/07\/image-10.png\" alt=\"\" class=\"wp-image-2327\"\/><\/figure>\n\n\n\n<figure class=\"wp-block-image size-full\"><img decoding=\"async\" width=\"114\" height=\"151\" src=\"https:\/\/www.sausseron-impressionnistes.fr\/wp-content\/uploads\/2023\/07\/image-11.png\" alt=\"\" class=\"wp-image-2328\"\/><\/figure>\n\n\n\n<figure class=\"wp-block-image size-full\"><img decoding=\"async\" width=\"383\" height=\"118\" src=\"https:\/\/www.sausseron-impressionnistes.fr\/wp-content\/uploads\/2023\/07\/image-12.png\" alt=\"\" class=\"wp-image-2329\" srcset=\"https:\/\/www.sausseron-impressionnistes.fr\/wp-content\/uploads\/2023\/07\/image-12.png 383w, https:\/\/www.sausseron-impressionnistes.fr\/wp-content\/uploads\/2023\/07\/image-12-300x92.png 300w\" sizes=\"(max-width: 383px) 100vw, 383px\" \/><\/figure>\n\n\n\n<\/div>\n\n\n\n<p>Pour les familles souhaitant 1 \u00e0 2 jours par semaine l\u2019accueil est de 8h30 \u00e0 17h30 le lundi, mardi, jeudi et vendredi.<br><br>Pour les accueils de 3 \u00e0 5 jours par semaine l\u2019accueil est de 7h30 \u00e0 18h30 du lundi au vendredi.<\/p>\n\n\n\n<p class=\"has-text-align-center has-pale-pink-color has-text-color\"><strong><strong>La cr\u00e8che d\u2019Ennery<\/strong><\/strong><\/p>\n\n\n\n<div id=\"creche_ennery_photo3\">\n\n\n\n<figure class=\"wp-block-image size-full\"><img decoding=\"async\" width=\"196\" height=\"185\" src=\"https:\/\/www.sausseron-impressionnistes.fr\/wp-content\/uploads\/2023\/07\/image-15.png\" alt=\"\" class=\"wp-image-2332\"\/><\/figure>\n\n\n\n<\/div>\n\n\n\n<div id=\"creche_ennery_photo2\">\n\n\n\n<figure class=\"wp-block-image size-full is-resized\"><img decoding=\"async\" width=\"119\" height=\"119\" src=\"https:\/\/www.sausseron-impressionnistes.fr\/wp-content\/uploads\/2023\/07\/image-14.png\" alt=\"\" class=\"wp-image-2331\" style=\"width:131px;height:131px\" srcset=\"https:\/\/www.sausseron-impressionnistes.fr\/wp-content\/uploads\/2023\/07\/image-14.png 119w, https:\/\/www.sausseron-impressionnistes.fr\/wp-content\/uploads\/2023\/07\/image-14-100x100.png 100w\" sizes=\"(max-width: 119px) 100vw, 119px\" \/><\/figure>\n\n\n\n<figure class=\"wp-block-image size-full\"><img decoding=\"async\" width=\"132\" height=\"132\" src=\"https:\/\/www.sausseron-impressionnistes.fr\/wp-content\/uploads\/2023\/07\/image-16.png\" alt=\"\" class=\"wp-image-2333\" srcset=\"https:\/\/www.sausseron-impressionnistes.fr\/wp-content\/uploads\/2023\/07\/image-16.png 132w, https:\/\/www.sausseron-impressionnistes.fr\/wp-content\/uploads\/2023\/07\/image-16-100x100.png 100w\" sizes=\"(max-width: 132px) 100vw, 132px\" \/><\/figure>\n\n\n\n<figure class=\"wp-block-image size-full\"><img decoding=\"async\" width=\"133\" height=\"132\" src=\"https:\/\/www.sausseron-impressionnistes.fr\/wp-content\/uploads\/2023\/07\/image-17.png\" alt=\"\" class=\"wp-image-2334\" srcset=\"https:\/\/www.sausseron-impressionnistes.fr\/wp-content\/uploads\/2023\/07\/image-17.png 133w, https:\/\/www.sausseron-impressionnistes.fr\/wp-content\/uploads\/2023\/07\/image-17-100x100.png 100w\" sizes=\"(max-width: 133px) 100vw, 133px\" \/><\/figure>\n\n\n\n<\/div>\n\n\n\n<style>\n#creche_ennery_photo1{\ndisplay: flex;\njustify-content: space-between;\n}\n\n#creche_ennery_photo2{\ndisplay: flex;\njustify-content: space-between;\njustify-content: center;\n}\n\n#creche_ennery_photo3{\ndisplay: flex;\njustify-content: space-between;\njustify-content: center;\n}\n<\/style>\n\n\n\n<p>La cr\u00e8che d&rsquo;Ennery \u00e0 une capacit\u00e9 d&rsquo;accueil de 30 berceaux qui sont repartis en deux sections, petit moyen et moyen-grand.<\/p>\n\n\n\n<p>Les locaux modernes, lumineux et spacieux aux normes HQE (Haute Qualit\u00e9 Environnementale) sont am\u00e9nag\u00e9s pour assurer la s\u00e9curit\u00e9 et le bien-\u00eatre des enfants.<\/p>\n\n\n\n<p>Une \u00e9quipe pluridisciplinaire de 10 professionnels de la petite enfance est pr\u00e9sente de 7h30 \u00e0 18h30 pour accompagner et prendre soin des enfants au quotidien. Une directrice de formation infirmi\u00e8re, des \u00e9ducateurs de jeunes enfants, des auxiliaires de pu\u00e9riculture, des auxiliaires petite enfance, et une ma\u00eetresse de maison.<\/p>\n\n\n\n<p>La cr\u00e8che a le privil\u00e8ge d&rsquo;avoir un cuisinier sur place de la soci\u00e9t\u00e9 Ansamble qui pr\u00e9pare les repas quotidiennement et propose des ateliers aux enfants.<\/p>\n\n\n\n<p>Une psychologue et un m\u00e9decin de cr\u00e8che interviennent \u00e9galement sur la structure.<\/p>\n\n\n\n<p>Un environnement ext\u00e9rieur a \u00e9t\u00e9 cr\u00e9\u00e9 en sol souple et am\u00e9nag\u00e9 de structures de jeux. Un projet p\u00e9dagogique a pour valeurs la conqu\u00eate de l\u2019autonomie, la construction de l\u2019estime de soi et l\u2019\u00e9panouissement de chaque enfant accueilli.<\/p>\n\n\n\n<p>L\u2019\u00e9quipe a choisi d\u2019orienter son projet p\u00e9dagogique autour de la nature, sensoriel en d\u00e9veloppant des activit\u00e9s et des ateliers autour de ce focus ainsi que le langage (LSF et \u00e9veil aux autres langues) et l&rsquo;\u00e9veil musical avec une intervenante.<\/p>\n\n\n\n<p>La cr\u00e8che travaille en partenariat avec les acteurs petite enfance locaux (RPE, Centre de loisirs) et la cr\u00e8che d\u2019Auvers-sur-Oise.<\/p>\n\n\n\n<p>Fermetures : 1 semaine en avril, 3 semaines en ao\u00fbt, 1 semaine entre No\u00ebl et le jour de l&rsquo;an, 2 journ\u00e9es p\u00e9dagogiques.<\/p>\n","protected":false},"excerpt":{"rendered":"<p>INSCRIPTIONS L\u2019inscription pour les cr\u00e8ches d\u2019AUVERS-SUR-OISE et ENNERY se fait uniquement aupr\u00e8s du RPE (Guichet Unique). Les pr\u00e9inscriptions se font tout au long de l\u2019ann\u00e9e (un formulaire de pr\u00e9inscription vous sera envoy\u00e9 apr\u00e8s le 1er&nbsp;contact avec le RPE).&nbsp;La cl\u00f4ture des d\u00e9p\u00f4ts pour les dossiers d\u2019inscription est fix\u00e9e au&nbsp;31 janvier, pour une rentr\u00e9e en septembre. Directrice &hellip; <\/p>\n<p class=\"link-more\"><a href=\"https:\/\/www.sausseron-impressionnistes.fr\/index.php\/a-ennery-3\/\" class=\"more-link\">Continuer la lecture<span class=\"screen-reader-text\"> de &laquo;&nbsp;CR\u00c8CHE \u00ab LES COQUELICOTS \u00bb ENNERY&nbsp;&raquo;<\/span><\/a><\/p>\n","protected":false},"author":1,"featured_media":0,"parent":0,"menu_order":0,"comment_status":"closed","ping_status":"closed","template":"","meta":{"footnotes":""},"class_list":["post-245","page","type-page","status-publish","hentry"],"yoast_head":"<!-- This site is optimized with the Yoast SEO plugin v27.4 - https:\/\/yoast.com\/product\/yoast-seo-wordpress\/ -->\n<title>CR\u00c8CHE \u00ab LES COQUELICOTS \u00bb ENNERY - Communaut\u00e9 de Communes Sausseron Impressionnistes<\/title>\n<meta name=\"robots\" content=\"index, follow, max-snippet:-1, max-image-preview:large, max-video-preview:-1\" \/>\n<link rel=\"canonical\" href=\"https:\/\/www.sausseron-impressionnistes.fr\/index.php\/a-ennery-3\/\" \/>\n<meta property=\"og:locale\" content=\"fr_FR\" \/>\n<meta property=\"og:type\" content=\"article\" \/>\n<meta property=\"og:title\" content=\"CR\u00c8CHE \u00ab LES COQUELICOTS \u00bb ENNERY - Communaut\u00e9 de Communes Sausseron Impressionnistes\" \/>\n<meta property=\"og:description\" content=\"INSCRIPTIONS L\u2019inscription pour les cr\u00e8ches d\u2019AUVERS-SUR-OISE et ENNERY se fait uniquement aupr\u00e8s du RPE (Guichet Unique). Les pr\u00e9inscriptions se font tout au long de l\u2019ann\u00e9e (un formulaire de pr\u00e9inscription vous sera envoy\u00e9 apr\u00e8s le 1er&nbsp;contact avec le RPE).&nbsp;La cl\u00f4ture des d\u00e9p\u00f4ts pour les dossiers d\u2019inscription est fix\u00e9e au&nbsp;31 janvier, pour une rentr\u00e9e en septembre. Directrice &hellip; Continuer la lecture de &laquo;&nbsp;CR\u00c8CHE \u00ab LES COQUELICOTS \u00bb ENNERY&nbsp;&raquo;\" \/>\n<meta property=\"og:url\" content=\"https:\/\/www.sausseron-impressionnistes.fr\/index.php\/a-ennery-3\/\" \/>\n<meta property=\"og:site_name\" content=\"Communaut\u00e9 de Communes Sausseron Impressionnistes\" \/>\n<meta property=\"article:modified_time\" content=\"2025-07-28T18:32:27+00:00\" \/>\n<meta property=\"og:image\" content=\"https:\/\/www.sausseron-impressionnistes.fr\/wp-content\/uploads\/2023\/07\/image-10.png\" \/>\n\t<meta property=\"og:image:width\" content=\"222\" \/>\n\t<meta property=\"og:image:height\" content=\"125\" \/>\n\t<meta property=\"og:image:type\" content=\"image\/png\" \/>\n<meta name=\"twitter:card\" content=\"summary_large_image\" \/>\n<meta name=\"twitter:label1\" content=\"Dur\u00e9e de lecture estim\u00e9e\" \/>\n\t<meta name=\"twitter:data1\" content=\"4 minutes\" \/>\n<script type=\"application\/ld+json\" class=\"yoast-schema-graph\">{\"@context\":\"https:\\\/\\\/schema.org\",\"@graph\":[{\"@type\":\"WebPage\",\"@id\":\"https:\\\/\\\/www.sausseron-impressionnistes.fr\\\/index.php\\\/a-ennery-3\\\/\",\"url\":\"https:\\\/\\\/www.sausseron-impressionnistes.fr\\\/index.php\\\/a-ennery-3\\\/\",\"name\":\"CR\u00c8CHE \u00ab LES COQUELICOTS \u00bb ENNERY - Communaut\u00e9 de Communes Sausseron Impressionnistes\",\"isPartOf\":{\"@id\":\"https:\\\/\\\/www.sausseron-impressionnistes.fr\\\/#website\"},\"primaryImageOfPage\":{\"@id\":\"https:\\\/\\\/www.sausseron-impressionnistes.fr\\\/index.php\\\/a-ennery-3\\\/#primaryimage\"},\"image\":{\"@id\":\"https:\\\/\\\/www.sausseron-impressionnistes.fr\\\/index.php\\\/a-ennery-3\\\/#primaryimage\"},\"thumbnailUrl\":\"https:\\\/\\\/www.sausseron-impressionnistes.fr\\\/wp-content\\\/uploads\\\/2023\\\/07\\\/image-10.png\",\"datePublished\":\"2021-03-01T09:28:21+00:00\",\"dateModified\":\"2025-07-28T18:32:27+00:00\",\"breadcrumb\":{\"@id\":\"https:\\\/\\\/www.sausseron-impressionnistes.fr\\\/index.php\\\/a-ennery-3\\\/#breadcrumb\"},\"inLanguage\":\"fr-FR\",\"potentialAction\":[{\"@type\":\"ReadAction\",\"target\":[\"https:\\\/\\\/www.sausseron-impressionnistes.fr\\\/index.php\\\/a-ennery-3\\\/\"]}]},{\"@type\":\"ImageObject\",\"inLanguage\":\"fr-FR\",\"@id\":\"https:\\\/\\\/www.sausseron-impressionnistes.fr\\\/index.php\\\/a-ennery-3\\\/#primaryimage\",\"url\":\"https:\\\/\\\/www.sausseron-impressionnistes.fr\\\/wp-content\\\/uploads\\\/2023\\\/07\\\/image-10.png\",\"contentUrl\":\"https:\\\/\\\/www.sausseron-impressionnistes.fr\\\/wp-content\\\/uploads\\\/2023\\\/07\\\/image-10.png\",\"width\":222,\"height\":125},{\"@type\":\"BreadcrumbList\",\"@id\":\"https:\\\/\\\/www.sausseron-impressionnistes.fr\\\/index.php\\\/a-ennery-3\\\/#breadcrumb\",\"itemListElement\":[{\"@type\":\"ListItem\",\"position\":1,\"name\":\"Accueil\",\"item\":\"https:\\\/\\\/www.sausseron-impressionnistes.fr\\\/\"},{\"@type\":\"ListItem\",\"position\":2,\"name\":\"CR\u00c8CHE \u00ab LES COQUELICOTS \u00bb ENNERY\"}]},{\"@type\":\"WebSite\",\"@id\":\"https:\\\/\\\/www.sausseron-impressionnistes.fr\\\/#website\",\"url\":\"https:\\\/\\\/www.sausseron-impressionnistes.fr\\\/\",\"name\":\"Communaut\u00e9 de Communes Sausseron Impressionnistes\",\"description\":\"\",\"potentialAction\":[{\"@type\":\"SearchAction\",\"target\":{\"@type\":\"EntryPoint\",\"urlTemplate\":\"https:\\\/\\\/www.sausseron-impressionnistes.fr\\\/?s={search_term_string}\"},\"query-input\":{\"@type\":\"PropertyValueSpecification\",\"valueRequired\":true,\"valueName\":\"search_term_string\"}}],\"inLanguage\":\"fr-FR\"}]}<\/script>\n<!-- \/ Yoast SEO plugin. -->","yoast_head_json":{"title":"CR\u00c8CHE \u00ab LES COQUELICOTS \u00bb ENNERY - Communaut\u00e9 de Communes Sausseron Impressionnistes","robots":{"index":"index","follow":"follow","max-snippet":"max-snippet:-1","max-image-preview":"max-image-preview:large","max-video-preview":"max-video-preview:-1"},"canonical":"https:\/\/www.sausseron-impressionnistes.fr\/index.php\/a-ennery-3\/","og_locale":"fr_FR","og_type":"article","og_title":"CR\u00c8CHE \u00ab LES COQUELICOTS \u00bb ENNERY - Communaut\u00e9 de Communes Sausseron Impressionnistes","og_description":"INSCRIPTIONS L\u2019inscription pour les cr\u00e8ches d\u2019AUVERS-SUR-OISE et ENNERY se fait uniquement aupr\u00e8s du RPE (Guichet Unique). Les pr\u00e9inscriptions se font tout au long de l\u2019ann\u00e9e (un formulaire de pr\u00e9inscription vous sera envoy\u00e9 apr\u00e8s le 1er&nbsp;contact avec le RPE).&nbsp;La cl\u00f4ture des d\u00e9p\u00f4ts pour les dossiers d\u2019inscription est fix\u00e9e au&nbsp;31 janvier, pour une rentr\u00e9e en septembre. Directrice &hellip; Continuer la lecture de &laquo;&nbsp;CR\u00c8CHE \u00ab LES COQUELICOTS \u00bb ENNERY&nbsp;&raquo;","og_url":"https:\/\/www.sausseron-impressionnistes.fr\/index.php\/a-ennery-3\/","og_site_name":"Communaut\u00e9 de Communes Sausseron Impressionnistes","article_modified_time":"2025-07-28T18:32:27+00:00","og_image":[{"width":222,"height":125,"url":"https:\/\/www.sausseron-impressionnistes.fr\/wp-content\/uploads\/2023\/07\/image-10.png","type":"image\/png"}],"twitter_card":"summary_large_image","twitter_misc":{"Dur\u00e9e de lecture estim\u00e9e":"4 minutes"},"schema":{"@context":"https:\/\/schema.org","@graph":[{"@type":"WebPage","@id":"https:\/\/www.sausseron-impressionnistes.fr\/index.php\/a-ennery-3\/","url":"https:\/\/www.sausseron-impressionnistes.fr\/index.php\/a-ennery-3\/","name":"CR\u00c8CHE \u00ab LES COQUELICOTS \u00bb ENNERY - Communaut\u00e9 de Communes Sausseron Impressionnistes","isPartOf":{"@id":"https:\/\/www.sausseron-impressionnistes.fr\/#website"},"primaryImageOfPage":{"@id":"https:\/\/www.sausseron-impressionnistes.fr\/index.php\/a-ennery-3\/#primaryimage"},"image":{"@id":"https:\/\/www.sausseron-impressionnistes.fr\/index.php\/a-ennery-3\/#primaryimage"},"thumbnailUrl":"https:\/\/www.sausseron-impressionnistes.fr\/wp-content\/uploads\/2023\/07\/image-10.png","datePublished":"2021-03-01T09:28:21+00:00","dateModified":"2025-07-28T18:32:27+00:00","breadcrumb":{"@id":"https:\/\/www.sausseron-impressionnistes.fr\/index.php\/a-ennery-3\/#breadcrumb"},"inLanguage":"fr-FR","potentialAction":[{"@type":"ReadAction","target":["https:\/\/www.sausseron-impressionnistes.fr\/index.php\/a-ennery-3\/"]}]},{"@type":"ImageObject","inLanguage":"fr-FR","@id":"https:\/\/www.sausseron-impressionnistes.fr\/index.php\/a-ennery-3\/#primaryimage","url":"https:\/\/www.sausseron-impressionnistes.fr\/wp-content\/uploads\/2023\/07\/image-10.png","contentUrl":"https:\/\/www.sausseron-impressionnistes.fr\/wp-content\/uploads\/2023\/07\/image-10.png","width":222,"height":125},{"@type":"BreadcrumbList","@id":"https:\/\/www.sausseron-impressionnistes.fr\/index.php\/a-ennery-3\/#breadcrumb","itemListElement":[{"@type":"ListItem","position":1,"name":"Accueil","item":"https:\/\/www.sausseron-impressionnistes.fr\/"},{"@type":"ListItem","position":2,"name":"CR\u00c8CHE \u00ab LES COQUELICOTS \u00bb ENNERY"}]},{"@type":"WebSite","@id":"https:\/\/www.sausseron-impressionnistes.fr\/#website","url":"https:\/\/www.sausseron-impressionnistes.fr\/","name":"Communaut\u00e9 de Communes Sausseron Impressionnistes","description":"","potentialAction":[{"@type":"SearchAction","target":{"@type":"EntryPoint","urlTemplate":"https:\/\/www.sausseron-impressionnistes.fr\/?s={search_term_string}"},"query-input":{"@type":"PropertyValueSpecification","valueRequired":true,"valueName":"search_term_string"}}],"inLanguage":"fr-FR"}]}},"_links":{"self":[{"href":"https:\/\/www.sausseron-impressionnistes.fr\/index.php\/wp-json\/wp\/v2\/pages\/245","targetHints":{"allow":["GET"]}}],"collection":[{"href":"https:\/\/www.sausseron-impressionnistes.fr\/index.php\/wp-json\/wp\/v2\/pages"}],"about":[{"href":"https:\/\/www.sausseron-impressionnistes.fr\/index.php\/wp-json\/wp\/v2\/types\/page"}],"author":[{"embeddable":true,"href":"https:\/\/www.sausseron-impressionnistes.fr\/index.php\/wp-json\/wp\/v2\/users\/1"}],"replies":[{"embeddable":true,"href":"https:\/\/www.sausseron-impressionnistes.fr\/index.php\/wp-json\/wp\/v2\/comments?post=245"}],"version-history":[{"count":14,"href":"https:\/\/www.sausseron-impressionnistes.fr\/index.php\/wp-json\/wp\/v2\/pages\/245\/revisions"}],"predecessor-version":[{"id":3340,"href":"https:\/\/www.sausseron-impressionnistes.fr\/index.php\/wp-json\/wp\/v2\/pages\/245\/revisions\/3340"}],"wp:attachment":[{"href":"https:\/\/www.sausseron-impressionnistes.fr\/index.php\/wp-json\/wp\/v2\/media?parent=245"}],"curies":[{"name":"wp","href":"https:\/\/api.w.org\/{rel}","templated":true}]}}