{"id":244,"date":"2021-03-01T10:28:21","date_gmt":"2021-03-01T09:28:21","guid":{"rendered":"http:\/\/www.sausseron-impressionnistes.fr\/?page_id=244"},"modified":"2021-03-02T11:39:28","modified_gmt":"2021-03-02T10:39:28","slug":"amenagement-de-lespace-2","status":"publish","type":"page","link":"https:\/\/www.sausseron-impressionnistes.fr\/index.php\/amenagement-de-lespace-2\/","title":{"rendered":"Am\u00e9nagement de l&rsquo;espace"},"content":{"rendered":"\n<p><strong><span style=\"color:#dab93e\" class=\"has-inline-color\">L&rsquo;intercommunalit\u00e9 intervient dans plusieurs domaines, soit en ma\u00eetrise d\u2019ouvrage directe, soit en accompagnant les communes dans leurs projets : \u00c9tude, cr\u00e9ation et am\u00e9nagement de toute nouvelle zone en lien avec les comp\u00e9tences de la Communaut\u00e9 (zone d\u2019activ\u00e9s, cr\u00e8che, halte-garderie, centre de loisirs, RAM, LAEP\u2026).<\/span><\/strong><\/p>\n\n\n\n<p>La Communaut\u00e9 ne d\u00e9sire pas \u00e9tablir un Plan Local d\u2019Urbanisme intercommunal (PLUi).<\/p>\n\n\n\n<p>Un r\u00e8glement local de publicit\u00e9 intercommunal devra \u00eatre mis \u00e0 l\u2019\u00e9tude. Cette d\u00e9marche vise \u00e0 concilier deux grands principes :<\/p>\n\n\n\n<p>\u2022 La protection du cadre de vie, la pr\u00e9vention des nuisances lumineuses et la r\u00e9duction des consommations \u00e9nerg\u00e9tiques.<\/p>\n\n\n\n<p>\u2022 Le respect des libert\u00e9s fondamentales que sont la libert\u00e9 d\u2019expression et la libert\u00e9 du commerce et de l\u2019industrie.<\/p>\n","protected":false},"excerpt":{"rendered":"<p>L&rsquo;intercommunalit\u00e9 intervient dans plusieurs domaines, soit en ma\u00eetrise d\u2019ouvrage directe, soit en accompagnant les communes dans leurs projets : \u00c9tude, cr\u00e9ation et am\u00e9nagement de toute nouvelle zone en lien avec les comp\u00e9tences de la Communaut\u00e9 (zone d\u2019activ\u00e9s, cr\u00e8che, halte-garderie, centre de loisirs, RAM, LAEP\u2026). La Communaut\u00e9 ne d\u00e9sire pas \u00e9tablir un Plan Local d\u2019Urbanisme intercommunal &hellip; <\/p>\n<p class=\"link-more\"><a href=\"https:\/\/www.sausseron-impressionnistes.fr\/index.php\/amenagement-de-lespace-2\/\" class=\"more-link\">Continuer la lecture<span class=\"screen-reader-text\"> de &laquo;&nbsp;Am\u00e9nagement de l&rsquo;espace&nbsp;&raquo;<\/span><\/a><\/p>\n","protected":false},"author":1,"featured_media":0,"parent":0,"menu_order":0,"comment_status":"closed","ping_status":"closed","template":"","meta":{"footnotes":""},"class_list":["post-244","page","type-page","status-publish","hentry"],"yoast_head":"<!-- This site is optimized with the Yoast SEO plugin v27.4 - https:\/\/yoast.com\/product\/yoast-seo-wordpress\/ -->\n<title>Am\u00e9nagement de l&#039;espace - Communaut\u00e9 de Communes Sausseron Impressionnistes<\/title>\n<meta name=\"robots\" content=\"index, follow, max-snippet:-1, max-image-preview:large, max-video-preview:-1\" \/>\n<link rel=\"canonical\" href=\"https:\/\/www.sausseron-impressionnistes.fr\/index.php\/amenagement-de-lespace-2\/\" \/>\n<meta property=\"og:locale\" content=\"fr_FR\" \/>\n<meta property=\"og:type\" content=\"article\" \/>\n<meta property=\"og:title\" content=\"Am\u00e9nagement de l&#039;espace - Communaut\u00e9 de Communes Sausseron Impressionnistes\" \/>\n<meta property=\"og:description\" content=\"L&rsquo;intercommunalit\u00e9 intervient dans plusieurs domaines, soit en ma\u00eetrise d\u2019ouvrage directe, soit en accompagnant les communes dans leurs projets : \u00c9tude, cr\u00e9ation et am\u00e9nagement de toute nouvelle zone en lien avec les comp\u00e9tences de la Communaut\u00e9 (zone d\u2019activ\u00e9s, cr\u00e8che, halte-garderie, centre de loisirs, RAM, LAEP\u2026). La Communaut\u00e9 ne d\u00e9sire pas \u00e9tablir un Plan Local d\u2019Urbanisme intercommunal &hellip; Continuer la lecture de &laquo;&nbsp;Am\u00e9nagement de l&rsquo;espace&nbsp;&raquo;\" \/>\n<meta property=\"og:url\" content=\"https:\/\/www.sausseron-impressionnistes.fr\/index.php\/amenagement-de-lespace-2\/\" \/>\n<meta property=\"og:site_name\" content=\"Communaut\u00e9 de Communes Sausseron Impressionnistes\" \/>\n<meta property=\"article:modified_time\" content=\"2021-03-02T10:39:28+00:00\" \/>\n<meta name=\"twitter:card\" content=\"summary_large_image\" \/>\n<meta name=\"twitter:label1\" content=\"Dur\u00e9e de lecture estim\u00e9e\" \/>\n\t<meta name=\"twitter:data1\" content=\"1 minute\" \/>\n<script type=\"application\/ld+json\" class=\"yoast-schema-graph\">{\"@context\":\"https:\\\/\\\/schema.org\",\"@graph\":[{\"@type\":\"WebPage\",\"@id\":\"https:\\\/\\\/www.sausseron-impressionnistes.fr\\\/index.php\\\/amenagement-de-lespace-2\\\/\",\"url\":\"https:\\\/\\\/www.sausseron-impressionnistes.fr\\\/index.php\\\/amenagement-de-lespace-2\\\/\",\"name\":\"Am\u00e9nagement de l'espace - Communaut\u00e9 de Communes Sausseron Impressionnistes\",\"isPartOf\":{\"@id\":\"https:\\\/\\\/www.sausseron-impressionnistes.fr\\\/#website\"},\"datePublished\":\"2021-03-01T09:28:21+00:00\",\"dateModified\":\"2021-03-02T10:39:28+00:00\",\"breadcrumb\":{\"@id\":\"https:\\\/\\\/www.sausseron-impressionnistes.fr\\\/index.php\\\/amenagement-de-lespace-2\\\/#breadcrumb\"},\"inLanguage\":\"fr-FR\",\"potentialAction\":[{\"@type\":\"ReadAction\",\"target\":[\"https:\\\/\\\/www.sausseron-impressionnistes.fr\\\/index.php\\\/amenagement-de-lespace-2\\\/\"]}]},{\"@type\":\"BreadcrumbList\",\"@id\":\"https:\\\/\\\/www.sausseron-impressionnistes.fr\\\/index.php\\\/amenagement-de-lespace-2\\\/#breadcrumb\",\"itemListElement\":[{\"@type\":\"ListItem\",\"position\":1,\"name\":\"Accueil\",\"item\":\"https:\\\/\\\/www.sausseron-impressionnistes.fr\\\/\"},{\"@type\":\"ListItem\",\"position\":2,\"name\":\"Am\u00e9nagement de l&rsquo;espace\"}]},{\"@type\":\"WebSite\",\"@id\":\"https:\\\/\\\/www.sausseron-impressionnistes.fr\\\/#website\",\"url\":\"https:\\\/\\\/www.sausseron-impressionnistes.fr\\\/\",\"name\":\"Communaut\u00e9 de Communes Sausseron Impressionnistes\",\"description\":\"\",\"potentialAction\":[{\"@type\":\"SearchAction\",\"target\":{\"@type\":\"EntryPoint\",\"urlTemplate\":\"https:\\\/\\\/www.sausseron-impressionnistes.fr\\\/?s={search_term_string}\"},\"query-input\":{\"@type\":\"PropertyValueSpecification\",\"valueRequired\":true,\"valueName\":\"search_term_string\"}}],\"inLanguage\":\"fr-FR\"}]}<\/script>\n<!-- \/ Yoast SEO plugin. -->","yoast_head_json":{"title":"Am\u00e9nagement de l'espace - Communaut\u00e9 de Communes Sausseron Impressionnistes","robots":{"index":"index","follow":"follow","max-snippet":"max-snippet:-1","max-image-preview":"max-image-preview:large","max-video-preview":"max-video-preview:-1"},"canonical":"https:\/\/www.sausseron-impressionnistes.fr\/index.php\/amenagement-de-lespace-2\/","og_locale":"fr_FR","og_type":"article","og_title":"Am\u00e9nagement de l'espace - Communaut\u00e9 de Communes Sausseron Impressionnistes","og_description":"L&rsquo;intercommunalit\u00e9 intervient dans plusieurs domaines, soit en ma\u00eetrise d\u2019ouvrage directe, soit en accompagnant les communes dans leurs projets : \u00c9tude, cr\u00e9ation et am\u00e9nagement de toute nouvelle zone en lien avec les comp\u00e9tences de la Communaut\u00e9 (zone d\u2019activ\u00e9s, cr\u00e8che, halte-garderie, centre de loisirs, RAM, LAEP\u2026). La Communaut\u00e9 ne d\u00e9sire pas \u00e9tablir un Plan Local d\u2019Urbanisme intercommunal &hellip; Continuer la lecture de &laquo;&nbsp;Am\u00e9nagement de l&rsquo;espace&nbsp;&raquo;","og_url":"https:\/\/www.sausseron-impressionnistes.fr\/index.php\/amenagement-de-lespace-2\/","og_site_name":"Communaut\u00e9 de Communes Sausseron Impressionnistes","article_modified_time":"2021-03-02T10:39:28+00:00","twitter_card":"summary_large_image","twitter_misc":{"Dur\u00e9e de lecture estim\u00e9e":"1 minute"},"schema":{"@context":"https:\/\/schema.org","@graph":[{"@type":"WebPage","@id":"https:\/\/www.sausseron-impressionnistes.fr\/index.php\/amenagement-de-lespace-2\/","url":"https:\/\/www.sausseron-impressionnistes.fr\/index.php\/amenagement-de-lespace-2\/","name":"Am\u00e9nagement de l'espace - Communaut\u00e9 de Communes Sausseron Impressionnistes","isPartOf":{"@id":"https:\/\/www.sausseron-impressionnistes.fr\/#website"},"datePublished":"2021-03-01T09:28:21+00:00","dateModified":"2021-03-02T10:39:28+00:00","breadcrumb":{"@id":"https:\/\/www.sausseron-impressionnistes.fr\/index.php\/amenagement-de-lespace-2\/#breadcrumb"},"inLanguage":"fr-FR","potentialAction":[{"@type":"ReadAction","target":["https:\/\/www.sausseron-impressionnistes.fr\/index.php\/amenagement-de-lespace-2\/"]}]},{"@type":"BreadcrumbList","@id":"https:\/\/www.sausseron-impressionnistes.fr\/index.php\/amenagement-de-lespace-2\/#breadcrumb","itemListElement":[{"@type":"ListItem","position":1,"name":"Accueil","item":"https:\/\/www.sausseron-impressionnistes.fr\/"},{"@type":"ListItem","position":2,"name":"Am\u00e9nagement de l&rsquo;espace"}]},{"@type":"WebSite","@id":"https:\/\/www.sausseron-impressionnistes.fr\/#website","url":"https:\/\/www.sausseron-impressionnistes.fr\/","name":"Communaut\u00e9 de Communes Sausseron Impressionnistes","description":"","potentialAction":[{"@type":"SearchAction","target":{"@type":"EntryPoint","urlTemplate":"https:\/\/www.sausseron-impressionnistes.fr\/?s={search_term_string}"},"query-input":{"@type":"PropertyValueSpecification","valueRequired":true,"valueName":"search_term_string"}}],"inLanguage":"fr-FR"}]}},"_links":{"self":[{"href":"https:\/\/www.sausseron-impressionnistes.fr\/index.php\/wp-json\/wp\/v2\/pages\/244","targetHints":{"allow":["GET"]}}],"collection":[{"href":"https:\/\/www.sausseron-impressionnistes.fr\/index.php\/wp-json\/wp\/v2\/pages"}],"about":[{"href":"https:\/\/www.sausseron-impressionnistes.fr\/index.php\/wp-json\/wp\/v2\/types\/page"}],"author":[{"embeddable":true,"href":"https:\/\/www.sausseron-impressionnistes.fr\/index.php\/wp-json\/wp\/v2\/users\/1"}],"replies":[{"embeddable":true,"href":"https:\/\/www.sausseron-impressionnistes.fr\/index.php\/wp-json\/wp\/v2\/comments?post=244"}],"version-history":[{"count":2,"href":"https:\/\/www.sausseron-impressionnistes.fr\/index.php\/wp-json\/wp\/v2\/pages\/244\/revisions"}],"predecessor-version":[{"id":487,"href":"https:\/\/www.sausseron-impressionnistes.fr\/index.php\/wp-json\/wp\/v2\/pages\/244\/revisions\/487"}],"wp:attachment":[{"href":"https:\/\/www.sausseron-impressionnistes.fr\/index.php\/wp-json\/wp\/v2\/media?parent=244"}],"curies":[{"name":"wp","href":"https:\/\/api.w.org\/{rel}","templated":true}]}}