{"id":2372,"date":"2023-07-10T12:29:44","date_gmt":"2023-07-10T10:29:44","guid":{"rendered":"https:\/\/www.sausseron-impressionnistes.fr\/?page_id=2372"},"modified":"2023-07-10T12:29:45","modified_gmt":"2023-07-10T10:29:45","slug":"lespace-jeunes-ennery","status":"publish","type":"page","link":"https:\/\/www.sausseron-impressionnistes.fr\/index.php\/lespace-jeunes-ennery\/","title":{"rendered":"L&rsquo;espace jeunes Ennery"},"content":{"rendered":"\n<figure class=\"wp-block-image size-full\"><img decoding=\"async\" width=\"1010\" height=\"445\" src=\"https:\/\/www.sausseron-impressionnistes.fr\/wp-content\/uploads\/2023\/07\/image-24.png\" alt=\"\" class=\"wp-image-2370\" srcset=\"https:\/\/www.sausseron-impressionnistes.fr\/wp-content\/uploads\/2023\/07\/image-24.png 1010w, https:\/\/www.sausseron-impressionnistes.fr\/wp-content\/uploads\/2023\/07\/image-24-300x132.png 300w, https:\/\/www.sausseron-impressionnistes.fr\/wp-content\/uploads\/2023\/07\/image-24-768x338.png 768w\" sizes=\"(max-width: 706px) 89vw, (max-width: 767px) 82vw, 740px\" \/><\/figure>\n\n\n\n<p class=\"has-text-align-center\"><strong>Association AOJE<\/strong><br>9 Chemin d&rsquo;une Ruelle \u00c0 l&rsquo;Autre<br>95300 Ennery<\/p>\n\n\n\n<p class=\"has-text-align-center\">T\u00e9l\u00e9phone : 01 30 38 11 84<\/p>\n\n\n\n<p class=\"has-text-align-center\">De 11 \u00e0 17 ans<\/p>\n\n\n\n<p class=\"has-text-align-center\">Inscription : <a href=\"https:\/\/aoje.fr\/index.php\">https:\/\/aoje.fr\/index.php<\/a><\/p>\n","protected":false},"excerpt":{"rendered":"<p>Association AOJE9 Chemin d&rsquo;une Ruelle \u00c0 l&rsquo;Autre95300 Ennery T\u00e9l\u00e9phone : 01 30 38 11 84 De 11 \u00e0 17 ans Inscription : https:\/\/aoje.fr\/index.php<\/p>\n","protected":false},"author":1,"featured_media":0,"parent":0,"menu_order":0,"comment_status":"closed","ping_status":"closed","template":"","meta":{"footnotes":""},"class_list":["post-2372","page","type-page","status-publish","hentry"],"yoast_head":"<!-- This site is optimized with the Yoast SEO plugin v27.4 - https:\/\/yoast.com\/product\/yoast-seo-wordpress\/ -->\n<title>L&#039;espace jeunes Ennery - Communaut\u00e9 de Communes Sausseron Impressionnistes<\/title>\n<meta name=\"robots\" content=\"index, follow, max-snippet:-1, max-image-preview:large, max-video-preview:-1\" \/>\n<link rel=\"canonical\" href=\"https:\/\/www.sausseron-impressionnistes.fr\/index.php\/lespace-jeunes-ennery\/\" \/>\n<meta property=\"og:locale\" content=\"fr_FR\" \/>\n<meta property=\"og:type\" content=\"article\" \/>\n<meta property=\"og:title\" content=\"L&#039;espace jeunes Ennery - Communaut\u00e9 de Communes Sausseron Impressionnistes\" \/>\n<meta property=\"og:description\" content=\"Association AOJE9 Chemin d&rsquo;une Ruelle \u00c0 l&rsquo;Autre95300 Ennery T\u00e9l\u00e9phone : 01 30 38 11 84 De 11 \u00e0 17 ans Inscription : https:\/\/aoje.fr\/index.php\" \/>\n<meta property=\"og:url\" content=\"https:\/\/www.sausseron-impressionnistes.fr\/index.php\/lespace-jeunes-ennery\/\" \/>\n<meta property=\"og:site_name\" content=\"Communaut\u00e9 de Communes Sausseron Impressionnistes\" \/>\n<meta property=\"article:modified_time\" content=\"2023-07-10T10:29:45+00:00\" \/>\n<meta property=\"og:image\" content=\"https:\/\/www.sausseron-impressionnistes.fr\/wp-content\/uploads\/2023\/07\/image-24.png\" \/>\n<meta name=\"twitter:card\" content=\"summary_large_image\" \/>\n<meta name=\"twitter:label1\" content=\"Dur\u00e9e de lecture estim\u00e9e\" \/>\n\t<meta name=\"twitter:data1\" content=\"1 minute\" \/>\n<script type=\"application\/ld+json\" class=\"yoast-schema-graph\">{\"@context\":\"https:\\\/\\\/schema.org\",\"@graph\":[{\"@type\":\"WebPage\",\"@id\":\"https:\\\/\\\/www.sausseron-impressionnistes.fr\\\/index.php\\\/lespace-jeunes-ennery\\\/\",\"url\":\"https:\\\/\\\/www.sausseron-impressionnistes.fr\\\/index.php\\\/lespace-jeunes-ennery\\\/\",\"name\":\"L'espace jeunes Ennery - Communaut\u00e9 de Communes Sausseron Impressionnistes\",\"isPartOf\":{\"@id\":\"https:\\\/\\\/www.sausseron-impressionnistes.fr\\\/#website\"},\"primaryImageOfPage\":{\"@id\":\"https:\\\/\\\/www.sausseron-impressionnistes.fr\\\/index.php\\\/lespace-jeunes-ennery\\\/#primaryimage\"},\"image\":{\"@id\":\"https:\\\/\\\/www.sausseron-impressionnistes.fr\\\/index.php\\\/lespace-jeunes-ennery\\\/#primaryimage\"},\"thumbnailUrl\":\"https:\\\/\\\/www.sausseron-impressionnistes.fr\\\/wp-content\\\/uploads\\\/2023\\\/07\\\/image-24.png\",\"datePublished\":\"2023-07-10T10:29:44+00:00\",\"dateModified\":\"2023-07-10T10:29:45+00:00\",\"breadcrumb\":{\"@id\":\"https:\\\/\\\/www.sausseron-impressionnistes.fr\\\/index.php\\\/lespace-jeunes-ennery\\\/#breadcrumb\"},\"inLanguage\":\"fr-FR\",\"potentialAction\":[{\"@type\":\"ReadAction\",\"target\":[\"https:\\\/\\\/www.sausseron-impressionnistes.fr\\\/index.php\\\/lespace-jeunes-ennery\\\/\"]}]},{\"@type\":\"ImageObject\",\"inLanguage\":\"fr-FR\",\"@id\":\"https:\\\/\\\/www.sausseron-impressionnistes.fr\\\/index.php\\\/lespace-jeunes-ennery\\\/#primaryimage\",\"url\":\"https:\\\/\\\/www.sausseron-impressionnistes.fr\\\/wp-content\\\/uploads\\\/2023\\\/07\\\/image-24.png\",\"contentUrl\":\"https:\\\/\\\/www.sausseron-impressionnistes.fr\\\/wp-content\\\/uploads\\\/2023\\\/07\\\/image-24.png\",\"width\":1010,\"height\":445},{\"@type\":\"BreadcrumbList\",\"@id\":\"https:\\\/\\\/www.sausseron-impressionnistes.fr\\\/index.php\\\/lespace-jeunes-ennery\\\/#breadcrumb\",\"itemListElement\":[{\"@type\":\"ListItem\",\"position\":1,\"name\":\"Accueil\",\"item\":\"https:\\\/\\\/www.sausseron-impressionnistes.fr\\\/\"},{\"@type\":\"ListItem\",\"position\":2,\"name\":\"L&rsquo;espace jeunes Ennery\"}]},{\"@type\":\"WebSite\",\"@id\":\"https:\\\/\\\/www.sausseron-impressionnistes.fr\\\/#website\",\"url\":\"https:\\\/\\\/www.sausseron-impressionnistes.fr\\\/\",\"name\":\"Communaut\u00e9 de Communes Sausseron Impressionnistes\",\"description\":\"\",\"potentialAction\":[{\"@type\":\"SearchAction\",\"target\":{\"@type\":\"EntryPoint\",\"urlTemplate\":\"https:\\\/\\\/www.sausseron-impressionnistes.fr\\\/?s={search_term_string}\"},\"query-input\":{\"@type\":\"PropertyValueSpecification\",\"valueRequired\":true,\"valueName\":\"search_term_string\"}}],\"inLanguage\":\"fr-FR\"}]}<\/script>\n<!-- \/ Yoast SEO plugin. -->","yoast_head_json":{"title":"L'espace jeunes Ennery - Communaut\u00e9 de Communes Sausseron Impressionnistes","robots":{"index":"index","follow":"follow","max-snippet":"max-snippet:-1","max-image-preview":"max-image-preview:large","max-video-preview":"max-video-preview:-1"},"canonical":"https:\/\/www.sausseron-impressionnistes.fr\/index.php\/lespace-jeunes-ennery\/","og_locale":"fr_FR","og_type":"article","og_title":"L'espace jeunes Ennery - Communaut\u00e9 de Communes Sausseron Impressionnistes","og_description":"Association AOJE9 Chemin d&rsquo;une Ruelle \u00c0 l&rsquo;Autre95300 Ennery T\u00e9l\u00e9phone : 01 30 38 11 84 De 11 \u00e0 17 ans Inscription : https:\/\/aoje.fr\/index.php","og_url":"https:\/\/www.sausseron-impressionnistes.fr\/index.php\/lespace-jeunes-ennery\/","og_site_name":"Communaut\u00e9 de Communes Sausseron Impressionnistes","article_modified_time":"2023-07-10T10:29:45+00:00","og_image":[{"url":"https:\/\/www.sausseron-impressionnistes.fr\/wp-content\/uploads\/2023\/07\/image-24.png","type":"","width":"","height":""}],"twitter_card":"summary_large_image","twitter_misc":{"Dur\u00e9e de lecture estim\u00e9e":"1 minute"},"schema":{"@context":"https:\/\/schema.org","@graph":[{"@type":"WebPage","@id":"https:\/\/www.sausseron-impressionnistes.fr\/index.php\/lespace-jeunes-ennery\/","url":"https:\/\/www.sausseron-impressionnistes.fr\/index.php\/lespace-jeunes-ennery\/","name":"L'espace jeunes Ennery - Communaut\u00e9 de Communes Sausseron Impressionnistes","isPartOf":{"@id":"https:\/\/www.sausseron-impressionnistes.fr\/#website"},"primaryImageOfPage":{"@id":"https:\/\/www.sausseron-impressionnistes.fr\/index.php\/lespace-jeunes-ennery\/#primaryimage"},"image":{"@id":"https:\/\/www.sausseron-impressionnistes.fr\/index.php\/lespace-jeunes-ennery\/#primaryimage"},"thumbnailUrl":"https:\/\/www.sausseron-impressionnistes.fr\/wp-content\/uploads\/2023\/07\/image-24.png","datePublished":"2023-07-10T10:29:44+00:00","dateModified":"2023-07-10T10:29:45+00:00","breadcrumb":{"@id":"https:\/\/www.sausseron-impressionnistes.fr\/index.php\/lespace-jeunes-ennery\/#breadcrumb"},"inLanguage":"fr-FR","potentialAction":[{"@type":"ReadAction","target":["https:\/\/www.sausseron-impressionnistes.fr\/index.php\/lespace-jeunes-ennery\/"]}]},{"@type":"ImageObject","inLanguage":"fr-FR","@id":"https:\/\/www.sausseron-impressionnistes.fr\/index.php\/lespace-jeunes-ennery\/#primaryimage","url":"https:\/\/www.sausseron-impressionnistes.fr\/wp-content\/uploads\/2023\/07\/image-24.png","contentUrl":"https:\/\/www.sausseron-impressionnistes.fr\/wp-content\/uploads\/2023\/07\/image-24.png","width":1010,"height":445},{"@type":"BreadcrumbList","@id":"https:\/\/www.sausseron-impressionnistes.fr\/index.php\/lespace-jeunes-ennery\/#breadcrumb","itemListElement":[{"@type":"ListItem","position":1,"name":"Accueil","item":"https:\/\/www.sausseron-impressionnistes.fr\/"},{"@type":"ListItem","position":2,"name":"L&rsquo;espace jeunes Ennery"}]},{"@type":"WebSite","@id":"https:\/\/www.sausseron-impressionnistes.fr\/#website","url":"https:\/\/www.sausseron-impressionnistes.fr\/","name":"Communaut\u00e9 de Communes Sausseron Impressionnistes","description":"","potentialAction":[{"@type":"SearchAction","target":{"@type":"EntryPoint","urlTemplate":"https:\/\/www.sausseron-impressionnistes.fr\/?s={search_term_string}"},"query-input":{"@type":"PropertyValueSpecification","valueRequired":true,"valueName":"search_term_string"}}],"inLanguage":"fr-FR"}]}},"_links":{"self":[{"href":"https:\/\/www.sausseron-impressionnistes.fr\/index.php\/wp-json\/wp\/v2\/pages\/2372","targetHints":{"allow":["GET"]}}],"collection":[{"href":"https:\/\/www.sausseron-impressionnistes.fr\/index.php\/wp-json\/wp\/v2\/pages"}],"about":[{"href":"https:\/\/www.sausseron-impressionnistes.fr\/index.php\/wp-json\/wp\/v2\/types\/page"}],"author":[{"embeddable":true,"href":"https:\/\/www.sausseron-impressionnistes.fr\/index.php\/wp-json\/wp\/v2\/users\/1"}],"replies":[{"embeddable":true,"href":"https:\/\/www.sausseron-impressionnistes.fr\/index.php\/wp-json\/wp\/v2\/comments?post=2372"}],"version-history":[{"count":1,"href":"https:\/\/www.sausseron-impressionnistes.fr\/index.php\/wp-json\/wp\/v2\/pages\/2372\/revisions"}],"predecessor-version":[{"id":2373,"href":"https:\/\/www.sausseron-impressionnistes.fr\/index.php\/wp-json\/wp\/v2\/pages\/2372\/revisions\/2373"}],"wp:attachment":[{"href":"https:\/\/www.sausseron-impressionnistes.fr\/index.php\/wp-json\/wp\/v2\/media?parent=2372"}],"curies":[{"name":"wp","href":"https:\/\/api.w.org\/{rel}","templated":true}]}}