{"id":228,"date":"2021-03-01T10:15:02","date_gmt":"2021-03-01T09:15:02","guid":{"rendered":"http:\/\/www.sausseron-impressionnistes.fr\/?page_id=228"},"modified":"2026-01-05T11:00:32","modified_gmt":"2026-01-05T10:00:32","slug":"lieux-daccueil-enfants-parents-2","status":"publish","type":"page","link":"https:\/\/www.sausseron-impressionnistes.fr\/index.php\/lieux-daccueil-enfants-parents-2\/","title":{"rendered":"Lieux d&rsquo;Accueil Enfants Parents (LAEP)"},"content":{"rendered":"\n<p><\/p>\n\n\n\n<p><strong>Le LAEP est un lieu de jeu, d\u2019\u00e9changes et de rencontres pour les enfants de 0 \u00e0 4 ans et leurs parents.<\/strong><\/p>\n\n\n\n<p>(Les grands parents, futurs parents et auxiliaires parentales sont les bienvenues)<\/p>\n\n\n\n<p>Il offre un espace ludique et convivial qui participe \u00e0 l&rsquo;\u00e9veil et \u00e0 la socialisation des jeunes enfants, et favorise les \u00e9changes entre parents.<\/p>\n\n\n\n<p>Son acc\u00e8s est gratuit, anonyme et sans inscription. Les familles arrivent et repartent quand elles le veulent.<\/p>\n\n\n\n<p>Jeunes enfants et parents sont accueillis par deux accueillant(e)s form\u00e9(e)s \u00e0 l&rsquo;\u00e9coute et garant(e)s des r\u00e8gles de vie sp\u00e9cifiques \u00e0 ce lieu.<\/p>\n\n\n\n<p><\/p>\n\n\n\n<p><strong>L\u2019accueil LAEP est propos\u00e9 sur l\u2019ensemble des communes du territoire de la CCSI.<\/strong><\/p>\n\n\n\n<p><strong>Il est ouvert, les mardis et mercredis de 9h30 \u00e0 11h30 en itin\u00e9rance<\/strong>.<\/p>\n\n\n\n<p class=\"has-text-align-center has-medium-font-size\"><strong>Pour plus de renseignements,&nbsp;vous pouvez contacter l\u2019\u00e9quipe du LAEP&nbsp;au 07.85.12.84.37<\/strong>.<\/p>\n\n\n\n<div class=\"wp-block-columns is-layout-flex wp-container-core-columns-is-layout-9d6595d7 wp-block-columns-is-layout-flex\">\n<div class=\"wp-block-column is-layout-flow wp-block-column-is-layout-flow\">\n<figure class=\"wp-block-image size-large\"><img decoding=\"async\" width=\"724\" height=\"1024\" src=\"https:\/\/www.sausseron-impressionnistes.fr\/wp-content\/uploads\/2025\/09\/Lieux-daccueil_LAEP-1-724x1024.jpg\" alt=\"\" class=\"wp-image-3407\" srcset=\"https:\/\/www.sausseron-impressionnistes.fr\/wp-content\/uploads\/2025\/09\/Lieux-daccueil_LAEP-1-724x1024.jpg 724w, https:\/\/www.sausseron-impressionnistes.fr\/wp-content\/uploads\/2025\/09\/Lieux-daccueil_LAEP-1-212x300.jpg 212w, https:\/\/www.sausseron-impressionnistes.fr\/wp-content\/uploads\/2025\/09\/Lieux-daccueil_LAEP-1-768x1086.jpg 768w, https:\/\/www.sausseron-impressionnistes.fr\/wp-content\/uploads\/2025\/09\/Lieux-daccueil_LAEP-1-1086x1536.jpg 1086w, https:\/\/www.sausseron-impressionnistes.fr\/wp-content\/uploads\/2025\/09\/Lieux-daccueil_LAEP-1.jpg 1414w\" sizes=\"(max-width: 724px) 100vw, 724px\" \/><\/figure>\n<\/div>\n\n\n\n<div class=\"wp-block-column is-layout-flow wp-block-column-is-layout-flow\">\n<figure class=\"wp-block-image size-large\"><img decoding=\"async\" width=\"724\" height=\"1024\" src=\"https:\/\/www.sausseron-impressionnistes.fr\/wp-content\/uploads\/2026\/01\/JanvFevMars-LAEP2026-1-724x1024.png\" alt=\"\" class=\"wp-image-3517\" srcset=\"https:\/\/www.sausseron-impressionnistes.fr\/wp-content\/uploads\/2026\/01\/JanvFevMars-LAEP2026-1-724x1024.png 724w, https:\/\/www.sausseron-impressionnistes.fr\/wp-content\/uploads\/2026\/01\/JanvFevMars-LAEP2026-1-212x300.png 212w, https:\/\/www.sausseron-impressionnistes.fr\/wp-content\/uploads\/2026\/01\/JanvFevMars-LAEP2026-1-768x1086.png 768w, https:\/\/www.sausseron-impressionnistes.fr\/wp-content\/uploads\/2026\/01\/JanvFevMars-LAEP2026-1-1086x1536.png 1086w, https:\/\/www.sausseron-impressionnistes.fr\/wp-content\/uploads\/2026\/01\/JanvFevMars-LAEP2026-1-1448x2048.png 1448w, https:\/\/www.sausseron-impressionnistes.fr\/wp-content\/uploads\/2026\/01\/JanvFevMars-LAEP2026-1.png 1587w\" sizes=\"(max-width: 724px) 100vw, 724px\" \/><\/figure>\n<\/div>\n<\/div>\n\n\n\n<p><\/p>\n","protected":false},"excerpt":{"rendered":"<p>Le LAEP est un lieu de jeu, d\u2019\u00e9changes et de rencontres pour les enfants de 0 \u00e0 4 ans et leurs parents. (Les grands parents, futurs parents et auxiliaires parentales sont les bienvenues) Il offre un espace ludique et convivial qui participe \u00e0 l&rsquo;\u00e9veil et \u00e0 la socialisation des jeunes enfants, et favorise les \u00e9changes &hellip; <\/p>\n<p class=\"link-more\"><a href=\"https:\/\/www.sausseron-impressionnistes.fr\/index.php\/lieux-daccueil-enfants-parents-2\/\" class=\"more-link\">Continuer la lecture<span class=\"screen-reader-text\"> de &laquo;&nbsp;Lieux d&rsquo;Accueil Enfants Parents (LAEP)&nbsp;&raquo;<\/span><\/a><\/p>\n","protected":false},"author":1,"featured_media":0,"parent":0,"menu_order":0,"comment_status":"closed","ping_status":"closed","template":"","meta":{"footnotes":""},"class_list":["post-228","page","type-page","status-publish","hentry"],"yoast_head":"<!-- This site is optimized with the Yoast SEO plugin v27.4 - https:\/\/yoast.com\/product\/yoast-seo-wordpress\/ -->\n<title>Lieux d&#039;Accueil Enfants Parents (LAEP) - Communaut\u00e9 de Communes Sausseron Impressionnistes<\/title>\n<meta name=\"robots\" content=\"index, follow, max-snippet:-1, max-image-preview:large, max-video-preview:-1\" \/>\n<link rel=\"canonical\" href=\"https:\/\/www.sausseron-impressionnistes.fr\/index.php\/lieux-daccueil-enfants-parents-2\/\" \/>\n<meta property=\"og:locale\" content=\"fr_FR\" \/>\n<meta property=\"og:type\" content=\"article\" \/>\n<meta property=\"og:title\" content=\"Lieux d&#039;Accueil Enfants Parents (LAEP) - Communaut\u00e9 de Communes Sausseron Impressionnistes\" \/>\n<meta property=\"og:description\" content=\"Le LAEP est un lieu de jeu, d\u2019\u00e9changes et de rencontres pour les enfants de 0 \u00e0 4 ans et leurs parents. (Les grands parents, futurs parents et auxiliaires parentales sont les bienvenues) Il offre un espace ludique et convivial qui participe \u00e0 l&rsquo;\u00e9veil et \u00e0 la socialisation des jeunes enfants, et favorise les \u00e9changes &hellip; Continuer la lecture de &laquo;&nbsp;Lieux d&rsquo;Accueil Enfants Parents (LAEP)&nbsp;&raquo;\" \/>\n<meta property=\"og:url\" content=\"https:\/\/www.sausseron-impressionnistes.fr\/index.php\/lieux-daccueil-enfants-parents-2\/\" \/>\n<meta property=\"og:site_name\" content=\"Communaut\u00e9 de Communes Sausseron Impressionnistes\" \/>\n<meta property=\"article:modified_time\" content=\"2026-01-05T10:00:32+00:00\" \/>\n<meta property=\"og:image\" content=\"https:\/\/www.sausseron-impressionnistes.fr\/wp-content\/uploads\/2025\/09\/Lieux-daccueil_LAEP-1.jpg\" \/>\n\t<meta property=\"og:image:width\" content=\"1414\" \/>\n\t<meta property=\"og:image:height\" content=\"2000\" \/>\n\t<meta property=\"og:image:type\" content=\"image\/jpeg\" \/>\n<meta name=\"twitter:card\" content=\"summary_large_image\" \/>\n<meta name=\"twitter:label1\" content=\"Dur\u00e9e de lecture estim\u00e9e\" \/>\n\t<meta name=\"twitter:data1\" content=\"2 minutes\" \/>\n<script type=\"application\/ld+json\" class=\"yoast-schema-graph\">{\"@context\":\"https:\\\/\\\/schema.org\",\"@graph\":[{\"@type\":\"WebPage\",\"@id\":\"https:\\\/\\\/www.sausseron-impressionnistes.fr\\\/index.php\\\/lieux-daccueil-enfants-parents-2\\\/\",\"url\":\"https:\\\/\\\/www.sausseron-impressionnistes.fr\\\/index.php\\\/lieux-daccueil-enfants-parents-2\\\/\",\"name\":\"Lieux d'Accueil Enfants Parents (LAEP) - Communaut\u00e9 de Communes Sausseron Impressionnistes\",\"isPartOf\":{\"@id\":\"https:\\\/\\\/www.sausseron-impressionnistes.fr\\\/#website\"},\"primaryImageOfPage\":{\"@id\":\"https:\\\/\\\/www.sausseron-impressionnistes.fr\\\/index.php\\\/lieux-daccueil-enfants-parents-2\\\/#primaryimage\"},\"image\":{\"@id\":\"https:\\\/\\\/www.sausseron-impressionnistes.fr\\\/index.php\\\/lieux-daccueil-enfants-parents-2\\\/#primaryimage\"},\"thumbnailUrl\":\"https:\\\/\\\/www.sausseron-impressionnistes.fr\\\/wp-content\\\/uploads\\\/2025\\\/09\\\/Lieux-daccueil_LAEP-1-724x1024.jpg\",\"datePublished\":\"2021-03-01T09:15:02+00:00\",\"dateModified\":\"2026-01-05T10:00:32+00:00\",\"breadcrumb\":{\"@id\":\"https:\\\/\\\/www.sausseron-impressionnistes.fr\\\/index.php\\\/lieux-daccueil-enfants-parents-2\\\/#breadcrumb\"},\"inLanguage\":\"fr-FR\",\"potentialAction\":[{\"@type\":\"ReadAction\",\"target\":[\"https:\\\/\\\/www.sausseron-impressionnistes.fr\\\/index.php\\\/lieux-daccueil-enfants-parents-2\\\/\"]}]},{\"@type\":\"ImageObject\",\"inLanguage\":\"fr-FR\",\"@id\":\"https:\\\/\\\/www.sausseron-impressionnistes.fr\\\/index.php\\\/lieux-daccueil-enfants-parents-2\\\/#primaryimage\",\"url\":\"https:\\\/\\\/www.sausseron-impressionnistes.fr\\\/wp-content\\\/uploads\\\/2025\\\/09\\\/Lieux-daccueil_LAEP-1.jpg\",\"contentUrl\":\"https:\\\/\\\/www.sausseron-impressionnistes.fr\\\/wp-content\\\/uploads\\\/2025\\\/09\\\/Lieux-daccueil_LAEP-1.jpg\",\"width\":1414,\"height\":2000},{\"@type\":\"BreadcrumbList\",\"@id\":\"https:\\\/\\\/www.sausseron-impressionnistes.fr\\\/index.php\\\/lieux-daccueil-enfants-parents-2\\\/#breadcrumb\",\"itemListElement\":[{\"@type\":\"ListItem\",\"position\":1,\"name\":\"Accueil\",\"item\":\"https:\\\/\\\/www.sausseron-impressionnistes.fr\\\/\"},{\"@type\":\"ListItem\",\"position\":2,\"name\":\"Lieux d&rsquo;Accueil Enfants Parents (LAEP)\"}]},{\"@type\":\"WebSite\",\"@id\":\"https:\\\/\\\/www.sausseron-impressionnistes.fr\\\/#website\",\"url\":\"https:\\\/\\\/www.sausseron-impressionnistes.fr\\\/\",\"name\":\"Communaut\u00e9 de Communes Sausseron Impressionnistes\",\"description\":\"\",\"potentialAction\":[{\"@type\":\"SearchAction\",\"target\":{\"@type\":\"EntryPoint\",\"urlTemplate\":\"https:\\\/\\\/www.sausseron-impressionnistes.fr\\\/?s={search_term_string}\"},\"query-input\":{\"@type\":\"PropertyValueSpecification\",\"valueRequired\":true,\"valueName\":\"search_term_string\"}}],\"inLanguage\":\"fr-FR\"}]}<\/script>\n<!-- \/ Yoast SEO plugin. -->","yoast_head_json":{"title":"Lieux d'Accueil Enfants Parents (LAEP) - Communaut\u00e9 de Communes Sausseron Impressionnistes","robots":{"index":"index","follow":"follow","max-snippet":"max-snippet:-1","max-image-preview":"max-image-preview:large","max-video-preview":"max-video-preview:-1"},"canonical":"https:\/\/www.sausseron-impressionnistes.fr\/index.php\/lieux-daccueil-enfants-parents-2\/","og_locale":"fr_FR","og_type":"article","og_title":"Lieux d'Accueil Enfants Parents (LAEP) - Communaut\u00e9 de Communes Sausseron Impressionnistes","og_description":"Le LAEP est un lieu de jeu, d\u2019\u00e9changes et de rencontres pour les enfants de 0 \u00e0 4 ans et leurs parents. (Les grands parents, futurs parents et auxiliaires parentales sont les bienvenues) Il offre un espace ludique et convivial qui participe \u00e0 l&rsquo;\u00e9veil et \u00e0 la socialisation des jeunes enfants, et favorise les \u00e9changes &hellip; Continuer la lecture de &laquo;&nbsp;Lieux d&rsquo;Accueil Enfants Parents (LAEP)&nbsp;&raquo;","og_url":"https:\/\/www.sausseron-impressionnistes.fr\/index.php\/lieux-daccueil-enfants-parents-2\/","og_site_name":"Communaut\u00e9 de Communes Sausseron Impressionnistes","article_modified_time":"2026-01-05T10:00:32+00:00","og_image":[{"width":1414,"height":2000,"url":"https:\/\/www.sausseron-impressionnistes.fr\/wp-content\/uploads\/2025\/09\/Lieux-daccueil_LAEP-1.jpg","type":"image\/jpeg"}],"twitter_card":"summary_large_image","twitter_misc":{"Dur\u00e9e de lecture estim\u00e9e":"2 minutes"},"schema":{"@context":"https:\/\/schema.org","@graph":[{"@type":"WebPage","@id":"https:\/\/www.sausseron-impressionnistes.fr\/index.php\/lieux-daccueil-enfants-parents-2\/","url":"https:\/\/www.sausseron-impressionnistes.fr\/index.php\/lieux-daccueil-enfants-parents-2\/","name":"Lieux d'Accueil Enfants Parents (LAEP) - Communaut\u00e9 de Communes Sausseron Impressionnistes","isPartOf":{"@id":"https:\/\/www.sausseron-impressionnistes.fr\/#website"},"primaryImageOfPage":{"@id":"https:\/\/www.sausseron-impressionnistes.fr\/index.php\/lieux-daccueil-enfants-parents-2\/#primaryimage"},"image":{"@id":"https:\/\/www.sausseron-impressionnistes.fr\/index.php\/lieux-daccueil-enfants-parents-2\/#primaryimage"},"thumbnailUrl":"https:\/\/www.sausseron-impressionnistes.fr\/wp-content\/uploads\/2025\/09\/Lieux-daccueil_LAEP-1-724x1024.jpg","datePublished":"2021-03-01T09:15:02+00:00","dateModified":"2026-01-05T10:00:32+00:00","breadcrumb":{"@id":"https:\/\/www.sausseron-impressionnistes.fr\/index.php\/lieux-daccueil-enfants-parents-2\/#breadcrumb"},"inLanguage":"fr-FR","potentialAction":[{"@type":"ReadAction","target":["https:\/\/www.sausseron-impressionnistes.fr\/index.php\/lieux-daccueil-enfants-parents-2\/"]}]},{"@type":"ImageObject","inLanguage":"fr-FR","@id":"https:\/\/www.sausseron-impressionnistes.fr\/index.php\/lieux-daccueil-enfants-parents-2\/#primaryimage","url":"https:\/\/www.sausseron-impressionnistes.fr\/wp-content\/uploads\/2025\/09\/Lieux-daccueil_LAEP-1.jpg","contentUrl":"https:\/\/www.sausseron-impressionnistes.fr\/wp-content\/uploads\/2025\/09\/Lieux-daccueil_LAEP-1.jpg","width":1414,"height":2000},{"@type":"BreadcrumbList","@id":"https:\/\/www.sausseron-impressionnistes.fr\/index.php\/lieux-daccueil-enfants-parents-2\/#breadcrumb","itemListElement":[{"@type":"ListItem","position":1,"name":"Accueil","item":"https:\/\/www.sausseron-impressionnistes.fr\/"},{"@type":"ListItem","position":2,"name":"Lieux d&rsquo;Accueil Enfants Parents (LAEP)"}]},{"@type":"WebSite","@id":"https:\/\/www.sausseron-impressionnistes.fr\/#website","url":"https:\/\/www.sausseron-impressionnistes.fr\/","name":"Communaut\u00e9 de Communes Sausseron Impressionnistes","description":"","potentialAction":[{"@type":"SearchAction","target":{"@type":"EntryPoint","urlTemplate":"https:\/\/www.sausseron-impressionnistes.fr\/?s={search_term_string}"},"query-input":{"@type":"PropertyValueSpecification","valueRequired":true,"valueName":"search_term_string"}}],"inLanguage":"fr-FR"}]}},"_links":{"self":[{"href":"https:\/\/www.sausseron-impressionnistes.fr\/index.php\/wp-json\/wp\/v2\/pages\/228","targetHints":{"allow":["GET"]}}],"collection":[{"href":"https:\/\/www.sausseron-impressionnistes.fr\/index.php\/wp-json\/wp\/v2\/pages"}],"about":[{"href":"https:\/\/www.sausseron-impressionnistes.fr\/index.php\/wp-json\/wp\/v2\/types\/page"}],"author":[{"embeddable":true,"href":"https:\/\/www.sausseron-impressionnistes.fr\/index.php\/wp-json\/wp\/v2\/users\/1"}],"replies":[{"embeddable":true,"href":"https:\/\/www.sausseron-impressionnistes.fr\/index.php\/wp-json\/wp\/v2\/comments?post=228"}],"version-history":[{"count":30,"href":"https:\/\/www.sausseron-impressionnistes.fr\/index.php\/wp-json\/wp\/v2\/pages\/228\/revisions"}],"predecessor-version":[{"id":3518,"href":"https:\/\/www.sausseron-impressionnistes.fr\/index.php\/wp-json\/wp\/v2\/pages\/228\/revisions\/3518"}],"wp:attachment":[{"href":"https:\/\/www.sausseron-impressionnistes.fr\/index.php\/wp-json\/wp\/v2\/media?parent=228"}],"curies":[{"name":"wp","href":"https:\/\/api.w.org\/{rel}","templated":true}]}}