{"id":226,"date":"2021-03-01T10:15:02","date_gmt":"2021-03-01T09:15:02","guid":{"rendered":"http:\/\/www.sausseron-impressionnistes.fr\/?page_id=226"},"modified":"2025-03-26T17:42:27","modified_gmt":"2025-03-26T16:42:27","slug":"creches-et-halte-garderie-2","status":"publish","type":"page","link":"https:\/\/www.sausseron-impressionnistes.fr\/index.php\/creches-et-halte-garderie-2\/","title":{"rendered":"Cr\u00e8ches &#8211; MAC (Multi Accueil Collectif)"},"content":{"rendered":"\n<h2 class=\"wp-block-heading has-text-align-left\"><mark style=\"background-color:rgba(0, 0, 0, 0)\" class=\"has-inline-color has-vivid-purple-color\"><strong>Les cr\u00e8ches<\/strong><\/mark><\/h2>\n\n\n\n<p><strong>INSCRIPTIONS<\/strong><\/p>\n\n\n\n<p><strong>L\u2019inscription pour les cr\u00e8ches d\u2019AUVERS-SUR-OISE et ENNERY se fait uniquement aupr\u00e8s du RPE (Guichet Unique). <\/strong><\/p>\n\n\n\n<p>Les pr\u00e9inscriptions se font tout au long de l\u2019ann\u00e9e (un formulaire de pr\u00e9inscription vous sera envoy\u00e9 apr\u00e8s le 1<sup>er<\/sup> contact avec le RPE). <strong>La cl\u00f4ture des d\u00e9p\u00f4ts pour les dossiers d&rsquo;inscription est fix\u00e9e au&nbsp;31 janvier, pour une rentr\u00e9e en septembre.<\/strong><\/p>\n\n\n\n<p>Directrice du Relais Petit Enfance (RPE)<\/p>\n\n\n\n<p><strong>Mme St\u00e9phanie DONADE\u00cf <\/strong><br>T\u00e9l&nbsp;: 01 34 42 69 29  ou 07 85 55 79 68<br><a href=\"mailto:rpe@sausseron-impressionnistes.fr\"><mark style=\"background-color:rgba(0, 0, 0, 0)\" class=\"has-inline-color has-vivid-cyan-blue-color\">rpe@sausseron-impressionnistes.fr<\/mark><\/a><\/p>\n\n\n\n<hr class=\"wp-block-separator has-alpha-channel-opacity\"\/>\n\n\n\n<p><strong>Par d\u00e9lib\u00e9ration en date du 15 f\u00e9vrier 2022, le Conseil Communautaire de la CCSI, s\u2019est prononc\u00e9 en faveur du principe de la concession pour la gestion de :<br>&#8211; La cr\u00e8che \u00ab\u00a0Les Coquelicots\u00a0\u00bb de 30 places situ\u00e9e \u00e0 Ennery<br>&#8211; La cr\u00e8che \u00ab\u00a0Les Tournesols\u00a0\u00bb de 52 places situ\u00e9e \u00e0 Auvers-Sur-Oise <\/strong><\/p>\n\n\n\n<p class=\"has-text-align-left\">Le contrat de concession est conclu pour une dur\u00e9e de 5 ans \u00e0 compter du 1er Janvier 2023 pour les deux cr\u00e8ches et du 1er mars pour la halte-garderie.<br>Suite \u00e0 un appel d&rsquo;offres, c&rsquo;est le concessionnaire LPCR (Les Petits Chaperons Rouges) qui a \u00e9t\u00e9 retenu par la commission d&rsquo;appel d&rsquo;offres.<br>LPCR pr\u00e9sente un projet p\u00e9dagogique qualitatif int\u00e9grant une \u00e9quipe structur\u00e9e et reprenant avec pertinence les enjeux de la gestion des deux cr\u00e8ches et de la reprise en gestion de la halte-garderie.<br>LPCR est en capacit\u00e9 d\u2019assurer l&rsquo;exploitation des deux multi-accueils dont ils avaient la gestion ainsi que la halte-garderie dans des bonnes conditions tout en instaurant des liens de travail efficients avec les services de la CCSI, des conditions de travail optimales pour les agents et un service de qualit\u00e9 pour les enfants et les familles.<br>La contribution pour la Communaut\u00e9 est adapt\u00e9e et optimis\u00e9e permettant d&rsquo;allier optimisation financi\u00e8re et qualit\u00e9 d&rsquo;accueil.<\/p>\n\n\n\n<p class=\"has-text-align-left\"><br><strong>L\u2019offre de LPCR r\u00e9pond parfaitement au cahier des charges transmis par la CCSI.<br>&#8211; Le co\u00fbt pr\u00e9visionnel de fonctionnement concernant la gestion de trois \u00e9tablissements d\u2019accueil de jeunes enfants (82 places) et sur une dur\u00e9e du contrat de 5 ans est de 6 425 584\u20ac TTC. LPCR propose un int\u00e9ressement \u00e9gal \u00e0 30% du r\u00e9sultat net apr\u00e8s imp\u00f4t et r\u00e9troc\u00e9d\u00e9 \u00e0 la CCSI.<br>&#8211; La contribution financi\u00e8re pour la CCSI, sur la dur\u00e9e du contrat (redevance d&rsquo;occupation du domaine public comprise de 54 000\u20ac TTC), est de 616 483\u20ac TTC.<br>&#8211; Le co\u00fbt annuel par place pour la collectivit\u00e9 est de 1504\u20ac.<\/strong><\/p>\n\n\n\n<p class=\"has-text-align-left\"><br>L\u2019offre technique de LPCR se r\u00e9v\u00e8le compl\u00e8te quant \u00e0 la gestion du personnel, au projet d\u2019\u00e9tablissement, l\u2019accueil des enfants et des familles et des engagements li\u00e9s \u00e0 l\u2019environnement. Elle apporte les garanties n\u00e9cessaires concernant la relation avec les services de la CCSI et les conditions d\u2019accueil pour les enfants et les conditions de travail pour le personnel.<br>LPCR dispose d&rsquo;un catalogue de formation tr\u00e8s riche et est en mesure de proposer \u00e0 chacun des membres de l\u2019\u00e9quipe du multi-accueil un plan de formation \u00e9labor\u00e9 et personnalis\u00e9.<\/p>\n\n\n\n<hr class=\"wp-block-separator has-alpha-channel-opacity\"\/>\n","protected":false},"excerpt":{"rendered":"<p>Les cr\u00e8ches INSCRIPTIONS L\u2019inscription pour les cr\u00e8ches d\u2019AUVERS-SUR-OISE et ENNERY se fait uniquement aupr\u00e8s du RPE (Guichet Unique). Les pr\u00e9inscriptions se font tout au long de l\u2019ann\u00e9e (un formulaire de pr\u00e9inscription vous sera envoy\u00e9 apr\u00e8s le 1er contact avec le RPE). La cl\u00f4ture des d\u00e9p\u00f4ts pour les dossiers d&rsquo;inscription est fix\u00e9e au&nbsp;31 janvier, pour une &hellip; <\/p>\n<p class=\"link-more\"><a href=\"https:\/\/www.sausseron-impressionnistes.fr\/index.php\/creches-et-halte-garderie-2\/\" class=\"more-link\">Continuer la lecture<span class=\"screen-reader-text\"> de &laquo;&nbsp;Cr\u00e8ches &#8211; MAC (Multi Accueil Collectif)&nbsp;&raquo;<\/span><\/a><\/p>\n","protected":false},"author":1,"featured_media":0,"parent":0,"menu_order":0,"comment_status":"closed","ping_status":"closed","template":"","meta":{"footnotes":""},"class_list":["post-226","page","type-page","status-publish","hentry"],"yoast_head":"<!-- This site is optimized with the Yoast SEO plugin v27.4 - https:\/\/yoast.com\/product\/yoast-seo-wordpress\/ -->\n<title>Cr\u00e8ches - MAC (Multi Accueil Collectif) - Communaut\u00e9 de Communes Sausseron Impressionnistes<\/title>\n<meta name=\"robots\" content=\"index, follow, max-snippet:-1, max-image-preview:large, max-video-preview:-1\" \/>\n<link rel=\"canonical\" href=\"https:\/\/www.sausseron-impressionnistes.fr\/index.php\/creches-et-halte-garderie-2\/\" \/>\n<meta property=\"og:locale\" content=\"fr_FR\" \/>\n<meta property=\"og:type\" content=\"article\" \/>\n<meta property=\"og:title\" content=\"Cr\u00e8ches - MAC (Multi Accueil Collectif) - Communaut\u00e9 de Communes Sausseron Impressionnistes\" \/>\n<meta property=\"og:description\" content=\"Les cr\u00e8ches INSCRIPTIONS L\u2019inscription pour les cr\u00e8ches d\u2019AUVERS-SUR-OISE et ENNERY se fait uniquement aupr\u00e8s du RPE (Guichet Unique). Les pr\u00e9inscriptions se font tout au long de l\u2019ann\u00e9e (un formulaire de pr\u00e9inscription vous sera envoy\u00e9 apr\u00e8s le 1er contact avec le RPE). La cl\u00f4ture des d\u00e9p\u00f4ts pour les dossiers d&rsquo;inscription est fix\u00e9e au&nbsp;31 janvier, pour une &hellip; Continuer la lecture de &laquo;&nbsp;Cr\u00e8ches &#8211; MAC (Multi Accueil Collectif)&nbsp;&raquo;\" \/>\n<meta property=\"og:url\" content=\"https:\/\/www.sausseron-impressionnistes.fr\/index.php\/creches-et-halte-garderie-2\/\" \/>\n<meta property=\"og:site_name\" content=\"Communaut\u00e9 de Communes Sausseron Impressionnistes\" \/>\n<meta property=\"article:modified_time\" content=\"2025-03-26T16:42:27+00:00\" \/>\n<meta name=\"twitter:card\" content=\"summary_large_image\" \/>\n<meta name=\"twitter:label1\" content=\"Dur\u00e9e de lecture estim\u00e9e\" \/>\n\t<meta name=\"twitter:data1\" content=\"3 minutes\" \/>\n<script type=\"application\/ld+json\" class=\"yoast-schema-graph\">{\"@context\":\"https:\\\/\\\/schema.org\",\"@graph\":[{\"@type\":\"WebPage\",\"@id\":\"https:\\\/\\\/www.sausseron-impressionnistes.fr\\\/index.php\\\/creches-et-halte-garderie-2\\\/\",\"url\":\"https:\\\/\\\/www.sausseron-impressionnistes.fr\\\/index.php\\\/creches-et-halte-garderie-2\\\/\",\"name\":\"Cr\u00e8ches - MAC (Multi Accueil Collectif) - Communaut\u00e9 de Communes Sausseron Impressionnistes\",\"isPartOf\":{\"@id\":\"https:\\\/\\\/www.sausseron-impressionnistes.fr\\\/#website\"},\"datePublished\":\"2021-03-01T09:15:02+00:00\",\"dateModified\":\"2025-03-26T16:42:27+00:00\",\"breadcrumb\":{\"@id\":\"https:\\\/\\\/www.sausseron-impressionnistes.fr\\\/index.php\\\/creches-et-halte-garderie-2\\\/#breadcrumb\"},\"inLanguage\":\"fr-FR\",\"potentialAction\":[{\"@type\":\"ReadAction\",\"target\":[\"https:\\\/\\\/www.sausseron-impressionnistes.fr\\\/index.php\\\/creches-et-halte-garderie-2\\\/\"]}]},{\"@type\":\"BreadcrumbList\",\"@id\":\"https:\\\/\\\/www.sausseron-impressionnistes.fr\\\/index.php\\\/creches-et-halte-garderie-2\\\/#breadcrumb\",\"itemListElement\":[{\"@type\":\"ListItem\",\"position\":1,\"name\":\"Accueil\",\"item\":\"https:\\\/\\\/www.sausseron-impressionnistes.fr\\\/\"},{\"@type\":\"ListItem\",\"position\":2,\"name\":\"Cr\u00e8ches &#8211; MAC (Multi Accueil Collectif)\"}]},{\"@type\":\"WebSite\",\"@id\":\"https:\\\/\\\/www.sausseron-impressionnistes.fr\\\/#website\",\"url\":\"https:\\\/\\\/www.sausseron-impressionnistes.fr\\\/\",\"name\":\"Communaut\u00e9 de Communes Sausseron Impressionnistes\",\"description\":\"\",\"potentialAction\":[{\"@type\":\"SearchAction\",\"target\":{\"@type\":\"EntryPoint\",\"urlTemplate\":\"https:\\\/\\\/www.sausseron-impressionnistes.fr\\\/?s={search_term_string}\"},\"query-input\":{\"@type\":\"PropertyValueSpecification\",\"valueRequired\":true,\"valueName\":\"search_term_string\"}}],\"inLanguage\":\"fr-FR\"}]}<\/script>\n<!-- \/ Yoast SEO plugin. -->","yoast_head_json":{"title":"Cr\u00e8ches - MAC (Multi Accueil Collectif) - Communaut\u00e9 de Communes Sausseron Impressionnistes","robots":{"index":"index","follow":"follow","max-snippet":"max-snippet:-1","max-image-preview":"max-image-preview:large","max-video-preview":"max-video-preview:-1"},"canonical":"https:\/\/www.sausseron-impressionnistes.fr\/index.php\/creches-et-halte-garderie-2\/","og_locale":"fr_FR","og_type":"article","og_title":"Cr\u00e8ches - MAC (Multi Accueil Collectif) - Communaut\u00e9 de Communes Sausseron Impressionnistes","og_description":"Les cr\u00e8ches INSCRIPTIONS L\u2019inscription pour les cr\u00e8ches d\u2019AUVERS-SUR-OISE et ENNERY se fait uniquement aupr\u00e8s du RPE (Guichet Unique). Les pr\u00e9inscriptions se font tout au long de l\u2019ann\u00e9e (un formulaire de pr\u00e9inscription vous sera envoy\u00e9 apr\u00e8s le 1er contact avec le RPE). La cl\u00f4ture des d\u00e9p\u00f4ts pour les dossiers d&rsquo;inscription est fix\u00e9e au&nbsp;31 janvier, pour une &hellip; Continuer la lecture de &laquo;&nbsp;Cr\u00e8ches &#8211; MAC (Multi Accueil Collectif)&nbsp;&raquo;","og_url":"https:\/\/www.sausseron-impressionnistes.fr\/index.php\/creches-et-halte-garderie-2\/","og_site_name":"Communaut\u00e9 de Communes Sausseron Impressionnistes","article_modified_time":"2025-03-26T16:42:27+00:00","twitter_card":"summary_large_image","twitter_misc":{"Dur\u00e9e de lecture estim\u00e9e":"3 minutes"},"schema":{"@context":"https:\/\/schema.org","@graph":[{"@type":"WebPage","@id":"https:\/\/www.sausseron-impressionnistes.fr\/index.php\/creches-et-halte-garderie-2\/","url":"https:\/\/www.sausseron-impressionnistes.fr\/index.php\/creches-et-halte-garderie-2\/","name":"Cr\u00e8ches - MAC (Multi Accueil Collectif) - Communaut\u00e9 de Communes Sausseron Impressionnistes","isPartOf":{"@id":"https:\/\/www.sausseron-impressionnistes.fr\/#website"},"datePublished":"2021-03-01T09:15:02+00:00","dateModified":"2025-03-26T16:42:27+00:00","breadcrumb":{"@id":"https:\/\/www.sausseron-impressionnistes.fr\/index.php\/creches-et-halte-garderie-2\/#breadcrumb"},"inLanguage":"fr-FR","potentialAction":[{"@type":"ReadAction","target":["https:\/\/www.sausseron-impressionnistes.fr\/index.php\/creches-et-halte-garderie-2\/"]}]},{"@type":"BreadcrumbList","@id":"https:\/\/www.sausseron-impressionnistes.fr\/index.php\/creches-et-halte-garderie-2\/#breadcrumb","itemListElement":[{"@type":"ListItem","position":1,"name":"Accueil","item":"https:\/\/www.sausseron-impressionnistes.fr\/"},{"@type":"ListItem","position":2,"name":"Cr\u00e8ches &#8211; MAC (Multi Accueil Collectif)"}]},{"@type":"WebSite","@id":"https:\/\/www.sausseron-impressionnistes.fr\/#website","url":"https:\/\/www.sausseron-impressionnistes.fr\/","name":"Communaut\u00e9 de Communes Sausseron Impressionnistes","description":"","potentialAction":[{"@type":"SearchAction","target":{"@type":"EntryPoint","urlTemplate":"https:\/\/www.sausseron-impressionnistes.fr\/?s={search_term_string}"},"query-input":{"@type":"PropertyValueSpecification","valueRequired":true,"valueName":"search_term_string"}}],"inLanguage":"fr-FR"}]}},"_links":{"self":[{"href":"https:\/\/www.sausseron-impressionnistes.fr\/index.php\/wp-json\/wp\/v2\/pages\/226","targetHints":{"allow":["GET"]}}],"collection":[{"href":"https:\/\/www.sausseron-impressionnistes.fr\/index.php\/wp-json\/wp\/v2\/pages"}],"about":[{"href":"https:\/\/www.sausseron-impressionnistes.fr\/index.php\/wp-json\/wp\/v2\/types\/page"}],"author":[{"embeddable":true,"href":"https:\/\/www.sausseron-impressionnistes.fr\/index.php\/wp-json\/wp\/v2\/users\/1"}],"replies":[{"embeddable":true,"href":"https:\/\/www.sausseron-impressionnistes.fr\/index.php\/wp-json\/wp\/v2\/comments?post=226"}],"version-history":[{"count":14,"href":"https:\/\/www.sausseron-impressionnistes.fr\/index.php\/wp-json\/wp\/v2\/pages\/226\/revisions"}],"predecessor-version":[{"id":3214,"href":"https:\/\/www.sausseron-impressionnistes.fr\/index.php\/wp-json\/wp\/v2\/pages\/226\/revisions\/3214"}],"wp:attachment":[{"href":"https:\/\/www.sausseron-impressionnistes.fr\/index.php\/wp-json\/wp\/v2\/media?parent=226"}],"curies":[{"name":"wp","href":"https:\/\/api.w.org\/{rel}","templated":true}]}}