{"id":1059,"date":"2021-09-16T16:53:21","date_gmt":"2021-09-16T14:53:21","guid":{"rendered":"https:\/\/www.sausseron-impressionnistes.fr\/?page_id=1059"},"modified":"2025-02-28T16:40:45","modified_gmt":"2025-02-28T15:40:45","slug":"toursime","status":"publish","type":"page","link":"https:\/\/www.sausseron-impressionnistes.fr\/index.php\/toursime\/","title":{"rendered":"Tourisme"},"content":{"rendered":"\n<h2 class=\"wp-block-heading\">L&rsquo;OFFICE DE TOURISME COMMUNAUTAIRE SAUSSERON IMPRESSIONNISTES<\/h2>\n\n\n\n<div class=\"wp-block-columns is-layout-flex wp-container-core-columns-is-layout-9d6595d7 wp-block-columns-is-layout-flex\">\n<div class=\"wp-block-column is-layout-flow wp-block-column-is-layout-flow\" style=\"flex-basis:15%\">\n<figure class=\"wp-block-image\"><img decoding=\"async\" width=\"111\" height=\"200\" src=\"https:\/\/www.sausseron-impressionnistes.fr\/wp-content\/uploads\/2023\/12\/1920x1440_logo-otf-tmp-756.jpg\" alt=\"\" class=\"wp-image-2545\"\/><\/figure>\n<\/div>\n\n\n\n<div class=\"wp-block-column is-layout-flow wp-block-column-is-layout-flow\" style=\"flex-basis:85%\">\n<p><strong>Qu\u2019est-ce qu\u2019un Office de Tourisme ?<\/strong><br>C\u2019est d\u2019abord un service public avec des missions obligatoires dites \u00ab\u00a0r\u00e9galiennes\u00a0\u00bb :<\/p>\n\n\n\n<p><strong>Accueil, Information et Promotion<\/strong><\/p>\n\n\n\n<p>Selon le&nbsp;<strong>Code du Tourisme&nbsp;<\/strong>(article L.133-3),&nbsp;<em>\u00abl&rsquo;office de tourisme assure<strong>&nbsp;l&rsquo;accueil&nbsp;<\/strong>et&nbsp;<strong>l&rsquo;information<\/strong>&nbsp;des touristes&nbsp;<strong>ainsi que la promotion touristique de la commune<\/strong>&nbsp;ou du groupement de communes, en coordination avec le Comit\u00e9 d\u00e9partemental et le Comit\u00e9 r\u00e9gional du Tourisme. Il contribue \u00e0&nbsp;<strong>coordonner&nbsp;<\/strong>les interventions des<strong>&nbsp;<\/strong>divers&nbsp;<strong>partenaires du d\u00e9veloppement touristique local<\/strong>\u00ab\u00a0.<\/em><\/p>\n<\/div>\n<\/div>\n\n\n\n<h2 class=\"wp-block-heading\"><em><strong><a href=\"https:\/\/tourisme-auverssuroise.fr\/\" target=\"_blank\" rel=\"noreferrer noopener\">Site de l&rsquo;Office de Tourisme Communautaire<\/a><\/strong><\/em><\/h2>\n\n\n\n<figure class=\"wp-block-image size-full\"><a href=\"https:\/\/tourisme-auverssuroise.fr\/\"><img decoding=\"async\" width=\"659\" height=\"294\" src=\"https:\/\/www.sausseron-impressionnistes.fr\/wp-content\/uploads\/2023\/12\/capture-ecran-site-internet-1.png\" alt=\"\" class=\"wp-image-2534\" srcset=\"https:\/\/www.sausseron-impressionnistes.fr\/wp-content\/uploads\/2023\/12\/capture-ecran-site-internet-1.png 659w, https:\/\/www.sausseron-impressionnistes.fr\/wp-content\/uploads\/2023\/12\/capture-ecran-site-internet-1-300x134.png 300w\" sizes=\"(max-width: 659px) 100vw, 659px\" \/><\/a><\/figure>\n\n\n\n<p><\/p>\n\n\n\n<p><strong>NOS MISSIONS ENVERS LES PRESTATAIRES LOCAUX<br>Animer, f\u00e9d\u00e9rer, d\u00e9velopper, promouvoir\u2026<\/strong><\/p>\n\n\n\n<p>Les Offices de Tourisme ont pour objectif de&nbsp;<strong>mettre en valeur leur territoire<\/strong>.<\/p>\n\n\n\n<p>En collaboration avec&nbsp;<strong>les acteurs touristiques locaux<\/strong>&nbsp;(prestataires, \u00e9lus, partenaires\u2026)<strong>&nbsp;l&rsquo;Office de Tourisme communautaire Sausseron Impressionnistes participe \u00e0 la promotion du territoire<\/strong>&nbsp;par :<\/p>\n\n\n\n<p>&#8211; La cr\u00e9ation de&nbsp;<strong>brochures<\/strong>&nbsp;pour les offres de ses partenaires<br>&#8211; L\u2019am\u00e9lioration de la visibilit\u00e9 de la destination et des offres sur le&nbsp;<strong>web<\/strong><br>&#8211; La mise \u00e0 disposition de sa&nbsp;<strong>phototh\u00e8que<\/strong><br>&#8211; Sa pr\u00e9sence sur les<strong>&nbsp;r\u00e9seaux sociaux<\/strong><br>&#8211; La&nbsp;<strong>commercialisation<\/strong>&nbsp;de produits touristiques<br>&#8211; La participation \u00e0 des&nbsp;<strong>salons touristiques<\/strong>&nbsp;th\u00e9matiques<\/p>\n\n\n\n<p>L&rsquo;office de tourisme accompagne les professionnels porteurs de projets et les renseigne sur les d\u00e9marches \u00e0 effectuer pour les demandes de classement et de labellisation.<\/p>\n\n\n\n<hr class=\"wp-block-separator has-alpha-channel-opacity\"\/>\n\n\n\n<h2 class=\"wp-block-heading\"><strong>COMMUNICATION ET PROMOTION<\/strong><\/h2>\n\n\n\n<p><strong>Apidae Tourisme<\/strong>&nbsp;: r\u00e9seau d\u2019acteurs et plateforme collaborative r\u00e9gionale<\/p>\n\n\n\n<p><a href=\"https:\/\/www.apidae-tourisme.com\/\" target=\"_blank\" rel=\"noreferrer noopener\">Apidae<\/a>, c&rsquo;est un syst\u00e8me d\u2019informations touristiques collaboratif, utilis\u00e9 par tous les acteurs du secteur : Val d\u2019Oise Tourisme, les Offices de Tourisme et les Parcs Naturels R\u00e9gionaux.<\/p>\n\n\n\n<p><\/p>\n","protected":false},"excerpt":{"rendered":"<p>L&rsquo;OFFICE DE TOURISME COMMUNAUTAIRE SAUSSERON IMPRESSIONNISTES Qu\u2019est-ce qu\u2019un Office de Tourisme ?C\u2019est d\u2019abord un service public avec des missions obligatoires dites \u00ab\u00a0r\u00e9galiennes\u00a0\u00bb : Accueil, Information et Promotion Selon le&nbsp;Code du Tourisme&nbsp;(article L.133-3),&nbsp;\u00abl&rsquo;office de tourisme assure&nbsp;l&rsquo;accueil&nbsp;et&nbsp;l&rsquo;information&nbsp;des touristes&nbsp;ainsi que la promotion touristique de la commune&nbsp;ou du groupement de communes, en coordination avec le Comit\u00e9 d\u00e9partemental et le &hellip; <\/p>\n<p class=\"link-more\"><a href=\"https:\/\/www.sausseron-impressionnistes.fr\/index.php\/toursime\/\" class=\"more-link\">Continuer la lecture<span class=\"screen-reader-text\"> de &laquo;&nbsp;Tourisme&nbsp;&raquo;<\/span><\/a><\/p>\n","protected":false},"author":1,"featured_media":0,"parent":0,"menu_order":0,"comment_status":"closed","ping_status":"closed","template":"","meta":{"footnotes":""},"class_list":["post-1059","page","type-page","status-publish","hentry"],"yoast_head":"<!-- This site is optimized with the Yoast SEO plugin v27.4 - https:\/\/yoast.com\/product\/yoast-seo-wordpress\/ -->\n<title>Tourisme - Communaut\u00e9 de Communes Sausseron Impressionnistes<\/title>\n<meta name=\"robots\" content=\"index, follow, max-snippet:-1, max-image-preview:large, max-video-preview:-1\" \/>\n<link rel=\"canonical\" href=\"https:\/\/www.sausseron-impressionnistes.fr\/index.php\/toursime\/\" \/>\n<meta property=\"og:locale\" content=\"fr_FR\" \/>\n<meta property=\"og:type\" content=\"article\" \/>\n<meta property=\"og:title\" content=\"Tourisme - Communaut\u00e9 de Communes Sausseron Impressionnistes\" \/>\n<meta property=\"og:description\" content=\"L&rsquo;OFFICE DE TOURISME COMMUNAUTAIRE SAUSSERON IMPRESSIONNISTES Qu\u2019est-ce qu\u2019un Office de Tourisme ?C\u2019est d\u2019abord un service public avec des missions obligatoires dites \u00ab\u00a0r\u00e9galiennes\u00a0\u00bb : Accueil, Information et Promotion Selon le&nbsp;Code du Tourisme&nbsp;(article L.133-3),&nbsp;\u00abl&rsquo;office de tourisme assure&nbsp;l&rsquo;accueil&nbsp;et&nbsp;l&rsquo;information&nbsp;des touristes&nbsp;ainsi que la promotion touristique de la commune&nbsp;ou du groupement de communes, en coordination avec le Comit\u00e9 d\u00e9partemental et le &hellip; Continuer la lecture de &laquo;&nbsp;Tourisme&nbsp;&raquo;\" \/>\n<meta property=\"og:url\" content=\"https:\/\/www.sausseron-impressionnistes.fr\/index.php\/toursime\/\" \/>\n<meta property=\"og:site_name\" content=\"Communaut\u00e9 de Communes Sausseron Impressionnistes\" \/>\n<meta property=\"article:modified_time\" content=\"2025-02-28T15:40:45+00:00\" \/>\n<meta property=\"og:image\" content=\"https:\/\/www.sausseron-impressionnistes.fr\/wp-content\/uploads\/2023\/12\/1920x1440_logo-otf-tmp-756.jpg\" \/>\n\t<meta property=\"og:image:width\" content=\"111\" \/>\n\t<meta property=\"og:image:height\" content=\"200\" \/>\n\t<meta property=\"og:image:type\" content=\"image\/jpeg\" \/>\n<meta name=\"twitter:card\" content=\"summary_large_image\" \/>\n<meta name=\"twitter:label1\" content=\"Dur\u00e9e de lecture estim\u00e9e\" \/>\n\t<meta name=\"twitter:data1\" content=\"2 minutes\" \/>\n<script type=\"application\/ld+json\" class=\"yoast-schema-graph\">{\"@context\":\"https:\\\/\\\/schema.org\",\"@graph\":[{\"@type\":\"WebPage\",\"@id\":\"https:\\\/\\\/www.sausseron-impressionnistes.fr\\\/index.php\\\/toursime\\\/\",\"url\":\"https:\\\/\\\/www.sausseron-impressionnistes.fr\\\/index.php\\\/toursime\\\/\",\"name\":\"Tourisme - Communaut\u00e9 de Communes Sausseron Impressionnistes\",\"isPartOf\":{\"@id\":\"https:\\\/\\\/www.sausseron-impressionnistes.fr\\\/#website\"},\"primaryImageOfPage\":{\"@id\":\"https:\\\/\\\/www.sausseron-impressionnistes.fr\\\/index.php\\\/toursime\\\/#primaryimage\"},\"image\":{\"@id\":\"https:\\\/\\\/www.sausseron-impressionnistes.fr\\\/index.php\\\/toursime\\\/#primaryimage\"},\"thumbnailUrl\":\"https:\\\/\\\/www.sausseron-impressionnistes.fr\\\/wp-content\\\/uploads\\\/2023\\\/12\\\/1920x1440_logo-otf-tmp-756.jpg\",\"datePublished\":\"2021-09-16T14:53:21+00:00\",\"dateModified\":\"2025-02-28T15:40:45+00:00\",\"breadcrumb\":{\"@id\":\"https:\\\/\\\/www.sausseron-impressionnistes.fr\\\/index.php\\\/toursime\\\/#breadcrumb\"},\"inLanguage\":\"fr-FR\",\"potentialAction\":[{\"@type\":\"ReadAction\",\"target\":[\"https:\\\/\\\/www.sausseron-impressionnistes.fr\\\/index.php\\\/toursime\\\/\"]}]},{\"@type\":\"ImageObject\",\"inLanguage\":\"fr-FR\",\"@id\":\"https:\\\/\\\/www.sausseron-impressionnistes.fr\\\/index.php\\\/toursime\\\/#primaryimage\",\"url\":\"https:\\\/\\\/www.sausseron-impressionnistes.fr\\\/wp-content\\\/uploads\\\/2023\\\/12\\\/1920x1440_logo-otf-tmp-756.jpg\",\"contentUrl\":\"https:\\\/\\\/www.sausseron-impressionnistes.fr\\\/wp-content\\\/uploads\\\/2023\\\/12\\\/1920x1440_logo-otf-tmp-756.jpg\",\"width\":111,\"height\":200},{\"@type\":\"BreadcrumbList\",\"@id\":\"https:\\\/\\\/www.sausseron-impressionnistes.fr\\\/index.php\\\/toursime\\\/#breadcrumb\",\"itemListElement\":[{\"@type\":\"ListItem\",\"position\":1,\"name\":\"Accueil\",\"item\":\"https:\\\/\\\/www.sausseron-impressionnistes.fr\\\/\"},{\"@type\":\"ListItem\",\"position\":2,\"name\":\"Tourisme\"}]},{\"@type\":\"WebSite\",\"@id\":\"https:\\\/\\\/www.sausseron-impressionnistes.fr\\\/#website\",\"url\":\"https:\\\/\\\/www.sausseron-impressionnistes.fr\\\/\",\"name\":\"Communaut\u00e9 de Communes Sausseron Impressionnistes\",\"description\":\"\",\"potentialAction\":[{\"@type\":\"SearchAction\",\"target\":{\"@type\":\"EntryPoint\",\"urlTemplate\":\"https:\\\/\\\/www.sausseron-impressionnistes.fr\\\/?s={search_term_string}\"},\"query-input\":{\"@type\":\"PropertyValueSpecification\",\"valueRequired\":true,\"valueName\":\"search_term_string\"}}],\"inLanguage\":\"fr-FR\"}]}<\/script>\n<!-- \/ Yoast SEO plugin. -->","yoast_head_json":{"title":"Tourisme - Communaut\u00e9 de Communes Sausseron Impressionnistes","robots":{"index":"index","follow":"follow","max-snippet":"max-snippet:-1","max-image-preview":"max-image-preview:large","max-video-preview":"max-video-preview:-1"},"canonical":"https:\/\/www.sausseron-impressionnistes.fr\/index.php\/toursime\/","og_locale":"fr_FR","og_type":"article","og_title":"Tourisme - Communaut\u00e9 de Communes Sausseron Impressionnistes","og_description":"L&rsquo;OFFICE DE TOURISME COMMUNAUTAIRE SAUSSERON IMPRESSIONNISTES Qu\u2019est-ce qu\u2019un Office de Tourisme ?C\u2019est d\u2019abord un service public avec des missions obligatoires dites \u00ab\u00a0r\u00e9galiennes\u00a0\u00bb : Accueil, Information et Promotion Selon le&nbsp;Code du Tourisme&nbsp;(article L.133-3),&nbsp;\u00abl&rsquo;office de tourisme assure&nbsp;l&rsquo;accueil&nbsp;et&nbsp;l&rsquo;information&nbsp;des touristes&nbsp;ainsi que la promotion touristique de la commune&nbsp;ou du groupement de communes, en coordination avec le Comit\u00e9 d\u00e9partemental et le &hellip; Continuer la lecture de &laquo;&nbsp;Tourisme&nbsp;&raquo;","og_url":"https:\/\/www.sausseron-impressionnistes.fr\/index.php\/toursime\/","og_site_name":"Communaut\u00e9 de Communes Sausseron Impressionnistes","article_modified_time":"2025-02-28T15:40:45+00:00","og_image":[{"width":111,"height":200,"url":"https:\/\/www.sausseron-impressionnistes.fr\/wp-content\/uploads\/2023\/12\/1920x1440_logo-otf-tmp-756.jpg","type":"image\/jpeg"}],"twitter_card":"summary_large_image","twitter_misc":{"Dur\u00e9e de lecture estim\u00e9e":"2 minutes"},"schema":{"@context":"https:\/\/schema.org","@graph":[{"@type":"WebPage","@id":"https:\/\/www.sausseron-impressionnistes.fr\/index.php\/toursime\/","url":"https:\/\/www.sausseron-impressionnistes.fr\/index.php\/toursime\/","name":"Tourisme - Communaut\u00e9 de Communes Sausseron Impressionnistes","isPartOf":{"@id":"https:\/\/www.sausseron-impressionnistes.fr\/#website"},"primaryImageOfPage":{"@id":"https:\/\/www.sausseron-impressionnistes.fr\/index.php\/toursime\/#primaryimage"},"image":{"@id":"https:\/\/www.sausseron-impressionnistes.fr\/index.php\/toursime\/#primaryimage"},"thumbnailUrl":"https:\/\/www.sausseron-impressionnistes.fr\/wp-content\/uploads\/2023\/12\/1920x1440_logo-otf-tmp-756.jpg","datePublished":"2021-09-16T14:53:21+00:00","dateModified":"2025-02-28T15:40:45+00:00","breadcrumb":{"@id":"https:\/\/www.sausseron-impressionnistes.fr\/index.php\/toursime\/#breadcrumb"},"inLanguage":"fr-FR","potentialAction":[{"@type":"ReadAction","target":["https:\/\/www.sausseron-impressionnistes.fr\/index.php\/toursime\/"]}]},{"@type":"ImageObject","inLanguage":"fr-FR","@id":"https:\/\/www.sausseron-impressionnistes.fr\/index.php\/toursime\/#primaryimage","url":"https:\/\/www.sausseron-impressionnistes.fr\/wp-content\/uploads\/2023\/12\/1920x1440_logo-otf-tmp-756.jpg","contentUrl":"https:\/\/www.sausseron-impressionnistes.fr\/wp-content\/uploads\/2023\/12\/1920x1440_logo-otf-tmp-756.jpg","width":111,"height":200},{"@type":"BreadcrumbList","@id":"https:\/\/www.sausseron-impressionnistes.fr\/index.php\/toursime\/#breadcrumb","itemListElement":[{"@type":"ListItem","position":1,"name":"Accueil","item":"https:\/\/www.sausseron-impressionnistes.fr\/"},{"@type":"ListItem","position":2,"name":"Tourisme"}]},{"@type":"WebSite","@id":"https:\/\/www.sausseron-impressionnistes.fr\/#website","url":"https:\/\/www.sausseron-impressionnistes.fr\/","name":"Communaut\u00e9 de Communes Sausseron Impressionnistes","description":"","potentialAction":[{"@type":"SearchAction","target":{"@type":"EntryPoint","urlTemplate":"https:\/\/www.sausseron-impressionnistes.fr\/?s={search_term_string}"},"query-input":{"@type":"PropertyValueSpecification","valueRequired":true,"valueName":"search_term_string"}}],"inLanguage":"fr-FR"}]}},"_links":{"self":[{"href":"https:\/\/www.sausseron-impressionnistes.fr\/index.php\/wp-json\/wp\/v2\/pages\/1059","targetHints":{"allow":["GET"]}}],"collection":[{"href":"https:\/\/www.sausseron-impressionnistes.fr\/index.php\/wp-json\/wp\/v2\/pages"}],"about":[{"href":"https:\/\/www.sausseron-impressionnistes.fr\/index.php\/wp-json\/wp\/v2\/types\/page"}],"author":[{"embeddable":true,"href":"https:\/\/www.sausseron-impressionnistes.fr\/index.php\/wp-json\/wp\/v2\/users\/1"}],"replies":[{"embeddable":true,"href":"https:\/\/www.sausseron-impressionnistes.fr\/index.php\/wp-json\/wp\/v2\/comments?post=1059"}],"version-history":[{"count":10,"href":"https:\/\/www.sausseron-impressionnistes.fr\/index.php\/wp-json\/wp\/v2\/pages\/1059\/revisions"}],"predecessor-version":[{"id":3183,"href":"https:\/\/www.sausseron-impressionnistes.fr\/index.php\/wp-json\/wp\/v2\/pages\/1059\/revisions\/3183"}],"wp:attachment":[{"href":"https:\/\/www.sausseron-impressionnistes.fr\/index.php\/wp-json\/wp\/v2\/media?parent=1059"}],"curies":[{"name":"wp","href":"https:\/\/api.w.org\/{rel}","templated":true}]}}