{"id":1050,"date":"2021-09-09T15:34:18","date_gmt":"2021-09-09T13:34:18","guid":{"rendered":"https:\/\/www.sausseron-impressionnistes.fr\/?page_id=1050"},"modified":"2026-03-11T10:36:22","modified_gmt":"2026-03-11T09:36:22","slug":"frelons-asiatiques","status":"publish","type":"page","link":"https:\/\/www.sausseron-impressionnistes.fr\/index.php\/frelons-asiatiques\/","title":{"rendered":"Frelons asiatiques"},"content":{"rendered":"\n<p><strong>Tel : 07 86 15 00 27<\/strong><\/p>\n\n\n\n<p>Une proc\u00e9dure a \u00e9t\u00e9 mise en place, afin d\u2019intervenir au mieux.<br><strong>Envoyer une photo avec vos coordonn\u00e9es postales et t\u00e9l\u00e9phoniques \u00e0 l\u2019adresse mail suivante :<a href=\"secretariat@sausseron-impressionnistes.fr\"> secretariat@sausseron-impressionnistes.fr<\/a><\/strong><\/p>\n\n\n\n<p><strong>Notre prestataire prendra contact avec vous pour constater la&nbsp;pr\u00e9sence d\u2019un nid de frelons asiatiques.&nbsp;Surtout, ne pas y toucher soi-m\u00eame !<\/strong><\/p>\n\n\n\n<figure class=\"wp-block-image size-full is-resized\"><img decoding=\"async\" width=\"455\" height=\"139\" src=\"https:\/\/www.sausseron-impressionnistes.fr\/wp-content\/uploads\/2025\/01\/Capture22.png\" alt=\"\" class=\"wp-image-3064\" style=\"width:674px;height:auto\" srcset=\"https:\/\/www.sausseron-impressionnistes.fr\/wp-content\/uploads\/2025\/01\/Capture22.png 455w, https:\/\/www.sausseron-impressionnistes.fr\/wp-content\/uploads\/2025\/01\/Capture22-300x92.png 300w\" sizes=\"(max-width: 455px) 100vw, 455px\" \/><\/figure>\n\n\n\n<p><strong>Le frelon asiatique est originaire du continent asiatique, Vespa velutina nigrithorax, il occupe aujourd\u2019hui la quasi-totalit\u00e9 des d\u00e9partements fran\u00e7ais.<\/strong><br>Il est source de difficult\u00e9s du fait de sa pr\u00e9sence dans les zones urbanis\u00e9es, mais \u00e9galement d\u2019un point de vue environnemental, par la pr\u00e9dation qu\u2019il exerce sur certaines esp\u00e8ces et notamment l\u2019abeille domestique.<br>Tr\u00e8s souvent confondu avec le frelon europ\u00e9en, certains crit\u00e8res permettent n\u00e9anmoins de facilement l\u2019identifier. Le frelon asiatique est en effet plus fonc\u00e9 que le frelon europ\u00e9en. A distance, il appara\u00eet globalement comme \u00e9tant brun noir tandis que le frelon europ\u00e9en est beaucoup plus jaune.<br>La destruction des nids est classiquement de comp\u00e9tence communale mais la Communaut\u00e9 de Communes Sausseron Impressionnistes a d\u00e9cid\u00e9 de prendre en charge les signalements de nids de frelons faits par les Communes membres de la Communaut\u00e9.<\/p>\n\n\n\n<p><br><strong>Une proc\u00e9dure a \u00e9t\u00e9 mise en place, afin d\u2019intervenir au mieux.<br>Envoyer une photo avec vos coordonn\u00e9es postales et t\u00e9l\u00e9phoniques \u00e0 l\u2019adresse mail suivante : secretariat@sausseron-impressionnistes.fr <\/strong><\/p>\n\n\n\n<p><strong>Notre prestataire prendra contact avec vous pour constater la pr\u00e9sence d\u2019un nid de frelons asiatiques<\/strong>.<strong> Surtout, ne  pas y toucher soi-m\u00eame !<\/strong><\/p>\n\n\n\n<figure class=\"wp-block-image size-large\"><img decoding=\"async\" width=\"1024\" height=\"575\" src=\"https:\/\/www.sausseron-impressionnistes.fr\/wp-content\/uploads\/2023\/01\/insects-2985850_1920-1024x575.jpg\" alt=\"\" class=\"wp-image-2083\" srcset=\"https:\/\/www.sausseron-impressionnistes.fr\/wp-content\/uploads\/2023\/01\/insects-2985850_1920-1024x575.jpg 1024w, https:\/\/www.sausseron-impressionnistes.fr\/wp-content\/uploads\/2023\/01\/insects-2985850_1920-300x169.jpg 300w, https:\/\/www.sausseron-impressionnistes.fr\/wp-content\/uploads\/2023\/01\/insects-2985850_1920-768x432.jpg 768w, https:\/\/www.sausseron-impressionnistes.fr\/wp-content\/uploads\/2023\/01\/insects-2985850_1920-1536x863.jpg 1536w, https:\/\/www.sausseron-impressionnistes.fr\/wp-content\/uploads\/2023\/01\/insects-2985850_1920.jpg 1920w\" sizes=\"(max-width: 706px) 89vw, (max-width: 767px) 82vw, 740px\" \/><\/figure>\n","protected":false},"excerpt":{"rendered":"<p>Tel : 07 86 15 00 27 Une proc\u00e9dure a \u00e9t\u00e9 mise en place, afin d\u2019intervenir au mieux.Envoyer une photo avec vos coordonn\u00e9es postales et t\u00e9l\u00e9phoniques \u00e0 l\u2019adresse mail suivante : secretariat@sausseron-impressionnistes.fr Notre prestataire prendra contact avec vous pour constater la&nbsp;pr\u00e9sence d\u2019un nid de frelons asiatiques.&nbsp;Surtout, ne pas y toucher soi-m\u00eame ! Le frelon asiatique &hellip; <\/p>\n<p class=\"link-more\"><a href=\"https:\/\/www.sausseron-impressionnistes.fr\/index.php\/frelons-asiatiques\/\" class=\"more-link\">Continuer la lecture<span class=\"screen-reader-text\"> de &laquo;&nbsp;Frelons asiatiques&nbsp;&raquo;<\/span><\/a><\/p>\n","protected":false},"author":1,"featured_media":0,"parent":0,"menu_order":0,"comment_status":"closed","ping_status":"closed","template":"","meta":{"footnotes":""},"class_list":["post-1050","page","type-page","status-publish","hentry"],"yoast_head":"<!-- This site is optimized with the Yoast SEO plugin v27.4 - https:\/\/yoast.com\/product\/yoast-seo-wordpress\/ -->\n<title>Frelons asiatiques - Communaut\u00e9 de Communes Sausseron Impressionnistes<\/title>\n<meta name=\"robots\" content=\"index, follow, max-snippet:-1, max-image-preview:large, max-video-preview:-1\" \/>\n<link rel=\"canonical\" href=\"https:\/\/www.sausseron-impressionnistes.fr\/index.php\/frelons-asiatiques\/\" \/>\n<meta property=\"og:locale\" content=\"fr_FR\" \/>\n<meta property=\"og:type\" content=\"article\" \/>\n<meta property=\"og:title\" content=\"Frelons asiatiques - Communaut\u00e9 de Communes Sausseron Impressionnistes\" \/>\n<meta property=\"og:description\" content=\"Tel : 07 86 15 00 27 Une proc\u00e9dure a \u00e9t\u00e9 mise en place, afin d\u2019intervenir au mieux.Envoyer une photo avec vos coordonn\u00e9es postales et t\u00e9l\u00e9phoniques \u00e0 l\u2019adresse mail suivante : secretariat@sausseron-impressionnistes.fr Notre prestataire prendra contact avec vous pour constater la&nbsp;pr\u00e9sence d\u2019un nid de frelons asiatiques.&nbsp;Surtout, ne pas y toucher soi-m\u00eame ! Le frelon asiatique &hellip; Continuer la lecture de &laquo;&nbsp;Frelons asiatiques&nbsp;&raquo;\" \/>\n<meta property=\"og:url\" content=\"https:\/\/www.sausseron-impressionnistes.fr\/index.php\/frelons-asiatiques\/\" \/>\n<meta property=\"og:site_name\" content=\"Communaut\u00e9 de Communes Sausseron Impressionnistes\" \/>\n<meta property=\"article:modified_time\" content=\"2026-03-11T09:36:22+00:00\" \/>\n<meta property=\"og:image\" content=\"https:\/\/www.sausseron-impressionnistes.fr\/wp-content\/uploads\/2025\/01\/Capture22.png\" \/>\n\t<meta property=\"og:image:width\" content=\"455\" \/>\n\t<meta property=\"og:image:height\" content=\"139\" \/>\n\t<meta property=\"og:image:type\" content=\"image\/png\" \/>\n<meta name=\"twitter:card\" content=\"summary_large_image\" \/>\n<meta name=\"twitter:label1\" content=\"Dur\u00e9e de lecture estim\u00e9e\" \/>\n\t<meta name=\"twitter:data1\" content=\"2 minutes\" \/>\n<script type=\"application\/ld+json\" class=\"yoast-schema-graph\">{\"@context\":\"https:\\\/\\\/schema.org\",\"@graph\":[{\"@type\":\"WebPage\",\"@id\":\"https:\\\/\\\/www.sausseron-impressionnistes.fr\\\/index.php\\\/frelons-asiatiques\\\/\",\"url\":\"https:\\\/\\\/www.sausseron-impressionnistes.fr\\\/index.php\\\/frelons-asiatiques\\\/\",\"name\":\"Frelons asiatiques - Communaut\u00e9 de Communes Sausseron Impressionnistes\",\"isPartOf\":{\"@id\":\"https:\\\/\\\/www.sausseron-impressionnistes.fr\\\/#website\"},\"primaryImageOfPage\":{\"@id\":\"https:\\\/\\\/www.sausseron-impressionnistes.fr\\\/index.php\\\/frelons-asiatiques\\\/#primaryimage\"},\"image\":{\"@id\":\"https:\\\/\\\/www.sausseron-impressionnistes.fr\\\/index.php\\\/frelons-asiatiques\\\/#primaryimage\"},\"thumbnailUrl\":\"https:\\\/\\\/www.sausseron-impressionnistes.fr\\\/wp-content\\\/uploads\\\/2025\\\/01\\\/Capture22.png\",\"datePublished\":\"2021-09-09T13:34:18+00:00\",\"dateModified\":\"2026-03-11T09:36:22+00:00\",\"breadcrumb\":{\"@id\":\"https:\\\/\\\/www.sausseron-impressionnistes.fr\\\/index.php\\\/frelons-asiatiques\\\/#breadcrumb\"},\"inLanguage\":\"fr-FR\",\"potentialAction\":[{\"@type\":\"ReadAction\",\"target\":[\"https:\\\/\\\/www.sausseron-impressionnistes.fr\\\/index.php\\\/frelons-asiatiques\\\/\"]}]},{\"@type\":\"ImageObject\",\"inLanguage\":\"fr-FR\",\"@id\":\"https:\\\/\\\/www.sausseron-impressionnistes.fr\\\/index.php\\\/frelons-asiatiques\\\/#primaryimage\",\"url\":\"https:\\\/\\\/www.sausseron-impressionnistes.fr\\\/wp-content\\\/uploads\\\/2025\\\/01\\\/Capture22.png\",\"contentUrl\":\"https:\\\/\\\/www.sausseron-impressionnistes.fr\\\/wp-content\\\/uploads\\\/2025\\\/01\\\/Capture22.png\",\"width\":455,\"height\":139},{\"@type\":\"BreadcrumbList\",\"@id\":\"https:\\\/\\\/www.sausseron-impressionnistes.fr\\\/index.php\\\/frelons-asiatiques\\\/#breadcrumb\",\"itemListElement\":[{\"@type\":\"ListItem\",\"position\":1,\"name\":\"Accueil\",\"item\":\"https:\\\/\\\/www.sausseron-impressionnistes.fr\\\/\"},{\"@type\":\"ListItem\",\"position\":2,\"name\":\"Frelons asiatiques\"}]},{\"@type\":\"WebSite\",\"@id\":\"https:\\\/\\\/www.sausseron-impressionnistes.fr\\\/#website\",\"url\":\"https:\\\/\\\/www.sausseron-impressionnistes.fr\\\/\",\"name\":\"Communaut\u00e9 de Communes Sausseron Impressionnistes\",\"description\":\"\",\"potentialAction\":[{\"@type\":\"SearchAction\",\"target\":{\"@type\":\"EntryPoint\",\"urlTemplate\":\"https:\\\/\\\/www.sausseron-impressionnistes.fr\\\/?s={search_term_string}\"},\"query-input\":{\"@type\":\"PropertyValueSpecification\",\"valueRequired\":true,\"valueName\":\"search_term_string\"}}],\"inLanguage\":\"fr-FR\"}]}<\/script>\n<!-- \/ Yoast SEO plugin. -->","yoast_head_json":{"title":"Frelons asiatiques - Communaut\u00e9 de Communes Sausseron Impressionnistes","robots":{"index":"index","follow":"follow","max-snippet":"max-snippet:-1","max-image-preview":"max-image-preview:large","max-video-preview":"max-video-preview:-1"},"canonical":"https:\/\/www.sausseron-impressionnistes.fr\/index.php\/frelons-asiatiques\/","og_locale":"fr_FR","og_type":"article","og_title":"Frelons asiatiques - Communaut\u00e9 de Communes Sausseron Impressionnistes","og_description":"Tel : 07 86 15 00 27 Une proc\u00e9dure a \u00e9t\u00e9 mise en place, afin d\u2019intervenir au mieux.Envoyer une photo avec vos coordonn\u00e9es postales et t\u00e9l\u00e9phoniques \u00e0 l\u2019adresse mail suivante : secretariat@sausseron-impressionnistes.fr Notre prestataire prendra contact avec vous pour constater la&nbsp;pr\u00e9sence d\u2019un nid de frelons asiatiques.&nbsp;Surtout, ne pas y toucher soi-m\u00eame ! Le frelon asiatique &hellip; Continuer la lecture de &laquo;&nbsp;Frelons asiatiques&nbsp;&raquo;","og_url":"https:\/\/www.sausseron-impressionnistes.fr\/index.php\/frelons-asiatiques\/","og_site_name":"Communaut\u00e9 de Communes Sausseron Impressionnistes","article_modified_time":"2026-03-11T09:36:22+00:00","og_image":[{"width":455,"height":139,"url":"https:\/\/www.sausseron-impressionnistes.fr\/wp-content\/uploads\/2025\/01\/Capture22.png","type":"image\/png"}],"twitter_card":"summary_large_image","twitter_misc":{"Dur\u00e9e de lecture estim\u00e9e":"2 minutes"},"schema":{"@context":"https:\/\/schema.org","@graph":[{"@type":"WebPage","@id":"https:\/\/www.sausseron-impressionnistes.fr\/index.php\/frelons-asiatiques\/","url":"https:\/\/www.sausseron-impressionnistes.fr\/index.php\/frelons-asiatiques\/","name":"Frelons asiatiques - Communaut\u00e9 de Communes Sausseron Impressionnistes","isPartOf":{"@id":"https:\/\/www.sausseron-impressionnistes.fr\/#website"},"primaryImageOfPage":{"@id":"https:\/\/www.sausseron-impressionnistes.fr\/index.php\/frelons-asiatiques\/#primaryimage"},"image":{"@id":"https:\/\/www.sausseron-impressionnistes.fr\/index.php\/frelons-asiatiques\/#primaryimage"},"thumbnailUrl":"https:\/\/www.sausseron-impressionnistes.fr\/wp-content\/uploads\/2025\/01\/Capture22.png","datePublished":"2021-09-09T13:34:18+00:00","dateModified":"2026-03-11T09:36:22+00:00","breadcrumb":{"@id":"https:\/\/www.sausseron-impressionnistes.fr\/index.php\/frelons-asiatiques\/#breadcrumb"},"inLanguage":"fr-FR","potentialAction":[{"@type":"ReadAction","target":["https:\/\/www.sausseron-impressionnistes.fr\/index.php\/frelons-asiatiques\/"]}]},{"@type":"ImageObject","inLanguage":"fr-FR","@id":"https:\/\/www.sausseron-impressionnistes.fr\/index.php\/frelons-asiatiques\/#primaryimage","url":"https:\/\/www.sausseron-impressionnistes.fr\/wp-content\/uploads\/2025\/01\/Capture22.png","contentUrl":"https:\/\/www.sausseron-impressionnistes.fr\/wp-content\/uploads\/2025\/01\/Capture22.png","width":455,"height":139},{"@type":"BreadcrumbList","@id":"https:\/\/www.sausseron-impressionnistes.fr\/index.php\/frelons-asiatiques\/#breadcrumb","itemListElement":[{"@type":"ListItem","position":1,"name":"Accueil","item":"https:\/\/www.sausseron-impressionnistes.fr\/"},{"@type":"ListItem","position":2,"name":"Frelons asiatiques"}]},{"@type":"WebSite","@id":"https:\/\/www.sausseron-impressionnistes.fr\/#website","url":"https:\/\/www.sausseron-impressionnistes.fr\/","name":"Communaut\u00e9 de Communes Sausseron Impressionnistes","description":"","potentialAction":[{"@type":"SearchAction","target":{"@type":"EntryPoint","urlTemplate":"https:\/\/www.sausseron-impressionnistes.fr\/?s={search_term_string}"},"query-input":{"@type":"PropertyValueSpecification","valueRequired":true,"valueName":"search_term_string"}}],"inLanguage":"fr-FR"}]}},"_links":{"self":[{"href":"https:\/\/www.sausseron-impressionnistes.fr\/index.php\/wp-json\/wp\/v2\/pages\/1050","targetHints":{"allow":["GET"]}}],"collection":[{"href":"https:\/\/www.sausseron-impressionnistes.fr\/index.php\/wp-json\/wp\/v2\/pages"}],"about":[{"href":"https:\/\/www.sausseron-impressionnistes.fr\/index.php\/wp-json\/wp\/v2\/types\/page"}],"author":[{"embeddable":true,"href":"https:\/\/www.sausseron-impressionnistes.fr\/index.php\/wp-json\/wp\/v2\/users\/1"}],"replies":[{"embeddable":true,"href":"https:\/\/www.sausseron-impressionnistes.fr\/index.php\/wp-json\/wp\/v2\/comments?post=1050"}],"version-history":[{"count":8,"href":"https:\/\/www.sausseron-impressionnistes.fr\/index.php\/wp-json\/wp\/v2\/pages\/1050\/revisions"}],"predecessor-version":[{"id":3568,"href":"https:\/\/www.sausseron-impressionnistes.fr\/index.php\/wp-json\/wp\/v2\/pages\/1050\/revisions\/3568"}],"wp:attachment":[{"href":"https:\/\/www.sausseron-impressionnistes.fr\/index.php\/wp-json\/wp\/v2\/media?parent=1050"}],"curies":[{"name":"wp","href":"https:\/\/api.w.org\/{rel}","templated":true}]}}